{"id":3670,"date":"2019-11-22T19:06:11","date_gmt":"2019-11-22T19:06:11","guid":{"rendered":"https:\/\/intrinsicpractice.com\/?page_id=3670"},"modified":"2022-10-04T16:48:37","modified_gmt":"2022-10-04T16:48:37","slug":"mots-attributs-atouts","status":"publish","type":"page","link":"https:\/\/intrinsicpractice.com\/fr\/mots-attributs-atouts\/","title":{"rendered":"Mots pour les attributs et les atouts"},"content":{"rendered":"<p>[vc_row css_animation=\u00a0\u00bb\u00a0\u00bb row_type=\u00a0\u00bbrow\u00a0\u00bb use_row_as_full_screen_section=\u00a0\u00bbno\u00a0\u00bb type=\u00a0\u00bbgrid\u00a0\u00bb angled_section=\u00a0\u00bbno\u00a0\u00bb text_align=\u00a0\u00bbleft\u00a0\u00bb background_image_as_pattern=\u00a0\u00bbwithout_pattern\u00a0\u00bb z_index=\u00a0\u00bb\u00a0\u00bb css=\u00a0\u00bb.vc_custom_1574450458880{margin-top: 20px !important;margin-bottom: 20px !important;}\u00a0\u00bb][vc_column][vc_column_text]<\/p>\n<table class=\"terms-table\">\n<tbody>\n<tr>\n<td class=\"term-table-cell\">Absolu<\/td>\n<td class=\"term-table-cell\">\u00a0Accessible<\/td>\n<td class=\"term-table-cell\">\u00a0Accommodant<\/td>\n<td class=\"term-table-cell\">\u00a0Accompli<\/td>\n<\/tr>\n<tr>\n<td class=\"term-table-cell\">\u00a0Actif<\/td>\n<td class=\"term-table-cell\">Adapt\u00e9<\/td>\n<td class=\"term-table-cell\">Ador\u00e9<\/td>\n<td class=\"term-table-cell\">Adulte<\/td>\n<\/tr>\n<tr>\n<td class=\"term-table-cell\">Affirm\u00e9<\/td>\n<td class=\"term-table-cell\">Agr\u00e9able<\/td>\n<td class=\"term-table-cell\">Aim\u00e9<\/td>\n<td class=\"term-table-cell\">Ajust\u00e9<\/td>\n<\/tr>\n<tr>\n<td class=\"term-table-cell\">Alerte<\/td>\n<td class=\"term-table-cell\">Altruiste<\/td>\n<td class=\"term-table-cell\">Ambitieux<\/td>\n<td class=\"term-table-cell\">Amical<\/td>\n<\/tr>\n<tr>\n<td class=\"term-table-cell\">Amusant<\/td>\n<td class=\"term-table-cell\">Ancr\u00e9<\/td>\n<td class=\"term-table-cell\">Anim\u00e9<\/td>\n<td class=\"term-table-cell\">Appliqu\u00e9<\/td>\n<\/tr>\n<tr>\n<td class=\"term-table-cell\">Appr\u00e9ci\u00e9<\/td>\n<td class=\"term-table-cell\">Appris<\/td>\n<td class=\"term-table-cell\">Assidu<\/td>\n<td class=\"term-table-cell\">Assur\u00e9<\/td>\n<\/tr>\n<tr>\n<td class=\"term-table-cell\">Athl\u00e9tique<\/td>\n<td class=\"term-table-cell\">Attachant<\/td>\n<td class=\"term-table-cell\">Atteint<\/td>\n<td class=\"term-table-cell\">Attentif<\/td>\n<\/tr>\n<tr>\n<td class=\"term-table-cell\">Attractif<\/td>\n<td class=\"term-table-cell\">Audacieux<\/td>\n<td class=\"term-table-cell\">Authentique<\/td>\n<td class=\"term-table-cell\">Autonome<\/td>\n<\/tr>\n<tr>\n<td class=\"term-table-cell\">Aventureux<\/td>\n<td class=\"term-table-cell\">Aventurier<\/td>\n<td class=\"term-table-cell\">Beau<\/td>\n<td class=\"term-table-cell\">Bien de sa personne<\/td>\n<\/tr>\n<tr>\n<td class=\"term-table-cell\">Bien \u00e9lev\u00e9<\/td>\n<td class=\"term-table-cell\">Bien se tenir<\/td>\n<td class=\"term-table-cell\">Bien<\/td>\n<td class=\"term-table-cell\">Bienfaisant<\/td>\n<\/tr>\n<tr>\n<td class=\"term-table-cell\">Bienveillant<\/td>\n<td class=\"term-table-cell\">Bienvenu<\/td>\n<td class=\"term-table-cell\">Bon<\/td>\n<td class=\"term-table-cell\">Brave<\/td>\n<\/tr>\n<tr>\n<td class=\"term-table-cell\">Brillant<\/td>\n<td class=\"term-table-cell\">Buts \u00e9lev\u00e9s<\/td>\n<td class=\"term-table-cell\">Calme<\/td>\n<td class=\"term-table-cell\">Candide<\/td>\n<\/tr>\n<tr>\n<td class=\"term-table-cell\">Capable<\/td>\n<td class=\"term-table-cell\">Certain<\/td>\n<td class=\"term-table-cell\">Chaleureux<\/td>\n<td class=\"term-table-cell\">Charg\u00e9 de<\/td>\n<\/tr>\n<tr>\n<td class=\"term-table-cell\">Charitable<\/td>\n<td class=\"term-table-cell\">Charmant<\/td>\n<td class=\"term-table-cell\">Cher<\/td>\n<td class=\"term-table-cell\">Ch\u00e9ri<\/td>\n<\/tr>\n<tr>\n<td class=\"term-table-cell\">Chevronn\u00e9<\/td>\n<td class=\"term-table-cell\">Cl\u00e9ment<\/td>\n<td class=\"term-table-cell\">Communicateur<\/td>\n<td class=\"term-table-cell\">Compatissant<\/td>\n<\/tr>\n<tr>\n<td class=\"term-table-cell\">Comp\u00e9tent<\/td>\n<td class=\"term-table-cell\">Complet<\/td>\n<td class=\"term-table-cell\">Comprendre<\/td>\n<td class=\"term-table-cell\">Compris<\/td>\n<\/tr>\n<tr>\n<td class=\"term-table-cell\">Concentr\u00e9<\/td>\n<td class=\"term-table-cell\">Confiant en soi<\/td>\n<td class=\"term-table-cell\">Confiant<\/td>\n<td class=\"term-table-cell\">Confortable<\/td>\n<\/tr>\n<tr>\n<td class=\"term-table-cell\">Connaissant<\/td>\n<td class=\"term-table-cell\">Conscient<\/td>\n<td class=\"term-table-cell\">Conseill\u00e9<\/td>\n<td class=\"term-table-cell\">Cons\u00e9quent<\/td>\n<\/tr>\n<tr>\n<td class=\"term-table-cell\">Consistent<\/td>\n<td class=\"term-table-cell\">Constant<\/td>\n<td class=\"term-table-cell\">Constructif<\/td>\n<td class=\"term-table-cell\">Contributeur<\/td>\n<\/tr>\n<tr>\n<td class=\"term-table-cell\">Convaincu<\/td>\n<td class=\"term-table-cell\">Convenable<\/td>\n<td class=\"term-table-cell\">Coop\u00e9ratif<\/td>\n<td class=\"term-table-cell\">Courageux<\/td>\n<\/tr>\n<tr>\n<td class=\"term-table-cell\">Courtois<\/td>\n<td class=\"term-table-cell\">Cr\u00e9atif<\/td>\n<td class=\"term-table-cell\">Croyant<\/td>\n<td class=\"term-table-cell\">Cultiv\u00e9<\/td>\n<\/tr>\n<tr>\n<td class=\"term-table-cell\">D\u00e9cid\u00e9<\/td>\n<td class=\"term-table-cell\">D\u00e9cisif<\/td>\n<td class=\"term-table-cell\">D\u00e9clar\u00e9<\/td>\n<td class=\"term-table-cell\">D\u00e9fini<\/td>\n<\/tr>\n<tr>\n<td class=\"term-table-cell\">D\u00e9finitif<\/td>\n<td class=\"term-table-cell\">D\u00e9lib\u00e9r\u00e9<\/td>\n<td class=\"term-table-cell\">D\u00e9mocratique<\/td>\n<td class=\"term-table-cell\">D\u00e9pass\u00e9<\/td>\n<\/tr>\n<tr>\n<td class=\"term-table-cell\">D\u00e9sint\u00e9ress\u00e9<\/td>\n<td class=\"term-table-cell\">D\u00e9sir\u00e9<\/td>\n<td class=\"term-table-cell\">Destin\u00e9<\/td>\n<td class=\"term-table-cell\">D\u00e9termin\u00e9<\/td>\n<\/tr>\n<tr>\n<td class=\"term-table-cell\">D\u00e9vou\u00e9<\/td>\n<td class=\"term-table-cell\">Digne de confiance<\/td>\n<td class=\"term-table-cell\">Digne<\/td>\n<td class=\"term-table-cell\">Dirig\u00e9<\/td>\n<\/tr>\n<tr>\n<td class=\"term-table-cell\">Diriger<\/td>\n<td class=\"term-table-cell\">Disciplin\u00e9<\/td>\n<td class=\"term-table-cell\">Disponible<\/td>\n<td class=\"term-table-cell\">Divin<\/td>\n<\/tr>\n<tr>\n<td class=\"term-table-cell\">Dot\u00e9<\/td>\n<td class=\"term-table-cell\">Dou\u00e9<\/td>\n<td class=\"term-table-cell\">Doux<\/td>\n<td class=\"term-table-cell\">Dr\u00f4le<\/td>\n<\/tr>\n<tr>\n<td class=\"term-table-cell\">Dur<\/td>\n<td class=\"term-table-cell\">Dynamique<\/td>\n<td class=\"term-table-cell\">\u00c9clair\u00e9<\/td>\n<td class=\"term-table-cell\">\u00c9duqu\u00e9<\/td>\n<\/tr>\n<tr>\n<td class=\"term-table-cell\">Efficace<\/td>\n<td class=\"term-table-cell\">Efficient<\/td>\n<td class=\"term-table-cell\">\u00c9largir<\/td>\n<td class=\"term-table-cell\">\u00c9lev\u00e9<\/td>\n<\/tr>\n<tr>\n<td class=\"term-table-cell\">\u00c9minent<\/td>\n<td class=\"term-table-cell\">Empathique<\/td>\n<td class=\"term-table-cell\">\u00c9nergique<\/td>\n<td class=\"term-table-cell\">Engag\u00e9<\/td>\n<\/tr>\n<tr>\n<td class=\"term-table-cell\">Enracin\u00e9<\/td>\n<td class=\"term-table-cell\">Enthousiaste<\/td>\n<td class=\"term-table-cell\">Entra\u00een\u00e9<\/td>\n<td class=\"term-table-cell\">Entreprendre<\/td>\n<\/tr>\n<tr>\n<td class=\"term-table-cell\">\u00c9quilibr\u00e9<\/td>\n<td class=\"term-table-cell\">Estimer<\/td>\n<td class=\"term-table-cell\">\u00c9tabli<\/td>\n<td class=\"term-table-cell\">\u00c9thique<\/td>\n<\/tr>\n<tr>\n<td class=\"term-table-cell\">\u00c9valu\u00e9<\/td>\n<td class=\"term-table-cell\">\u00c9veill\u00e9<\/td>\n<td class=\"term-table-cell\">\u00c9volu\u00e9<\/td>\n<td class=\"term-table-cell\">Exact<\/td>\n<\/tr>\n<tr>\n<td class=\"term-table-cell\">Excellent<\/td>\n<td class=\"term-table-cell\">Expressif<\/td>\n<td class=\"term-table-cell\">Extraordinaire<\/td>\n<td class=\"term-table-cell\">Faciliter<\/td>\n<\/tr>\n<tr>\n<td class=\"term-table-cell\">Faire confiance<\/td>\n<td class=\"term-table-cell\">Faire un v\u0153ux<\/td>\n<td class=\"term-table-cell\">Fait<\/td>\n<td class=\"term-table-cell\">Favorable<\/td>\n<\/tr>\n<tr>\n<td class=\"term-table-cell\">Favoris\u00e9<\/td>\n<td class=\"term-table-cell\">Ferme<\/td>\n<td class=\"term-table-cell\">Fiable<\/td>\n<td class=\"term-table-cell\">Flexible<\/td>\n<\/tr>\n<tr>\n<td class=\"term-table-cell\">Fort<\/td>\n<td class=\"term-table-cell\">Franc<\/td>\n<td class=\"term-table-cell\">G\u00e9n\u00e9reux envers soi-m\u00eame<\/td>\n<td class=\"term-table-cell\">G\u00e9n\u00e9reux<\/td>\n<\/tr>\n<tr>\n<td class=\"term-table-cell\">Gentil<\/td>\n<td class=\"term-table-cell\">Gracieux<\/td>\n<td class=\"term-table-cell\">Grand<\/td>\n<td class=\"term-table-cell\">Gu\u00e9rison<\/td>\n<\/tr>\n<tr>\n<td class=\"term-table-cell\">Habitu\u00e9<\/td>\n<td class=\"term-table-cell\">Hardi<\/td>\n<td class=\"term-table-cell\">Harmonis\u00e9<\/td>\n<td class=\"term-table-cell\">Hautain<\/td>\n<\/tr>\n<tr>\n<td class=\"term-table-cell\">Heureux<\/td>\n<td class=\"term-table-cell\">Honn\u00eate<\/td>\n<td class=\"term-table-cell\">Humble<\/td>\n<td class=\"term-table-cell\">Humeur<\/td>\n<\/tr>\n<tr>\n<td class=\"term-table-cell\">Id\u00e9aliste<\/td>\n<td class=\"term-table-cell\">Imaginatif<\/td>\n<td class=\"term-table-cell\">Immacul\u00e9<\/td>\n<td class=\"term-table-cell\">Immobile<\/td>\n<\/tr>\n<tr>\n<td class=\"term-table-cell\">Impeccable<\/td>\n<td class=\"term-table-cell\">Impliqu\u00e9<\/td>\n<td class=\"term-table-cell\">Important<\/td>\n<td class=\"term-table-cell\">Impressionnant<\/td>\n<\/tr>\n<tr>\n<td class=\"term-table-cell\">Inalt\u00e9rable<\/td>\n<td class=\"term-table-cell\">Inattaquable<\/td>\n<td class=\"term-table-cell\">Inclusif<\/td>\n<td class=\"term-table-cell\">Incontest\u00e9<\/td>\n<\/tr>\n<tr>\n<td class=\"term-table-cell\">Ind\u00e9pendant<\/td>\n<td class=\"term-table-cell\">Indulgent<\/td>\n<td class=\"term-table-cell\">In\u00e9puisable<\/td>\n<td class=\"term-table-cell\">Inform\u00e9<\/td>\n<\/tr>\n<tr>\n<td class=\"term-table-cell\">Loyal<\/td>\n<td class=\"term-table-cell\">Magnifique<\/td>\n<td class=\"term-table-cell\">Maintenu<\/td>\n<td class=\"term-table-cell\">Ma\u00eetris\u00e9<\/td>\n<\/tr>\n<tr>\n<td class=\"term-table-cell\">Mat\u00e9rialiste<\/td>\n<td class=\"term-table-cell\">M\u00e9diter<\/td>\n<td class=\"term-table-cell\">Mentor<\/td>\n<td class=\"term-table-cell\">M\u00e9ritant<\/td>\n<\/tr>\n<tr>\n<td class=\"term-table-cell\">M\u00e9rit\u00e9<\/td>\n<td class=\"term-table-cell\">Merveilleux<\/td>\n<td class=\"term-table-cell\">Minutieux<\/td>\n<td class=\"term-table-cell\">Modeste<\/td>\n<\/tr>\n<tr>\n<td class=\"term-table-cell\">Motiv\u00e9<\/td>\n<td class=\"term-table-cell\">M\u00fbr<\/td>\n<td class=\"term-table-cell\">Naturel<\/td>\n<td class=\"term-table-cell\">Neutre<\/td>\n<\/tr>\n<tr>\n<td class=\"term-table-cell\">Non ambigu<\/td>\n<td class=\"term-table-cell\">Non d\u00e9guis\u00e9<\/td>\n<td class=\"term-table-cell\">Non d\u00e9rang\u00e9<\/td>\n<td class=\"term-table-cell\">Non \u00e9go\u00efste<\/td>\n<\/tr>\n<tr>\n<td class=\"term-table-cell\">Non peureux<\/td>\n<td class=\"term-table-cell\">Nourri<\/td>\n<td class=\"term-table-cell\">Nourrir<\/td>\n<td class=\"term-table-cell\">Objectif<\/td>\n<\/tr>\n<tr>\n<td class=\"term-table-cell\">Observateur<\/td>\n<td class=\"term-table-cell\">Observer<\/td>\n<td class=\"term-table-cell\">Optimise<\/td>\n<td class=\"term-table-cell\">Ordonn\u00e9<\/td>\n<\/tr>\n<tr>\n<td class=\"term-table-cell\">Organis\u00e9<\/td>\n<td class=\"term-table-cell\">Ouvert d\u2019esprit<\/td>\n<td class=\"term-table-cell\">Ouvert d\u2019esprit<\/td>\n<td class=\"term-table-cell\">Pacifique<\/td>\n<\/tr>\n<tr>\n<td class=\"term-table-cell\">Parfait<\/td>\n<td class=\"term-table-cell\">Passionn\u00e9<\/td>\n<td class=\"term-table-cell\">Patient<\/td>\n<td class=\"term-table-cell\">Pers\u00e9v\u00e9rant<\/td>\n<\/tr>\n<tr>\n<td class=\"term-table-cell\">Pers\u00e9v\u00e9rer<\/td>\n<td class=\"term-table-cell\">Perspicace<\/td>\n<td class=\"term-table-cell\">Pertinent<\/td>\n<td class=\"term-table-cell\">Plaisant<\/td>\n<\/tr>\n<tr>\n<td class=\"term-table-cell\">Poli<\/td>\n<td class=\"term-table-cell\">Ponctuel<\/td>\n<td class=\"term-table-cell\">Positif<\/td>\n<td class=\"term-table-cell\">Potentiel<\/td>\n<\/tr>\n<tr>\n<td class=\"term-table-cell\">Pragmatique<\/td>\n<td class=\"term-table-cell\">Pratique<\/td>\n<td class=\"term-table-cell\">Pr\u00e9cieux<\/td>\n<td class=\"term-table-cell\">Pr\u00e9cis<\/td>\n<\/tr>\n<tr>\n<td class=\"term-table-cell\">Pr\u00e9f\u00e9r\u00e9<\/td>\n<td class=\"term-table-cell\">Prend des risques<\/td>\n<td class=\"term-table-cell\">Pr\u00e9occup\u00e9<\/td>\n<td class=\"term-table-cell\">Pr\u00e9par\u00e9<\/td>\n<\/tr>\n<tr>\n<td class=\"term-table-cell\">Pr\u00eat<\/td>\n<td class=\"term-table-cell\">Principes<\/td>\n<td class=\"term-table-cell\">Privil\u00e9gi\u00e9<\/td>\n<td class=\"term-table-cell\">Proclam\u00e9<\/td>\n<\/tr>\n<tr>\n<td class=\"term-table-cell\">Prometteur<\/td>\n<td class=\"term-table-cell\">Prosp\u00e8re<\/td>\n<td class=\"term-table-cell\">Prot\u00e9g\u00e9<\/td>\n<td class=\"term-table-cell\">Prouv\u00e9<\/td>\n<\/tr>\n<tr>\n<td class=\"term-table-cell\">Puissant<\/td>\n<td class=\"term-table-cell\">Pure<\/td>\n<td class=\"term-table-cell\">Qualifi\u00e9<\/td>\n<td class=\"term-table-cell\">Rachet\u00e9<\/td>\n<\/tr>\n<tr>\n<td class=\"term-table-cell\">Radieux<\/td>\n<td class=\"term-table-cell\">Rassur\u00e9<\/td>\n<td class=\"term-table-cell\">Ravi<\/td>\n<td class=\"term-table-cell\">R\u00e9alis\u00e9<\/td>\n<\/tr>\n<tr>\n<td class=\"term-table-cell\">R\u00e9aliste<\/td>\n<td class=\"term-table-cell\">Recevoir<\/td>\n<td class=\"term-table-cell\">R\u00e9cipiendaire<\/td>\n<td class=\"term-table-cell\">Reconnaissant<\/td>\n<\/tr>\n<tr>\n<td class=\"term-table-cell\">Reconnu<\/td>\n<td class=\"term-table-cell\">Redevable<\/td>\n<td class=\"term-table-cell\">R\u00e9fl\u00e9chi<\/td>\n<td class=\"term-table-cell\">Refl\u00e9t\u00e9<\/td>\n<\/tr>\n<tr>\n<td class=\"term-table-cell\">R\u00e9gl\u00e9<\/td>\n<td class=\"term-table-cell\">R\u00e9gulier<\/td>\n<td class=\"term-table-cell\">Relaxe<\/td>\n<td class=\"term-table-cell\">Remarquable<\/td>\n<\/tr>\n<tr>\n<td class=\"term-table-cell\">R\u00e9pondre<\/td>\n<td class=\"term-table-cell\">Repos\u00e9<\/td>\n<td class=\"term-table-cell\">R\u00e9solu<\/td>\n<td class=\"term-table-cell\">Respectueux<\/td>\n<\/tr>\n<tr>\n<td class=\"term-table-cell\">Responsable<\/td>\n<td class=\"term-table-cell\">Riche<\/td>\n<td class=\"term-table-cell\">Sacr\u00e9<\/td>\n<td class=\"term-table-cell\">Sage<\/td>\n<\/tr>\n<tr>\n<td class=\"term-table-cell\">Sain<\/td>\n<td class=\"term-table-cell\">Saint<\/td>\n<td class=\"term-table-cell\">Saisissant<\/td>\n<td class=\"term-table-cell\">Sans \u00e9quivoque<\/td>\n<\/tr>\n<tr>\n<td class=\"term-table-cell\">Sans pr\u00e9tention<\/td>\n<td class=\"term-table-cell\">Sans stress<\/td>\n<td class=\"term-table-cell\">Satisfait<\/td>\n<td class=\"term-table-cell\">Savoir<\/td>\n<\/tr>\n<tr>\n<td class=\"term-table-cell\">Se mettre \u00e0 l\u2019\u00e9coute<\/td>\n<td class=\"term-table-cell\">S\u00e9lectionn\u00e9<\/td>\n<td class=\"term-table-cell\">Sens des affaires<\/td>\n<td class=\"term-table-cell\">Sensationnel<\/td>\n<\/tr>\n<tr>\n<td class=\"term-table-cell\">Sens\u00e9<\/td>\n<td class=\"term-table-cell\">Sensible<\/td>\n<td class=\"term-table-cell\">S\u00e9rieux<\/td>\n<td class=\"term-table-cell\">Significatif<\/td>\n<\/tr>\n<tr>\n<td class=\"term-table-cell\">Sinc\u00e8re<\/td>\n<td class=\"term-table-cell\">Solide<\/td>\n<td class=\"term-table-cell\">Spirituel<\/td>\n<td class=\"term-table-cell\">Sublime<\/td>\n<\/tr>\n<tr>\n<td class=\"term-table-cell\">Supr\u00eame<\/td>\n<td class=\"term-table-cell\">S\u00fbr<\/td>\n<td class=\"term-table-cell\">Sympathique<\/td>\n<td class=\"term-table-cell\">Syst\u00e9matique<\/td>\n<\/tr>\n<tr>\n<td class=\"term-table-cell\">Talentueux<\/td>\n<td class=\"term-table-cell\">Tenace<\/td>\n<td class=\"term-table-cell\">Tendre<\/td>\n<td class=\"term-table-cell\">Tol\u00e9rant<\/td>\n<\/tr>\n<tr>\n<td class=\"term-table-cell\">Touchant<\/td>\n<td class=\"term-table-cell\">Traiter avec<\/td>\n<td class=\"term-table-cell\">Tranquille<\/td>\n<td class=\"term-table-cell\">Transform\u00e9<\/td>\n<\/tr>\n<tr>\n<td class=\"term-table-cell\">Travaillant<\/td>\n<td class=\"term-table-cell\">Triomphant<\/td>\n<td class=\"term-table-cell\">Unifier<\/td>\n<td class=\"term-table-cell\">Utile<\/td>\n<\/tr>\n<tr>\n<td class=\"term-table-cell\">Valeur<\/td>\n<td class=\"term-table-cell\">Valoris\u00e9<\/td>\n<td class=\"term-table-cell\">V\u00e9ritable<\/td>\n<td class=\"term-table-cell\">Vertueux<\/td>\n<\/tr>\n<tr>\n<td class=\"term-table-cell\">Vif<\/td>\n<td class=\"term-table-cell\">Vigilant<\/td>\n<td class=\"term-table-cell\">Viril<\/td>\n<td class=\"term-table-cell\">Vis\u00e9<\/td>\n<\/tr>\n<tr>\n<td class=\"term-table-cell\">Visionnaire<\/td>\n<td class=\"term-table-cell\">Vivant<\/td>\n<td class=\"term-table-cell\">Volontaire<\/td>\n<td class=\"term-table-cell\">Voulu<\/td>\n<\/tr>\n<tr>\n<td class=\"term-table-cell\">Vrai<\/td>\n<td class=\"term-table-cell\">Z\u00e9l\u00e9.<\/td>\n<td class=\"term-table-cell\"><\/td>\n<td class=\"term-table-cell\"><\/td>\n<\/tr>\n<tr>\n<td class=\"term-table-cell\"><\/td>\n<td class=\"term-table-cell\"><\/td>\n<td class=\"term-table-cell\"><\/td>\n<td class=\"term-table-cell\"><\/td>\n<\/tr>\n<tr>\n<td class=\"term-table-cell\"><\/td>\n<td class=\"term-table-cell\"><\/td>\n<td class=\"term-table-cell\"><\/td>\n<td class=\"term-table-cell\"><\/td>\n<\/tr>\n<tr>\n<td class=\"term-table-cell\"><\/td>\n<td class=\"term-table-cell\"><\/td>\n<td class=\"term-table-cell\"><\/td>\n<td class=\"term-table-cell\"><\/td>\n<\/tr>\n<tr>\n<td class=\"term-table-cell\"><\/td>\n<td class=\"term-table-cell\"><\/td>\n<td class=\"term-table-cell\"><\/td>\n<td class=\"term-table-cell\"><\/td>\n<\/tr>\n<tr>\n<td class=\"term-table-cell\"><\/td>\n<td class=\"term-table-cell\"><\/td>\n<td class=\"term-table-cell\"><\/td>\n<td class=\"term-table-cell\"><\/td>\n<\/tr>\n<tr>\n<td class=\"term-table-cell\"><\/td>\n<td class=\"term-table-cell\"><\/td>\n<td class=\"term-table-cell\"><\/td>\n<td class=\"term-table-cell\"><\/td>\n<\/tr>\n<tr>\n<td class=\"term-table-cell\"><\/td>\n<td class=\"term-table-cell\"><\/td>\n<td class=\"term-table-cell\"><\/td>\n<td class=\"term-table-cell\"><\/td>\n<\/tr>\n<tr>\n<td class=\"term-table-cell\"><\/td>\n<td class=\"term-table-cell\"><\/td>\n<td class=\"term-table-cell\"><\/td>\n<td class=\"term-table-cell\"><\/td>\n<\/tr>\n<tr>\n<td class=\"term-table-cell\"><\/td>\n<td class=\"term-table-cell\"><\/td>\n<td class=\"term-table-cell\"><\/td>\n<td class=\"term-table-cell\"><\/td>\n<\/tr>\n<tr>\n<td class=\"term-table-cell\"><\/td>\n<td class=\"term-table-cell\"><\/td>\n<td class=\"term-table-cell\"><\/td>\n<td class=\"term-table-cell\"><\/td>\n<\/tr>\n<tr>\n<td class=\"term-table-cell\"><\/td>\n<td class=\"term-table-cell\"><\/td>\n<td class=\"term-table-cell\"><\/td>\n<td class=\"term-table-cell\"><\/td>\n<\/tr>\n<tr>\n<td class=\"term-table-cell\"><\/td>\n<td class=\"term-table-cell\"><\/td>\n<td class=\"term-table-cell\"><\/td>\n<td class=\"term-table-cell\"><\/td>\n<\/tr>\n<tr>\n<td class=\"term-table-cell\"><\/td>\n<td class=\"term-table-cell\"><\/td>\n<td class=\"term-table-cell\"><\/td>\n<td class=\"term-table-cell\"><\/td>\n<\/tr>\n<tr>\n<td class=\"term-table-cell\"><\/td>\n<td class=\"term-table-cell\"><\/td>\n<td class=\"term-table-cell\"><\/td>\n<td class=\"term-table-cell\"><\/td>\n<\/tr>\n<tr>\n<td class=\"term-table-cell\"><\/td>\n<td class=\"term-table-cell\"><\/td>\n<td class=\"term-table-cell\"><\/td>\n<td class=\"term-table-cell\"><\/td>\n<\/tr>\n<tr>\n<td class=\"term-table-cell\"><\/td>\n<td class=\"term-table-cell\"><\/td>\n<td class=\"term-table-cell\"><\/td>\n<td class=\"term-table-cell\"><\/td>\n<\/tr>\n<tr>\n<td class=\"term-table-cell\"><\/td>\n<td class=\"term-table-cell\"><\/td>\n<td class=\"term-table-cell\"><\/td>\n<td class=\"term-table-cell\"><\/td>\n<\/tr>\n<tr>\n<td class=\"term-table-cell\"><\/td>\n<td class=\"term-table-cell\"><\/td>\n<td class=\"term-table-cell\"><\/td>\n<td class=\"term-table-cell\"><\/td>\n<\/tr>\n<tr>\n<td class=\"term-table-cell\"><\/td>\n<td class=\"term-table-cell\"><\/td>\n<td class=\"term-table-cell\"><\/td>\n<td class=\"term-table-cell\"><\/td>\n<\/tr>\n<tr>\n<td class=\"term-table-cell\"><\/td>\n<td class=\"term-table-cell\"><\/td>\n<td class=\"term-table-cell\"><\/td>\n<td class=\"term-table-cell\"><\/td>\n<\/tr>\n<\/tbody>\n<\/table>\n<p>[\/vc_column_text][\/vc_column][\/vc_row]<\/p>\n","protected":false},"excerpt":{"rendered":"<p>[vc_row css_animation=\u00a0\u00bb\u00a0\u00bb row_type=\u00a0\u00bbrow\u00a0\u00bb use_row_as_full_screen_section=\u00a0\u00bbno\u00a0\u00bb type=\u00a0\u00bbgrid\u00a0\u00bb angled_section=\u00a0\u00bbno\u00a0\u00bb text_align=\u00a0\u00bbleft\u00a0\u00bb background_image_as_pattern=\u00a0\u00bbwithout_pattern\u00a0\u00bb z_index=\u00a0\u00bb\u00a0\u00bb css=\u00a0\u00bb.vc_custom_1574450458880{margin-top: 20px !important;margin-bottom: 20px !important;}\u00a0\u00bb][vc_column][vc_column_text] Absolu \u00a0Accessible \u00a0Accommodant \u00a0Accompli \u00a0Actif Adapt\u00e9 Ador\u00e9 Adulte Affirm\u00e9 Agr\u00e9able Aim\u00e9 Ajust\u00e9 Alerte Altruiste Ambitieux Amical Amusant Ancr\u00e9 Anim\u00e9 Appliqu\u00e9 Appr\u00e9ci\u00e9 Appris Assidu Assur\u00e9 Athl\u00e9tique Attachant Atteint Attentif Attractif Audacieux Authentique&#8230;<\/p>\n","protected":false},"author":4,"featured_media":0,"parent":0,"menu_order":0,"comment_status":"closed","ping_status":"closed","template":"full_width.php","meta":{"inline_featured_image":false,"_mi_skip_tracking":false},"_links":{"self":[{"href":"https:\/\/intrinsicpractice.com\/fr\/wp-json\/wp\/v2\/pages\/3670"}],"collection":[{"href":"https:\/\/intrinsicpractice.com\/fr\/wp-json\/wp\/v2\/pages"}],"about":[{"href":"https:\/\/intrinsicpractice.com\/fr\/wp-json\/wp\/v2\/types\/page"}],"author":[{"embeddable":true,"href":"https:\/\/intrinsicpractice.com\/fr\/wp-json\/wp\/v2\/users\/4"}],"replies":[{"embeddable":true,"href":"https:\/\/intrinsicpractice.com\/fr\/wp-json\/wp\/v2\/comments?post=3670"}],"version-history":[{"count":2,"href":"https:\/\/intrinsicpractice.com\/fr\/wp-json\/wp\/v2\/pages\/3670\/revisions"}],"predecessor-version":[{"id":4681,"href":"https:\/\/intrinsicpractice.com\/fr\/wp-json\/wp\/v2\/pages\/3670\/revisions\/4681"}],"wp:attachment":[{"href":"https:\/\/intrinsicpractice.com\/fr\/wp-json\/wp\/v2\/media?parent=3670"}],"curies":[{"name":"wp","href":"https:\/\/api.w.org\/{rel}","templated":true}]}}