{"id":3662,"date":"2019-10-29T19:42:44","date_gmt":"2019-10-29T19:42:44","guid":{"rendered":"https:\/\/intrinsicpractice.com\/?page_id=3662"},"modified":"2022-10-13T19:17:07","modified_gmt":"2022-10-13T19:17:07","slug":"go-conclusion","status":"publish","type":"page","link":"https:\/\/intrinsicpractice.com\/fr\/methode-en-6-etapes\/etape-6-exprimer-mon-bonheur\/go-conclusion\/","title":{"rendered":"GO &#8211; Conclusion"},"content":{"rendered":"<p>[vc_row css_animation=\u00a0\u00bb\u00a0\u00bb row_type=\u00a0\u00bbrow\u00a0\u00bb use_row_as_full_screen_section=\u00a0\u00bbno\u00a0\u00bb type=\u00a0\u00bbgrid\u00a0\u00bb angled_section=\u00a0\u00bbno\u00a0\u00bb text_align=\u00a0\u00bbleft\u00a0\u00bb background_image_as_pattern=\u00a0\u00bbwithout_pattern\u00a0\u00bb z_index=\u00a0\u00bb\u00a0\u00bb css=\u00a0\u00bb.vc_custom_1599850582642{margin-top: 30px !important;margin-bottom: 15px !important;}\u00a0\u00bb][vc_column][vc_column_text css=\u00a0\u00bb.vc_custom_1659710289172{margin-bottom: 15px !important;}\u00a0\u00bb]<\/p>\n<h2>La prochaine \u00e9tape: continuer avec la pratique?<\/h2>\n<p>[\/vc_column_text][\/vc_column][\/vc_row][vc_row css_animation=\u00a0\u00bb\u00a0\u00bb row_type=\u00a0\u00bbrow\u00a0\u00bb use_row_as_full_screen_section=\u00a0\u00bbno\u00a0\u00bb type=\u00a0\u00bbgrid\u00a0\u00bb angled_section=\u00a0\u00bbno\u00a0\u00bb text_align=\u00a0\u00bbleft\u00a0\u00bb background_image_as_pattern=\u00a0\u00bbwithout_pattern\u00a0\u00bb z_index=\u00a0\u00bb\u00a0\u00bb][vc_column width=\u00a0\u00bb5\/12&Prime;][vc_column_text css=\u00a0\u00bb.vc_custom_1664556324959{margin-bottom: 15px !important;}\u00a0\u00bb]Vous avez pris connaissance des affirmations au sujet du bonheur, de la m\u00e9thode et des outils propos\u00e9s par la pratique intrins\u00e8que. Vous avez appris la m\u00e9thode et les outils de la pratique, avez fait les exercices et termin\u00e9 un premier cycle des six \u00e9tapes. Vous devriez avoir \u00e0 tout le moins une bonne id\u00e9e de l\u2019utilit\u00e9 de la m\u00e9thode pour vous ou de son absence possible d\u2019utilit\u00e9 pour vous. Par cons\u00e9quent, le moment est peut-\u00eatre pertinent pour d\u00e9cider si les assertions, la proposition, la m\u00e9thode et les outils de la pratique intrins\u00e8que vous conviennent et si vous pouvez continuer \u00e0 les appliquer ou chercher une autre pratique.[\/vc_column_text][\/vc_column][vc_column width=\u00a0\u00bb1\/12&Prime;][\/vc_column][vc_column width=\u00a0\u00bb6\/12&Prime;][vc_video link=\u00a0\u00bbhttps:\/\/youtu.be\/4lKh1i9apEQ\u00a0\u00bb][vc_column_text]<span class=\"transcript\"><a href=\"http:\/\/intrinsicpractice.com\/wp-content\/uploads\/2022\/10\/Pratique_intrinseque_Etape_6_GO_Conclusion_Transcription.pdf\" target=\"_blank\" rel=\"noopener noreferrer\">Transcription<\/a> (.pdf, 141 Kb)<\/span><span class=\"video-time\">7m 04s<\/span>[\/vc_column_text][\/vc_column][\/vc_row][vc_row css_animation=\u00a0\u00bb\u00a0\u00bb row_type=\u00a0\u00bbrow\u00a0\u00bb use_row_as_full_screen_section=\u00a0\u00bbno\u00a0\u00bb type=\u00a0\u00bbgrid\u00a0\u00bb angled_section=\u00a0\u00bbno\u00a0\u00bb text_align=\u00a0\u00bbleft\u00a0\u00bb background_image_as_pattern=\u00a0\u00bbwithout_pattern\u00a0\u00bb z_index=\u00a0\u00bb\u00a0\u00bb css=\u00a0\u00bb.vc_custom_1572550277031{margin-top: 15px !important;margin-bottom: 15px !important;}\u00a0\u00bb][vc_column][vc_column_text css=\u00a0\u00bb.vc_custom_1664556350106{margin-bottom: 15px !important;}\u00a0\u00bb]Si vous choisissez de poursuivre la pratique intrins\u00e8que, vous devrez au minimum tenir un calendrier de pratique r\u00e9gulier tel qu\u2019expliqu\u00e9 \u00e0 l\u2019\u00e9tape\u00a01 et y consacrer au moins quelques minutes chaque jour pour acqu\u00e9rir une exp\u00e9rience de base de la pratique. Ces activit\u00e9s peuvent \u00eatre utiles en soi.[\/vc_column_text][vc_column_text css=\u00a0\u00bb.vc_custom_1664556386296{margin-bottom: 15px !important;}\u00a0\u00bb]Avec une pratique continue, vous n\u2019aurez plus \u00e0 effectuer r\u00e9guli\u00e8rement le cycle complet de six \u00e9tapes. Vous pouvez simplement passer directement aux \u00e9tapes pertinentes, probablement les \u00e9tapes\u00a05 et 6, au besoin. Au fur et \u00e0 mesure que vous progressez dans votre d\u00e9veloppement personnel et que votre situation \u00e9volue, vous devrez peut-\u00eatre revoir p\u00e9riodiquement l\u2019\u00e9tape\u00a02 pour examiner vos \u00e9l\u00e9ments PEACE, y r\u00e9fl\u00e9chir et apporter les modifications qui s\u2019imposent. De plus, au fur et \u00e0 mesure que vous continuez \u00e0 utiliser les outils et les gabarits des \u00e9tapes\u00a05 et 6, vous n\u2019aurez peut-\u00eatre pas \u00e0 r\u00e9examiner souvent des aspects des situations \u00e0 l\u2019aide de l\u2019outil WORLD, car les contextes dans lesquels ils surviennent peuvent \u00eatre assez semblables. Vous utiliserez peut-\u00eatre les outils seulement lorsque vous examinez de nouvelles situations dans de nouveaux contextes, ou lorsque vous estimez devoir apporter des changements au monde dans lequel vous vivez.[\/vc_column_text][vc_column_text css=\u00a0\u00bb.vc_custom_1664556409459{margin-bottom: 15px !important;}\u00a0\u00bb]Peu importe votre d\u00e9cision de continuer ou non \u00e0 utiliser la pratique intrins\u00e8que, j\u2019esp\u00e8re que l\u2019\u00e9tude de celle-ci a \u00e9t\u00e9 quelque peu valable, et que si vous d\u00e9cidez de continuer \u00e0 l\u2019utiliser, elle vous sera utile. Je vous remercie d\u2019avoir pris le temps d\u2019\u00e9valuer la pratique intrins\u00e8que et je vous souhaite la meilleure des chances dans votre croissance personnelle et dans votre exp\u00e9rience du bonheur.[\/vc_column_text][\/vc_column][\/vc_row][vc_row css_animation=\u00a0\u00bb\u00a0\u00bb row_type=\u00a0\u00bbrow\u00a0\u00bb use_row_as_full_screen_section=\u00a0\u00bbno\u00a0\u00bb type=\u00a0\u00bbgrid\u00a0\u00bb angled_section=\u00a0\u00bbno\u00a0\u00bb text_align=\u00a0\u00bbleft\u00a0\u00bb background_image_as_pattern=\u00a0\u00bbwithout_pattern\u00a0\u00bb css=\u00a0\u00bb.vc_custom_1599572465365{margin-top: 20px !important;padding-top: 10px !important;padding-bottom: 10px !important;background-color: #f7f7f7 !important;}\u00a0\u00bb z_index=\u00a0\u00bb\u00a0\u00bb][vc_column][vc_column_text]<\/p>\n<div>\n<p><a id=\"prev-link\" href=\"https:\/\/intrinsicpractice.com\/fr\/methode-en-6-etapes\/etape-6-exprimer-mon-bonheur\/go-techniques-suggerees-pour-l-etape-6\/\">page pr\u00e9c\u00e9dente<\/a><a id=\"next-link\" href=\"https:\/\/intrinsicpractice.com\/fr\/ressources\/\">prochaine page<\/a><\/p>\n<\/div>\n<p>[\/vc_column_text][\/vc_column][\/vc_row]<\/p>\n","protected":false},"excerpt":{"rendered":"<p>[vc_row css_animation=\u00a0\u00bb\u00a0\u00bb row_type=\u00a0\u00bbrow\u00a0\u00bb use_row_as_full_screen_section=\u00a0\u00bbno\u00a0\u00bb type=\u00a0\u00bbgrid\u00a0\u00bb angled_section=\u00a0\u00bbno\u00a0\u00bb text_align=\u00a0\u00bbleft\u00a0\u00bb background_image_as_pattern=\u00a0\u00bbwithout_pattern\u00a0\u00bb z_index=\u00a0\u00bb\u00a0\u00bb css=\u00a0\u00bb.vc_custom_1599850582642{margin-top: 30px !important;margin-bottom: 15px !important;}\u00a0\u00bb][vc_column][vc_column_text css=\u00a0\u00bb.vc_custom_1659710289172{margin-bottom: 15px !important;}\u00a0\u00bb] La prochaine \u00e9tape: continuer avec la pratique? [\/vc_column_text][\/vc_column][\/vc_row][vc_row css_animation=\u00a0\u00bb\u00a0\u00bb row_type=\u00a0\u00bbrow\u00a0\u00bb use_row_as_full_screen_section=\u00a0\u00bbno\u00a0\u00bb type=\u00a0\u00bbgrid\u00a0\u00bb angled_section=\u00a0\u00bbno\u00a0\u00bb text_align=\u00a0\u00bbleft\u00a0\u00bb background_image_as_pattern=\u00a0\u00bbwithout_pattern\u00a0\u00bb z_index=\u00a0\u00bb\u00a0\u00bb][vc_column width=\u00a0\u00bb5\/12&Prime;][vc_column_text css=\u00a0\u00bb.vc_custom_1664556324959{margin-bottom: 15px !important;}\u00a0\u00bb]Vous avez pris connaissance des affirmations au sujet du&#8230;<\/p>\n","protected":false},"author":4,"featured_media":0,"parent":3658,"menu_order":0,"comment_status":"closed","ping_status":"closed","template":"full_width.php","meta":{"inline_featured_image":false,"_mi_skip_tracking":false},"_links":{"self":[{"href":"https:\/\/intrinsicpractice.com\/fr\/wp-json\/wp\/v2\/pages\/3662"}],"collection":[{"href":"https:\/\/intrinsicpractice.com\/fr\/wp-json\/wp\/v2\/pages"}],"about":[{"href":"https:\/\/intrinsicpractice.com\/fr\/wp-json\/wp\/v2\/types\/page"}],"author":[{"embeddable":true,"href":"https:\/\/intrinsicpractice.com\/fr\/wp-json\/wp\/v2\/users\/4"}],"replies":[{"embeddable":true,"href":"https:\/\/intrinsicpractice.com\/fr\/wp-json\/wp\/v2\/comments?post=3662"}],"version-history":[{"count":10,"href":"https:\/\/intrinsicpractice.com\/fr\/wp-json\/wp\/v2\/pages\/3662\/revisions"}],"predecessor-version":[{"id":5013,"href":"https:\/\/intrinsicpractice.com\/fr\/wp-json\/wp\/v2\/pages\/3662\/revisions\/5013"}],"up":[{"embeddable":true,"href":"https:\/\/intrinsicpractice.com\/fr\/wp-json\/wp\/v2\/pages\/3658"}],"wp:attachment":[{"href":"https:\/\/intrinsicpractice.com\/fr\/wp-json\/wp\/v2\/media?parent=3662"}],"curies":[{"name":"wp","href":"https:\/\/api.w.org\/{rel}","templated":true}]}}