{"id":3660,"date":"2019-10-29T19:42:13","date_gmt":"2019-10-29T19:42:13","guid":{"rendered":"https:\/\/intrinsicpractice.com\/?page_id=3660"},"modified":"2022-10-13T19:11:51","modified_gmt":"2022-10-13T19:11:51","slug":"go","status":"publish","type":"page","link":"https:\/\/intrinsicpractice.com\/fr\/methode-en-6-etapes\/etape-6-exprimer-mon-bonheur\/go\/","title":{"rendered":"GO"},"content":{"rendered":"<p>[vc_row css_animation=\u00a0\u00bb\u00a0\u00bb row_type=\u00a0\u00bbrow\u00a0\u00bb use_row_as_full_screen_section=\u00a0\u00bbno\u00a0\u00bb type=\u00a0\u00bbgrid\u00a0\u00bb angled_section=\u00a0\u00bbno\u00a0\u00bb text_align=\u00a0\u00bbleft\u00a0\u00bb background_image_as_pattern=\u00a0\u00bbwithout_pattern\u00a0\u00bb z_index=\u00a0\u00bb\u00a0\u00bb css=\u00a0\u00bb.vc_custom_1599572239655{margin-top: 30px !important;margin-bottom: 15px !important;}\u00a0\u00bb][vc_column][vc_column_text]Proc\u00e9dons \u00e9tape par \u00e9tape en utilisant le gabarit\u00a06\u00a0:[\/vc_column_text][\/vc_column][\/vc_row][vc_row css_animation=\u00a0\u00bb\u00a0\u00bb row_type=\u00a0\u00bbrow\u00a0\u00bb use_row_as_full_screen_section=\u00a0\u00bbno\u00a0\u00bb type=\u00a0\u00bbgrid\u00a0\u00bb angled_section=\u00a0\u00bbno\u00a0\u00bb text_align=\u00a0\u00bbleft\u00a0\u00bb background_image_as_pattern=\u00a0\u00bbwithout_pattern\u00a0\u00bb z_index=\u00a0\u00bb\u00a0\u00bb css=\u00a0\u00bb.vc_custom_1599572239655{margin-top: 30px !important;margin-bottom: 15px !important;}\u00a0\u00bb][vc_column width=\u00a0\u00bb1\/2&Prime;][vc_column_text]<img loading=\"lazy\" class=\"tmplt-brdr alignnone wp-image-4031 size-full\" src=\"http:\/\/intrinsicpractice.com\/wp-content\/uploads\/2022\/09\/6_GO_Template.png\" alt=\"Gabarit 6 GO\" width=\"612\" height=\"792\" srcset=\"https:\/\/intrinsicpractice.com\/wp-content\/uploads\/2022\/09\/6_GO_Template.png 612w, https:\/\/intrinsicpractice.com\/wp-content\/uploads\/2022\/09\/6_GO_Template-232x300.png 232w\" sizes=\"(max-width: 612px) 100vw, 612px\" \/>[\/vc_column_text][\/vc_column][vc_column width=\u00a0\u00bb1\/2&Prime;][vc_column_text css=\u00a0\u00bb.vc_custom_1664915716864{margin-bottom: 30px !important;}\u00a0\u00bb]<\/p>\n<div id=\"tmplt-right\">T\u00e9l\u00e9chargez le gabarit 6 GO (.pdf, 91 Kb).<br \/>\n<a class=\"tmplt-download6\" style=\"margin-top: 5px;\" href=\"http:\/\/intrinsicpractice.com\/wp-content\/uploads\/2022\/10\/6_GO_Gabarit.pdf\" rel=\"noopener noreferrer\" download=\"\"><span style=\"vertical-align: middle;\">T\u00e9l\u00e9charger<\/span> <img style=\"width: 18px; vertical-align: middle;\" src=\"http:\/\/intrinsicpractice.com\/wp-content\/uploads\/\/2020\/09\/download_green.svg\" alt=\"icone T\u00e9l\u00e9charger\" \/><\/a><\/div>\n<p>[\/vc_column_text][\/vc_column][\/vc_row][vc_row css_animation=\u00a0\u00bb\u00a0\u00bb row_type=\u00a0\u00bbrow\u00a0\u00bb use_row_as_full_screen_section=\u00a0\u00bbno\u00a0\u00bb type=\u00a0\u00bbgrid\u00a0\u00bb angled_section=\u00a0\u00bbno\u00a0\u00bb text_align=\u00a0\u00bbleft\u00a0\u00bb background_image_as_pattern=\u00a0\u00bbwithout_pattern\u00a0\u00bb z_index=\u00a0\u00bb\u00a0\u00bb css=\u00a0\u00bb.vc_custom_1599576916880{margin-top: 30px !important;margin-bottom: 15px !important;}\u00a0\u00bb][vc_column][vc_column_text]<\/p>\n<h3 class=\"ti-heading6\"><span style=\"color: #fff; padding-left: 4px;\">In<\/span>structions pour le gabarit<\/h3>\n<p>[\/vc_column_text][\/vc_column][\/vc_row][vc_row css_animation=\u00a0\u00bb\u00a0\u00bb row_type=\u00a0\u00bbrow\u00a0\u00bb use_row_as_full_screen_section=\u00a0\u00bbno\u00a0\u00bb type=\u00a0\u00bbgrid\u00a0\u00bb angled_section=\u00a0\u00bbno\u00a0\u00bb text_align=\u00a0\u00bbleft\u00a0\u00bb background_image_as_pattern=\u00a0\u00bbwithout_pattern\u00a0\u00bb z_index=\u00a0\u00bb\u00a0\u00bb css=\u00a0\u00bb.vc_custom_1599576916880{margin-top: 30px !important;margin-bottom: 15px !important;}\u00a0\u00bb][vc_column width=\u00a0\u00bb5\/12&Prime;][vc_column_text css=\u00a0\u00bb.vc_custom_1657044135914{margin-bottom: 15px !important;}\u00a0\u00bb]Comme \u00e0 l\u2019\u00e9tape\u00a05, commencez par 1 pour l\u2019une ou l\u2019autre des s\u00e9quences.[\/vc_column_text][vc_column_text css=\u00a0\u00bb.vc_custom_1664544506561{margin-bottom: 10px !important;}\u00a0\u00bb]<\/p>\n<div class=\"hang\"><span class=\"faux-ol2\">1<\/span> Choisissez un moment de n\u2019importe quelle situation, donnez-lui un nom et \u00e9crivez-le au haut du gabarit sous \u00ab Nom de la situation \u00bb.<\/div>\n<p>[\/vc_column_text][vc_column_text css=\u00a0\u00bb.vc_custom_1664544518913{margin-bottom: 10px !important;}\u00a0\u00bb]<\/p>\n<div class=\"hang\"><span class=\"faux-ol2\">2<\/span> Au bas du gabarit, dans le plus petit encadr\u00e9 intitul\u00e9 \u00ab PEACE \u00bb, transcrivez les \u00e9l\u00e9ments PEACE que vous avez inscrits pr\u00e9c\u00e9demment pour votre d\u00e9finition g\u00e9n\u00e9rale du bonheur,<\/div>\n<p>[\/vc_column_text][vc_column_text css=\u00a0\u00bb.vc_custom_1664544533659{margin-bottom: 10px !important;}\u00a0\u00bb]<\/p>\n<div class=\"hang\"><span class=\"faux-ol2\">3<\/span> Observez la situation pour tous les aspects du gabarit WORLD, comme vous l\u2019avez appris pour le gabarit\u00a04a, r\u00e9fl\u00e9chissez-y et prenez des notes dans les espaces correspondants au haut de ce gabarit.<\/div>\n<p>[\/vc_column_text][\/vc_column][vc_column width=\u00a0\u00bb1\/12&Prime;][\/vc_column][vc_column width=\u00a0\u00bb6\/12&Prime;][vc_column_text css=\u00a0\u00bb.vc_custom_1659710465501{margin-bottom: 15px !important;}\u00a0\u00bb]Visionnez un aper\u00e7u sur l&rsquo;utilisation du gabarit 6.GO.[\/vc_column_text][vc_video link=\u00a0\u00bbhttps:\/\/youtu.be\/cJknjktHK4A\u00a0\u00bb][vc_column_text css=\u00a0\u00bb.vc_custom_1665606503662{margin-bottom: 15px !important;}\u00a0\u00bb]<span class=\"transcript\"><a href=\"http:\/\/intrinsicpractice.com\/wp-content\/uploads\/2022\/10\/Pratique_intrinseque_Etape_6_GO_Introduction_Transcription.pdf\" target=\"_blank\" rel=\"noopener noreferrer\">Transcription<\/a> (.pdf, 135 Kb)<\/span><span class=\"video-time\">4m 27s<\/span>[\/vc_column_text][\/vc_column][\/vc_row][vc_row css_animation=\u00a0\u00bb\u00a0\u00bb row_type=\u00a0\u00bbrow\u00a0\u00bb use_row_as_full_screen_section=\u00a0\u00bbno\u00a0\u00bb type=\u00a0\u00bbgrid\u00a0\u00bb angled_section=\u00a0\u00bbno\u00a0\u00bb text_align=\u00a0\u00bbleft\u00a0\u00bb background_image_as_pattern=\u00a0\u00bbwithout_pattern\u00a0\u00bb z_index=\u00a0\u00bb\u00a0\u00bb][vc_column][vc_column_text css=\u00a0\u00bb.vc_custom_1664558098345{margin-bottom: 10px !important;}\u00a0\u00bb]\u00c0 ce point, vous pouvez choisir entre 2 s\u00e9quences.[\/vc_column_text][\/vc_column][\/vc_row][vc_row css_animation=\u00a0\u00bb\u00a0\u00bb row_type=\u00a0\u00bbrow\u00a0\u00bb use_row_as_full_screen_section=\u00a0\u00bbno\u00a0\u00bb type=\u00a0\u00bbgrid\u00a0\u00bb angled_section=\u00a0\u00bbno\u00a0\u00bb text_align=\u00a0\u00bbleft\u00a0\u00bb background_image_as_pattern=\u00a0\u00bbwithout_pattern\u00a0\u00bb z_index=\u00a0\u00bb\u00a0\u00bb][vc_column width=\u00a0\u00bb2\/3&Prime;][vc_column_text css=\u00a0\u00bb.vc_custom_1663767008423{margin-bottom: 10px !important;}\u00a0\u00bb]<img  class=\"alignnone wp-image-4054 size-full\" src=\"http:\/\/intrinsicpractice.com\/wp-content\/uploads\/2022\/09\/GO_chart_FR.svg\" alt=\"Graphique : 1. Nom de la situation (fl\u00e8che) 2. PEACE (fl\u00e8che) 3. WORLD (2 fl\u00e8che offrant des chemins divergents : a &amp;amp; b). Chemin a - 4. D\u00e9terminer non propice MINDSET (fl\u00e8che) 5: Envisager propice MINDSET Chemin b - 4. Envisager propice MINDSET (fl\u00e8che) 5. D\u00e9terminer non propice MINDSET (2 fl\u00e8ches renvoient le tableau \u00e0 un seul chemin) 6. Choisir les techniques (fl\u00e8che) 7. Exercice GO\" \/>[\/vc_column_text][\/vc_column][vc_column width=\u00a0\u00bb1\/3&Prime;][\/vc_column][\/vc_row][vc_row css_animation=\u00a0\u00bb\u00a0\u00bb row_type=\u00a0\u00bbrow\u00a0\u00bb use_row_as_full_screen_section=\u00a0\u00bbno\u00a0\u00bb type=\u00a0\u00bbgrid\u00a0\u00bb angled_section=\u00a0\u00bbno\u00a0\u00bb text_align=\u00a0\u00bbleft\u00a0\u00bb background_image_as_pattern=\u00a0\u00bbwithout_pattern\u00a0\u00bb z_index=\u00a0\u00bb\u00a0\u00bb][vc_column width=\u00a0\u00bb1\/2&Prime;][vc_column_text css=\u00a0\u00bb.vc_custom_1657044412731{margin-bottom: 10px !important;}\u00a0\u00bb]<b>S\u00e9quence<\/b><strong>\u00a0A<\/strong>[\/vc_column_text][\/vc_column][vc_column width=\u00a0\u00bb1\/2&Prime;][vc_column_text css=\u00a0\u00bb.vc_custom_1657044489901{margin-bottom: 10px !important;}\u00a0\u00bb]<b>S\u00e9quence<\/b><strong>\u00a0B<\/strong>[\/vc_column_text][\/vc_column][\/vc_row][vc_row css_animation=\u00a0\u00bb\u00a0\u00bb row_type=\u00a0\u00bbrow\u00a0\u00bb use_row_as_full_screen_section=\u00a0\u00bbno\u00a0\u00bb type=\u00a0\u00bbgrid\u00a0\u00bb angled_section=\u00a0\u00bbno\u00a0\u00bb text_align=\u00a0\u00bbleft\u00a0\u00bb background_image_as_pattern=\u00a0\u00bbwithout_pattern\u00a0\u00bb z_index=\u00a0\u00bb\u00a0\u00bb][vc_column width=\u00a0\u00bb1\/2&Prime;][vc_column_text css=\u00a0\u00bb.vc_custom_1664544556825{margin-bottom: 10px !important;}\u00a0\u00bb]<\/p>\n<div class=\"hang\"><span class=\"faux-ol2\">4<\/span> Observez le moment de la situation et d\u00e9crivez votre exp\u00e9rience, dimension par dimension, et notez les dimensions qui sont propices au bonheur \u00e0 c\u00f4t\u00e9 de la case correspondante \u00e0 droite et les dimensions qui ne sont pas propices au bonheur \u00e0 c\u00f4t\u00e9 de la case correspondante \u00e0 gauche.<\/div>\n<p>[\/vc_column_text][vc_column_text css=\u00a0\u00bb.vc_custom_1657044433137{margin-top: 15px !important;margin-bottom: 10px !important;}\u00a0\u00bb]Passez ensuite \u00e0[\/vc_column_text][vc_column_text css=\u00a0\u00bb.vc_custom_1664544622393{margin-bottom: 10px !important;}\u00a0\u00bb]<\/p>\n<div class=\"hang\"><span class=\"faux-ol2\">5<\/span> Envisagez ce que serait l\u2019exp\u00e9rience si toutes ses dimensions \u00e9taient propices au bonheur. Inscrivez ces dimensions du c\u00f4t\u00e9 droit sous \u00ab D\u00e9terminer propice \u00bb. Gardez en t\u00eate vos \u00e9l\u00e9ments PEACE pendant cet exercice. Si vous avez d\u00e9montr\u00e9 certaines dimensions propices au bonheur au cours du point 4, vous pouvez les conserver ou en envisager d\u2019autres comme bon vous semble.<\/div>\n<p>[\/vc_column_text][\/vc_column][vc_column width=\u00a0\u00bb1\/2&Prime;][vc_column_text css=\u00a0\u00bb.vc_custom_1664544632913{margin-bottom: 10px !important;}\u00a0\u00bb]<\/p>\n<div class=\"hang\"><span class=\"faux-ol2\">4<\/span> Envisagez ce que serait l\u2019exp\u00e9rience si toutes ses dimensions \u00e9taient propices au bonheur. Notez ces dimensions du c\u00f4t\u00e9 droit, sous \u00ab D\u00e9terminer propice \u00bb. Gardez en t\u00eate vos \u00e9l\u00e9ments PEACE pendant cet exercice.<\/div>\n<p>[\/vc_column_text][vc_column_text css=\u00a0\u00bb.vc_custom_1657044663967{margin-top: 15px !important;margin-bottom: 10px !important;}\u00a0\u00bb]Passez ensuite au point[\/vc_column_text][vc_column_text css=\u00a0\u00bb.vc_custom_1664544645425{margin-bottom: 10px !important;}\u00a0\u00bb]<\/p>\n<div class=\"hang\"><span class=\"faux-ol2\">5<\/span> Observez le moment de la situation et d\u00e9crivez votre exp\u00e9rience, dimension par dimension, et notez les dimensions qui sont propices au bonheur \u00e0 c\u00f4t\u00e9 de la case correspondante \u00e0 droite, et les dimensions qui ne sont pas propices au bonheur \u00e0 c\u00f4t\u00e9 de la case correspondante \u00e0 gauche. Ajoutez les dimensions d\u00e9termin\u00e9es comme \u00e9tant propices au bonheur au point 5 \u00e0 c\u00f4t\u00e9 de celles imagin\u00e9es comme \u00e9tant propices au bonheur, si elles sont diff\u00e9rentes.<\/div>\n<p>[\/vc_column_text][\/vc_column][\/vc_row][vc_row css_animation=\u00a0\u00bb\u00a0\u00bb row_type=\u00a0\u00bbrow\u00a0\u00bb use_row_as_full_screen_section=\u00a0\u00bbno\u00a0\u00bb type=\u00a0\u00bbgrid\u00a0\u00bb angled_section=\u00a0\u00bbno\u00a0\u00bb text_align=\u00a0\u00bbleft\u00a0\u00bb background_image_as_pattern=\u00a0\u00bbwithout_pattern\u00a0\u00bb z_index=\u00a0\u00bb\u00a0\u00bb][vc_column el_class=\u00a0\u00bbdotted-bottom6&Prime;][vc_column_text css=\u00a0\u00bb.vc_custom_1664544793331{margin-bottom: 10px !important;}\u00a0\u00bb]<\/p>\n<div class=\"hang\"><span class=\"faux-ol2\">6<\/span> Et choisissez des techniques, dimension par dimension, pour choisir l\u2019option propice tout en abandonnant celle qui ne l\u2019est pas. Une liste de ces techniques est fournie plus loin. \u00c9crivez les techniques une \u00e0 une \u00e0 c\u00f4t\u00e9 de chaque dimension dans l\u2019espace intitul\u00e9 \u00ab Techniques d\u2019exercice \u00bb.<\/div>\n<p>[\/vc_column_text][vc_column_text css=\u00a0\u00bb.vc_custom_1657045215780{margin-top: 15px !important;margin-bottom: 10px !important;}\u00a0\u00bb]Conclure avec le point[\/vc_column_text][vc_column_text css=\u00a0\u00bb.vc_custom_1664544806937{margin-bottom: 20px !important;}\u00a0\u00bb]<\/p>\n<div class=\"hang\"><span class=\"faux-ol2\">7<\/span> Mettre en pratique les techniques choisies.<\/div>\n<p>[\/vc_column_text][\/vc_column][\/vc_row][vc_row css_animation=\u00a0\u00bb\u00a0\u00bb row_type=\u00a0\u00bbrow\u00a0\u00bb use_row_as_full_screen_section=\u00a0\u00bbno\u00a0\u00bb type=\u00a0\u00bbgrid\u00a0\u00bb angled_section=\u00a0\u00bbno\u00a0\u00bb text_align=\u00a0\u00bbleft\u00a0\u00bb background_image_as_pattern=\u00a0\u00bbwithout_pattern\u00a0\u00bb z_index=\u00a0\u00bb\u00a0\u00bb][vc_column][vc_column_text css=\u00a0\u00bb.vc_custom_1657045287203{margin-bottom: 15px !important;}\u00a0\u00bb]Les changements sont d\u2019abord et avant tout apport\u00e9s aux dimensions de <strong>MINDSET<\/strong> parce que c\u2019est d\u2019elles que naissent le plus souvent nos exp\u00e9riences et sur elles que nous avons la plus grande capacit\u00e9 d\u2019agir et de contr\u00f4le. En outre, la transformation principale et la plus importante se fait au niveau de la dimension parce que c\u2019est l\u00e0 que r\u00e9side la source et le choix du bonheur, c\u2019est-\u00e0-dire en nous, intrins\u00e8quement. Toutefois, une fois cela fait, il peut y avoir des aspects des situations qui doivent \u00eatre pris en consid\u00e9ration et des ajustements apport\u00e9s en cons\u00e9quence. Cela s\u2019applique \u00e9galement \u00e0 nos \u00e9l\u00e9ments de bonheur.<\/p>\n<p>.[\/vc_column_text][vc_column_text css=\u00a0\u00bb.vc_custom_1657045312019{margin-bottom: 15px !important;}\u00a0\u00bb]Examinez la repr\u00e9sentation graphique du processus GO ci-dessous:[\/vc_column_text][\/vc_column][\/vc_row][vc_row css_animation=\u00a0\u00bb\u00a0\u00bb row_type=\u00a0\u00bbrow\u00a0\u00bb use_row_as_full_screen_section=\u00a0\u00bbno\u00a0\u00bb type=\u00a0\u00bbgrid\u00a0\u00bb angled_section=\u00a0\u00bbno\u00a0\u00bb text_align=\u00a0\u00bbleft\u00a0\u00bb background_image_as_pattern=\u00a0\u00bbwithout_pattern\u00a0\u00bb z_index=\u00a0\u00bb\u00a0\u00bb][vc_column width=\u00a0\u00bb2\/3&Prime;][vc_column_text css=\u00a0\u00bb.vc_custom_1663767745560{margin-bottom: 15px !important;}\u00a0\u00bb]<img loading=\"lazy\" class=\"alignnone wp-image-4062 size-full\" src=\"http:\/\/intrinsicpractice.com\/wp-content\/uploads\/2022\/09\/GO-circles_2020_OL_FR.svg\" alt=\"GO : Abandonner et Choisir\" width=\"592\" height=\"353\" \/>[\/vc_column_text][\/vc_column][vc_column width=\u00a0\u00bb1\/3&Prime;][\/vc_column][\/vc_row][vc_row css_animation=\u00a0\u00bb\u00a0\u00bb row_type=\u00a0\u00bbrow\u00a0\u00bb use_row_as_full_screen_section=\u00a0\u00bbno\u00a0\u00bb type=\u00a0\u00bbgrid\u00a0\u00bb angled_section=\u00a0\u00bbno\u00a0\u00bb text_align=\u00a0\u00bbleft\u00a0\u00bb background_image_as_pattern=\u00a0\u00bbwithout_pattern\u00a0\u00bb z_index=\u00a0\u00bb\u00a0\u00bb][vc_column][vc_column_text css=\u00a0\u00bb.vc_custom_1657045338252{margin-bottom: 15px !important;}\u00a0\u00bb]Le processus consiste \u00e0 choisir de fa\u00e7on active mais douce ce que vous aimeriez vivre et \u00e0 abandonner doucement ce que vous ne voudriez plus vivre. Cela exige une attention positive et une action mentale vers ce qui est propice au bonheur, ainsi qu\u2019un abandon doux de ce qui n\u2019est pas propice au bonheur. Passer de l\u2019\u00e9tat non propice \u00e0 l\u2019\u00e9tat propice devrait se faire en douceur, avec le moins de r\u00e9sistance possible. S\u2019opposer activement \u00e0 ce qui est non propice ne ferait que lui donner plus de poids, car il faut y consacrer attention et effort. Par cons\u00e9quent, le processus consiste \u00e0 abandonner doucement ces exp\u00e9riences tout en consacrant son attention et ses efforts aux dimensions propices au bonheur. Il s\u2019agit de choisir doucement, mais fermement, les \u00e9l\u00e9ments propices tout en renon\u00e7ant d\u00e9licatement aux \u00e9l\u00e9ments non propices. \u00c0 ces fins, une multitude de techniques peuvent \u00eatre utilis\u00e9es \u00e0 la fois pour choisir et pour abandonner, \u00e0 un rythme tr\u00e8s doux. Il est \u00e9galement important de suivre le processus avec pr\u00e9cision, dimension par dimension, surtout au d\u00e9but.[\/vc_column_text][\/vc_column][\/vc_row][vc_row css_animation=\u00a0\u00bb\u00a0\u00bb row_type=\u00a0\u00bbrow\u00a0\u00bb use_row_as_full_screen_section=\u00a0\u00bbno\u00a0\u00bb type=\u00a0\u00bbgrid\u00a0\u00bb angled_section=\u00a0\u00bbno\u00a0\u00bb text_align=\u00a0\u00bbleft\u00a0\u00bb background_image_as_pattern=\u00a0\u00bbwithout_pattern\u00a0\u00bb css=\u00a0\u00bb.vc_custom_1599572353574{margin-top: 20px !important;padding-top: 10px !important;padding-bottom: 10px !important;background-color: #f7f7f7 !important;}\u00a0\u00bb z_index=\u00a0\u00bb\u00a0\u00bb][vc_column][vc_column_text]<\/p>\n<div><a id=\"prev-link\" href=\"https:\/\/intrinsicpractice.com\/fr\/methode-en-6-etapes\/etape-6-exprimer-mon-bonheur\/\">page pr\u00e9c\u00e9dente<\/a> <a id=\"next-link\" href=\"https:\/\/intrinsicpractice.com\/fr\/methode-en-6-etapes\/etape-6-exprimer-mon-bonheur\/go-techniques-suggerees-pour-l-etape-6\/\">prochaine page<\/a><\/div>\n<p>[\/vc_column_text][\/vc_column][\/vc_row]<\/p>\n","protected":false},"excerpt":{"rendered":"<p>[vc_row css_animation=\u00a0\u00bb\u00a0\u00bb row_type=\u00a0\u00bbrow\u00a0\u00bb use_row_as_full_screen_section=\u00a0\u00bbno\u00a0\u00bb type=\u00a0\u00bbgrid\u00a0\u00bb angled_section=\u00a0\u00bbno\u00a0\u00bb text_align=\u00a0\u00bbleft\u00a0\u00bb background_image_as_pattern=\u00a0\u00bbwithout_pattern\u00a0\u00bb z_index=\u00a0\u00bb\u00a0\u00bb css=\u00a0\u00bb.vc_custom_1599572239655{margin-top: 30px !important;margin-bottom: 15px !important;}\u00a0\u00bb][vc_column][vc_column_text]Proc\u00e9dons \u00e9tape par \u00e9tape en utilisant le gabarit\u00a06\u00a0:[\/vc_column_text][\/vc_column][\/vc_row][vc_row css_animation=\u00a0\u00bb\u00a0\u00bb row_type=\u00a0\u00bbrow\u00a0\u00bb use_row_as_full_screen_section=\u00a0\u00bbno\u00a0\u00bb type=\u00a0\u00bbgrid\u00a0\u00bb angled_section=\u00a0\u00bbno\u00a0\u00bb text_align=\u00a0\u00bbleft\u00a0\u00bb background_image_as_pattern=\u00a0\u00bbwithout_pattern\u00a0\u00bb z_index=\u00a0\u00bb\u00a0\u00bb css=\u00a0\u00bb.vc_custom_1599572239655{margin-top: 30px !important;margin-bottom: 15px !important;}\u00a0\u00bb][vc_column width=\u00a0\u00bb1\/2&Prime;][vc_column_text][\/vc_column_text][\/vc_column][vc_column width=\u00a0\u00bb1\/2&Prime;][vc_column_text css=\u00a0\u00bb.vc_custom_1664915716864{margin-bottom: 30px !important;}\u00a0\u00bb] T\u00e9l\u00e9chargez le gabarit 6 GO (.pdf,&#8230;<\/p>\n","protected":false},"author":4,"featured_media":0,"parent":3658,"menu_order":0,"comment_status":"closed","ping_status":"closed","template":"full_width.php","meta":{"inline_featured_image":false,"_mi_skip_tracking":false},"_links":{"self":[{"href":"https:\/\/intrinsicpractice.com\/fr\/wp-json\/wp\/v2\/pages\/3660"}],"collection":[{"href":"https:\/\/intrinsicpractice.com\/fr\/wp-json\/wp\/v2\/pages"}],"about":[{"href":"https:\/\/intrinsicpractice.com\/fr\/wp-json\/wp\/v2\/types\/page"}],"author":[{"embeddable":true,"href":"https:\/\/intrinsicpractice.com\/fr\/wp-json\/wp\/v2\/users\/4"}],"replies":[{"embeddable":true,"href":"https:\/\/intrinsicpractice.com\/fr\/wp-json\/wp\/v2\/comments?post=3660"}],"version-history":[{"count":26,"href":"https:\/\/intrinsicpractice.com\/fr\/wp-json\/wp\/v2\/pages\/3660\/revisions"}],"predecessor-version":[{"id":5011,"href":"https:\/\/intrinsicpractice.com\/fr\/wp-json\/wp\/v2\/pages\/3660\/revisions\/5011"}],"up":[{"embeddable":true,"href":"https:\/\/intrinsicpractice.com\/fr\/wp-json\/wp\/v2\/pages\/3658"}],"wp:attachment":[{"href":"https:\/\/intrinsicpractice.com\/fr\/wp-json\/wp\/v2\/media?parent=3660"}],"curies":[{"name":"wp","href":"https:\/\/api.w.org\/{rel}","templated":true}]}}