{"id":3658,"date":"2019-10-29T14:38:53","date_gmt":"2019-10-29T14:38:53","guid":{"rendered":"https:\/\/intrinsicpractice.com\/?page_id=3658"},"modified":"2022-09-30T16:41:53","modified_gmt":"2022-09-30T16:41:53","slug":"etape-6-exprimer-mon-bonheur","status":"publish","type":"page","link":"https:\/\/intrinsicpractice.com\/fr\/methode-en-6-etapes\/etape-6-exprimer-mon-bonheur\/","title":{"rendered":"\u00c9tape 6 \u2014 Exprimer mon bonheur &#8211; GO"},"content":{"rendered":"<p>[vc_row css_animation=\u00a0\u00bb\u00a0\u00bb row_type=\u00a0\u00bbrow\u00a0\u00bb use_row_as_full_screen_section=\u00a0\u00bbno\u00a0\u00bb type=\u00a0\u00bbgrid\u00a0\u00bb angled_section=\u00a0\u00bbno\u00a0\u00bb text_align=\u00a0\u00bbleft\u00a0\u00bb background_image_as_pattern=\u00a0\u00bbwithout_pattern\u00a0\u00bb z_index=\u00a0\u00bb\u00a0\u00bb css=\u00a0\u00bb.vc_custom_1599567548158{margin-top: 30px !important;margin-bottom: 15px !important;}\u00a0\u00bb][vc_column][vc_column_text css=\u00a0\u00bb.vc_custom_1659710109201{margin-bottom: 15px !important;}\u00a0\u00bb]<\/p>\n<h2>Objectifs et aper\u00e7u<\/h2>\n<p>[\/vc_column_text][vc_column_text css=\u00a0\u00bb.vc_custom_1657040630945{margin-bottom: 15px !important;}\u00a0\u00bb]\u00c0 ce stade, vous avez acquis la capacit\u00e9, dans n\u2019importe quelle situation, d\u2019\u00eatre li\u00e9 \u00e0 votre d\u00e9finition du bonheur, de vous conna\u00eetre ainsi que le monde qui vous entoure, de d\u00e9montrer ce qui n\u2019est pas propice au bonheur et d\u2019envisager ce qui pourrait l\u2019\u00eatre. Cette derni\u00e8re \u00e9tape vous aidera \u00e0 passer de ce qui n\u2019est pas propice au bonheur \u00e0 ce qui l\u2019est, c\u2019est-\u00e0-dire des dimensions non propices d\u00e9montr\u00e9es aux dimensions propices envisag\u00e9es. Cette \u00e9tape vous aidera \u00e9galement \u00e0 apprendre comment tenir compte des aspects d\u2019une situation qui ne sont peut-\u00eatre pas propices au bonheur et \u00e0 d\u00e9cider d\u2019apporter des changements qui cr\u00e9eraient des situations plus propices au bonheur. Comme il peut devenir clair que vos \u00e9l\u00e9ments de bonheur, individuellement ou ensemble, peuvent parfois ne pas \u00eatre propices au bonheur, vous apprendrez \u00e9galement comment apporter les changements n\u00e9cessaires pour rendre vos \u00e9l\u00e9ments plus propices au bonheur.[\/vc_column_text][vc_column_text css=\u00a0\u00bb.vc_custom_1657040649593{margin-bottom: 15px !important;}\u00a0\u00bb]Le proc\u00e9d\u00e9 mn\u00e9monique de l\u2019\u00e9tape\u00a06 est <strong>GO, <\/strong>qui repr\u00e9sente\u00a0: Abandonner et Choisir. Cet outil est con\u00e7u pour vous aider \u00e0 apprendre \u00e0 choisir de plus en plus souvent (Choisir) des exp\u00e9riences envisag\u00e9es propices au bonheur et de plus en plus souvent \u00e0 abandonner des exp\u00e9riences d\u00e9montr\u00e9es non propices, dimension par dimension et, si n\u00e9cessaire, aspect par aspect et \u00e9l\u00e9ment par \u00e9l\u00e9ment.[\/vc_column_text][\/vc_column][\/vc_row][vc_row css_animation=\u00a0\u00bb\u00a0\u00bb row_type=\u00a0\u00bbrow\u00a0\u00bb use_row_as_full_screen_section=\u00a0\u00bbno\u00a0\u00bb type=\u00a0\u00bbgrid\u00a0\u00bb angled_section=\u00a0\u00bbno\u00a0\u00bb text_align=\u00a0\u00bbleft\u00a0\u00bb background_image_as_pattern=\u00a0\u00bbwithout_pattern\u00a0\u00bb z_index=\u00a0\u00bb\u00a0\u00bb][vc_column width=\u00a0\u00bb1\/2&Prime;][vc_column_text]<a href=\"http:\/\/intrinsicpractice.com\/wp-content\/uploads\/2022\/09\/GO-circles_2020_OL_FR.svg\"><img loading=\"lazy\" class=\"alignnone wp-image-4062 size-full\" src=\"http:\/\/intrinsicpractice.com\/wp-content\/uploads\/2022\/09\/GO-circles_2020_OL_FR.svg\" alt=\"GO : Abandonner et Choisir\" width=\"592\" height=\"353\" \/><\/a>[\/vc_column_text][\/vc_column][vc_column width=\u00a0\u00bb1\/2&Prime;][\/vc_column][\/vc_row][vc_row css_animation=\u00a0\u00bb\u00a0\u00bb row_type=\u00a0\u00bbrow\u00a0\u00bb use_row_as_full_screen_section=\u00a0\u00bbno\u00a0\u00bb type=\u00a0\u00bbgrid\u00a0\u00bb angled_section=\u00a0\u00bbno\u00a0\u00bb text_align=\u00a0\u00bbleft\u00a0\u00bb background_image_as_pattern=\u00a0\u00bbwithout_pattern\u00a0\u00bb z_index=\u00a0\u00bb\u00a0\u00bb][vc_column][vc_column_text css=\u00a0\u00bb.vc_custom_1657043357306{margin-bottom: 15px !important;}\u00a0\u00bb]En d\u2019autres mots, \u00e0 l\u2019aide du gabarit\u00a06, l\u2019\u00e9tape\u00a06 poursuit la s\u00e9quence de l\u2019\u00e9tape\u00a05, comme l\u2019illustre la figure ci-dessous\u00a0:[\/vc_column_text][\/vc_column][\/vc_row][vc_row css_animation=\u00a0\u00bb\u00a0\u00bb row_type=\u00a0\u00bbrow\u00a0\u00bb use_row_as_full_screen_section=\u00a0\u00bbno\u00a0\u00bb type=\u00a0\u00bbgrid\u00a0\u00bb angled_section=\u00a0\u00bbno\u00a0\u00bb text_align=\u00a0\u00bbleft\u00a0\u00bb background_image_as_pattern=\u00a0\u00bbwithout_pattern\u00a0\u00bb z_index=\u00a0\u00bb\u00a0\u00bb][vc_column width=\u00a0\u00bb2\/3&Prime;][vc_column_text]<a href=\"http:\/\/intrinsicpractice.com\/wp-content\/uploads\/2022\/09\/GO_chart_FR.svg\"><img  class=\"alignnone wp-image-4054 size-full\" src=\"http:\/\/intrinsicpractice.com\/wp-content\/uploads\/2022\/09\/GO_chart_FR.svg\" alt=\"\" \/><\/a>[\/vc_column_text][\/vc_column][vc_column width=\u00a0\u00bb1\/3&Prime;][\/vc_column][\/vc_row][vc_row css_animation=\u00a0\u00bb\u00a0\u00bb row_type=\u00a0\u00bbrow\u00a0\u00bb use_row_as_full_screen_section=\u00a0\u00bbno\u00a0\u00bb type=\u00a0\u00bbgrid\u00a0\u00bb angled_section=\u00a0\u00bbno\u00a0\u00bb text_align=\u00a0\u00bbleft\u00a0\u00bb background_image_as_pattern=\u00a0\u00bbwithout_pattern\u00a0\u00bb z_index=\u00a0\u00bb\u00a0\u00bb][vc_column][vc_column_text css=\u00a0\u00bb.vc_custom_1659710160853{margin-bottom: 15px !important;}\u00a0\u00bb]Maintenant, voyons le gabarit <strong>GO<\/strong>.[\/vc_column_text][\/vc_column][\/vc_row][vc_row css_animation=\u00a0\u00bb\u00a0\u00bb row_type=\u00a0\u00bbrow\u00a0\u00bb use_row_as_full_screen_section=\u00a0\u00bbno\u00a0\u00bb type=\u00a0\u00bbgrid\u00a0\u00bb angled_section=\u00a0\u00bbno\u00a0\u00bb text_align=\u00a0\u00bbleft\u00a0\u00bb background_image_as_pattern=\u00a0\u00bbwithout_pattern\u00a0\u00bb css=\u00a0\u00bb.vc_custom_1599572304937{margin-top: 20px !important;padding-top: 10px !important;padding-bottom: 10px !important;background-color: #f7f7f7 !important;}\u00a0\u00bb z_index=\u00a0\u00bb\u00a0\u00bb][vc_column][vc_column_text]<\/p>\n<div><a id=\"prev-link\" href=\"https:\/\/intrinsicpractice.com\/fr\/methode-en-6-etapes\/etape-5-envisager-mon-bonheur\/see-summary\/\">page pr\u00e9c\u00e9dente<\/a> <a id=\"next-link\" href=\"https:\/\/intrinsicpractice.com\/fr\/methode-en-6-etapes\/etape-6-exprimer-mon-bonheur\/go\/\">prochaine page<\/a><\/div>\n<p>[\/vc_column_text][\/vc_column][\/vc_row]<\/p>\n","protected":false},"excerpt":{"rendered":"<p>[vc_row css_animation=\u00a0\u00bb\u00a0\u00bb row_type=\u00a0\u00bbrow\u00a0\u00bb use_row_as_full_screen_section=\u00a0\u00bbno\u00a0\u00bb type=\u00a0\u00bbgrid\u00a0\u00bb angled_section=\u00a0\u00bbno\u00a0\u00bb text_align=\u00a0\u00bbleft\u00a0\u00bb background_image_as_pattern=\u00a0\u00bbwithout_pattern\u00a0\u00bb z_index=\u00a0\u00bb\u00a0\u00bb css=\u00a0\u00bb.vc_custom_1599567548158{margin-top: 30px !important;margin-bottom: 15px !important;}\u00a0\u00bb][vc_column][vc_column_text css=\u00a0\u00bb.vc_custom_1659710109201{margin-bottom: 15px !important;}\u00a0\u00bb] Objectifs et aper\u00e7u [\/vc_column_text][vc_column_text css=\u00a0\u00bb.vc_custom_1657040630945{margin-bottom: 15px !important;}\u00a0\u00bb]\u00c0 ce stade, vous avez acquis la capacit\u00e9, dans n\u2019importe quelle situation, d\u2019\u00eatre li\u00e9 \u00e0 votre d\u00e9finition du bonheur, de vous conna\u00eetre&#8230;<\/p>\n","protected":false},"author":4,"featured_media":0,"parent":3571,"menu_order":0,"comment_status":"closed","ping_status":"closed","template":"full_width.php","meta":{"inline_featured_image":false,"_mi_skip_tracking":false},"_links":{"self":[{"href":"https:\/\/intrinsicpractice.com\/fr\/wp-json\/wp\/v2\/pages\/3658"}],"collection":[{"href":"https:\/\/intrinsicpractice.com\/fr\/wp-json\/wp\/v2\/pages"}],"about":[{"href":"https:\/\/intrinsicpractice.com\/fr\/wp-json\/wp\/v2\/types\/page"}],"author":[{"embeddable":true,"href":"https:\/\/intrinsicpractice.com\/fr\/wp-json\/wp\/v2\/users\/4"}],"replies":[{"embeddable":true,"href":"https:\/\/intrinsicpractice.com\/fr\/wp-json\/wp\/v2\/comments?post=3658"}],"version-history":[{"count":11,"href":"https:\/\/intrinsicpractice.com\/fr\/wp-json\/wp\/v2\/pages\/3658\/revisions"}],"predecessor-version":[{"id":4503,"href":"https:\/\/intrinsicpractice.com\/fr\/wp-json\/wp\/v2\/pages\/3658\/revisions\/4503"}],"up":[{"embeddable":true,"href":"https:\/\/intrinsicpractice.com\/fr\/wp-json\/wp\/v2\/pages\/3571"}],"wp:attachment":[{"href":"https:\/\/intrinsicpractice.com\/fr\/wp-json\/wp\/v2\/media?parent=3658"}],"curies":[{"name":"wp","href":"https:\/\/api.w.org\/{rel}","templated":true}]}}