{"id":3656,"date":"2019-10-29T19:40:19","date_gmt":"2019-10-29T19:40:19","guid":{"rendered":"https:\/\/intrinsicpractice.com\/?page_id=3656"},"modified":"2022-10-17T17:21:02","modified_gmt":"2022-10-17T17:21:02","slug":"see-summary","status":"publish","type":"page","link":"https:\/\/intrinsicpractice.com\/fr\/methode-en-6-etapes\/etape-5-envisager-mon-bonheur\/see-summary\/","title":{"rendered":"SEE &#8211; Summary"},"content":{"rendered":"<p>[vc_row css_animation=\u00a0\u00bb\u00a0\u00bb row_type=\u00a0\u00bbrow\u00a0\u00bb use_row_as_full_screen_section=\u00a0\u00bbno\u00a0\u00bb type=\u00a0\u00bbgrid\u00a0\u00bb angled_section=\u00a0\u00bbno\u00a0\u00bb text_align=\u00a0\u00bbleft\u00a0\u00bb background_image_as_pattern=\u00a0\u00bbwithout_pattern\u00a0\u00bb z_index=\u00a0\u00bb\u00a0\u00bb css=\u00a0\u00bb.vc_custom_1597255982381{margin-top: 30px !important;margin-bottom: 15px !important;}\u00a0\u00bb][vc_column][vc_column_text]Au cours des prochains jours ou semaines, prenez le temps de faire les exercices de l\u2019\u00e9tape\u00a05 pour plusieurs situations diff\u00e9rentes. \u00c0 l\u2019instar des \u00e9tapes\u00a03 et 4, cela peut \u00eatre fait pour une situation pass\u00e9e, pr\u00e9sente ou future.[\/vc_column_text][\/vc_column][\/vc_row][vc_row css_animation=\u00a0\u00bb\u00a0\u00bb row_type=\u00a0\u00bbrow\u00a0\u00bb use_row_as_full_screen_section=\u00a0\u00bbno\u00a0\u00bb type=\u00a0\u00bbgrid\u00a0\u00bb angled_section=\u00a0\u00bbno\u00a0\u00bb text_align=\u00a0\u00bbleft\u00a0\u00bb background_image_as_pattern=\u00a0\u00bbwithout_pattern\u00a0\u00bb z_index=\u00a0\u00bb\u00a0\u00bb css=\u00a0\u00bb.vc_custom_1597255982381{margin-top: 30px !important;margin-bottom: 15px !important;}\u00a0\u00bb][vc_column width=\u00a0\u00bb5\/12&Prime; el_class=\u00a0\u00bbdotted-bottom5&Prime;][vc_column_text css=\u00a0\u00bb.vc_custom_1657040179985{margin-bottom: 15px !important;}\u00a0\u00bb]N\u2019oubliez pas cette r\u00e8gle pour votre pratique\u00a0: commencez par des situations qui peuvent \u00eatre simples, faciles \u00e0 vivre, actuelles et fra\u00eeches \u00e0 la m\u00e9moire et \u00e9tendez progressivement votre pratique \u00e0 des situations plus \u00e9loign\u00e9es dans le temps, qui sont moins fra\u00eeches \u00e0 la m\u00e9moire, et qui sont complexes et difficiles \u00e0 vivre.[\/vc_column_text][\/vc_column][vc_column width=\u00a0\u00bb1\/12&Prime;][\/vc_column][vc_column width=\u00a0\u00bb6\/12&Prime;][vc_column_text css=\u00a0\u00bb.vc_custom_1659709731179{margin-bottom: 15px !important;}\u00a0\u00bb]Revoyons notre analyse d&rsquo;une situation.[\/vc_column_text][vc_video link=\u00a0\u00bbhttps:\/\/youtu.be\/Lb6h_L3Tzys\u00a0\u00bb][vc_column_text]<span class=\"transcript\"><a href=\"http:\/\/intrinsicpractice.com\/wp-content\/uploads\/2022\/10\/Pratique_intrinseque_Etape_5_SEE_Situation_Transcription-1.pdf\" target=\"_blank\" rel=\"noopener noreferrer\">Transcription<\/a> (.pdf, 153 Kb)<\/span><span class=\"video-time\">2m 51s<\/span>[\/vc_column_text][\/vc_column][\/vc_row][vc_row css_animation=\u00a0\u00bb\u00a0\u00bb row_type=\u00a0\u00bbrow\u00a0\u00bb use_row_as_full_screen_section=\u00a0\u00bbno\u00a0\u00bb type=\u00a0\u00bbgrid\u00a0\u00bb angled_section=\u00a0\u00bbno\u00a0\u00bb text_align=\u00a0\u00bbleft\u00a0\u00bb background_image_as_pattern=\u00a0\u00bbwithout_pattern\u00a0\u00bb z_index=\u00a0\u00bb\u00a0\u00bb][vc_column][vc_column_text css=\u00a0\u00bb.vc_custom_1657040248371{margin-bottom: 15px !important;}\u00a0\u00bb]Une fois que vous sentez avoir ma\u00eetris\u00e9 l\u2019\u00e9tape\u00a05, passez \u00e0 l\u2019\u00e9tape\u00a06, la derni\u00e8re.[\/vc_column_text][\/vc_column][\/vc_row][vc_row css_animation=\u00a0\u00bb\u00a0\u00bb row_type=\u00a0\u00bbrow\u00a0\u00bb use_row_as_full_screen_section=\u00a0\u00bbno\u00a0\u00bb type=\u00a0\u00bbgrid\u00a0\u00bb angled_section=\u00a0\u00bbno\u00a0\u00bb text_align=\u00a0\u00bbleft\u00a0\u00bb background_image_as_pattern=\u00a0\u00bbwithout_pattern\u00a0\u00bb css=\u00a0\u00bb.vc_custom_1597157736733{margin-top: 20px !important;padding-top: 10px !important;padding-bottom: 10px !important;background-color: #f7f7f7 !important;}\u00a0\u00bb z_index=\u00a0\u00bb\u00a0\u00bb][vc_column][vc_column_text]<\/p>\n<div><a id=\"prev-link\" href=\"https:\/\/intrinsicpractice.com\/fr\/methode-en-6-etapes\/etape-5-envisager-mon-bonheur\/see\/\">page pr\u00e9c\u00e9dente<\/a> <a id=\"next-link\" href=\"https:\/\/intrinsicpractice.com\/fr\/methode-en-6-etapes\/etape-6-exprimer-mon-bonheur\/\">prochaine page<\/a><\/div>\n<p>[\/vc_column_text][\/vc_column][\/vc_row]<\/p>\n","protected":false},"excerpt":{"rendered":"<p>[vc_row css_animation=\u00a0\u00bb\u00a0\u00bb row_type=\u00a0\u00bbrow\u00a0\u00bb use_row_as_full_screen_section=\u00a0\u00bbno\u00a0\u00bb type=\u00a0\u00bbgrid\u00a0\u00bb angled_section=\u00a0\u00bbno\u00a0\u00bb text_align=\u00a0\u00bbleft\u00a0\u00bb background_image_as_pattern=\u00a0\u00bbwithout_pattern\u00a0\u00bb z_index=\u00a0\u00bb\u00a0\u00bb css=\u00a0\u00bb.vc_custom_1597255982381{margin-top: 30px !important;margin-bottom: 15px !important;}\u00a0\u00bb][vc_column][vc_column_text]Au cours des prochains jours ou semaines, prenez le temps de faire les exercices de l\u2019\u00e9tape\u00a05 pour plusieurs situations diff\u00e9rentes. \u00c0 l\u2019instar des \u00e9tapes\u00a03 et 4, cela peut \u00eatre fait pour une&#8230;<\/p>\n","protected":false},"author":4,"featured_media":0,"parent":3652,"menu_order":0,"comment_status":"closed","ping_status":"closed","template":"full_width.php","meta":{"inline_featured_image":false,"_mi_skip_tracking":false},"_links":{"self":[{"href":"https:\/\/intrinsicpractice.com\/fr\/wp-json\/wp\/v2\/pages\/3656"}],"collection":[{"href":"https:\/\/intrinsicpractice.com\/fr\/wp-json\/wp\/v2\/pages"}],"about":[{"href":"https:\/\/intrinsicpractice.com\/fr\/wp-json\/wp\/v2\/types\/page"}],"author":[{"embeddable":true,"href":"https:\/\/intrinsicpractice.com\/fr\/wp-json\/wp\/v2\/users\/4"}],"replies":[{"embeddable":true,"href":"https:\/\/intrinsicpractice.com\/fr\/wp-json\/wp\/v2\/comments?post=3656"}],"version-history":[{"count":12,"href":"https:\/\/intrinsicpractice.com\/fr\/wp-json\/wp\/v2\/pages\/3656\/revisions"}],"predecessor-version":[{"id":5041,"href":"https:\/\/intrinsicpractice.com\/fr\/wp-json\/wp\/v2\/pages\/3656\/revisions\/5041"}],"up":[{"embeddable":true,"href":"https:\/\/intrinsicpractice.com\/fr\/wp-json\/wp\/v2\/pages\/3652"}],"wp:attachment":[{"href":"https:\/\/intrinsicpractice.com\/fr\/wp-json\/wp\/v2\/media?parent=3656"}],"curies":[{"name":"wp","href":"https:\/\/api.w.org\/{rel}","templated":true}]}}