{"id":3654,"date":"2019-10-29T19:40:00","date_gmt":"2019-10-29T19:40:00","guid":{"rendered":"https:\/\/intrinsicpractice.com\/?page_id=3654"},"modified":"2022-10-13T19:08:10","modified_gmt":"2022-10-13T19:08:10","slug":"see","status":"publish","type":"page","link":"https:\/\/intrinsicpractice.com\/fr\/methode-en-6-etapes\/etape-5-envisager-mon-bonheur\/see\/","title":{"rendered":"SEE"},"content":{"rendered":"<p>[vc_row css_animation=\u00a0\u00bb\u00a0\u00bb row_type=\u00a0\u00bbrow\u00a0\u00bb use_row_as_full_screen_section=\u00a0\u00bbno\u00a0\u00bb type=\u00a0\u00bbgrid\u00a0\u00bb angled_section=\u00a0\u00bbno\u00a0\u00bb text_align=\u00a0\u00bbleft\u00a0\u00bb background_image_as_pattern=\u00a0\u00bbwithout_pattern\u00a0\u00bb z_index=\u00a0\u00bb\u00a0\u00bb css=\u00a0\u00bb.vc_custom_1597233566351{margin-top: 30px !important;}\u00a0\u00bb][vc_column][vc_column_text css=\u00a0\u00bb.vc_custom_1657035788331{margin-bottom: 20px !important;}\u00a0\u00bb]Il existe deux s\u00e9quences possibles, a) ou b), pour l\u2019utilisation du m\u00eame gabarit\u00a05. Les s\u00e9quences sont illustr\u00e9es dans la figure ci-dessous\u00a0:[\/vc_column_text][\/vc_column][\/vc_row][vc_row css_animation=\u00a0\u00bb\u00a0\u00bb row_type=\u00a0\u00bbrow\u00a0\u00bb use_row_as_full_screen_section=\u00a0\u00bbno\u00a0\u00bb type=\u00a0\u00bbgrid\u00a0\u00bb angled_section=\u00a0\u00bbno\u00a0\u00bb text_align=\u00a0\u00bbleft\u00a0\u00bb background_image_as_pattern=\u00a0\u00bbwithout_pattern\u00a0\u00bb z_index=\u00a0\u00bb\u00a0\u00bb css=\u00a0\u00bb.vc_custom_1597233594482{margin-bottom: 15px !important;}\u00a0\u00bb][vc_column width=\u00a0\u00bb2\/3&Prime;][vc_column_text]<img loading=\"lazy\" class=\"alignnone wp-image-4071 size-full\" src=\"http:\/\/intrinsicpractice.com\/wp-content\/uploads\/2022\/09\/graph2_FR.jpg\" alt=\"Graphique : 1. Nom de la situation (fl\u00e8che) 2. PEACE (fl\u00e8che) 3. WORLD (2 fl\u00e8che offrant des chemins divergents : a &amp;; b). Chemin a - 4. D\u00e9terminer non propice MINDSET (fl\u00e8che) 5: Envisager propice MINDSET Chemin b - 4. Envisager propice MINDSET (fl\u00e8che) 5. D\u00e9terminer non propice MINDSET\" width=\"900\" height=\"600\" srcset=\"https:\/\/intrinsicpractice.com\/wp-content\/uploads\/2022\/09\/graph2_FR.jpg 900w, https:\/\/intrinsicpractice.com\/wp-content\/uploads\/2022\/09\/graph2_FR-300x200.jpg 300w, https:\/\/intrinsicpractice.com\/wp-content\/uploads\/2022\/09\/graph2_FR-768x512.jpg 768w, https:\/\/intrinsicpractice.com\/wp-content\/uploads\/2022\/09\/graph2_FR-700x467.jpg 700w\" sizes=\"(max-width: 900px) 100vw, 900px\" \/>[\/vc_column_text][\/vc_column][vc_column width=\u00a0\u00bb1\/3&Prime;][\/vc_column][\/vc_row][vc_row css_animation=\u00a0\u00bb\u00a0\u00bb row_type=\u00a0\u00bbrow\u00a0\u00bb use_row_as_full_screen_section=\u00a0\u00bbno\u00a0\u00bb type=\u00a0\u00bbgrid\u00a0\u00bb angled_section=\u00a0\u00bbno\u00a0\u00bb text_align=\u00a0\u00bbleft\u00a0\u00bb background_image_as_pattern=\u00a0\u00bbwithout_pattern\u00a0\u00bb z_index=\u00a0\u00bb\u00a0\u00bb][vc_column][vc_column_text css=\u00a0\u00bb.vc_custom_1659709869167{margin-bottom: 15px !important;}\u00a0\u00bb]Allons-y.[\/vc_column_text][vc_column_text css=\u00a0\u00bb.vc_custom_1659709880652{margin-top: 25px !important;margin-bottom: 15px !important;}\u00a0\u00bb]<\/p>\n<h3>Gabarit 5<\/h3>\n<p>[\/vc_column_text][\/vc_column][\/vc_row][vc_row css_animation=\u00a0\u00bb\u00a0\u00bb row_type=\u00a0\u00bbrow\u00a0\u00bb use_row_as_full_screen_section=\u00a0\u00bbno\u00a0\u00bb type=\u00a0\u00bbgrid\u00a0\u00bb angled_section=\u00a0\u00bbno\u00a0\u00bb text_align=\u00a0\u00bbleft\u00a0\u00bb background_image_as_pattern=\u00a0\u00bbwithout_pattern\u00a0\u00bb z_index=\u00a0\u00bb\u00a0\u00bb][vc_column width=\u00a0\u00bb1\/2&Prime;][vc_column_text]<img loading=\"lazy\" class=\"tmplt-brdr alignnone wp-image-4027 size-full\" src=\"http:\/\/intrinsicpractice.com\/wp-content\/uploads\/2022\/09\/5_SEE_Template.png\" alt=\"Gabarit 5 SEE\" width=\"612\" height=\"792\" srcset=\"https:\/\/intrinsicpractice.com\/wp-content\/uploads\/2022\/09\/5_SEE_Template.png 612w, https:\/\/intrinsicpractice.com\/wp-content\/uploads\/2022\/09\/5_SEE_Template-232x300.png 232w\" sizes=\"(max-width: 612px) 100vw, 612px\" \/>[\/vc_column_text][\/vc_column][vc_column width=\u00a0\u00bb1\/2&Prime;][vc_column_text css=\u00a0\u00bb.vc_custom_1664915404469{margin-bottom: 30px !important;}\u00a0\u00bb]<\/p>\n<div id=\"tmplt-right\">T\u00e9l\u00e9chargez le gabarit 5 SEE (.pdf, 89 Kb).<br \/>\n<a class=\"tmplt-download5\" style=\"margin-top: 5px;\" href=\"http:\/\/intrinsicpractice.com\/wp-content\/uploads\/2022\/10\/5_SEE_Gabarit.pdf\" rel=\"noopener noreferrer\" download=\"\"><span style=\"vertical-align: middle;\"> T\u00e9l\u00e9charger <\/span> <img style=\"width: 18px;\" src=\"http:\/\/intrinsicpractice.com\/wp-content\/uploads\/\/2020\/08\/download_blue.svg\" \/><\/a><\/div>\n<p>[\/vc_column_text][\/vc_column][\/vc_row][vc_row css_animation=\u00a0\u00bb\u00a0\u00bb row_type=\u00a0\u00bbrow\u00a0\u00bb use_row_as_full_screen_section=\u00a0\u00bbno\u00a0\u00bb type=\u00a0\u00bbgrid\u00a0\u00bb angled_section=\u00a0\u00bbno\u00a0\u00bb text_align=\u00a0\u00bbleft\u00a0\u00bb background_image_as_pattern=\u00a0\u00bbwithout_pattern\u00a0\u00bb z_index=\u00a0\u00bb\u00a0\u00bb][vc_column][vc_column_text css=\u00a0\u00bb.vc_custom_1664560405087{margin-top: 20px !important;margin-bottom: 15px !important;}\u00a0\u00bb]<\/p>\n<h3 class=\"ti-heading5\"><span style=\"color: #fff; padding-left: 4px;\">In<\/span>structions pour le gabarit<\/h3>\n<p>[\/vc_column_text][\/vc_column][\/vc_row][vc_row css_animation=\u00a0\u00bb\u00a0\u00bb row_type=\u00a0\u00bbrow\u00a0\u00bb use_row_as_full_screen_section=\u00a0\u00bbno\u00a0\u00bb type=\u00a0\u00bbgrid\u00a0\u00bb angled_section=\u00a0\u00bbno\u00a0\u00bb text_align=\u00a0\u00bbleft\u00a0\u00bb background_image_as_pattern=\u00a0\u00bbwithout_pattern\u00a0\u00bb z_index=\u00a0\u00bb\u00a0\u00bb][vc_column][vc_column_text css=\u00a0\u00bb.vc_custom_1659709950105{margin-bottom: 15px !important;}\u00a0\u00bb]Dans le gabarit 5[\/vc_column_text][\/vc_column][\/vc_row][vc_row css_animation=\u00a0\u00bb\u00a0\u00bb row_type=\u00a0\u00bbrow\u00a0\u00bb use_row_as_full_screen_section=\u00a0\u00bbno\u00a0\u00bb type=\u00a0\u00bbgrid\u00a0\u00bb angled_section=\u00a0\u00bbno\u00a0\u00bb text_align=\u00a0\u00bbleft\u00a0\u00bb background_image_as_pattern=\u00a0\u00bbwithout_pattern\u00a0\u00bb z_index=\u00a0\u00bb\u00a0\u00bb][vc_column width=\u00a0\u00bb5\/12&Prime; el_class=\u00a0\u00bbdotted-bottom5&Prime;][vc_column_text css=\u00a0\u00bb.vc_custom_1657036105481{margin-bottom: 15px !important;}\u00a0\u00bb]Dans le gabarit 5, la s\u00e9quence a) est:[\/vc_column_text][vc_column_text css=\u00a0\u00bb.vc_custom_1657035894311{margin-bottom: 15px !important;}\u00a0\u00bb]<\/p>\n<ol class=\"cust-num-list5\">\n<li>Nommer la situation,<\/li>\n<li>\u00c9num\u00e9rer les \u00e9l\u00e9ments de PEACE,<\/li>\n<li>D\u00e9crire la situation avec WORLD,<\/li>\n<li>D\u00e9montrer l\u2019exp\u00e9rience r\u00e9elle avec MINDSET et<\/li>\n<li>Envisagez une exp\u00e9rience au bonheur dans la situation avec MINDSET.<\/li>\n<\/ol>\n<p>[\/vc_column_text][\/vc_column][vc_column width=\u00a0\u00bb1\/12&Prime;][\/vc_column][vc_column width=\u00a0\u00bb6\/12&Prime;][vc_column_text css=\u00a0\u00bb.vc_custom_1659710011622{margin-bottom: 15px !important;}\u00a0\u00bb]Visionnez le vid\u00e9oclip sur la fa\u00e7on de remplir le gabarit 5. SEE[\/vc_column_text][vc_video link=\u00a0\u00bbhttps:\/\/youtu.be\/r6YPN0BXpYw\u00a0\u00bb][vc_column_text css=\u00a0\u00bb.vc_custom_1665681385169{margin-bottom: 30px !important;}\u00a0\u00bb]<span class=\"transcript\"><a href=\"http:\/\/intrinsicpractice.com\/wp-content\/uploads\/2022\/10\/Pratique_intrinseque_Etape_5_SEE_Determiner_Transcription.pdf\" target=\"_blank\" rel=\"noopener noreferrer\">Transcription<\/a> (.pdf, 155 Kb)<\/span><span class=\"video-time\">3m 29s<\/span>[\/vc_column_text][\/vc_column][\/vc_row][vc_row css_animation=\u00a0\u00bb\u00a0\u00bb row_type=\u00a0\u00bbrow\u00a0\u00bb use_row_as_full_screen_section=\u00a0\u00bbno\u00a0\u00bb type=\u00a0\u00bbgrid\u00a0\u00bb angled_section=\u00a0\u00bbno\u00a0\u00bb text_align=\u00a0\u00bbleft\u00a0\u00bb background_image_as_pattern=\u00a0\u00bbwithout_pattern\u00a0\u00bb z_index=\u00a0\u00bb\u00a0\u00bb][vc_column width=\u00a0\u00bb5\/12&Prime; el_class=\u00a0\u00bbdotted-bottom5&Prime;][vc_column_text css=\u00a0\u00bb.vc_custom_1657036095560{margin-bottom: 15px !important;}\u00a0\u00bb]La s\u00e9quence b) est:[\/vc_column_text][vc_column_text css=\u00a0\u00bb.vc_custom_1657036024490{margin-bottom: 15px !important;}\u00a0\u00bb]<\/p>\n<ol class=\"cust-num-list5\">\n<li>Nommer la situation,<\/li>\n<li>\u00c9num\u00e9rer les \u00e9l\u00e9ments de PEACE,<\/li>\n<li>D\u00e9crire la situation avec WORLD,<\/li>\n<li>Envisagez une exp\u00e9rience au bonheur dans la situation avec MINDSET et<\/li>\n<li>D\u00e9montrer l\u2019exp\u00e9rience r\u00e9elle avec MINDSET.<\/li>\n<\/ol>\n<p>[\/vc_column_text][\/vc_column][vc_column width=\u00a0\u00bb1\/12&Prime;][\/vc_column][vc_column width=\u00a0\u00bb6\/12&Prime;][vc_video link=\u00a0\u00bbhttps:\/\/youtu.be\/-v-3h6T0pbk\u00a0\u00bb][vc_column_text css=\u00a0\u00bb.vc_custom_1665681400650{margin-bottom: 15px !important;}\u00a0\u00bb]<span class=\"transcript\"><a href=\"http:\/\/intrinsicpractice.com\/wp-content\/uploads\/2022\/10\/Pratique_intrinseque_Etape_5_SEE_Envisager_Transcription.pdf\" target=\"_blank\" rel=\"noopener noreferrer\">Transcription<\/a> (.pdf, 151 Kb)<\/span><span class=\"video-time\">2m 25s<\/span>[\/vc_column_text][\/vc_column][\/vc_row][vc_row css_animation=\u00a0\u00bb\u00a0\u00bb row_type=\u00a0\u00bbrow\u00a0\u00bb use_row_as_full_screen_section=\u00a0\u00bbno\u00a0\u00bb type=\u00a0\u00bbgrid\u00a0\u00bb angled_section=\u00a0\u00bbno\u00a0\u00bb text_align=\u00a0\u00bbleft\u00a0\u00bb background_image_as_pattern=\u00a0\u00bbwithout_pattern\u00a0\u00bb z_index=\u00a0\u00bb\u00a0\u00bb][vc_column][vc_column_text css=\u00a0\u00bb.vc_custom_1657036063309{margin-bottom: 15px !important;}\u00a0\u00bb]Les deux s\u00e9quences visent \u00e0 mettre en \u00e9vidence l\u2019exp\u00e9rience r\u00e9elle et \u00e0 envisager une exp\u00e9rience propice au bonheur. Elles ne diff\u00e8rent qu\u2019aux stades\u00a04 et 5, qui peuvent \u00eatre soit d\u00e9montrer et envisager, soit vice-versa.[\/vc_column_text][vc_column_text css=\u00a0\u00bb.vc_custom_1657036083092{margin-bottom: 15px !important;}\u00a0\u00bb]Pour l\u2019une ou l\u2019autre des s\u00e9quences, commencez par:[\/vc_column_text][\/vc_column][\/vc_row][vc_row css_animation=\u00a0\u00bb\u00a0\u00bb row_type=\u00a0\u00bbrow\u00a0\u00bb use_row_as_full_screen_section=\u00a0\u00bbno\u00a0\u00bb type=\u00a0\u00bbgrid\u00a0\u00bb angled_section=\u00a0\u00bbno\u00a0\u00bb text_align=\u00a0\u00bbleft\u00a0\u00bb background_image_as_pattern=\u00a0\u00bbwithout_pattern\u00a0\u00bb z_index=\u00a0\u00bb\u00a0\u00bb][vc_column width=\u00a0\u00bb3\/12&Prime;][vc_column_text css=\u00a0\u00bb.vc_custom_1663769552180{margin-bottom: 20px !important;}\u00a0\u00bb]<img loading=\"lazy\" class=\"alignnone wp-image-4074 size-full\" src=\"http:\/\/intrinsicpractice.com\/wp-content\/uploads\/2022\/09\/graph1_FR.jpg\" alt=\"Graphique : 1. Nom de la situation (fl\u00e8che) 2. PEACE (fl\u00e8che) 3. WORLD (2 fl\u00e8che offrant des chemins divergents : a &amp; b)\" width=\"439\" height=\"378\" srcset=\"https:\/\/intrinsicpractice.com\/wp-content\/uploads\/2022\/09\/graph1_FR.jpg 439w, https:\/\/intrinsicpractice.com\/wp-content\/uploads\/2022\/09\/graph1_FR-300x258.jpg 300w\" sizes=\"(max-width: 439px) 100vw, 439px\" \/>[\/vc_column_text][\/vc_column][vc_column width=\u00a0\u00bb1\/12&Prime;][\/vc_column][vc_column width=\u00a0\u00bb8\/12&Prime;][vc_column_text css=\u00a0\u00bb.vc_custom_1657036180763{margin-bottom: 20px !important;}\u00a0\u00bb]<\/p>\n<ol class=\"cust-num-list5\">\n<li>Choisissez un moment dans n\u2019importe quelle situation et donnez-lui un nom que vous \u00e9crivez en haut du gabarit \u00e0 c\u00f4t\u00e9 de \u00ab\u00a0Nom de la situation\u00a0\u00bb.<\/li>\n<li>Au bas du gabarit, dans le plus petit encadr\u00e9 intitul\u00e9 \u00ab PEACE \u00bb, transcrivez les \u00e9l\u00e9ments PEACE que vous avez inscrits pr\u00e9c\u00e9demment pour votre d\u00e9finition g\u00e9n\u00e9rale du bonheur.<\/li>\n<li>Observez la situation, r\u00e9fl\u00e9chissez \u00e0 tous les aspects du gabarit WORLD que vous avez appris \u00e0 faire avec le gabarit 4a et prenez des notes dans les espaces correspondants au haut de ce gabarit.<\/li>\n<\/ol>\n<p>[\/vc_column_text][\/vc_column][\/vc_row][vc_row css_animation=\u00a0\u00bb\u00a0\u00bb row_type=\u00a0\u00bbrow\u00a0\u00bb use_row_as_full_screen_section=\u00a0\u00bbno\u00a0\u00bb type=\u00a0\u00bbgrid\u00a0\u00bb angled_section=\u00a0\u00bbno\u00a0\u00bb text_align=\u00a0\u00bbleft\u00a0\u00bb background_image_as_pattern=\u00a0\u00bbwithout_pattern\u00a0\u00bb z_index=\u00a0\u00bb\u00a0\u00bb][vc_column][vc_column_text css=\u00a0\u00bb.vc_custom_1657036202160{margin-bottom: 15px !important;}\u00a0\u00bb]Ensuite,[\/vc_column_text][\/vc_column][\/vc_row][vc_row css_animation=\u00a0\u00bb\u00a0\u00bb row_type=\u00a0\u00bbrow\u00a0\u00bb use_row_as_full_screen_section=\u00a0\u00bbno\u00a0\u00bb type=\u00a0\u00bbgrid\u00a0\u00bb angled_section=\u00a0\u00bbno\u00a0\u00bb text_align=\u00a0\u00bbleft\u00a0\u00bb background_image_as_pattern=\u00a0\u00bbwithout_pattern\u00a0\u00bb z_index=\u00a0\u00bb\u00a0\u00bb][vc_column width=\u00a0\u00bb5\/12&Prime;][vc_column_text css=\u00a0\u00bb.vc_custom_1657036222254{margin-bottom: 15px !important;}\u00a0\u00bb]Pour la s\u00e9quence a., passez \u00e0[\/vc_column_text][vc_column_text css=\u00a0\u00bb.vc_custom_1664565383060{margin-bottom: 15px !important;}\u00a0\u00bb]<\/p>\n<div class=\"hang\"><span class=\"faux-ol\">4<\/span>\u00a0Observez le moment de la situation et d\u00e9crivez votre exp\u00e9rience, dimension par dimension, et notez les dimensions qui sont propices au bonheur \u00e0 c\u00f4t\u00e9 de la case correspondante \u00e0 droite, et les dimensions qui ne sont pas propices au bonheur \u00e0 c\u00f4t\u00e9 de la case correspondante \u00e0 gauche.<\/div>\n<p>[\/vc_column_text][vc_column_text css=\u00a0\u00bb.vc_custom_1657036281754{margin-bottom: 15px !important;}\u00a0\u00bb]Enfin, concluez avec[\/vc_column_text][vc_column_text css=\u00a0\u00bb.vc_custom_1664565389759{margin-bottom: 15px !important;}\u00a0\u00bb]<\/p>\n<div class=\"hang\"><span class=\"faux-ol\">5<\/span>\u00a0Envisagez ce que serait l\u2019exp\u00e9rience si toutes ses dimensions \u00e9taient propices au bonheur. Notez ces dimensions du c\u00f4t\u00e9 droit, sous \u00ab\u00a0D\u00e9terminer propice\u00a0\u00bb. Gardez en t\u00eate vos \u00e9l\u00e9ments PEACE pendant cet exercice. Si vous avez envisag\u00e9 certaines dimensions propices au bonheur au point\u00a04, vous pouvez les conserver ou en envisager d\u2019autres comme vous le jugez bon.<\/div>\n<p>[\/vc_column_text][\/vc_column][vc_column width=\u00a0\u00bb1\/12&Prime;][\/vc_column][vc_column width=\u00a0\u00bb6\/12&Prime;][vc_column_text css=\u00a0\u00bb.vc_custom_1663769590126{margin-bottom: 15px !important;}\u00a0\u00bb]<img loading=\"lazy\" class=\"alignnone wp-image-4076 size-full\" src=\"http:\/\/intrinsicpractice.com\/wp-content\/uploads\/2022\/09\/graph3_FR.jpg\" alt=\"Graphique : Chemin a - 4. D\u00e9terminer non propice MINDSET (fl\u00e8che) 5: Envisager propice MINDSET\" width=\"900\" height=\"600\" srcset=\"https:\/\/intrinsicpractice.com\/wp-content\/uploads\/2022\/09\/graph3_FR.jpg 900w, https:\/\/intrinsicpractice.com\/wp-content\/uploads\/2022\/09\/graph3_FR-300x200.jpg 300w, https:\/\/intrinsicpractice.com\/wp-content\/uploads\/2022\/09\/graph3_FR-768x512.jpg 768w, https:\/\/intrinsicpractice.com\/wp-content\/uploads\/2022\/09\/graph3_FR-700x467.jpg 700w\" sizes=\"(max-width: 900px) 100vw, 900px\" \/>[\/vc_column_text][\/vc_column][\/vc_row][vc_row css_animation=\u00a0\u00bb\u00a0\u00bb row_type=\u00a0\u00bbrow\u00a0\u00bb use_row_as_full_screen_section=\u00a0\u00bbno\u00a0\u00bb type=\u00a0\u00bbgrid\u00a0\u00bb angled_section=\u00a0\u00bbno\u00a0\u00bb text_align=\u00a0\u00bbleft\u00a0\u00bb background_image_as_pattern=\u00a0\u00bbwithout_pattern\u00a0\u00bb z_index=\u00a0\u00bb\u00a0\u00bb][vc_column width=\u00a0\u00bb6\/12&Prime;][vc_column_text css=\u00a0\u00bb.vc_custom_1663769612939{margin-bottom: 15px !important;}\u00a0\u00bb]<img loading=\"lazy\" class=\"alignnone wp-image-4078 size-full\" src=\"http:\/\/intrinsicpractice.com\/wp-content\/uploads\/2022\/09\/graph4_FR.jpg\" alt=\"Graphique : Chemin b - 4. Envisager propice MINDSET (fl\u00e8che) 5. D\u00e9terminer non propice MINDSET\" width=\"900\" height=\"600\" srcset=\"https:\/\/intrinsicpractice.com\/wp-content\/uploads\/2022\/09\/graph4_FR.jpg 900w, https:\/\/intrinsicpractice.com\/wp-content\/uploads\/2022\/09\/graph4_FR-300x200.jpg 300w, https:\/\/intrinsicpractice.com\/wp-content\/uploads\/2022\/09\/graph4_FR-768x512.jpg 768w, https:\/\/intrinsicpractice.com\/wp-content\/uploads\/2022\/09\/graph4_FR-700x467.jpg 700w\" sizes=\"(max-width: 900px) 100vw, 900px\" \/>[\/vc_column_text][\/vc_column][vc_column width=\u00a0\u00bb1\/12&Prime;][\/vc_column][vc_column width=\u00a0\u00bb5\/12&Prime;][vc_column_text css=\u00a0\u00bb.vc_custom_1657036337612{margin-bottom: 15px !important;}\u00a0\u00bb]Pour la s\u00e9quence b., passez \u00e0[\/vc_column_text][vc_column_text css=\u00a0\u00bb.vc_custom_1664565399041{margin-bottom: 15px !important;}\u00a0\u00bb]<\/p>\n<div class=\"hang\"><span class=\"faux-ol\">4<\/span>\u00a0Envisagez ce que serait l\u2019exp\u00e9rience si toutes ses dimensions \u00e9taient propices au bonheur. Notez ces dimensions du c\u00f4t\u00e9 droit, sous \u00ab D\u00e9terminer propice \u00bb. Gardez en t\u00eate vos \u00e9l\u00e9ments PEACE pendant cet exercice.<\/div>\n<p>[\/vc_column_text][vc_column_text css=\u00a0\u00bb.vc_custom_1657036400101{margin-bottom: 15px !important;}\u00a0\u00bb]Concluez ensuite avec[\/vc_column_text][vc_column_text css=\u00a0\u00bb.vc_custom_1664565406107{margin-bottom: 15px !important;}\u00a0\u00bb]<\/p>\n<div class=\"hang\"><span class=\"faux-ol\">5<\/span>\u00a0Observez le moment de la situation et d\u00e9crivez votre exp\u00e9rience, dimension par dimension, et notez les dimensions qui sont propices au bonheur \u00e0 c\u00f4t\u00e9 de la case correspondante \u00e0 droite et les dimensions qui ne sont pas propices au bonheur \u00e0 c\u00f4t\u00e9 de la case correspondante \u00e0 gauche. Ajoutez les dimensions d\u00e9termin\u00e9es comme \u00e9tant propices au bonheur au point\u00a05 \u00e0 c\u00f4t\u00e9 de celles envisag\u00e9es comme \u00e9tant propices au bonheur, si elles diff\u00e8rent.<\/div>\n<p>[\/vc_column_text][\/vc_column][\/vc_row][vc_row css_animation=\u00a0\u00bb\u00a0\u00bb row_type=\u00a0\u00bbrow\u00a0\u00bb use_row_as_full_screen_section=\u00a0\u00bbno\u00a0\u00bb type=\u00a0\u00bbgrid\u00a0\u00bb angled_section=\u00a0\u00bbno\u00a0\u00bb text_align=\u00a0\u00bbleft\u00a0\u00bb background_image_as_pattern=\u00a0\u00bbwithout_pattern\u00a0\u00bb css=\u00a0\u00bb.vc_custom_1597157252012{margin-top: 20px !important;padding-top: 10px !important;padding-bottom: 10px !important;background-color: #f7f7f7 !important;}\u00a0\u00bb z_index=\u00a0\u00bb\u00a0\u00bb][vc_column][vc_column_text]<\/p>\n<div><a id=\"prev-link\" href=\"https:\/\/intrinsicpractice.com\/fr\/methode-en-6-etapes\/etape-5-envisager-mon-bonheur\/\">page pr\u00e9c\u00e9dente<\/a> <a id=\"next-link\" href=\"https:\/\/intrinsicpractice.com\/fr\/methode-en-6-etapes\/etape-5-envisager-mon-bonheur\/see-summary\/\">prochaine page<\/a><\/div>\n<p>[\/vc_column_text][\/vc_column][\/vc_row]<\/p>\n","protected":false},"excerpt":{"rendered":"<p>[vc_row css_animation=\u00a0\u00bb\u00a0\u00bb row_type=\u00a0\u00bbrow\u00a0\u00bb use_row_as_full_screen_section=\u00a0\u00bbno\u00a0\u00bb type=\u00a0\u00bbgrid\u00a0\u00bb angled_section=\u00a0\u00bbno\u00a0\u00bb text_align=\u00a0\u00bbleft\u00a0\u00bb background_image_as_pattern=\u00a0\u00bbwithout_pattern\u00a0\u00bb z_index=\u00a0\u00bb\u00a0\u00bb css=\u00a0\u00bb.vc_custom_1597233566351{margin-top: 30px !important;}\u00a0\u00bb][vc_column][vc_column_text css=\u00a0\u00bb.vc_custom_1657035788331{margin-bottom: 20px !important;}\u00a0\u00bb]Il existe deux s\u00e9quences possibles, a) ou b), pour l\u2019utilisation du m\u00eame gabarit\u00a05. Les s\u00e9quences sont illustr\u00e9es dans la figure ci-dessous\u00a0:[\/vc_column_text][\/vc_column][\/vc_row][vc_row css_animation=\u00a0\u00bb\u00a0\u00bb row_type=\u00a0\u00bbrow\u00a0\u00bb use_row_as_full_screen_section=\u00a0\u00bbno\u00a0\u00bb type=\u00a0\u00bbgrid\u00a0\u00bb angled_section=\u00a0\u00bbno\u00a0\u00bb text_align=\u00a0\u00bbleft\u00a0\u00bb background_image_as_pattern=\u00a0\u00bbwithout_pattern\u00a0\u00bb z_index=\u00a0\u00bb\u00a0\u00bb css=\u00a0\u00bb.vc_custom_1597233594482{margin-bottom: 15px&#8230;<\/p>\n","protected":false},"author":4,"featured_media":0,"parent":3652,"menu_order":0,"comment_status":"closed","ping_status":"closed","template":"full_width.php","meta":{"inline_featured_image":false,"_mi_skip_tracking":false},"_links":{"self":[{"href":"https:\/\/intrinsicpractice.com\/fr\/wp-json\/wp\/v2\/pages\/3654"}],"collection":[{"href":"https:\/\/intrinsicpractice.com\/fr\/wp-json\/wp\/v2\/pages"}],"about":[{"href":"https:\/\/intrinsicpractice.com\/fr\/wp-json\/wp\/v2\/types\/page"}],"author":[{"embeddable":true,"href":"https:\/\/intrinsicpractice.com\/fr\/wp-json\/wp\/v2\/users\/4"}],"replies":[{"embeddable":true,"href":"https:\/\/intrinsicpractice.com\/fr\/wp-json\/wp\/v2\/comments?post=3654"}],"version-history":[{"count":23,"href":"https:\/\/intrinsicpractice.com\/fr\/wp-json\/wp\/v2\/pages\/3654\/revisions"}],"predecessor-version":[{"id":5008,"href":"https:\/\/intrinsicpractice.com\/fr\/wp-json\/wp\/v2\/pages\/3654\/revisions\/5008"}],"up":[{"embeddable":true,"href":"https:\/\/intrinsicpractice.com\/fr\/wp-json\/wp\/v2\/pages\/3652"}],"wp:attachment":[{"href":"https:\/\/intrinsicpractice.com\/fr\/wp-json\/wp\/v2\/media?parent=3654"}],"curies":[{"name":"wp","href":"https:\/\/api.w.org\/{rel}","templated":true}]}}