{"id":3652,"date":"2019-10-29T14:38:12","date_gmt":"2019-10-29T14:38:12","guid":{"rendered":"https:\/\/intrinsicpractice.com\/?page_id=3652"},"modified":"2022-10-06T19:38:27","modified_gmt":"2022-10-06T19:38:27","slug":"etape-5-envisager-mon-bonheur","status":"publish","type":"page","link":"https:\/\/intrinsicpractice.com\/fr\/methode-en-6-etapes\/etape-5-envisager-mon-bonheur\/","title":{"rendered":"\u00c9tape 5 &#8211; Envisager mon bonheur &#8211; SEE"},"content":{"rendered":"<p>[vc_row css_animation=\u00a0\u00bb\u00a0\u00bb row_type=\u00a0\u00bbrow\u00a0\u00bb use_row_as_full_screen_section=\u00a0\u00bbno\u00a0\u00bb type=\u00a0\u00bbgrid\u00a0\u00bb angled_section=\u00a0\u00bbno\u00a0\u00bb text_align=\u00a0\u00bbleft\u00a0\u00bb background_image_as_pattern=\u00a0\u00bbwithout_pattern\u00a0\u00bb z_index=\u00a0\u00bb\u00a0\u00bb css=\u00a0\u00bb.vc_custom_1597149153749{margin-top: 30px !important;margin-bottom: 15px !important;}\u00a0\u00bb][vc_column][vc_column_text css=\u00a0\u00bb.vc_custom_1659709492792{margin-bottom: 15px !important;}\u00a0\u00bb]<\/p>\n<h2>Objectifs et aper\u00e7u<\/h2>\n<p>[\/vc_column_text][vc_column_text css=\u00a0\u00bb.vc_custom_1657035556396{margin-bottom: 15px !important;}\u00a0\u00bb]Les trois \u00e9tapes pr\u00e9c\u00e9dentes visaient \u00e0 d\u00e9finir votre bonheur et \u00e0 vous conna\u00eetre et conna\u00eetre votre monde, situation par situation. Vous disposez maintenant d\u2019outils pour conna\u00eetre votre monde et vous-m\u00eame, par rapport \u00e0 votre d\u00e9finition du bonheur, exp\u00e9rience par exp\u00e9rience, dans toute situation, pass\u00e9e et pr\u00e9sente. De plus, vous pouvez maintenant d\u00e9montrer ce qui, selon votre exp\u00e9rience, est propice au bonheur et ce qui ne l\u2019est pas, peu importe la situation.[\/vc_column_text][vc_column_text css=\u00a0\u00bb.vc_custom_1657035573436{margin-bottom: 15px !important;}\u00a0\u00bb]En plus de d\u00e9montrer ce qui est propice ou non au bonheur dans votre exp\u00e9rience d\u2019une situation, l\u2019\u00e9tape\u00a05 vous permettra d\u2019envisager ce que l\u2019exp\u00e9rience pourrait \u00eatre si elle \u00e9tait pleinement propice au bonheur.[\/vc_column_text][\/vc_column][\/vc_row][vc_row css_animation=\u00a0\u00bb\u00a0\u00bb row_type=\u00a0\u00bbrow\u00a0\u00bb use_row_as_full_screen_section=\u00a0\u00bbno\u00a0\u00bb type=\u00a0\u00bbgrid\u00a0\u00bb angled_section=\u00a0\u00bbno\u00a0\u00bb text_align=\u00a0\u00bbleft\u00a0\u00bb background_image_as_pattern=\u00a0\u00bbwithout_pattern\u00a0\u00bb z_index=\u00a0\u00bb\u00a0\u00bb css=\u00a0\u00bb.vc_custom_1597149534502{margin-bottom: 15px !important;}\u00a0\u00bb][vc_column][vc_column_text el_class=\u00a0\u00bbhighlightbox-out\u00a0\u00bb]<\/p>\n<p class=\"highlightbox-in\">Ainsi, l\u2019\u00e9tape\u00a05 est identique \u00e0 l\u2019\u00e9tape\u00a04, mais on vous demande aussi d\u2019envisager une exp\u00e9rience qui serait propice au bonheur dans la m\u00eame situation.<\/p>\n<p>[\/vc_column_text][\/vc_column][\/vc_row][vc_row css_animation=\u00a0\u00bb\u00a0\u00bb row_type=\u00a0\u00bbrow\u00a0\u00bb use_row_as_full_screen_section=\u00a0\u00bbno\u00a0\u00bb type=\u00a0\u00bbgrid\u00a0\u00bb angled_section=\u00a0\u00bbno\u00a0\u00bb text_align=\u00a0\u00bbleft\u00a0\u00bb background_image_as_pattern=\u00a0\u00bbwithout_pattern\u00a0\u00bb z_index=\u00a0\u00bb\u00a0\u00bb][vc_column][vc_column_text css=\u00a0\u00bb.vc_custom_1657035619523{margin-bottom: 15px !important;}\u00a0\u00bb]L\u2019\u00e9tape\u00a05 \u00e9tend donc la d\u00e9monstration de ce qui est propice ou non au bonheur dans l\u2019exp\u00e9rience de la situation, afin d\u2019envisager ce que l\u2019exp\u00e9rience pourrait \u00eatre si elle \u00e9tait pleinement propice au bonheur. Cela s\u2019appliquera aux situations pass\u00e9es, pr\u00e9sentes ou futures. L\u2019\u00e9tape\u00a05 se veut une pr\u00e9paration \u00e0 l\u2019\u00e9tape\u00a06, au cours de laquelle vous apprendrez \u00e0 transformer les exp\u00e9riences non propices en exp\u00e9riences propices au bonheur.[\/vc_column_text][\/vc_column][\/vc_row][vc_row css_animation=\u00a0\u00bb\u00a0\u00bb row_type=\u00a0\u00bbrow\u00a0\u00bb use_row_as_full_screen_section=\u00a0\u00bbno\u00a0\u00bb type=\u00a0\u00bbgrid\u00a0\u00bb angled_section=\u00a0\u00bbno\u00a0\u00bb text_align=\u00a0\u00bbleft\u00a0\u00bb background_image_as_pattern=\u00a0\u00bbwithout_pattern\u00a0\u00bb z_index=\u00a0\u00bb\u00a0\u00bb][vc_column width=\u00a0\u00bb2\/3&Prime;][vc_column_text css=\u00a0\u00bb.vc_custom_1662754284630{margin-bottom: 15px !important;}\u00a0\u00bb]<a href=\"http:\/\/intrinsicpractice.com\/wp-content\/uploads\/2022\/09\/see_all.svg\"><img  class=\"alignnone wp-image-4003 size-full\" src=\"http:\/\/intrinsicpractice.com\/wp-content\/uploads\/2022\/09\/see_all.svg\" alt=\"SEE : Situation, Envisager et D\u00e9terminer\" \/><\/a>[\/vc_column_text][\/vc_column][vc_column width=\u00a0\u00bb1\/3&Prime;][\/vc_column][\/vc_row][vc_row css_animation=\u00a0\u00bb\u00a0\u00bb row_type=\u00a0\u00bbrow\u00a0\u00bb use_row_as_full_screen_section=\u00a0\u00bbno\u00a0\u00bb type=\u00a0\u00bbgrid\u00a0\u00bb angled_section=\u00a0\u00bbno\u00a0\u00bb text_align=\u00a0\u00bbleft\u00a0\u00bb background_image_as_pattern=\u00a0\u00bbwithout_pattern\u00a0\u00bb z_index=\u00a0\u00bb\u00a0\u00bb][vc_column][vc_column_text css=\u00a0\u00bb.vc_custom_1657035656195{margin-bottom: 15px !important;}\u00a0\u00bb]Le proc\u00e9d\u00e9 mn\u00e9monique de l\u2019\u00e9tape\u00a05 est <strong>SEE, <\/strong>qui repr\u00e9sente Situation, Envisager, et D\u00e9terminer. Pour toute situation, vous apprendrez \u00e0 conna\u00eetre le contexte avec l\u2019outil WORLD et \u00e0 d\u00e9montrer votre exp\u00e9rience avec l\u2019outil MINDSET, tout en \u00e9tant conscient de votre d\u00e9finition du bonheur gr\u00e2ce \u00e0 l\u2019outil PEACE. Ensuite, toujours avec MINDSET, vous apprendrez \u00e0 envisager ce que pourrait \u00eatre une exp\u00e9rience de bonheur pour cette m\u00eame situation.[\/vc_column_text][\/vc_column][\/vc_row][vc_row css_animation=\u00a0\u00bb\u00a0\u00bb row_type=\u00a0\u00bbrow\u00a0\u00bb use_row_as_full_screen_section=\u00a0\u00bbno\u00a0\u00bb type=\u00a0\u00bbgrid\u00a0\u00bb angled_section=\u00a0\u00bbno\u00a0\u00bb text_align=\u00a0\u00bbleft\u00a0\u00bb background_image_as_pattern=\u00a0\u00bbwithout_pattern\u00a0\u00bb z_index=\u00a0\u00bb\u00a0\u00bb][vc_column width=\u00a0\u00bb2\/3&Prime;][vc_column_text css=\u00a0\u00bb.vc_custom_1663768473677{margin-bottom: 15px !important;}\u00a0\u00bb]<a href=\"http:\/\/intrinsicpractice.com\/wp-content\/uploads\/2022\/09\/see_all2_FR.svg\"><img  class=\"alignnone wp-image-4067 size-full\" src=\"http:\/\/intrinsicpractice.com\/wp-content\/uploads\/2022\/09\/see_all2_FR.svg\" alt=\"SEE : Situation, Envisager, et D\u00e9terminer\" \/><\/a>[\/vc_column_text][\/vc_column][vc_column width=\u00a0\u00bb1\/3&Prime;][\/vc_column][\/vc_row][vc_row css_animation=\u00a0\u00bb\u00a0\u00bb row_type=\u00a0\u00bbrow\u00a0\u00bb use_row_as_full_screen_section=\u00a0\u00bbno\u00a0\u00bb type=\u00a0\u00bbgrid\u00a0\u00bb angled_section=\u00a0\u00bbno\u00a0\u00bb text_align=\u00a0\u00bbleft\u00a0\u00bb background_image_as_pattern=\u00a0\u00bbwithout_pattern\u00a0\u00bb z_index=\u00a0\u00bb\u00a0\u00bb][vc_column][vc_column_text css=\u00a0\u00bb.vc_custom_1657035682264{margin-bottom: 15px !important;}\u00a0\u00bb]Par ailleurs, le m\u00eame proc\u00e9d\u00e9 mn\u00e9monique <strong>SEE <\/strong>pourrait se lire Situation, Envisager, et D\u00e9terminer. Dans ce cas, pour toute situation, vous apprendrez \u00e0 comprendre le contexte avec l\u2019outil WORLD et \u00e0 envisager une exp\u00e9rience de bonheur avec l\u2019outil MINDSET, tout en \u00e9tant conscient de votre d\u00e9finition de bonheur gr\u00e2ce \u00e0 l\u2019outil PEACE. Ensuite, toujours avec MINDSET, vous d\u00e9montrerez votre exp\u00e9rience r\u00e9elle de la situation.[\/vc_column_text][\/vc_column][\/vc_row][vc_row css_animation=\u00a0\u00bb\u00a0\u00bb row_type=\u00a0\u00bbrow\u00a0\u00bb use_row_as_full_screen_section=\u00a0\u00bbno\u00a0\u00bb type=\u00a0\u00bbgrid\u00a0\u00bb angled_section=\u00a0\u00bbno\u00a0\u00bb text_align=\u00a0\u00bbleft\u00a0\u00bb background_image_as_pattern=\u00a0\u00bbwithout_pattern\u00a0\u00bb css=\u00a0\u00bb.vc_custom_1597149069599{margin-top: 20px !important;padding-top: 10px !important;padding-bottom: 10px !important;background-color: #f7f7f7 !important;}\u00a0\u00bb z_index=\u00a0\u00bb\u00a0\u00bb][vc_column][vc_column_text]<\/p>\n<div><a id=\"prev-link\" href=\"https:\/\/intrinsicpractice.com\/fr\/methode-en-6-etapes\/etape-4-connaitre-mon-monde\/world-template-integration\/\">page pr\u00e9c\u00e9dente<\/a> <a id=\"next-link\" href=\"https:\/\/intrinsicpractice.com\/fr\/methode-en-6-etapes\/etape-5-envisager-mon-bonheur\/see\/\">prochaine page<\/a><\/div>\n<p>[\/vc_column_text][\/vc_column][\/vc_row]<\/p>\n","protected":false},"excerpt":{"rendered":"<p>[vc_row css_animation=\u00a0\u00bb\u00a0\u00bb row_type=\u00a0\u00bbrow\u00a0\u00bb use_row_as_full_screen_section=\u00a0\u00bbno\u00a0\u00bb type=\u00a0\u00bbgrid\u00a0\u00bb angled_section=\u00a0\u00bbno\u00a0\u00bb text_align=\u00a0\u00bbleft\u00a0\u00bb background_image_as_pattern=\u00a0\u00bbwithout_pattern\u00a0\u00bb z_index=\u00a0\u00bb\u00a0\u00bb css=\u00a0\u00bb.vc_custom_1597149153749{margin-top: 30px !important;margin-bottom: 15px !important;}\u00a0\u00bb][vc_column][vc_column_text css=\u00a0\u00bb.vc_custom_1659709492792{margin-bottom: 15px !important;}\u00a0\u00bb] Objectifs et aper\u00e7u [\/vc_column_text][vc_column_text css=\u00a0\u00bb.vc_custom_1657035556396{margin-bottom: 15px !important;}\u00a0\u00bb]Les trois \u00e9tapes pr\u00e9c\u00e9dentes visaient \u00e0 d\u00e9finir votre bonheur et \u00e0 vous conna\u00eetre et conna\u00eetre votre monde, situation par situation. Vous disposez&#8230;<\/p>\n","protected":false},"author":4,"featured_media":0,"parent":3571,"menu_order":0,"comment_status":"closed","ping_status":"closed","template":"full_width.php","meta":{"inline_featured_image":false,"_mi_skip_tracking":false},"_links":{"self":[{"href":"https:\/\/intrinsicpractice.com\/fr\/wp-json\/wp\/v2\/pages\/3652"}],"collection":[{"href":"https:\/\/intrinsicpractice.com\/fr\/wp-json\/wp\/v2\/pages"}],"about":[{"href":"https:\/\/intrinsicpractice.com\/fr\/wp-json\/wp\/v2\/types\/page"}],"author":[{"embeddable":true,"href":"https:\/\/intrinsicpractice.com\/fr\/wp-json\/wp\/v2\/users\/4"}],"replies":[{"embeddable":true,"href":"https:\/\/intrinsicpractice.com\/fr\/wp-json\/wp\/v2\/comments?post=3652"}],"version-history":[{"count":11,"href":"https:\/\/intrinsicpractice.com\/fr\/wp-json\/wp\/v2\/pages\/3652\/revisions"}],"predecessor-version":[{"id":4837,"href":"https:\/\/intrinsicpractice.com\/fr\/wp-json\/wp\/v2\/pages\/3652\/revisions\/4837"}],"up":[{"embeddable":true,"href":"https:\/\/intrinsicpractice.com\/fr\/wp-json\/wp\/v2\/pages\/3571"}],"wp:attachment":[{"href":"https:\/\/intrinsicpractice.com\/fr\/wp-json\/wp\/v2\/media?parent=3652"}],"curies":[{"name":"wp","href":"https:\/\/api.w.org\/{rel}","templated":true}]}}