{"id":3646,"date":"2019-10-29T19:37:42","date_gmt":"2019-10-29T19:37:42","guid":{"rendered":"https:\/\/intrinsicpractice.com\/?page_id=3646"},"modified":"2022-10-13T14:41:11","modified_gmt":"2022-10-13T14:41:11","slug":"world-relation","status":"publish","type":"page","link":"https:\/\/intrinsicpractice.com\/fr\/methode-en-6-etapes\/etape-4-connaitre-mon-monde\/world-relation\/","title":{"rendered":"WORLD &#8211; R(elationship)"},"content":{"rendered":"<p>[vc_row css_animation=\u00a0\u00bb\u00a0\u00bb row_type=\u00a0\u00bbrow\u00a0\u00bb use_row_as_full_screen_section=\u00a0\u00bbno\u00a0\u00bb type=\u00a0\u00bbgrid\u00a0\u00bb angled_section=\u00a0\u00bbno\u00a0\u00bb text_align=\u00a0\u00bbleft\u00a0\u00bb background_image_as_pattern=\u00a0\u00bbwithout_pattern\u00a0\u00bb z_index=\u00a0\u00bb\u00a0\u00bb css=\u00a0\u00bb.vc_custom_1572612549984{margin-top: 35px !important;margin-bottom: 15px !important;}\u00a0\u00bb][vc_column width=\u00a0\u00bb7\/12&Prime;][vc_column_text]<img loading=\"lazy\" class=\"alignnone wp-image-1892 size-large\" src=\"http:\/\/intrinsicpractice.com\/wp-content\/uploads\/\/2020\/07\/world_r.svg\" alt=\"WORLD (avec la lettre R surlign\u00e9e)\" width=\"1024\" height=\"1024\" \/>[\/vc_column_text][vc_column_text css=\u00a0\u00bb.vc_custom_1665084852678{margin-top: 5px !important;margin-bottom: 5px !important;}\u00a0\u00bb]<span class=\"merry fs32\"><span class=\"step4col\">R<\/span>elation (<span class=\"step4col\">R<\/span>elationship)<\/span>[\/vc_column_text][vc_column_text css=\u00a0\u00bb.vc_custom_1657031838792{margin-bottom: 15px !important;}\u00a0\u00bb]Nous ne vivons pas dans un vide. O\u00f9 que nous soyons, dans toutes les situations, nous sommes toujours dans une relation avec les gens ou les choses. Nos relations peuvent \u00eatre avec un grand nombre de personnes ou un tr\u00e8s petit nombre, superficielles ou profondes et d\u2019une dur\u00e9e passag\u00e8re ou permanente. Nous sommes toujours dans des relations avec un endroit, un pays et avec les objets qui nous entourent, peu importe leur nombre, ainsi qu\u2019avec des structures et des r\u00e8gles organisationnelles, rigides ou souples, tol\u00e9rantes ou intol\u00e9rantes, positives ou non.[\/vc_column_text][\/vc_column][vc_column width=\u00a0\u00bb5\/12&Prime;][vc_column_text]<img loading=\"lazy\" class=\"alignnone\" src=\"http:\/\/intrinsicpractice.com\/wp-content\/uploads\/2020\/12\/77-People-Mural.jpg\" alt=\"murale de diff\u00e9rentes personnes\" width=\"1600\" height=\"1067\" \/>[\/vc_column_text][\/vc_column][\/vc_row][vc_row css_animation=\u00a0\u00bb\u00a0\u00bb row_type=\u00a0\u00bbrow\u00a0\u00bb use_row_as_full_screen_section=\u00a0\u00bbno\u00a0\u00bb type=\u00a0\u00bbgrid\u00a0\u00bb angled_section=\u00a0\u00bbno\u00a0\u00bb text_align=\u00a0\u00bbleft\u00a0\u00bb background_image_as_pattern=\u00a0\u00bbwithout_pattern\u00a0\u00bb z_index=\u00a0\u00bb\u00a0\u00bb][vc_column][vc_column_text css=\u00a0\u00bb.vc_custom_1664559853583{margin-bottom: 15px !important;}\u00a0\u00bb]<\/p>\n<h3 class=\"ti-heading4\"><span style=\"color: #fff; padding-left: 4px;\">In<\/span>structions pour le gabarit<\/h3>\n<p>[\/vc_column_text][\/vc_column][\/vc_row][vc_row css_animation=\u00a0\u00bb\u00a0\u00bb row_type=\u00a0\u00bbrow\u00a0\u00bb use_row_as_full_screen_section=\u00a0\u00bbno\u00a0\u00bb type=\u00a0\u00bbgrid\u00a0\u00bb angled_section=\u00a0\u00bbno\u00a0\u00bb text_align=\u00a0\u00bbleft\u00a0\u00bb background_image_as_pattern=\u00a0\u00bbwithout_pattern\u00a0\u00bb z_index=\u00a0\u00bb\u00a0\u00bb][vc_column width=\u00a0\u00bb5\/12&Prime;][vc_column_text css=\u00a0\u00bb.vc_custom_1657031864870{margin-bottom: 15px !important;}\u00a0\u00bb]Observez toutes les relations possibles dans la situation et r\u00e9fl\u00e9chissez-y. Toute personne avec laquelle vous avez une relation significative aurait d\u00e9j\u00e0 \u00e9t\u00e9 d\u00e9sign\u00e9e lorsque vous avez fait les observations des 5Q. Certaines de ces personnes peuvent faire partie de celles d\u00e9sign\u00e9es dans vos listes d\u2019\u00e9l\u00e9ments comme \u00e9tant des personnes qui vous tiennent \u00e0 c\u0153ur. Avec ces personnes, quelles sont les relations en jeu? S\u2019agit-il d\u2019amis ou de la famille, ou jouent-elles un autre r\u00f4le? Dans la mesure du possible, vous voudrez peut-\u00eatre mieux comprendre ces personnes en observant leur comportement et ce qu\u2019elles ressentent, pensent et d\u00e9finissent comme notions, comme vous l\u2019avez fait avec les dimensions MINDSET. <strong>Lorsque vous faites de telles observations, tentez de ne pas porter de jugement.<\/strong> Inscrivez vos remarques dans l\u2019espace correspondant du gabarit.[\/vc_column_text][\/vc_column][vc_column width=\u00a0\u00bb1\/12&Prime;][\/vc_column][vc_column width=\u00a0\u00bb6\/12&Prime;][vc_column_text css=\u00a0\u00bb.vc_custom_1665084873707{margin-bottom: 15px !important;}\u00a0\u00bb]Visionnez le vid\u00e9oclip sur la fa\u00e7on de remplir la section <strong>Relation (Relationship)<\/strong>.[\/vc_column_text][vc_video link=\u00a0\u00bbhttps:\/\/youtu.be\/K-vWXnUVA3s\u00a0\u00bb][vc_column_text css=\u00a0\u00bb.vc_custom_1665672065986{margin-bottom: 30px !important;}\u00a0\u00bb]<span class=\"transcript\"><a href=\"http:\/\/intrinsicpractice.com\/wp-content\/uploads\/2022\/10\/Pratique_intrinseque_Etape_4_WORLD_Relation_Transcription.pdf\" target=\"_blank\" rel=\"noopener noreferrer\">Transcription<\/a> (.pdf, 150 Kb)<\/span><span class=\"video-time\">1m 12s<\/span>[\/vc_column_text][\/vc_column][\/vc_row][vc_row css_animation=\u00a0\u00bb\u00a0\u00bb row_type=\u00a0\u00bbrow\u00a0\u00bb use_row_as_full_screen_section=\u00a0\u00bbno\u00a0\u00bb type=\u00a0\u00bbgrid\u00a0\u00bb angled_section=\u00a0\u00bbno\u00a0\u00bb text_align=\u00a0\u00bbleft\u00a0\u00bb background_image_as_pattern=\u00a0\u00bbwithout_pattern\u00a0\u00bb z_index=\u00a0\u00bb\u00a0\u00bb css=\u00a0\u00bb.vc_custom_1596204592187{margin-bottom: 15px !important;}\u00a0\u00bb][vc_column el_class=\u00a0\u00bbdotted-bottom4&Prime;][vc_column_text css=\u00a0\u00bb.vc_custom_1657031887345{margin-bottom: 15px !important;}\u00a0\u00bb]De plus, vos relations avec ces personnes sont-elles de nature harmonieuse ou conflictuelle? Quelles personnes, le cas \u00e9ch\u00e9ant, peuvent \u00eatre des alli\u00e9s, des adversaires, des amis ou des ennemis en cas de conflit? Avec qui y a-t-il accord et confiance; avec qui y a-t-il d\u00e9saccord et m\u00e9fiance? Les conflits sont-ils passagers ou continuels?[\/vc_column_text][vc_column_text css=\u00a0\u00bb.vc_custom_1657031902768{margin-bottom: 15px !important;}\u00a0\u00bb]Il est possible d\u2019avoir des relations avec des structures et des organisations, des lieux et des choses. Examinez toutes les relations possibles, \u00e9num\u00e9rez-les, observez-les, r\u00e9fl\u00e9chissez-y et prenez des notes dans l\u2019espace correspondant du gabarit.[\/vc_column_text][vc_column_text css=\u00a0\u00bb.vc_custom_1657031923985{margin-bottom: 15px !important;}\u00a0\u00bb]Une fois que vous avez examin\u00e9 tous les aspects de la situation, il peut \u00eatre utile d\u2019en r\u00e9diger une description dans un style narratif ou un r\u00e9cit qui comprend certaines de vos principales observations, r\u00e9flexions et conclusions au sujet de la situation. \u00c9crivez votre texte (environ cinq phrases) dans l\u2019espace appropri\u00e9 du gabarit.[\/vc_column_text][\/vc_column][\/vc_row][vc_row css_animation=\u00a0\u00bb\u00a0\u00bb row_type=\u00a0\u00bbrow\u00a0\u00bb use_row_as_full_screen_section=\u00a0\u00bbno\u00a0\u00bb type=\u00a0\u00bbgrid\u00a0\u00bb angled_section=\u00a0\u00bbno\u00a0\u00bb text_align=\u00a0\u00bbleft\u00a0\u00bb background_image_as_pattern=\u00a0\u00bbwithout_pattern\u00a0\u00bb z_index=\u00a0\u00bb\u00a0\u00bb css=\u00a0\u00bb.vc_custom_1596204592187{margin-bottom: 15px !important;}\u00a0\u00bb][vc_column width=\u00a0\u00bb1\/2&Prime;][vc_column_text]<img loading=\"lazy\" class=\"tmplt-thumb tmplt-brdr alignnone wp-image-4000 size-full\" style=\"width: 90%;\" src=\"http:\/\/intrinsicpractice.com\/wp-content\/uploads\/2022\/09\/4a_WORLD_template.png\" alt=\"Gabarit 4a: WORLD\" width=\"792\" height=\"612\" srcset=\"https:\/\/intrinsicpractice.com\/wp-content\/uploads\/2022\/09\/4a_WORLD_template.png 792w, https:\/\/intrinsicpractice.com\/wp-content\/uploads\/2022\/09\/4a_WORLD_template-300x232.png 300w, https:\/\/intrinsicpractice.com\/wp-content\/uploads\/2022\/09\/4a_WORLD_template-768x593.png 768w, https:\/\/intrinsicpractice.com\/wp-content\/uploads\/2022\/09\/4a_WORLD_template-700x541.png 700w\" sizes=\"(max-width: 792px) 100vw, 792px\" \/>[\/vc_column_text][\/vc_column][vc_column width=\u00a0\u00bb1\/2&Prime;][vc_column_text css=\u00a0\u00bb.vc_custom_1664915078235{margin-bottom: 30px !important;}\u00a0\u00bb]<\/p>\n<div id=\"tmplt-right\">\n<p>Si vous ne l&rsquo;avez pas d\u00e9j\u00e0 fait, t\u00e9l\u00e9chargez le gabarit 4a WORLD (.pdf, 87 Kb): <a class=\"tmplt-download4\" style=\"margin-top: 10px;\" href=\"http:\/\/intrinsicpractice.com\/wp-content\/uploads\/2022\/10\/4a_WORLD_Gabarit.pdf\" download=\"\"><span style=\"vertical-align: middle;\">T\u00e9l\u00e9charger<\/span> <img style=\"width: 18px; vertical-align: middle;\" src=\"http:\/\/intrinsicpractice.com\/wp-content\/uploads\/\/2020\/07\/download_purple.svg\" alt=\"icone T\u00e9l\u00e9charger\" \/><\/a><\/p>\n<\/div>\n<p>[\/vc_column_text][\/vc_column][\/vc_row][vc_row css_animation=\u00a0\u00bb\u00a0\u00bb row_type=\u00a0\u00bbrow\u00a0\u00bb use_row_as_full_screen_section=\u00a0\u00bbno\u00a0\u00bb type=\u00a0\u00bbgrid\u00a0\u00bb angled_section=\u00a0\u00bbno\u00a0\u00bb text_align=\u00a0\u00bbleft\u00a0\u00bb background_image_as_pattern=\u00a0\u00bbwithout_pattern\u00a0\u00bb z_index=\u00a0\u00bb\u00a0\u00bb][vc_column][vc_column_text css=\u00a0\u00bb.vc_custom_1659708843009{margin-bottom: 15px !important;}\u00a0\u00bb]Une fois que vous vous sentez \u00e0 l&rsquo;aise passez \u00e0 la section <strong>Integration.<\/strong>[\/vc_column_text][\/vc_column][\/vc_row][vc_row css_animation=\u00a0\u00bb\u00a0\u00bb row_type=\u00a0\u00bbrow\u00a0\u00bb use_row_as_full_screen_section=\u00a0\u00bbno\u00a0\u00bb type=\u00a0\u00bbgrid\u00a0\u00bb angled_section=\u00a0\u00bbno\u00a0\u00bb text_align=\u00a0\u00bbleft\u00a0\u00bb background_image_as_pattern=\u00a0\u00bbwithout_pattern\u00a0\u00bb css=\u00a0\u00bb.vc_custom_1595856062259{margin-top: 20px !important;padding-top: 10px !important;padding-bottom: 10px !important;background-color: #f6f6f6 !important;}\u00a0\u00bb z_index=\u00a0\u00bb\u00a0\u00bb][vc_column][vc_column_text]<\/p>\n<div><a id=\"prev-link\" href=\"https:\/\/intrinsicpractice.com\/fr\/methode-en-6-etapes\/etape-4-connaitre-mon-monde\/world-duty\/\">page pr\u00e9c\u00e9dente<\/a> <a id=\"next-link\" href=\"https:\/\/intrinsicpractice.com\/fr\/methode-en-6-etapes\/etape-4-connaitre-mon-monde\/world-template-integration\/\">prochaine page<\/a><\/div>\n<p>[\/vc_column_text][\/vc_column][\/vc_row]<\/p>\n","protected":false},"excerpt":{"rendered":"<p>[vc_row css_animation=\u00a0\u00bb\u00a0\u00bb row_type=\u00a0\u00bbrow\u00a0\u00bb use_row_as_full_screen_section=\u00a0\u00bbno\u00a0\u00bb type=\u00a0\u00bbgrid\u00a0\u00bb angled_section=\u00a0\u00bbno\u00a0\u00bb text_align=\u00a0\u00bbleft\u00a0\u00bb background_image_as_pattern=\u00a0\u00bbwithout_pattern\u00a0\u00bb z_index=\u00a0\u00bb\u00a0\u00bb css=\u00a0\u00bb.vc_custom_1572612549984{margin-top: 35px !important;margin-bottom: 15px !important;}\u00a0\u00bb][vc_column width=\u00a0\u00bb7\/12&Prime;][vc_column_text][\/vc_column_text][vc_column_text css=\u00a0\u00bb.vc_custom_1665084852678{margin-top: 5px !important;margin-bottom: 5px !important;}\u00a0\u00bb]Relation (Relationship)[\/vc_column_text][vc_column_text css=\u00a0\u00bb.vc_custom_1657031838792{margin-bottom: 15px !important;}\u00a0\u00bb]Nous ne vivons pas dans un vide. O\u00f9 que nous soyons, dans toutes les situations, nous sommes toujours dans une relation avec&#8230;<\/p>\n","protected":false},"author":4,"featured_media":0,"parent":3638,"menu_order":0,"comment_status":"closed","ping_status":"closed","template":"full_width.php","meta":{"inline_featured_image":false,"_mi_skip_tracking":false},"_links":{"self":[{"href":"https:\/\/intrinsicpractice.com\/fr\/wp-json\/wp\/v2\/pages\/3646"}],"collection":[{"href":"https:\/\/intrinsicpractice.com\/fr\/wp-json\/wp\/v2\/pages"}],"about":[{"href":"https:\/\/intrinsicpractice.com\/fr\/wp-json\/wp\/v2\/types\/page"}],"author":[{"embeddable":true,"href":"https:\/\/intrinsicpractice.com\/fr\/wp-json\/wp\/v2\/users\/4"}],"replies":[{"embeddable":true,"href":"https:\/\/intrinsicpractice.com\/fr\/wp-json\/wp\/v2\/comments?post=3646"}],"version-history":[{"count":16,"href":"https:\/\/intrinsicpractice.com\/fr\/wp-json\/wp\/v2\/pages\/3646\/revisions"}],"predecessor-version":[{"id":4987,"href":"https:\/\/intrinsicpractice.com\/fr\/wp-json\/wp\/v2\/pages\/3646\/revisions\/4987"}],"up":[{"embeddable":true,"href":"https:\/\/intrinsicpractice.com\/fr\/wp-json\/wp\/v2\/pages\/3638"}],"wp:attachment":[{"href":"https:\/\/intrinsicpractice.com\/fr\/wp-json\/wp\/v2\/media?parent=3646"}],"curies":[{"name":"wp","href":"https:\/\/api.w.org\/{rel}","templated":true}]}}