{"id":3644,"date":"2019-10-29T19:36:45","date_gmt":"2019-10-29T19:36:45","guid":{"rendered":"https:\/\/intrinsicpractice.com\/?page_id=3644"},"modified":"2022-10-12T20:18:16","modified_gmt":"2022-10-12T20:18:16","slug":"world-organisation","status":"publish","type":"page","link":"https:\/\/intrinsicpractice.com\/fr\/methode-en-6-etapes\/etape-4-connaitre-mon-monde\/world-organisation\/","title":{"rendered":"WORLD &#8211; O(rganization)"},"content":{"rendered":"<p>[vc_row css_animation=\u00a0\u00bb\u00a0\u00bb row_type=\u00a0\u00bbrow\u00a0\u00bb use_row_as_full_screen_section=\u00a0\u00bbno\u00a0\u00bb type=\u00a0\u00bbgrid\u00a0\u00bb angled_section=\u00a0\u00bbno\u00a0\u00bb text_align=\u00a0\u00bbleft\u00a0\u00bb background_image_as_pattern=\u00a0\u00bbwithout_pattern\u00a0\u00bb z_index=\u00a0\u00bb\u00a0\u00bb css=\u00a0\u00bb.vc_custom_1572612549984{margin-top: 35px !important;margin-bottom: 15px !important;}\u00a0\u00bb][vc_column width=\u00a0\u00bb3\/4&Prime;][vc_column_text]<img loading=\"lazy\" class=\"alignnone wp-image-3346 size-large\" src=\"http:\/\/intrinsicpractice.com\/wp-content\/uploads\/\/2020\/07\/world_o.svg\" alt=\"WORLD (avec la lettre O surlign\u00e9e)\" width=\"1024\" height=\"1024\" \/>[\/vc_column_text][vc_column_text css=\u00a0\u00bb.vc_custom_1665084406645{margin-top: 5px !important;margin-bottom: 5px !important;}\u00a0\u00bb]<span class=\"merry fs32\"><span class=\"step4col\">O<\/span>rganisation (<span class=\"step4col\">O<\/span>rganization)<\/span>[\/vc_column_text][vc_column_text css=\u00a0\u00bb.vc_custom_1657029815456{margin-bottom: 15px !important;}\u00a0\u00bb]D\u00e9crivez la structure organisationnelle dans laquelle la situation se produit. Peu importe le moment et l\u2019endroit o\u00f9 nous nous trouvons, nous vivons dans un contexte dont la structure et l\u2019organisation peuvent \u00eatre d\u00e9crites. La structure organisationnelle pourrait \u00eatre une famille, un quartier, un lieu de travail, une ville, un pays, etc. Il peut donc \u00eatre utile, voire essentiel, de comprendre ces structures et organisations. Il peut \u00e9galement \u00eatre utile de comprendre les niveaux hi\u00e9rarchiques qui peuvent exister dans ces relations.[\/vc_column_text][\/vc_column][vc_column width=\u00a0\u00bb1\/4&Prime;][vc_column_text]<img loading=\"lazy\" class=\"alignnone\" src=\"http:\/\/intrinsicpractice.com\/wp-content\/uploads\/2020\/12\/70-New-York-City.jpg\" alt=\"Vue vers le haut de b\u00e2timents g\u00e9ants \u00e0 New York, Usa\" width=\"1065\" height=\"1600\" \/>[\/vc_column_text][\/vc_column][\/vc_row][vc_row css_animation=\u00a0\u00bb\u00a0\u00bb row_type=\u00a0\u00bbrow\u00a0\u00bb use_row_as_full_screen_section=\u00a0\u00bbno\u00a0\u00bb type=\u00a0\u00bbgrid\u00a0\u00bb angled_section=\u00a0\u00bbno\u00a0\u00bb text_align=\u00a0\u00bbleft\u00a0\u00bb background_image_as_pattern=\u00a0\u00bbwithout_pattern\u00a0\u00bb z_index=\u00a0\u00bb\u00a0\u00bb css=\u00a0\u00bb.vc_custom_1596035346836{margin-bottom: 20px !important;}\u00a0\u00bb][vc_column][vc_column_text el_class=\u00a0\u00bbquotebox-out4&Prime;]<\/p>\n<div class=\"quotebox-in4\">\n<p style=\"margin-bottom: 15px;\">Par exemple:<\/p>\n<p>Au travail, il peut \u00eatre utile de savoir qui dirige, qui g\u00e8re, qui sont les employ\u00e9s et quelle est votre place dans la hi\u00e9rarchie. Dans une famille, qui sont les grands-parents, les parents, les enfants, etc.?<\/p>\n<\/div>\n<p>[\/vc_column_text][\/vc_column][\/vc_row][vc_row css_animation=\u00a0\u00bb\u00a0\u00bb row_type=\u00a0\u00bbrow\u00a0\u00bb use_row_as_full_screen_section=\u00a0\u00bbno\u00a0\u00bb type=\u00a0\u00bbgrid\u00a0\u00bb angled_section=\u00a0\u00bbno\u00a0\u00bb text_align=\u00a0\u00bbleft\u00a0\u00bb background_image_as_pattern=\u00a0\u00bbwithout_pattern\u00a0\u00bb z_index=\u00a0\u00bb\u00a0\u00bb][vc_column][vc_column_text css=\u00a0\u00bb.vc_custom_1664559665335{margin-top: 20px !important;margin-bottom: 15px !important;}\u00a0\u00bb]<\/p>\n<h3 class=\"ti-heading4\"><span style=\"color: #fff; padding-left: 4px;\">In<\/span>structions pour le gabarit<\/h3>\n<p>[\/vc_column_text][\/vc_column][\/vc_row][vc_row css_animation=\u00a0\u00bb\u00a0\u00bb row_type=\u00a0\u00bbrow\u00a0\u00bb use_row_as_full_screen_section=\u00a0\u00bbno\u00a0\u00bb type=\u00a0\u00bbgrid\u00a0\u00bb angled_section=\u00a0\u00bbno\u00a0\u00bb text_align=\u00a0\u00bbleft\u00a0\u00bb background_image_as_pattern=\u00a0\u00bbwithout_pattern\u00a0\u00bb z_index=\u00a0\u00bb\u00a0\u00bb][vc_column width=\u00a0\u00bb5\/12&Prime; el_class=\u00a0\u00bbdotted-bottom4&Prime;][vc_column_text css=\u00a0\u00bb.vc_custom_1657029893012{margin-bottom: 15px !important;}\u00a0\u00bb]On trouve \u00e9galement des niveaux hi\u00e9rarchiques dans les villes et les gouvernements, ainsi que dans les structures religieuses, sociales et commerciales.[\/vc_column_text][vc_column_text css=\u00a0\u00bb.vc_custom_1657029909769{margin-bottom: 15px !important;}\u00a0\u00bb]Pour toute hi\u00e9rarchie, vous pouvez vous demander qui est au bas, au milieu et au haut. Cela peut \u00eatre pertinent pour le milieu de travail, le monde politique ou toute autre structure hi\u00e9rarchique. De plus, l\u2019organisation et la hi\u00e9rarchie peuvent \u00eatre explicites ou non. Il n\u2019est pas toujours pertinent de comprendre les structures hi\u00e9rarchiques pour toutes les situations dans lesquelles vous vous trouvez.[\/vc_column_text][vc_column_text css=\u00a0\u00bb.vc_custom_1657029933196{margin-bottom: 15px !important;}\u00a0\u00bb]Toutefois, dans certaines situations, ces renseignements sont essentiels et votre ignorance de ceux-ci pourrait limiter votre connaissance de la situation et vous d\u00e9savantager.[\/vc_column_text][\/vc_column][vc_column width=\u00a0\u00bb1\/12&Prime;][\/vc_column][vc_column width=\u00a0\u00bb6\/12&Prime;][vc_column_text css=\u00a0\u00bb.vc_custom_1665084430376{margin-bottom: 15px !important;}\u00a0\u00bb]Visionnez le vid\u00e9oclip sur la fa\u00e7on de remplir la section\u00a0 <strong> Organisation (Organization)<\/strong>.[\/vc_column_text][vc_video link=\u00a0\u00bbhttps:\/\/youtu.be\/x7bpoplEYco\u00a0\u00bb][vc_column_text css=\u00a0\u00bb.vc_custom_1665605890562{margin-bottom: 15px !important;}\u00a0\u00bb]<span class=\"transcript\"><a href=\"http:\/\/intrinsicpractice.com\/wp-content\/uploads\/2022\/10\/Pratique_intrinseque_Etape_4_WORLD_Organisation_Transcription.pdf\" target=\"_blank\" rel=\"noopener noreferrer\">Transcription<\/a> (.pdf, 155 Kb)<\/span><span class=\"video-time\">1m 30s<\/span>[\/vc_column_text][\/vc_column][\/vc_row][vc_row css_animation=\u00a0\u00bb\u00a0\u00bb row_type=\u00a0\u00bbrow\u00a0\u00bb use_row_as_full_screen_section=\u00a0\u00bbno\u00a0\u00bb type=\u00a0\u00bbgrid\u00a0\u00bb angled_section=\u00a0\u00bbno\u00a0\u00bb text_align=\u00a0\u00bbleft\u00a0\u00bb background_image_as_pattern=\u00a0\u00bbwithout_pattern\u00a0\u00bb z_index=\u00a0\u00bb\u00a0\u00bb css=\u00a0\u00bb.vc_custom_1596045910234{margin-bottom: 15px !important;}\u00a0\u00bb][vc_column width=\u00a0\u00bb1\/2&Prime;][vc_column_text css=\u00a0\u00bb.vc_custom_1662754798155{margin-bottom: 15px !important;}\u00a0\u00bb]<img loading=\"lazy\" class=\"tmplt-thumb tmplt-brdr alignnone wp-image-4000 size-full\" style=\"width: 90%;\" src=\"http:\/\/intrinsicpractice.com\/wp-content\/uploads\/2022\/09\/4a_WORLD_template.png\" alt=\"Gabarit 4a: WORLD\" width=\"792\" height=\"612\" srcset=\"https:\/\/intrinsicpractice.com\/wp-content\/uploads\/2022\/09\/4a_WORLD_template.png 792w, https:\/\/intrinsicpractice.com\/wp-content\/uploads\/2022\/09\/4a_WORLD_template-300x232.png 300w, https:\/\/intrinsicpractice.com\/wp-content\/uploads\/2022\/09\/4a_WORLD_template-768x593.png 768w, https:\/\/intrinsicpractice.com\/wp-content\/uploads\/2022\/09\/4a_WORLD_template-700x541.png 700w\" sizes=\"(max-width: 792px) 100vw, 792px\" \/>[\/vc_column_text][\/vc_column][vc_column width=\u00a0\u00bb1\/2&Prime;][vc_column_text css=\u00a0\u00bb.vc_custom_1664914680217{margin-bottom: 30px !important;}\u00a0\u00bb]<\/p>\n<div id=\"tmplt-right\">Si vous ne l&rsquo;avez pas d\u00e9j\u00e0 fait, t\u00e9l\u00e9chargez le gabarit 4a WORLD (.pdf, 87 Kb):<br \/>\n<a class=\"tmplt-download4\" style=\"margin-top: 10px;\" href=\"http:\/\/intrinsicpractice.com\/wp-content\/uploads\/2022\/10\/4a_WORLD_Gabarit.pdf\" download=\"\"><span style=\"vertical-align: middle;\"> T\u00e9l\u00e9charger <\/span> <img style=\"width: 18px; vertical-align: middle;\" src=\"http:\/\/intrinsicpractice.com\/wp-content\/uploads\/\/2020\/07\/download_purple.svg\" alt=\"icone T\u00e9l\u00e9charger\" \/><\/a><\/div>\n<p>[\/vc_column_text][\/vc_column][\/vc_row][vc_row css_animation=\u00a0\u00bb\u00a0\u00bb row_type=\u00a0\u00bbrow\u00a0\u00bb use_row_as_full_screen_section=\u00a0\u00bbno\u00a0\u00bb type=\u00a0\u00bbgrid\u00a0\u00bb angled_section=\u00a0\u00bbno\u00a0\u00bb text_align=\u00a0\u00bbleft\u00a0\u00bb background_image_as_pattern=\u00a0\u00bbwithout_pattern\u00a0\u00bb z_index=\u00a0\u00bb\u00a0\u00bb][vc_column][vc_column_text css=\u00a0\u00bb.vc_custom_1665084456605{margin-bottom: 15px !important;}\u00a0\u00bb]Une fois que vous vous sentez \u00e0 l&rsquo;aise passez \u00e0 la section <strong>Loi (Law)<\/strong>.[\/vc_column_text][\/vc_column][\/vc_row][vc_row css_animation=\u00a0\u00bb\u00a0\u00bb row_type=\u00a0\u00bbrow\u00a0\u00bb use_row_as_full_screen_section=\u00a0\u00bbno\u00a0\u00bb type=\u00a0\u00bbgrid\u00a0\u00bb angled_section=\u00a0\u00bbno\u00a0\u00bb text_align=\u00a0\u00bbleft\u00a0\u00bb background_image_as_pattern=\u00a0\u00bbwithout_pattern\u00a0\u00bb css=\u00a0\u00bb.vc_custom_1596035374780{margin-top: 20px !important;padding-top: 10px !important;padding-bottom: 10px !important;background-color: #f6f6f6 !important;}\u00a0\u00bb z_index=\u00a0\u00bb\u00a0\u00bb][vc_column][vc_column_text]<\/p>\n<div><a id=\"prev-link\" href=\"https:\/\/intrinsicpractice.com\/fr\/methode-en-6-etapes\/etape-4-connaitre-mon-monde\/world-5q\/\">page pr\u00e9c\u00e9dente<\/a> <a id=\"next-link\" href=\"https:\/\/intrinsicpractice.com\/fr\/methode-en-6-etapes\/etape-4-connaitre-mon-monde\/world-law\/\">prochaine page<\/a><\/div>\n<p>[\/vc_column_text][\/vc_column][\/vc_row]<\/p>\n","protected":false},"excerpt":{"rendered":"<p>[vc_row css_animation=\u00a0\u00bb\u00a0\u00bb row_type=\u00a0\u00bbrow\u00a0\u00bb use_row_as_full_screen_section=\u00a0\u00bbno\u00a0\u00bb type=\u00a0\u00bbgrid\u00a0\u00bb angled_section=\u00a0\u00bbno\u00a0\u00bb text_align=\u00a0\u00bbleft\u00a0\u00bb background_image_as_pattern=\u00a0\u00bbwithout_pattern\u00a0\u00bb z_index=\u00a0\u00bb\u00a0\u00bb css=\u00a0\u00bb.vc_custom_1572612549984{margin-top: 35px !important;margin-bottom: 15px !important;}\u00a0\u00bb][vc_column width=\u00a0\u00bb3\/4&Prime;][vc_column_text][\/vc_column_text][vc_column_text css=\u00a0\u00bb.vc_custom_1665084406645{margin-top: 5px !important;margin-bottom: 5px !important;}\u00a0\u00bb]Organisation (Organization)[\/vc_column_text][vc_column_text css=\u00a0\u00bb.vc_custom_1657029815456{margin-bottom: 15px !important;}\u00a0\u00bb]D\u00e9crivez la structure organisationnelle dans laquelle la situation se produit. Peu importe le moment et l\u2019endroit o\u00f9 nous nous trouvons, nous vivons&#8230;<\/p>\n","protected":false},"author":4,"featured_media":0,"parent":3638,"menu_order":0,"comment_status":"closed","ping_status":"closed","template":"full_width.php","meta":{"inline_featured_image":false,"_mi_skip_tracking":false},"_links":{"self":[{"href":"https:\/\/intrinsicpractice.com\/fr\/wp-json\/wp\/v2\/pages\/3644"}],"collection":[{"href":"https:\/\/intrinsicpractice.com\/fr\/wp-json\/wp\/v2\/pages"}],"about":[{"href":"https:\/\/intrinsicpractice.com\/fr\/wp-json\/wp\/v2\/types\/page"}],"author":[{"embeddable":true,"href":"https:\/\/intrinsicpractice.com\/fr\/wp-json\/wp\/v2\/users\/4"}],"replies":[{"embeddable":true,"href":"https:\/\/intrinsicpractice.com\/fr\/wp-json\/wp\/v2\/comments?post=3644"}],"version-history":[{"count":17,"href":"https:\/\/intrinsicpractice.com\/fr\/wp-json\/wp\/v2\/pages\/3644\/revisions"}],"predecessor-version":[{"id":4967,"href":"https:\/\/intrinsicpractice.com\/fr\/wp-json\/wp\/v2\/pages\/3644\/revisions\/4967"}],"up":[{"embeddable":true,"href":"https:\/\/intrinsicpractice.com\/fr\/wp-json\/wp\/v2\/pages\/3638"}],"wp:attachment":[{"href":"https:\/\/intrinsicpractice.com\/fr\/wp-json\/wp\/v2\/media?parent=3644"}],"curies":[{"name":"wp","href":"https:\/\/api.w.org\/{rel}","templated":true}]}}