{"id":3642,"date":"2019-10-29T19:37:04","date_gmt":"2019-10-29T19:37:04","guid":{"rendered":"https:\/\/intrinsicpractice.com\/?page_id=3642"},"modified":"2022-10-12T20:19:28","modified_gmt":"2022-10-12T20:19:28","slug":"world-law","status":"publish","type":"page","link":"https:\/\/intrinsicpractice.com\/fr\/methode-en-6-etapes\/etape-4-connaitre-mon-monde\/world-law\/","title":{"rendered":"WORLD &#8211; L(aw)"},"content":{"rendered":"<p>[vc_row css_animation=\u00a0\u00bb\u00a0\u00bb row_type=\u00a0\u00bbrow\u00a0\u00bb use_row_as_full_screen_section=\u00a0\u00bbno\u00a0\u00bb type=\u00a0\u00bbgrid\u00a0\u00bb angled_section=\u00a0\u00bbno\u00a0\u00bb text_align=\u00a0\u00bbleft\u00a0\u00bb background_image_as_pattern=\u00a0\u00bbwithout_pattern\u00a0\u00bb z_index=\u00a0\u00bb\u00a0\u00bb css=\u00a0\u00bb.vc_custom_1572612549984{margin-top: 35px !important;margin-bottom: 15px !important;}\u00a0\u00bb][vc_column width=\u00a0\u00bb7\/12&Prime;][vc_column_text]<img loading=\"lazy\" class=\"alignnone wp-image-3348 size-large\" src=\"http:\/\/intrinsicpractice.com\/wp-content\/uploads\/\/2020\/07\/world_l.svg\" alt=\"WORLD (avec la lettre L surlign\u00e9e)\" width=\"1024\" height=\"1024\" \/>[\/vc_column_text][vc_column_text css=\u00a0\u00bb.vc_custom_1665084573720{margin-top: 5px !important;margin-bottom: 5px !important;}\u00a0\u00bb]<span class=\"merry fs32\"><span class=\"step4col\">L<\/span>oi (<span class=\"step4col\">L<\/span>aw)<\/span>[\/vc_column_text][vc_column_text]Peu importe l\u2019endroit et le moment o\u00f9 nous nous trouvons, il y a des lois, des r\u00e8gles, des processus et des proc\u00e9dures. Ceux-ci peuvent \u00eatre pr\u00e9sents dans des pratiques officielles ou informelles et sont solidement implant\u00e9es et respect\u00e9es. Dans de nombreux endroits, il peut coexister plusieurs types de lois ou de r\u00e8gles : gouvernementales, juridiques, religieuses, politiques, sociales, culturelles, etc.[\/vc_column_text][\/vc_column][vc_column width=\u00a0\u00bb5\/12&Prime;][vc_column_text]<img loading=\"lazy\" class=\"alignnone\" src=\"http:\/\/intrinsicpractice.com\/wp-content\/uploads\/2020\/12\/7-Brussels-Belgium.jpg\" alt=\"ancienne architecture \u00e0 Bruxelles, Belgique\" width=\"1600\" height=\"966\" \/>[\/vc_column_text][\/vc_column][\/vc_row][vc_row css_animation=\u00a0\u00bb\u00a0\u00bb row_type=\u00a0\u00bbrow\u00a0\u00bb use_row_as_full_screen_section=\u00a0\u00bbno\u00a0\u00bb type=\u00a0\u00bbgrid\u00a0\u00bb angled_section=\u00a0\u00bbno\u00a0\u00bb text_align=\u00a0\u00bbleft\u00a0\u00bb background_image_as_pattern=\u00a0\u00bbwithout_pattern\u00a0\u00bb z_index=\u00a0\u00bb\u00a0\u00bb][vc_column][vc_column_text css=\u00a0\u00bb.vc_custom_1664559748491{margin-top: 20px !important;margin-bottom: 15px !important;}\u00a0\u00bb]<\/p>\n<h3 class=\"ti-heading4\"><span style=\"color: #fff; padding-left: 4px;\">In<\/span>structions pour le gabarit<\/h3>\n<p>[\/vc_column_text][\/vc_column][\/vc_row][vc_row css_animation=\u00a0\u00bb\u00a0\u00bb row_type=\u00a0\u00bbrow\u00a0\u00bb use_row_as_full_screen_section=\u00a0\u00bbno\u00a0\u00bb type=\u00a0\u00bbgrid\u00a0\u00bb angled_section=\u00a0\u00bbno\u00a0\u00bb text_align=\u00a0\u00bbleft\u00a0\u00bb background_image_as_pattern=\u00a0\u00bbwithout_pattern\u00a0\u00bb z_index=\u00a0\u00bb\u00a0\u00bb][vc_column width=\u00a0\u00bb5\/12&Prime; el_class=\u00a0\u00bbdotted-bottom4&Prime;][vc_column_text css=\u00a0\u00bb.vc_custom_1657031686667{margin-bottom: 15px !important;}\u00a0\u00bb]Par souci de simplicit\u00e9, tous ces \u00e9l\u00e9ments sont \u00e9nonc\u00e9s sous la rubrique \u00ab\u00a0Loi\u00bb. Nous devons bien souvent composer avec des situations sans conna\u00eetre les lois, les r\u00e8gles ou les fa\u00e7ons \u00e9tablies qui entrent en jeu dans ces situations. \u00catre conscient de ces \u00e9l\u00e9ments et les comprendre peut vous aider \u00e0 g\u00e9rer plus efficacement certaines situations.[\/vc_column_text][vc_column_text css=\u00a0\u00bb.vc_custom_1657031705338{margin-bottom: 15px !important;}\u00a0\u00bb]Ainsi, dans l\u2019espace correspondant du gabarit, inscrivez les lois, r\u00e8gles, processus et proc\u00e9dures qui peuvent \u00eatre pertinents \u00e0 cette situation particuli\u00e8re. R\u00e9pondez \u00e0 des questions comme \u00ab\u00a0Quelles sont les lois, les r\u00e8gles, les pratiques, les proc\u00e9dures, etc. qui s\u2019appliquent \u00e0 cette situation?\u00a0\u00bb Vous devrez peut-\u00eatre faire une recherche de faits pour r\u00e9pondre \u00e0 cette question.[\/vc_column_text][\/vc_column][vc_column width=\u00a0\u00bb1\/12&Prime;][\/vc_column][vc_column width=\u00a0\u00bb6\/12&Prime;][vc_column_text css=\u00a0\u00bb.vc_custom_1665084586835{margin-bottom: 15px !important;}\u00a0\u00bb]Visionnez le vid\u00e9oclip sur la fa\u00e7on de remplir la section <strong>Loi (Law)<\/strong>.[\/vc_column_text][vc_video link=\u00a0\u00bbhttps:\/\/youtu.be\/awli0WdGoGM\u00a0\u00bb][vc_column_text css=\u00a0\u00bb.vc_custom_1665605964065{margin-bottom: 15px !important;}\u00a0\u00bb]<span class=\"transcript\"><a href=\"http:\/\/intrinsicpractice.com\/wp-content\/uploads\/2022\/10\/Pratique_intrinseque_Etape_4_WORLD_Loi_Transcription.pdf\" target=\"_blank\" rel=\"noopener noreferrer\">Transcription<\/a> (.pdf, 143 Kb)<\/span><span class=\"video-time\">1m 16s<\/span>[\/vc_column_text][\/vc_column][\/vc_row][vc_row css_animation=\u00a0\u00bb\u00a0\u00bb row_type=\u00a0\u00bbrow\u00a0\u00bb use_row_as_full_screen_section=\u00a0\u00bbno\u00a0\u00bb type=\u00a0\u00bbgrid\u00a0\u00bb angled_section=\u00a0\u00bbno\u00a0\u00bb text_align=\u00a0\u00bbleft\u00a0\u00bb background_image_as_pattern=\u00a0\u00bbwithout_pattern\u00a0\u00bb z_index=\u00a0\u00bb\u00a0\u00bb css=\u00a0\u00bb.vc_custom_1596120383960{margin-bottom: 15px !important;}\u00a0\u00bb][vc_column width=\u00a0\u00bb1\/2&Prime;][vc_column_text css=\u00a0\u00bb.vc_custom_1662754951101{margin-bottom: 30px !important;}\u00a0\u00bb]<img loading=\"lazy\" class=\"tmplt-thumb tmplt-brdr alignnone wp-image-4000 size-full\" style=\"width: 90%;\" src=\"http:\/\/intrinsicpractice.com\/wp-content\/uploads\/2022\/09\/4a_WORLD_template.png\" alt=\"Gabarit 4a: WORLD\" width=\"792\" height=\"612\" srcset=\"https:\/\/intrinsicpractice.com\/wp-content\/uploads\/2022\/09\/4a_WORLD_template.png 792w, https:\/\/intrinsicpractice.com\/wp-content\/uploads\/2022\/09\/4a_WORLD_template-300x232.png 300w, https:\/\/intrinsicpractice.com\/wp-content\/uploads\/2022\/09\/4a_WORLD_template-768x593.png 768w, https:\/\/intrinsicpractice.com\/wp-content\/uploads\/2022\/09\/4a_WORLD_template-700x541.png 700w\" sizes=\"(max-width: 792px) 100vw, 792px\" \/>[\/vc_column_text][\/vc_column][vc_column width=\u00a0\u00bb1\/2&Prime;][vc_column_text css=\u00a0\u00bb.vc_custom_1664914961139{margin-bottom: 30px !important;}\u00a0\u00bb]<\/p>\n<div id=\"tmplt-right\">Si vous ne l&rsquo;avez pas d\u00e9j\u00e0 fait, t\u00e9l\u00e9chargez le gabarit 4a WORLD (.pdf, 87 Kb):<br \/>\n<a class=\"tmplt-download4\" style=\"margin-top: 10px;\" href=\"http:\/\/intrinsicpractice.com\/wp-content\/uploads\/2022\/10\/4a_WORLD_Gabarit.pdf\"><span style=\"vertical-align: middle;\">T\u00e9l\u00e9charger<\/span> <img style=\"width: 18px; vertical-align: middle;\" src=\"http:\/\/intrinsicpractice.com\/wp-content\/uploads\/\/2020\/07\/download_purple.svg\" alt=\"icone T\u00e9l\u00e9charger\" \/><\/a><\/div>\n<p>[\/vc_column_text][\/vc_column][\/vc_row][vc_row css_animation=\u00a0\u00bb\u00a0\u00bb row_type=\u00a0\u00bbrow\u00a0\u00bb use_row_as_full_screen_section=\u00a0\u00bbno\u00a0\u00bb type=\u00a0\u00bbgrid\u00a0\u00bb angled_section=\u00a0\u00bbno\u00a0\u00bb text_align=\u00a0\u00bbleft\u00a0\u00bb background_image_as_pattern=\u00a0\u00bbwithout_pattern\u00a0\u00bb z_index=\u00a0\u00bb\u00a0\u00bb][vc_column][vc_column_text css=\u00a0\u00bb.vc_custom_1665084618662{margin-bottom: 15px !important;}\u00a0\u00bb]D\u00e8s que vous vous sentez pr\u00eat, passez \u00e0 la section <strong>Devoir (Duty)<\/strong>.[\/vc_column_text][\/vc_column][\/vc_row][vc_row css_animation=\u00a0\u00bb\u00a0\u00bb row_type=\u00a0\u00bbrow\u00a0\u00bb use_row_as_full_screen_section=\u00a0\u00bbno\u00a0\u00bb type=\u00a0\u00bbgrid\u00a0\u00bb angled_section=\u00a0\u00bbno\u00a0\u00bb text_align=\u00a0\u00bbleft\u00a0\u00bb background_image_as_pattern=\u00a0\u00bbwithout_pattern\u00a0\u00bb css=\u00a0\u00bb.vc_custom_1595855548900{margin-top: 20px !important;padding-top: 10px !important;padding-bottom: 10px !important;background-color: #f6f6f6 !important;}\u00a0\u00bb z_index=\u00a0\u00bb\u00a0\u00bb][vc_column][vc_column_text]<\/p>\n<div><a id=\"prev-link\" href=\"https:\/\/intrinsicpractice.com\/fr\/methode-en-6-etapes\/etape-4-connaitre-mon-monde\/world-organisation\/\">page pr\u00e9c\u00e9dente<\/a> <a id=\"next-link\" href=\"https:\/\/intrinsicpractice.com\/fr\/methode-en-6-etapes\/etape-4-connaitre-mon-monde\/world-duty\/\">prochaine page<\/a><\/div>\n<p>[\/vc_column_text][\/vc_column][\/vc_row]<\/p>\n","protected":false},"excerpt":{"rendered":"<p>[vc_row css_animation=\u00a0\u00bb\u00a0\u00bb row_type=\u00a0\u00bbrow\u00a0\u00bb use_row_as_full_screen_section=\u00a0\u00bbno\u00a0\u00bb type=\u00a0\u00bbgrid\u00a0\u00bb angled_section=\u00a0\u00bbno\u00a0\u00bb text_align=\u00a0\u00bbleft\u00a0\u00bb background_image_as_pattern=\u00a0\u00bbwithout_pattern\u00a0\u00bb z_index=\u00a0\u00bb\u00a0\u00bb css=\u00a0\u00bb.vc_custom_1572612549984{margin-top: 35px !important;margin-bottom: 15px !important;}\u00a0\u00bb][vc_column width=\u00a0\u00bb7\/12&Prime;][vc_column_text][\/vc_column_text][vc_column_text css=\u00a0\u00bb.vc_custom_1665084573720{margin-top: 5px !important;margin-bottom: 5px !important;}\u00a0\u00bb]Loi (Law)[\/vc_column_text][vc_column_text]Peu importe l\u2019endroit et le moment o\u00f9 nous nous trouvons, il y a des lois, des r\u00e8gles, des processus et des proc\u00e9dures. Ceux-ci peuvent \u00eatre&#8230;<\/p>\n","protected":false},"author":4,"featured_media":0,"parent":3638,"menu_order":0,"comment_status":"closed","ping_status":"closed","template":"full_width.php","meta":{"inline_featured_image":false,"_mi_skip_tracking":false},"_links":{"self":[{"href":"https:\/\/intrinsicpractice.com\/fr\/wp-json\/wp\/v2\/pages\/3642"}],"collection":[{"href":"https:\/\/intrinsicpractice.com\/fr\/wp-json\/wp\/v2\/pages"}],"about":[{"href":"https:\/\/intrinsicpractice.com\/fr\/wp-json\/wp\/v2\/types\/page"}],"author":[{"embeddable":true,"href":"https:\/\/intrinsicpractice.com\/fr\/wp-json\/wp\/v2\/users\/4"}],"replies":[{"embeddable":true,"href":"https:\/\/intrinsicpractice.com\/fr\/wp-json\/wp\/v2\/comments?post=3642"}],"version-history":[{"count":19,"href":"https:\/\/intrinsicpractice.com\/fr\/wp-json\/wp\/v2\/pages\/3642\/revisions"}],"predecessor-version":[{"id":4968,"href":"https:\/\/intrinsicpractice.com\/fr\/wp-json\/wp\/v2\/pages\/3642\/revisions\/4968"}],"up":[{"embeddable":true,"href":"https:\/\/intrinsicpractice.com\/fr\/wp-json\/wp\/v2\/pages\/3638"}],"wp:attachment":[{"href":"https:\/\/intrinsicpractice.com\/fr\/wp-json\/wp\/v2\/media?parent=3642"}],"curies":[{"name":"wp","href":"https:\/\/api.w.org\/{rel}","templated":true}]}}