{"id":3640,"date":"2019-10-29T19:37:20","date_gmt":"2019-10-29T19:37:20","guid":{"rendered":"https:\/\/intrinsicpractice.com\/?page_id=3640"},"modified":"2022-10-12T20:20:28","modified_gmt":"2022-10-12T20:20:28","slug":"world-duty","status":"publish","type":"page","link":"https:\/\/intrinsicpractice.com\/fr\/methode-en-6-etapes\/etape-4-connaitre-mon-monde\/world-duty\/","title":{"rendered":"WORLD &#8211; D(uty)"},"content":{"rendered":"<p>[vc_row css_animation=\u00a0\u00bb\u00a0\u00bb row_type=\u00a0\u00bbrow\u00a0\u00bb use_row_as_full_screen_section=\u00a0\u00bbno\u00a0\u00bb type=\u00a0\u00bbgrid\u00a0\u00bb angled_section=\u00a0\u00bbno\u00a0\u00bb text_align=\u00a0\u00bbleft\u00a0\u00bb background_image_as_pattern=\u00a0\u00bbwithout_pattern\u00a0\u00bb z_index=\u00a0\u00bb\u00a0\u00bb css=\u00a0\u00bb.vc_custom_1572612549984{margin-top: 35px !important;margin-bottom: 15px !important;}\u00a0\u00bb][vc_column width=\u00a0\u00bb7\/12&Prime;][vc_column_text]<img loading=\"lazy\" class=\"alignnone wp-image-1892 size-large\" src=\"http:\/\/intrinsicpractice.com\/wp-content\/uploads\/\/2020\/07\/world_d.svg\" alt=\"WORLD (avec la lettre D surlign\u00e9e)\" width=\"1024\" height=\"1024\" \/>[\/vc_column_text][vc_column_text css=\u00a0\u00bb.vc_custom_1665084686504{margin-top: 5px !important;margin-bottom: 5px !important;}\u00a0\u00bb]<span class=\"merry fs32\"><span class=\"step4col\">D<\/span>evoir (<span class=\"step4col\">D<\/span>uty)<\/span>[\/vc_column_text][vc_column_text css=\u00a0\u00bb.vc_custom_1664557679733{margin-bottom: 15px !important;}\u00a0\u00bb]Pour cet aspect, r\u00e9fl\u00e9chissez \u00e0 vos fonctions et r\u00f4les dans la situation. Nous assumons un ou plusieurs r\u00f4les, en tout temps, lieu ou situation. Il peut s\u2019agir du r\u00f4le de citoyen, de membre de la famille, d\u2019ami, de conjoint, d\u2019employ\u00e9, d\u2019employeur, etc. De plus, ces r\u00f4les sont li\u00e9s \u00e0 des fonctions allant de simples \u00e0 plus complexes. Ces r\u00f4les et fonctions sont souvent sp\u00e9cifiquement li\u00e9s \u00e0 nos buts et valeurs et \u00e0 qui nous sommes.[\/vc_column_text][\/vc_column][vc_column width=\u00a0\u00bb5\/12&Prime;][vc_column_text]<img loading=\"lazy\" class=\"alignnone\" src=\"http:\/\/intrinsicpractice.com\/wp-content\/uploads\/2020\/12\/11-Chair-of-the-Board-Haarlem.jpg\" alt=\"un vieux tableau\" width=\"1600\" height=\"1065\" \/>[\/vc_column_text][\/vc_column][\/vc_row][vc_row css_animation=\u00a0\u00bb\u00a0\u00bb row_type=\u00a0\u00bbrow\u00a0\u00bb use_row_as_full_screen_section=\u00a0\u00bbno\u00a0\u00bb type=\u00a0\u00bbgrid\u00a0\u00bb angled_section=\u00a0\u00bbno\u00a0\u00bb text_align=\u00a0\u00bbleft\u00a0\u00bb background_image_as_pattern=\u00a0\u00bbwithout_pattern\u00a0\u00bb z_index=\u00a0\u00bb\u00a0\u00bb][vc_column][vc_column_text css=\u00a0\u00bb.vc_custom_1664559803110{margin-top: 15px !important;margin-bottom: 15px !important;}\u00a0\u00bb]<\/p>\n<h3 class=\"ti-heading4\"><span style=\"color: #fff; padding-left: 4px;\">In<\/span>structions pour le gabarit<\/h3>\n<p>[\/vc_column_text][\/vc_column][\/vc_row][vc_row css_animation=\u00a0\u00bb\u00a0\u00bb row_type=\u00a0\u00bbrow\u00a0\u00bb use_row_as_full_screen_section=\u00a0\u00bbno\u00a0\u00bb type=\u00a0\u00bbgrid\u00a0\u00bb angled_section=\u00a0\u00bbno\u00a0\u00bb text_align=\u00a0\u00bbleft\u00a0\u00bb background_image_as_pattern=\u00a0\u00bbwithout_pattern\u00a0\u00bb z_index=\u00a0\u00bb\u00a0\u00bb][vc_column width=\u00a0\u00bb5\/12&Prime; el_class=\u00a0\u00bbdotted-bottom4&Prime;][vc_column_text css=\u00a0\u00bb.vc_custom_1657028726344{margin-bottom: 15px !important;}\u00a0\u00bb]R\u00e9fl\u00e9chissez aux r\u00f4les et aux fonctions qui peuvent \u00eatre pertinents \u00e0 la situation et \u00e0 leur rapport \u00e0 votre but et \u00e0 votre \u00e9thique. Inscrivez vos remarques dans l\u2019espace correspondant du gabarit.[\/vc_column_text][vc_column_text css=\u00a0\u00bb.vc_custom_1657028735353{margin-bottom: 15px !important;}\u00a0\u00bb]Par exemple, si votre valeur est d\u2019\u00eatre bienveillant ou de diriger, vous pourriez chercher un r\u00f4le li\u00e9 \u00e0 votre valeur.[\/vc_column_text][\/vc_column][vc_column width=\u00a0\u00bb1\/12&Prime;][\/vc_column][vc_column width=\u00a0\u00bb6\/12&Prime;][vc_column_text css=\u00a0\u00bb.vc_custom_1665084730196{margin-bottom: 15px !important;}\u00a0\u00bb]Visionnez le vid\u00e9oclip sur la fa\u00e7on de remplir la section\u00a0<strong>Devoir (Duty)<\/strong>.[\/vc_column_text][vc_video link=\u00a0\u00bbhttps:\/\/youtu.be\/EfxV_wLu0ZY\u00a0\u00bb][vc_column_text css=\u00a0\u00bb.vc_custom_1665606023571{margin-bottom: 15px !important;}\u00a0\u00bb]<span class=\"transcript\"><a href=\"http:\/\/intrinsicpractice.com\/wp-content\/uploads\/2022\/10\/Pratique_intrinseque_Etape_4_WORLD_Devoir_Transcription.pdf\" target=\"_blank\" rel=\"noopener noreferrer\">Transcription<\/a> (.pdf, 143 Kb)<\/span><span class=\"video-time\">1m 06s<\/span>[\/vc_column_text][\/vc_column][\/vc_row][vc_row css_animation=\u00a0\u00bb\u00a0\u00bb row_type=\u00a0\u00bbrow\u00a0\u00bb use_row_as_full_screen_section=\u00a0\u00bbno\u00a0\u00bb type=\u00a0\u00bbgrid\u00a0\u00bb angled_section=\u00a0\u00bbno\u00a0\u00bb text_align=\u00a0\u00bbleft\u00a0\u00bb background_image_as_pattern=\u00a0\u00bbwithout_pattern\u00a0\u00bb z_index=\u00a0\u00bb\u00a0\u00bb css=\u00a0\u00bb.vc_custom_1596197345586{margin-bottom: 15px !important;}\u00a0\u00bb][vc_column width=\u00a0\u00bb1\/2&Prime;][vc_column_text]<img loading=\"lazy\" class=\"tmplt-thumb tmplt-brdr alignnone wp-image-4000 size-full\" style=\"width: 90%;\" src=\"http:\/\/intrinsicpractice.com\/wp-content\/uploads\/2022\/09\/4a_WORLD_template.png\" alt=\"Gabarit 4a: WORLD\" width=\"792\" height=\"612\" srcset=\"https:\/\/intrinsicpractice.com\/wp-content\/uploads\/2022\/09\/4a_WORLD_template.png 792w, https:\/\/intrinsicpractice.com\/wp-content\/uploads\/2022\/09\/4a_WORLD_template-300x232.png 300w, https:\/\/intrinsicpractice.com\/wp-content\/uploads\/2022\/09\/4a_WORLD_template-768x593.png 768w, https:\/\/intrinsicpractice.com\/wp-content\/uploads\/2022\/09\/4a_WORLD_template-700x541.png 700w\" sizes=\"(max-width: 792px) 100vw, 792px\" \/>[\/vc_column_text][\/vc_column][vc_column width=\u00a0\u00bb1\/2&Prime;][vc_column_text css=\u00a0\u00bb.vc_custom_1664914787679{margin-bottom: 30px !important;}\u00a0\u00bb]<\/p>\n<div id=\"tmplt-right\">Si vous ne l&rsquo;avez pas d\u00e9j\u00e0 fait, t\u00e9l\u00e9chargez le gabarit 4a WORLD (.pdf, 87 Kb):<br \/>\n<a class=\"tmplt-download4\" style=\"margin-top: 10px;\" href=\"http:\/\/intrinsicpractice.com\/wp-content\/uploads\/2022\/10\/4a_WORLD_Gabarit.pdf\" download=\"\"><span style=\"vertical-align: middle;\"> T\u00e9l\u00e9charger <\/span> <img style=\"width: 18px; vertical-align: middle;\" src=\"http:\/\/intrinsicpractice.com\/wp-content\/uploads\/\/2020\/07\/download_purple.svg\" alt=\"icone T\u00e9l\u00e9charger\" \/><\/a><\/div>\n<p>[\/vc_column_text][\/vc_column][\/vc_row][vc_row css_animation=\u00a0\u00bb\u00a0\u00bb row_type=\u00a0\u00bbrow\u00a0\u00bb use_row_as_full_screen_section=\u00a0\u00bbno\u00a0\u00bb type=\u00a0\u00bbgrid\u00a0\u00bb angled_section=\u00a0\u00bbno\u00a0\u00bb text_align=\u00a0\u00bbleft\u00a0\u00bb background_image_as_pattern=\u00a0\u00bbwithout_pattern\u00a0\u00bb z_index=\u00a0\u00bb\u00a0\u00bb][vc_column][vc_column_text css=\u00a0\u00bb.vc_custom_1665084764707{margin-bottom: 15px !important;}\u00a0\u00bb]Une fois que vous vous sentez \u00e0 l&rsquo;aise passez \u00e0 la section <strong>Relation (Relationship)<\/strong>.[\/vc_column_text][\/vc_column][\/vc_row][vc_row css_animation=\u00a0\u00bb\u00a0\u00bb row_type=\u00a0\u00bbrow\u00a0\u00bb use_row_as_full_screen_section=\u00a0\u00bbno\u00a0\u00bb type=\u00a0\u00bbgrid\u00a0\u00bb angled_section=\u00a0\u00bbno\u00a0\u00bb text_align=\u00a0\u00bbleft\u00a0\u00bb background_image_as_pattern=\u00a0\u00bbwithout_pattern\u00a0\u00bb css=\u00a0\u00bb.vc_custom_1595855913921{margin-top: 20px !important;padding-top: 10px !important;padding-bottom: 10px !important;background-color: #f6f6f6 !important;}\u00a0\u00bb z_index=\u00a0\u00bb\u00a0\u00bb][vc_column][vc_column_text]<\/p>\n<div><a id=\"prev-link\" href=\"https:\/\/intrinsicpractice.com\/fr\/methode-en-6-etapes\/etape-4-connaitre-mon-monde\/world-law\/\">page pr\u00e9c\u00e9dente<\/a> <a id=\"next-link\" href=\"https:\/\/intrinsicpractice.com\/fr\/methode-en-6-etapes\/etape-4-connaitre-mon-monde\/world-relation\/\">prochaine page<\/a><\/div>\n<p>[\/vc_column_text][\/vc_column][\/vc_row]<\/p>\n","protected":false},"excerpt":{"rendered":"<p>[vc_row css_animation=\u00a0\u00bb\u00a0\u00bb row_type=\u00a0\u00bbrow\u00a0\u00bb use_row_as_full_screen_section=\u00a0\u00bbno\u00a0\u00bb type=\u00a0\u00bbgrid\u00a0\u00bb angled_section=\u00a0\u00bbno\u00a0\u00bb text_align=\u00a0\u00bbleft\u00a0\u00bb background_image_as_pattern=\u00a0\u00bbwithout_pattern\u00a0\u00bb z_index=\u00a0\u00bb\u00a0\u00bb css=\u00a0\u00bb.vc_custom_1572612549984{margin-top: 35px !important;margin-bottom: 15px !important;}\u00a0\u00bb][vc_column width=\u00a0\u00bb7\/12&Prime;][vc_column_text][\/vc_column_text][vc_column_text css=\u00a0\u00bb.vc_custom_1665084686504{margin-top: 5px !important;margin-bottom: 5px !important;}\u00a0\u00bb]Devoir (Duty)[\/vc_column_text][vc_column_text css=\u00a0\u00bb.vc_custom_1664557679733{margin-bottom: 15px !important;}\u00a0\u00bb]Pour cet aspect, r\u00e9fl\u00e9chissez \u00e0 vos fonctions et r\u00f4les dans la situation. Nous assumons un ou plusieurs r\u00f4les, en tout temps, lieu&#8230;<\/p>\n","protected":false},"author":4,"featured_media":0,"parent":3638,"menu_order":0,"comment_status":"closed","ping_status":"closed","template":"full_width.php","meta":{"inline_featured_image":false,"_mi_skip_tracking":false},"_links":{"self":[{"href":"https:\/\/intrinsicpractice.com\/fr\/wp-json\/wp\/v2\/pages\/3640"}],"collection":[{"href":"https:\/\/intrinsicpractice.com\/fr\/wp-json\/wp\/v2\/pages"}],"about":[{"href":"https:\/\/intrinsicpractice.com\/fr\/wp-json\/wp\/v2\/types\/page"}],"author":[{"embeddable":true,"href":"https:\/\/intrinsicpractice.com\/fr\/wp-json\/wp\/v2\/users\/4"}],"replies":[{"embeddable":true,"href":"https:\/\/intrinsicpractice.com\/fr\/wp-json\/wp\/v2\/comments?post=3640"}],"version-history":[{"count":20,"href":"https:\/\/intrinsicpractice.com\/fr\/wp-json\/wp\/v2\/pages\/3640\/revisions"}],"predecessor-version":[{"id":4969,"href":"https:\/\/intrinsicpractice.com\/fr\/wp-json\/wp\/v2\/pages\/3640\/revisions\/4969"}],"up":[{"embeddable":true,"href":"https:\/\/intrinsicpractice.com\/fr\/wp-json\/wp\/v2\/pages\/3638"}],"wp:attachment":[{"href":"https:\/\/intrinsicpractice.com\/fr\/wp-json\/wp\/v2\/media?parent=3640"}],"curies":[{"name":"wp","href":"https:\/\/api.w.org\/{rel}","templated":true}]}}