{"id":3638,"date":"2019-10-29T14:37:36","date_gmt":"2019-10-29T14:37:36","guid":{"rendered":"https:\/\/intrinsicpractice.com\/?page_id=3638"},"modified":"2022-10-17T17:18:42","modified_gmt":"2022-10-17T17:18:42","slug":"etape-4-connaitre-mon-monde","status":"publish","type":"page","link":"https:\/\/intrinsicpractice.com\/fr\/methode-en-6-etapes\/etape-4-connaitre-mon-monde\/","title":{"rendered":"\u00c9tape 4 &#8211; Conna\u00eetre mon monde &#8211; WORLD"},"content":{"rendered":"<p>[vc_row css_animation=\u00a0\u00bb\u00a0\u00bb row_type=\u00a0\u00bbrow\u00a0\u00bb use_row_as_full_screen_section=\u00a0\u00bbno\u00a0\u00bb type=\u00a0\u00bbgrid\u00a0\u00bb angled_section=\u00a0\u00bbno\u00a0\u00bb text_align=\u00a0\u00bbleft\u00a0\u00bb background_image_as_pattern=\u00a0\u00bbwithout_pattern\u00a0\u00bb z_index=\u00a0\u00bb\u00a0\u00bb css=\u00a0\u00bb.vc_custom_1572612549984{margin-top: 35px !important;margin-bottom: 15px !important;}\u00a0\u00bb][vc_column][vc_column_text css=\u00a0\u00bb.vc_custom_1659646423053{margin-bottom: 15px !important;}\u00a0\u00bb]<\/p>\n<h2 class=\"h2\">Objectifs et aper\u00e7u<\/h2>\n<p>[\/vc_column_text][vc_column_text css=\u00a0\u00bb.vc_custom_1656960834645{margin-bottom: 15px !important;}\u00a0\u00bb]Vous avez maintenant \u00e9tabli votre pratique, commenc\u00e9 \u00e0 d\u00e9finir votre bonheur et appris \u00e0 vous observer et \u00e0 vous conna\u00eetre dans des moments des situations, une dimension \u00e0 la fois.[\/vc_column_text][\/vc_column][\/vc_row][vc_row css_animation=\u00a0\u00bb\u00a0\u00bb row_type=\u00a0\u00bbrow\u00a0\u00bb use_row_as_full_screen_section=\u00a0\u00bbno\u00a0\u00bb type=\u00a0\u00bbgrid\u00a0\u00bb angled_section=\u00a0\u00bbno\u00a0\u00bb text_align=\u00a0\u00bbleft\u00a0\u00bb background_image_as_pattern=\u00a0\u00bbwithout_pattern\u00a0\u00bb z_index=\u00a0\u00bb\u00a0\u00bb css=\u00a0\u00bb.vc_custom_1595940309748{margin-bottom: 15px !important;}\u00a0\u00bb][vc_column][vc_column_text el_class=\u00a0\u00bbhighlightbox-out-sl\u00a0\u00bb]<\/p>\n<p class=\"highlightbox-in\">Il est maintenant temps pour vous d\u2019apprendre \u00e0 observer et \u00e0 conna\u00eetre le monde dans lequel vous vivez.<\/p>\n<p>[\/vc_column_text][\/vc_column][\/vc_row][vc_row css_animation=\u00a0\u00bb\u00a0\u00bb row_type=\u00a0\u00bbrow\u00a0\u00bb use_row_as_full_screen_section=\u00a0\u00bbno\u00a0\u00bb type=\u00a0\u00bbgrid\u00a0\u00bb angled_section=\u00a0\u00bbno\u00a0\u00bb text_align=\u00a0\u00bbleft\u00a0\u00bb background_image_as_pattern=\u00a0\u00bbwithout_pattern\u00a0\u00bb z_index=\u00a0\u00bb\u00a0\u00bb][vc_column width=\u00a0\u00bb2\/3&Prime;][vc_column_text css=\u00a0\u00bb.vc_custom_1656960923187{margin-bottom: 15px !important;}\u00a0\u00bb]Nous vivons tous quelque part. O\u00f9 que ce soit et quelle que soit notre vie, il y a toujours un monde autour de nous. De plus, nous sommes toujours en relation avec les gens, les institutions, les id\u00e9es et les choses. Les relations peuvent \u00eatre proches ou lointaines; elles peuvent \u00eatre rares ou nombreuses; elles peuvent \u00eatre durables ou transitoires, mais elles existent toujours. Ainsi, m\u00eame si bon nombre de vos exp\u00e9riences de bonheur proviennent de vous, elles se produisent toujours dans le contexte de l\u2019endroit o\u00f9 vous \u00eates, de votre monde. Elles ont lieu dans le contexte de vos relations avec les gens, les institutions, les id\u00e9es et les choses dans ce monde. Il existe de nombreuses perspectives \u00e0 partir desquelles vous pouvez observer et conna\u00eetre le monde. Pour cette m\u00e9thode, nous nommerons ces perspectives \u00ab\u00a0aspects\u00a0\u00bb pour les distinguer des \u00e9l\u00e9ments de votre bonheur et des dimensions de vous-m\u00eame. De m\u00eame, dans toute situation, ces aspects pourraient \u00eatre propices ou non au bonheur. Il peut donc \u00eatre tr\u00e8s utile d\u2019observer et de conna\u00eetre votre monde en fonction de ces aspects.[\/vc_column_text][\/vc_column][vc_column width=\u00a0\u00bb1\/3&Prime;][vc_column_text css=\u00a0\u00bb.vc_custom_1662754423912{margin-bottom: 15px !important;}\u00a0\u00bb]<img loading=\"lazy\" class=\"alignnone\" style=\"width: 100%;\" src=\"http:\/\/intrinsicpractice.com\/wp-content\/uploads\/2020\/11\/8-Bsnff.jpg\" alt=\"Montagnes \u00e0 Banff, Canada\" width=\"1600\" height=\"1074\" \/>[\/vc_column_text][\/vc_column][\/vc_row][vc_row css_animation=\u00a0\u00bb\u00a0\u00bb row_type=\u00a0\u00bbrow\u00a0\u00bb use_row_as_full_screen_section=\u00a0\u00bbno\u00a0\u00bb type=\u00a0\u00bbgrid\u00a0\u00bb angled_section=\u00a0\u00bbno\u00a0\u00bb text_align=\u00a0\u00bbleft\u00a0\u00bb background_image_as_pattern=\u00a0\u00bbwithout_pattern\u00a0\u00bb z_index=\u00a0\u00bb\u00a0\u00bb][vc_column width=\u00a0\u00bb1\/3&Prime;][vc_column_text css=\u00a0\u00bb.vc_custom_1662754442741{margin-bottom: 15px !important;}\u00a0\u00bb]<img loading=\"lazy\" class=\"alignnone\" style=\"width: 100%;\" src=\"http:\/\/intrinsicpractice.com\/wp-content\/uploads\/2020\/11\/35-Israel-21-of-65-2.jpg\" alt=\"architecture en Isra\u00ebl\" width=\"1600\" height=\"1197\" \/>[\/vc_column_text][\/vc_column][vc_column width=\u00a0\u00bb2\/3&Prime;][vc_column_text css=\u00a0\u00bb.vc_custom_1656961214504{margin-bottom: 15px !important;}\u00a0\u00bb]Pour conna\u00eetre son monde, il faut une<strong> observation<\/strong> et une <strong>r\u00e9flexion<\/strong> approfondies. Vous avez probablement d\u00e9j\u00e0 la capacit\u00e9 d\u2019observer le monde dans lequel vous vivez, d\u2019y r\u00e9fl\u00e9chir et de formuler des id\u00e9es \u00e0 son sujet. La m\u00e9thode et les cinq aspects qu\u2019elle utilise peuvent vous aider \u00e0 d\u00e9velopper davantage cette capacit\u00e9. Comme pour la connaissance de soi, un d\u00e9fi cl\u00e9 auquel nous sommes tous confront\u00e9s pour conna\u00eetre notre monde est la tendance \u00e0 \u00eatre r\u00e9ductionniste, c\u2019est-\u00e0-dire \u00e0 ne consid\u00e9rer que quelques aspects de notre monde de mani\u00e8re statique. Par exemple, nous pouvons observer le monde principalement par le biais de certaines relations et non par plusieurs autres aspects et r\u00f4les. Ainsi, il se peut que nous comprenions surtout notre vie familiale ou notre vie professionnelle, mais pas les aspects sociaux ou politiques proches et \u00e9loign\u00e9s de nous. Nous n\u2019envisageons peut-\u00eatre pas les structures et les r\u00e8gles qui nous entourent de mani\u00e8re suffisamment r\u00e9fl\u00e9chie. En raison de cette tendance, nous ne disposons g\u00e9n\u00e9ralement que de renseignements fragmentaires \u00e0 n\u2019importe quel moment donn\u00e9. Pour contrer cette lacune, la m\u00e9thode offre un outil comportant cinq aspects qui aident \u00e0 observer le monde dans lequel vous vivez de fa\u00e7on plus compl\u00e8te, inter reli\u00e9e et dynamique, ainsi qu\u2019\u00e0 y r\u00e9fl\u00e9chir et \u00e0 le conna\u00eetre.[\/vc_column_text][\/vc_column][\/vc_row][vc_row css_animation=\u00a0\u00bb\u00a0\u00bb row_type=\u00a0\u00bbrow\u00a0\u00bb use_row_as_full_screen_section=\u00a0\u00bbno\u00a0\u00bb type=\u00a0\u00bbgrid\u00a0\u00bb angled_section=\u00a0\u00bbno\u00a0\u00bb text_align=\u00a0\u00bbleft\u00a0\u00bb background_image_as_pattern=\u00a0\u00bbwithout_pattern\u00a0\u00bb z_index=\u00a0\u00bb\u00a0\u00bb][vc_column width=\u00a0\u00bb2\/3&Prime;][vc_column_text css=\u00a0\u00bb.vc_custom_1656961246512{margin-bottom: 15px !important;}\u00a0\u00bb]Comme pour vous conna\u00eetre \u00e0 l\u2019aide des sept dimensions, vous utiliserez l\u2019outil avec ses cinq aspects pour conna\u00eetre votre monde, situation par situation. Vous apprendrez \u00e0 conna\u00eetre de pr\u00e8s le monde selon une situation pass\u00e9e, pr\u00e9sente ou future de votre vie. C\u2019est cette connaissance de situations particuli\u00e8res qui vous permettra d\u2019avoir une connaissance de plus en plus approfondie et vaste de votre monde et des relations que vous y entretenez. De plus, gr\u00e2ce \u00e0 cette connaissance \u00e9volutive de votre monde acquise gr\u00e2ce \u00e0 l\u2019outil, vous serez de plus en plus capable d\u2019en d\u00e9terminer des aspects qui pourraient \u00eatre propices ou non au bonheur.[\/vc_column_text][vc_column_text css=\u00a0\u00bb.vc_custom_1664553354189{margin-bottom: 15px !important;}\u00a0\u00bb]Vous avez maintenant mis en place votre pratique, commenc\u00e9 \u00e0 d\u00e9finir votre bonheur et appris \u00e0 vous observer et \u00e0 vous conna\u00eetre selon les situations, dimension par dimension.[\/vc_column_text][\/vc_column][vc_column width=\u00a0\u00bb1\/3&Prime;][vc_column_text css=\u00a0\u00bb.vc_custom_1662754459441{margin-bottom: 15px !important;}\u00a0\u00bb]<img loading=\"lazy\" class=\"alignnone\" style=\"width: 100%;\" src=\"http:\/\/intrinsicpractice.com\/wp-content\/uploads\/2020\/11\/71-Nice-2018-Digue.jpg\" alt=\"un petit quai sur l\u2019eau\" width=\"1600\" height=\"1067\" \/>[\/vc_column_text][\/vc_column][\/vc_row][vc_row css_animation=\u00a0\u00bb\u00a0\u00bb row_type=\u00a0\u00bbrow\u00a0\u00bb use_row_as_full_screen_section=\u00a0\u00bbno\u00a0\u00bb type=\u00a0\u00bbgrid\u00a0\u00bb angled_section=\u00a0\u00bbno\u00a0\u00bb text_align=\u00a0\u00bbleft\u00a0\u00bb background_image_as_pattern=\u00a0\u00bbwithout_pattern\u00a0\u00bb z_index=\u00a0\u00bb\u00a0\u00bb][vc_column][vc_column_text css=\u00a0\u00bb.vc_custom_1664553405585{margin-bottom: 15px !important;}\u00a0\u00bb]Ainsi, le proc\u00e9d\u00e9 mn\u00e9monique de l\u2019\u00e9tape\u00a04 est <strong>WORLD<\/strong>, qui signifie 5Q (Quoi, O\u00f9, Pourquoi, Qui, Quand), Organisation, Relations, Droit et Devoir.[\/vc_column_text][vc_column_text css=\u00a0\u00bb.vc_custom_1662754102903{margin-bottom: 15px !important;}\u00a0\u00bb]<a href=\"http:\/\/intrinsicpractice.com\/wp-content\/uploads\/2022\/09\/world_all.svg\"><img  class=\"alignnone wp-image-3997 size-full\" src=\"http:\/\/intrinsicpractice.com\/wp-content\/uploads\/2022\/09\/world_all.svg\" alt=\"WORLD : 5Q, Organisation, Relations, Loi et Devoir\" \/><\/a>[\/vc_column_text][vc_column_text css=\u00a0\u00bb.vc_custom_1656961389677{margin-bottom: 15px !important;}\u00a0\u00bb]Ce sont les cinq aspects de l\u2019observation, de la r\u00e9flexion et de la connaissance de votre monde. Bien que vos exp\u00e9riences proviennent grandement de vous-m\u00eame \u00e0 tout moment et \u00e0 tout endroit, surtout lorsque vous \u00eates en mode intrins\u00e8que, elles se produisent toujours dans le monde relationnel dans lequel vous vivez. L\u2019outil WORLD vous aidera \u00e0 conna\u00eetre ce monde. Il est \u00e9galement con\u00e7u pour s\u2019ajouter aux outils PEACE et MINDSET que vous avez appris \u00e0 utiliser. De plus, les trois outils seront regroup\u00e9s dans un seul gabarit, comme ce fut le cas pour PEACE et MINDSET \u00e0 l\u2019\u00e9tape\u00a03, afin d\u2019offrir une connaissance de plus en plus coordonn\u00e9e et compl\u00e8te de votre d\u00e9finition du bonheur, de vous-m\u00eame et de votre monde.[\/vc_column_text][vc_column_text css=\u00a0\u00bb.vc_custom_1656961424013{margin-bottom: 15px !important;}\u00a0\u00bb]Ce gabarit combin\u00e9 \u00e0 trois outils sera utilis\u00e9 aux \u00e9tapes\u00a05 et 6. Voici le gabarit\u00a04a pour conna\u00eetre votre monde\u00a0:[\/vc_column_text][vc_column_text css=\u00a0\u00bb.vc_custom_1659646467682{margin-top: 20px !important;}\u00a0\u00bb]<\/p>\n<h3>Gabarit 4a World<\/h3>\n<p>[\/vc_column_text][\/vc_column][\/vc_row][vc_row css_animation=\u00a0\u00bb\u00a0\u00bb row_type=\u00a0\u00bbrow\u00a0\u00bb use_row_as_full_screen_section=\u00a0\u00bbno\u00a0\u00bb type=\u00a0\u00bbgrid\u00a0\u00bb angled_section=\u00a0\u00bbno\u00a0\u00bb text_align=\u00a0\u00bbleft\u00a0\u00bb background_image_as_pattern=\u00a0\u00bbwithout_pattern\u00a0\u00bb z_index=\u00a0\u00bb\u00a0\u00bb][vc_column width=\u00a0\u00bb1\/2&Prime;][vc_column_text css=\u00a0\u00bb.vc_custom_1662754163379{margin-bottom: 25px !important;}\u00a0\u00bb]<img loading=\"lazy\" class=\"tmplt-thumb tmplt-brdr alignnone wp-image-4000 size-full\" style=\"width: 90%;\" src=\"http:\/\/intrinsicpractice.com\/wp-content\/uploads\/2022\/09\/4a_WORLD_template.png\" alt=\"Gabarit 4a: WORLD\" width=\"792\" height=\"612\" srcset=\"https:\/\/intrinsicpractice.com\/wp-content\/uploads\/2022\/09\/4a_WORLD_template.png 792w, https:\/\/intrinsicpractice.com\/wp-content\/uploads\/2022\/09\/4a_WORLD_template-300x232.png 300w, https:\/\/intrinsicpractice.com\/wp-content\/uploads\/2022\/09\/4a_WORLD_template-768x593.png 768w, https:\/\/intrinsicpractice.com\/wp-content\/uploads\/2022\/09\/4a_WORLD_template-700x541.png 700w\" sizes=\"(max-width: 792px) 100vw, 792px\" \/>[\/vc_column_text][\/vc_column][vc_column width=\u00a0\u00bb1\/2&Prime;][vc_column_text css=\u00a0\u00bb.vc_custom_1664914516292{margin-bottom: 45px !important;}\u00a0\u00bb]<\/p>\n<div id=\"tmplt-right\">T\u00e9l\u00e9chargez le gabarit 4a WORLD (.pdf, 87 Kb):<br \/>\n<a class=\"tmplt-download4\" style=\"margin-top: 10px;\" href=\"http:\/\/intrinsicpractice.com\/wp-content\/uploads\/2022\/10\/4a_WORLD_Gabarit.pdf\" download=\"\"><span style=\"vertical-align: middle;\">T\u00e9l\u00e9charger<\/span> <img style=\"width: 18px; vertical-align: middle;\" src=\"http:\/\/intrinsicpractice.com\/wp-content\/uploads\/\/2020\/07\/download_purple.svg\" alt=\"icone T\u00e9l\u00e9charger\" \/><\/a><\/div>\n<p>[\/vc_column_text][\/vc_column][\/vc_row][vc_row css_animation=\u00a0\u00bb\u00a0\u00bb row_type=\u00a0\u00bbrow\u00a0\u00bb use_row_as_full_screen_section=\u00a0\u00bbno\u00a0\u00bb type=\u00a0\u00bbgrid\u00a0\u00bb angled_section=\u00a0\u00bbno\u00a0\u00bb text_align=\u00a0\u00bbleft\u00a0\u00bb background_image_as_pattern=\u00a0\u00bbwithout_pattern\u00a0\u00bb z_index=\u00a0\u00bb\u00a0\u00bb][vc_column][vc_column_text css=\u00a0\u00bb.vc_custom_1664559562530{margin-top: 30px !important;margin-bottom: 15px !important;}\u00a0\u00bb]<\/p>\n<h3 class=\"ti-heading4\"><span style=\"color: #fff; padding-left: 4px;\">In<\/span>structions pour le gabarit<\/h3>\n<p>[\/vc_column_text][\/vc_column][\/vc_row][vc_row css_animation=\u00a0\u00bb\u00a0\u00bb row_type=\u00a0\u00bbrow\u00a0\u00bb use_row_as_full_screen_section=\u00a0\u00bbno\u00a0\u00bb type=\u00a0\u00bbgrid\u00a0\u00bb angled_section=\u00a0\u00bbno\u00a0\u00bb text_align=\u00a0\u00bbleft\u00a0\u00bb background_image_as_pattern=\u00a0\u00bbwithout_pattern\u00a0\u00bb z_index=\u00a0\u00bb\u00a0\u00bb][vc_column width=\u00a0\u00bb5\/12&Prime; el_class=\u00a0\u00bbdotted-bottom4&Prime;][vc_column_text css=\u00a0\u00bb.vc_custom_1656961454765{margin-bottom: 15px !important;}\u00a0\u00bb]Pour commencer, utilisez une situation simple \u00e0 laquelle vous donnerez un nom; inscrivez ce nom au haut du gabarit apr\u00e8s \u00ab\u00a0Nom de la situation\u00a0\u00bb. Vous pouvez choisir n\u2019importe quelle situation r\u00e9cente ou en cours qui est fra\u00eeche \u00e0 la m\u00e9moire. Vous allez maintenant l\u2019observer et y r\u00e9fl\u00e9chir en fonction des cinq aspects, un par un, en commen\u00e7ant par \u00ab\u00a05Q\u00a0\u00bb, puis avec \u00ab\u00a0Organisation\u00a0\u00bb, \u00ab\u00a0Loi\u00a0\u00bb, \u00ab\u00a0Relations\u00a0\u00bb et enfin \u00ab\u00a0Devoir\u00a0\u00bb.[\/vc_column_text][\/vc_column][vc_column width=\u00a0\u00bb1\/12&Prime;][\/vc_column][vc_column width=\u00a0\u00bb6\/12&Prime;][vc_column_text css=\u00a0\u00bb.vc_custom_1659646565776{margin-bottom: 15px !important;}\u00a0\u00bb]Visionnez un aper\u00e7u sur la fa\u00e7on d&rsquo;utiliser le gabarit <strong>4a WORLD<\/strong>.[\/vc_column_text][vc_video link=\u00a0\u00bbhttps:\/\/youtu.be\/_GKfHfB2T_g\u00a0\u00bb][vc_column_text css=\u00a0\u00bb.vc_custom_1666027116942{margin-bottom: 15px !important;}\u00a0\u00bb]<span class=\"transcript\"><a href=\"http:\/\/intrinsicpractice.com\/wp-content\/uploads\/2022\/10\/Pratique_intrinseque_Etape_4_WORLD_Introduction_Transcription-1.pdf\" target=\"_blank\" rel=\"noopener noreferrer\">Transcription<\/a> (.pdf, 135 Kb)<\/span><span class=\"video-time\">2m 37s<\/span>[\/vc_column_text][\/vc_column][\/vc_row][vc_row css_animation=\u00a0\u00bb\u00a0\u00bb row_type=\u00a0\u00bbrow\u00a0\u00bb use_row_as_full_screen_section=\u00a0\u00bbno\u00a0\u00bb type=\u00a0\u00bbgrid\u00a0\u00bb angled_section=\u00a0\u00bbno\u00a0\u00bb text_align=\u00a0\u00bbleft\u00a0\u00bb background_image_as_pattern=\u00a0\u00bbwithout_pattern\u00a0\u00bb z_index=\u00a0\u00bb\u00a0\u00bb][vc_column][vc_column_text css=\u00a0\u00bb.vc_custom_1665084197665{margin-bottom: 15px !important;}\u00a0\u00bb]Les pages suivantes d\u00e9crivent plus en d\u00e9tail chacun des \u00e9l\u00e9ments de <strong>WORLD<\/strong>. Vous pourrez \u00e9galement t\u00e9l\u00e9charger le mod\u00e8le WORLD\u00a0et regarder une vid\u00e9o ou lire des instructions sur la fa\u00e7on de remplir chaque \u00e9l\u00e9ment. Commen\u00e7ons par <strong>5Q (W5)<\/strong>.[\/vc_column_text][\/vc_column][\/vc_row][vc_row css_animation=\u00a0\u00bb\u00a0\u00bb row_type=\u00a0\u00bbrow\u00a0\u00bb use_row_as_full_screen_section=\u00a0\u00bbno\u00a0\u00bb type=\u00a0\u00bbgrid\u00a0\u00bb angled_section=\u00a0\u00bbno\u00a0\u00bb text_align=\u00a0\u00bbleft\u00a0\u00bb background_image_as_pattern=\u00a0\u00bbwithout_pattern\u00a0\u00bb css=\u00a0\u00bb.vc_custom_1595855279165{margin-top: 20px !important;padding-top: 10px !important;padding-bottom: 10px !important;background-color: #f6f6f6 !important;}\u00a0\u00bb z_index=\u00a0\u00bb\u00a0\u00bb][vc_column][vc_column_text]<\/p>\n<div><a id=\"prev-link\" href=\"https:\/\/intrinsicpractice.com\/fr\/methode-en-6-etapes\/etape-3-me-connaitre\/mindset-conclusion\/\">page pr\u00e9c\u00e9dente<\/a> <a id=\"next-link\" href=\"https:\/\/intrinsicpractice.com\/fr\/methode-en-6-etapes\/etape-4-connaitre-mon-monde\/world-5q\/\">prochaine page<\/a><\/div>\n<p>[\/vc_column_text][\/vc_column][\/vc_row]<\/p>\n","protected":false},"excerpt":{"rendered":"<p>[vc_row css_animation=\u00a0\u00bb\u00a0\u00bb row_type=\u00a0\u00bbrow\u00a0\u00bb use_row_as_full_screen_section=\u00a0\u00bbno\u00a0\u00bb type=\u00a0\u00bbgrid\u00a0\u00bb angled_section=\u00a0\u00bbno\u00a0\u00bb text_align=\u00a0\u00bbleft\u00a0\u00bb background_image_as_pattern=\u00a0\u00bbwithout_pattern\u00a0\u00bb z_index=\u00a0\u00bb\u00a0\u00bb css=\u00a0\u00bb.vc_custom_1572612549984{margin-top: 35px !important;margin-bottom: 15px !important;}\u00a0\u00bb][vc_column][vc_column_text css=\u00a0\u00bb.vc_custom_1659646423053{margin-bottom: 15px !important;}\u00a0\u00bb] Objectifs et aper\u00e7u [\/vc_column_text][vc_column_text css=\u00a0\u00bb.vc_custom_1656960834645{margin-bottom: 15px !important;}\u00a0\u00bb]Vous avez maintenant \u00e9tabli votre pratique, commenc\u00e9 \u00e0 d\u00e9finir votre bonheur et appris \u00e0 vous observer et \u00e0 vous conna\u00eetre dans des&#8230;<\/p>\n","protected":false},"author":4,"featured_media":0,"parent":3571,"menu_order":0,"comment_status":"closed","ping_status":"closed","template":"full_width.php","meta":{"inline_featured_image":false,"_mi_skip_tracking":false},"_links":{"self":[{"href":"https:\/\/intrinsicpractice.com\/fr\/wp-json\/wp\/v2\/pages\/3638"}],"collection":[{"href":"https:\/\/intrinsicpractice.com\/fr\/wp-json\/wp\/v2\/pages"}],"about":[{"href":"https:\/\/intrinsicpractice.com\/fr\/wp-json\/wp\/v2\/types\/page"}],"author":[{"embeddable":true,"href":"https:\/\/intrinsicpractice.com\/fr\/wp-json\/wp\/v2\/users\/4"}],"replies":[{"embeddable":true,"href":"https:\/\/intrinsicpractice.com\/fr\/wp-json\/wp\/v2\/comments?post=3638"}],"version-history":[{"count":22,"href":"https:\/\/intrinsicpractice.com\/fr\/wp-json\/wp\/v2\/pages\/3638\/revisions"}],"predecessor-version":[{"id":5040,"href":"https:\/\/intrinsicpractice.com\/fr\/wp-json\/wp\/v2\/pages\/3638\/revisions\/5040"}],"up":[{"embeddable":true,"href":"https:\/\/intrinsicpractice.com\/fr\/wp-json\/wp\/v2\/pages\/3571"}],"wp:attachment":[{"href":"https:\/\/intrinsicpractice.com\/fr\/wp-json\/wp\/v2\/media?parent=3638"}],"curies":[{"name":"wp","href":"https:\/\/api.w.org\/{rel}","templated":true}]}}