{"id":3623,"date":"2019-10-29T19:31:54","date_gmt":"2019-10-29T19:31:54","guid":{"rendered":"https:\/\/intrinsicpractice.com\/?page_id=3623"},"modified":"2022-10-12T20:06:53","modified_gmt":"2022-10-12T20:06:53","slug":"mindset-doing","status":"publish","type":"page","link":"https:\/\/intrinsicpractice.com\/fr\/methode-en-6-etapes\/etape-3-me-connaitre\/mindset-doing\/","title":{"rendered":"MINDSET &#8211; D(oing)"},"content":{"rendered":"<p>[vc_row css_animation=\u00a0\u00bb\u00a0\u00bb row_type=\u00a0\u00bbrow\u00a0\u00bb use_row_as_full_screen_section=\u00a0\u00bbno\u00a0\u00bb type=\u00a0\u00bbgrid\u00a0\u00bb angled_section=\u00a0\u00bbno\u00a0\u00bb text_align=\u00a0\u00bbleft\u00a0\u00bb background_image_as_pattern=\u00a0\u00bbwithout_pattern\u00a0\u00bb z_index=\u00a0\u00bb\u00a0\u00bb css=\u00a0\u00bb.vc_custom_1572612549984{margin-top: 35px !important;margin-bottom: 15px !important;}\u00a0\u00bb][vc_column width=\u00a0\u00bb2\/3&Prime;][vc_column_text]<img loading=\"lazy\" class=\"alignnone wp-image-3402 size-large\" src=\"http:\/\/intrinsicpractice.com\/wp-content\/uploads\/\/2020\/09\/mindset_d.svg\" alt=\"MINDSET (avec la lettre D surlign\u00e9e)\" width=\"1024\" height=\"1024\" \/>[\/vc_column_text][vc_column_text css=\u00a0\u00bb.vc_custom_1664550234676{margin-bottom: 10px !important;}\u00a0\u00bb]<span class=\"merry fs32\">Comportement (<span class=\"step3col\">D<\/span>oing)<\/span>[\/vc_column_text][vc_column_text css=\u00a0\u00bb.vc_custom_1664556572891{margin-bottom: 5px !important;}\u00a0\u00bb]<span class=\"TextRun SCXW222086428 BCX0\" lang=\"FR-CA\" xml:lang=\"FR-CA\" data-contrast=\"none\"><span class=\"NormalTextRun SCXW222086428 BCX0\">Cette dimension comprend tout ce qui touche vos actions, votre comportement et votre conduite, seul ou avec d\u2019autres personnes. Elle comprend \u00e9galement la fa\u00e7on dont vous vous habillez, marchez, parlez et interagissez avec les autres et avec les choses, la fa\u00e7on dont vous vous pr\u00e9sentez et \u00eates per\u00e7u par les autres, l\u2019image publique que vous cultivez, etc. Elle englobe tout aspect de vous qui se manifeste par l\u2019apparence et les actions.<\/span><\/span><span class=\"EOP SCXW222086428 BCX0\" data-ccp-props=\"{&quot;201341983&quot;:1,&quot;335551550&quot;:1,&quot;335551620&quot;:1,&quot;335559685&quot;:-90,&quot;335559731&quot;:0,&quot;335559737&quot;:216,&quot;335559738&quot;:269,&quot;335559740&quot;:270,&quot;469777462&quot;:[288],&quot;469777927&quot;:[0],&quot;469777928&quot;:[0]}\">\u00a0<\/span>[\/vc_column_text][\/vc_column][vc_column width=\u00a0\u00bb1\/3&Prime;][vc_column_text]<img loading=\"lazy\" class=\"alignnone\" style=\"width: 100%;\" src=\"http:\/\/intrinsicpractice.com\/wp-content\/uploads\/2020\/11\/46-Lyon_6657-2.jpg\" alt=\"Un homme \u00e0 Lyon, en France, avec un parapluie marchant sous la pluie\" width=\"1600\" height=\"1067\" \/>[\/vc_column_text][\/vc_column][\/vc_row][vc_row css_animation=\u00a0\u00bb\u00a0\u00bb row_type=\u00a0\u00bbrow\u00a0\u00bb use_row_as_full_screen_section=\u00a0\u00bbno\u00a0\u00bb type=\u00a0\u00bbgrid\u00a0\u00bb angled_section=\u00a0\u00bbno\u00a0\u00bb text_align=\u00a0\u00bbleft\u00a0\u00bb background_image_as_pattern=\u00a0\u00bbwithout_pattern\u00a0\u00bb z_index=\u00a0\u00bb\u00a0\u00bb][vc_column][vc_column_text css=\u00a0\u00bb.vc_custom_1656431821146{margin-bottom: 15px !important;}\u00a0\u00bb]<span class=\"TextRun SCXW68778391 BCX0\" lang=\"FR-CA\" xml:lang=\"FR-CA\" data-contrast=\"none\"><span class=\"NormalTextRun SCXW68778391 BCX0\">Par exemple, votre comportement peut avoir \u00e9t\u00e9 adaptatif, respectueux, appropri\u00e9 ou constructif, ce qui serait propice au bonheur, ou il a peut-\u00eatre \u00e9t\u00e9 non adaptatif, perturbateur, destructif, irrespectueux, etc., ce qui ne serait pas propice au bonheur. Dans la mesure du possible, soulignez ce qui a \u00e9t\u00e9 propice et encerclez ce qui ne l\u2019a pas \u00e9t\u00e9.<\/span><\/span><span class=\"EOP SCXW68778391 BCX0\" data-ccp-props=\"{&quot;201341983&quot;:1,&quot;335551550&quot;:1,&quot;335551620&quot;:1,&quot;335559685&quot;:-90,&quot;335559737&quot;:216,&quot;335559738&quot;:271,&quot;335559739&quot;:0,&quot;335559740&quot;:270,&quot;335559991&quot;:0}\">\u00a0<\/span>[\/vc_column_text][\/vc_column][\/vc_row][vc_row css_animation=\u00a0\u00bb\u00a0\u00bb row_type=\u00a0\u00bbrow\u00a0\u00bb use_row_as_full_screen_section=\u00a0\u00bbno\u00a0\u00bb type=\u00a0\u00bbgrid\u00a0\u00bb angled_section=\u00a0\u00bbno\u00a0\u00bb text_align=\u00a0\u00bbleft\u00a0\u00bb background_image_as_pattern=\u00a0\u00bbwithout_pattern\u00a0\u00bb z_index=\u00a0\u00bb\u00a0\u00bb][vc_column][vc_column_text css=\u00a0\u00bb.vc_custom_1664559220851{margin-bottom: 15px !important;}\u00a0\u00bb]<\/p>\n<h3 class=\"ti-heading3\"><span style=\"color: #fff; padding-left: 4px;\">In<\/span>structions pour le gabarit<\/h3>\n<p>[\/vc_column_text][\/vc_column][\/vc_row][vc_row css_animation=\u00a0\u00bb\u00a0\u00bb row_type=\u00a0\u00bbrow\u00a0\u00bb use_row_as_full_screen_section=\u00a0\u00bbno\u00a0\u00bb type=\u00a0\u00bbgrid\u00a0\u00bb angled_section=\u00a0\u00bbno\u00a0\u00bb text_align=\u00a0\u00bbleft\u00a0\u00bb background_image_as_pattern=\u00a0\u00bbwithout_pattern\u00a0\u00bb z_index=\u00a0\u00bb\u00a0\u00bb css=\u00a0\u00bb.vc_custom_1600277215762{margin-bottom: 15px !important;}\u00a0\u00bb][vc_column width=\u00a0\u00bb5\/12&Prime; el_class=\u00a0\u00bbdotted-bottom3&Prime;][vc_column_text css=\u00a0\u00bb.vc_custom_1665077052730{margin-bottom: 15px !important;}\u00a0\u00bb]Pendant quelques jours ou semaines, inscrivez dans le gabarit\u202f3.a MINDSET comment vous vous \u00eates comport\u00e9 \u00e0 un moment donn\u00e9 d\u2019une situation particuli\u00e8re. \u00c0 l\u2019aide de phrases, d\u00e9crivez votre apparence et votre comportement de fa\u00e7on simple et narrative. Votre description doit tout inclure\u202f: la fa\u00e7on dont vous \u00e9tiez habill\u00e9, vos gestes, vos mani\u00e8res, votre fa\u00e7on de parler et de bouger, etc. Vous pouvez \u00e9galement dresser la liste des mots qui d\u00e9crivent votre apparence et votre comportement. \u00c0 cette fin, vous pouvez choisir des mots dans la liste <a class=\"wordlist3\" href=\"http:\/\/intrinsicpractice.com\/wp-content\/uploads\/2022\/10\/Mots-pour-le-comportement.pdf\" target=\"_blank\" rel=\"noopener noreferrer\">Mots pour le comportement<\/a> fournie en annexe. R\u00e9fl\u00e9chissez \u00e0 vos observations et \u00e0 la question de savoir si votre comportement a g\u00e9n\u00e9ralement \u00e9t\u00e9 propice ou non propice \u00e0 votre bonheur.[\/vc_column_text][\/vc_column][vc_column width=\u00a0\u00bb1\/12&Prime;][\/vc_column][vc_column width=\u00a0\u00bb6\/12&Prime;][vc_column_text css=\u00a0\u00bb.vc_custom_1665083615853{margin-bottom: 15px !important;}\u00a0\u00bb]Visionnez le vid\u00e9oclip sur la fa\u00e7on de remplir la section <strong>Comportement (Doing)<\/strong>.[\/vc_column_text][vc_video link=\u00a0\u00bbhttps:\/\/youtu.be\/6TwBOJJzNqs\u00a0\u00bb][vc_column_text css=\u00a0\u00bb.vc_custom_1665605208444{margin-bottom: 30px !important;}\u00a0\u00bb]<span class=\"transcript\"><a href=\"http:\/\/intrinsicpractice.com\/wp-content\/uploads\/2022\/10\/Pratique_intrinseque_Etape_3_MINDSET_Comportement_Transcription.pdf\" target=\"_blank\" rel=\"noopener noreferrer\">Transcription<\/a> (.pdf, 155 Kb)<\/span><span class=\"video-time\">3m 18s<\/span>[\/vc_column_text][\/vc_column][\/vc_row][vc_row css_animation=\u00a0\u00bb\u00a0\u00bb row_type=\u00a0\u00bbrow\u00a0\u00bb use_row_as_full_screen_section=\u00a0\u00bbno\u00a0\u00bb type=\u00a0\u00bbgrid\u00a0\u00bb angled_section=\u00a0\u00bbno\u00a0\u00bb text_align=\u00a0\u00bbleft\u00a0\u00bb background_image_as_pattern=\u00a0\u00bbwithout_pattern\u00a0\u00bb z_index=\u00a0\u00bb\u00a0\u00bb css=\u00a0\u00bb.vc_custom_1600277537269{margin-bottom: 15px !important;}\u00a0\u00bb][vc_column width=\u00a0\u00bb1\/2&Prime;][vc_column_text css=\u00a0\u00bb.vc_custom_1662748796536{margin-bottom: 15px !important;}\u00a0\u00bb]<img loading=\"lazy\" class=\"tmplt-brdr alignnone wp-image-3968 size-full\" src=\"http:\/\/intrinsicpractice.com\/wp-content\/uploads\/2022\/09\/3a_MINDSET_Template.png\" alt=\"Gabarit 3a MINDSET\" width=\"612\" height=\"792\" srcset=\"https:\/\/intrinsicpractice.com\/wp-content\/uploads\/2022\/09\/3a_MINDSET_Template.png 612w, https:\/\/intrinsicpractice.com\/wp-content\/uploads\/2022\/09\/3a_MINDSET_Template-232x300.png 232w\" sizes=\"(max-width: 612px) 100vw, 612px\" \/>[\/vc_column_text][\/vc_column][vc_column width=\u00a0\u00bb1\/2&Prime;][vc_column_text css=\u00a0\u00bb.vc_custom_1664911413184{margin-bottom: 45px !important;}\u00a0\u00bb]<\/p>\n<div id=\"tmplt-right\">Si vous ne l&rsquo;avez pas d\u00e9j\u00e0 fait, t\u00e9l\u00e9chargez le gabarit 3a MINDSET (.pdf, 111 Kb):<br \/>\n<a class=\"tmplt-download3\" style=\"margin-top: 10px;\" href=\"http:\/\/intrinsicpractice.com\/wp-content\/uploads\/2022\/10\/3a_MINDSET_Gabarit.pdf\" download=\"\"><span style=\"vertical-align: middle;\">T\u00e9l\u00e9charger<\/span> <img style=\"width: 18px; vertical-align: middle;\" src=\"http:\/\/intrinsicpractice.com\/wp-content\/uploads\/\/2020\/09\/download_red.svg\" alt=\"icone T\u00e9l\u00e9charger\" \/><\/a><\/div>\n<p>[\/vc_column_text][\/vc_column][\/vc_row][vc_row css_animation=\u00a0\u00bb\u00a0\u00bb row_type=\u00a0\u00bbrow\u00a0\u00bb use_row_as_full_screen_section=\u00a0\u00bbno\u00a0\u00bb type=\u00a0\u00bbgrid\u00a0\u00bb angled_section=\u00a0\u00bbno\u00a0\u00bb text_align=\u00a0\u00bbleft\u00a0\u00bb background_image_as_pattern=\u00a0\u00bbwithout_pattern\u00a0\u00bb z_index=\u00a0\u00bb\u00a0\u00bb][vc_column][vc_column_text css=\u00a0\u00bb.vc_custom_1656431901829{margin-bottom: 15px !important;}\u00a0\u00bb]<span class=\"TextRun SCXW160384473 BCX0\" lang=\"FR-CA\" xml:lang=\"FR-CA\" data-contrast=\"none\"><span class=\"NormalTextRun SCXW160384473 BCX0\">Faites cet exercice jusqu\u2019\u00e0 ce que vous vous sentiez en mesure d\u2019observer et de d\u00e9crire facilement votre apparence et votre comportement, en tout temps, dans plusieurs situations. Passez ensuite \u00e0 la dimension suivante.<\/span><\/span><span class=\"EOP SCXW160384473 BCX0\" data-ccp-props=\"{&quot;201341983&quot;:1,&quot;335551550&quot;:1,&quot;335551620&quot;:1,&quot;335559685&quot;:567,&quot;335559737&quot;:216,&quot;335559738&quot;:264,&quot;335559739&quot;:160,&quot;335559740&quot;:271}\">\u00a0<\/span>[\/vc_column_text][\/vc_column][\/vc_row][vc_row css_animation=\u00a0\u00bb\u00a0\u00bb row_type=\u00a0\u00bbrow\u00a0\u00bb use_row_as_full_screen_section=\u00a0\u00bbno\u00a0\u00bb type=\u00a0\u00bbgrid\u00a0\u00bb angled_section=\u00a0\u00bbno\u00a0\u00bb text_align=\u00a0\u00bbleft\u00a0\u00bb background_image_as_pattern=\u00a0\u00bbwithout_pattern\u00a0\u00bb css=\u00a0\u00bb.vc_custom_1599854270430{margin-top: 20px !important;padding-top: 10px !important;padding-bottom: 10px !important;background-color: #f7f7f7 !important;}\u00a0\u00bb z_index=\u00a0\u00bb\u00a0\u00bb][vc_column][vc_column_text]<\/p>\n<div><a id=\"prev-link\" href=\"https:\/\/intrinsicpractice.com\/fr\/methode-en-6-etapes\/etape-3-me-connaitre\/mindset-thought\/\">page pr\u00e9c\u00e9dente<\/a> <a id=\"next-link\" href=\"https:\/\/intrinsicpractice.com\/fr\/methode-en-6-etapes\/etape-3-me-connaitre\/mindset-mechanism\/\">prochaine page<\/a><\/div>\n<p>[\/vc_column_text][\/vc_column][\/vc_row]<\/p>\n","protected":false},"excerpt":{"rendered":"<p>[vc_row css_animation=\u00a0\u00bb\u00a0\u00bb row_type=\u00a0\u00bbrow\u00a0\u00bb use_row_as_full_screen_section=\u00a0\u00bbno\u00a0\u00bb type=\u00a0\u00bbgrid\u00a0\u00bb angled_section=\u00a0\u00bbno\u00a0\u00bb text_align=\u00a0\u00bbleft\u00a0\u00bb background_image_as_pattern=\u00a0\u00bbwithout_pattern\u00a0\u00bb z_index=\u00a0\u00bb\u00a0\u00bb css=\u00a0\u00bb.vc_custom_1572612549984{margin-top: 35px !important;margin-bottom: 15px !important;}\u00a0\u00bb][vc_column width=\u00a0\u00bb2\/3&Prime;][vc_column_text][\/vc_column_text][vc_column_text css=\u00a0\u00bb.vc_custom_1664550234676{margin-bottom: 10px !important;}\u00a0\u00bb]Comportement (Doing)[\/vc_column_text][vc_column_text css=\u00a0\u00bb.vc_custom_1664556572891{margin-bottom: 5px !important;}\u00a0\u00bb]Cette dimension comprend tout ce qui touche vos actions, votre comportement et votre conduite, seul ou avec d\u2019autres personnes. Elle comprend \u00e9galement la fa\u00e7on&#8230;<\/p>\n","protected":false},"author":4,"featured_media":0,"parent":3617,"menu_order":0,"comment_status":"closed","ping_status":"closed","template":"full_width.php","meta":{"inline_featured_image":false,"_mi_skip_tracking":false},"_links":{"self":[{"href":"https:\/\/intrinsicpractice.com\/fr\/wp-json\/wp\/v2\/pages\/3623"}],"collection":[{"href":"https:\/\/intrinsicpractice.com\/fr\/wp-json\/wp\/v2\/pages"}],"about":[{"href":"https:\/\/intrinsicpractice.com\/fr\/wp-json\/wp\/v2\/types\/page"}],"author":[{"embeddable":true,"href":"https:\/\/intrinsicpractice.com\/fr\/wp-json\/wp\/v2\/users\/4"}],"replies":[{"embeddable":true,"href":"https:\/\/intrinsicpractice.com\/fr\/wp-json\/wp\/v2\/comments?post=3623"}],"version-history":[{"count":23,"href":"https:\/\/intrinsicpractice.com\/fr\/wp-json\/wp\/v2\/pages\/3623\/revisions"}],"predecessor-version":[{"id":4960,"href":"https:\/\/intrinsicpractice.com\/fr\/wp-json\/wp\/v2\/pages\/3623\/revisions\/4960"}],"up":[{"embeddable":true,"href":"https:\/\/intrinsicpractice.com\/fr\/wp-json\/wp\/v2\/pages\/3617"}],"wp:attachment":[{"href":"https:\/\/intrinsicpractice.com\/fr\/wp-json\/wp\/v2\/media?parent=3623"}],"curies":[{"name":"wp","href":"https:\/\/api.w.org\/{rel}","templated":true}]}}