{"id":3621,"date":"2019-10-29T19:33:40","date_gmt":"2019-10-29T19:33:40","guid":{"rendered":"https:\/\/intrinsicpractice.com\/?page_id=3621"},"modified":"2022-10-17T17:12:32","modified_gmt":"2022-10-17T17:12:32","slug":"mindset-conclusion","status":"publish","type":"page","link":"https:\/\/intrinsicpractice.com\/fr\/methode-en-6-etapes\/etape-3-me-connaitre\/mindset-conclusion\/","title":{"rendered":"MINDSET &#8211; Conclusion"},"content":{"rendered":"<p>[vc_row css_animation=\u00a0\u00bb\u00a0\u00bb row_type=\u00a0\u00bbrow\u00a0\u00bb use_row_as_full_screen_section=\u00a0\u00bbno\u00a0\u00bb type=\u00a0\u00bbgrid\u00a0\u00bb angled_section=\u00a0\u00bbno\u00a0\u00bb text_align=\u00a0\u00bbleft\u00a0\u00bb background_image_as_pattern=\u00a0\u00bbwithout_pattern\u00a0\u00bb z_index=\u00a0\u00bb\u00a0\u00bb css=\u00a0\u00bb.vc_custom_1572612549984{margin-top: 35px !important;margin-bottom: 15px !important;}\u00a0\u00bb][vc_column][vc_column_text css=\u00a0\u00bb.vc_custom_1656436893849{margin-bottom: 15px !important;}\u00a0\u00bb]<span class=\"TextRun SCXW237820680 BCX0\" lang=\"FR-CA\" xml:lang=\"FR-CA\" data-contrast=\"none\"><span class=\"NormalTextRun SCXW237820680 BCX0\">\u00c0 ce stade-ci, vous devriez \u00eatre tr\u00e8s conscient des sept dimensions de l\u2019<\/span><span class=\"NormalTextRun SpellingErrorV2Themed SCXW237820680 BCX0\">auto-observation<\/span><span class=\"NormalTextRun SCXW237820680 BCX0\"> et des connaissances et de leur nature mutuellement interactive. Vous pouvez en tout temps continuer d\u2019utiliser le gabarit\u202f3a \u00e0 des fins d\u2019observation et de connaissance de vous-m\u00eames. Toutefois, aux \u00e9tapes suivantes de la m\u00e9thode, nous combinerons les gabarits des \u00e9tapes pr\u00e9c\u00e9dentes. Ainsi, commencez \u00e0 vous exercer pendant quelques jours ou semaines avec le gabarit\u202f3c qui combine les \u00e9l\u00e9ments PEACE et les dimensions MINDSET.<\/span><\/span><span class=\"EOP SCXW237820680 BCX0\" data-ccp-props=\"{&quot;201341983&quot;:1,&quot;335551550&quot;:1,&quot;335551620&quot;:1,&quot;335559685&quot;:284,&quot;335559738&quot;:277,&quot;335559739&quot;:160,&quot;335559740&quot;:270}\">\u00a0<\/span>[\/vc_column_text][\/vc_column][\/vc_row][vc_row css_animation=\u00a0\u00bb\u00a0\u00bb row_type=\u00a0\u00bbrow\u00a0\u00bb use_row_as_full_screen_section=\u00a0\u00bbno\u00a0\u00bb type=\u00a0\u00bbgrid\u00a0\u00bb angled_section=\u00a0\u00bbno\u00a0\u00bb text_align=\u00a0\u00bbleft\u00a0\u00bb background_image_as_pattern=\u00a0\u00bbwithout_pattern\u00a0\u00bb css=\u00a0\u00bb.vc_custom_1600699717623{margin-bottom: 15px !important;}\u00a0\u00bb z_index=\u00a0\u00bb\u00a0\u00bb][vc_column width=\u00a0\u00bb1\/2&Prime;][vc_column_text css=\u00a0\u00bb.vc_custom_1662751257616{margin-bottom: 15px !important;}\u00a0\u00bb]<img loading=\"lazy\" class=\"tmplt-brdr alignnone wp-image-3994 size-full\" src=\"http:\/\/intrinsicpractice.com\/wp-content\/uploads\/2022\/09\/3c_PEACEMINDSET_Template.png\" alt=\"Gabarit 3c PEACE + MINDSET\" width=\"612\" height=\"792\" srcset=\"https:\/\/intrinsicpractice.com\/wp-content\/uploads\/2022\/09\/3c_PEACEMINDSET_Template.png 612w, https:\/\/intrinsicpractice.com\/wp-content\/uploads\/2022\/09\/3c_PEACEMINDSET_Template-232x300.png 232w\" sizes=\"(max-width: 612px) 100vw, 612px\" \/>[\/vc_column_text][\/vc_column][vc_column width=\u00a0\u00bb1\/2&Prime;][vc_column_text css=\u00a0\u00bb.vc_custom_1664914032176{margin-bottom: 45px !important;}\u00a0\u00bb]<\/p>\n<div id=\"tmplt-right\">T\u00e9l\u00e9chargez le gabarit 3c PEACE + MINDSET (.pdf, 86 Kb):<br \/>\n<a class=\"tmplt-download3\" style=\"margin-top: 10px;\" href=\"http:\/\/intrinsicpractice.com\/wp-content\/uploads\/2022\/10\/3c_PEACEMINDSET_Gabarit.pdf\" download=\"\"><span style=\"vertical-align: middle;\">T\u00e9l\u00e9charger<\/span> <img style=\"width: 18px; vertical-align: middle;\" src=\"http:\/\/intrinsicpractice.com\/wp-content\/uploads\/\/2020\/09\/download_red.svg\" alt=\"icone T\u00e9l\u00e9charger\" \/><\/a><\/div>\n<p>[\/vc_column_text][\/vc_column][\/vc_row][vc_row css_animation=\u00a0\u00bb\u00a0\u00bb row_type=\u00a0\u00bbrow\u00a0\u00bb use_row_as_full_screen_section=\u00a0\u00bbno\u00a0\u00bb type=\u00a0\u00bbgrid\u00a0\u00bb angled_section=\u00a0\u00bbno\u00a0\u00bb text_align=\u00a0\u00bbleft\u00a0\u00bb background_image_as_pattern=\u00a0\u00bbwithout_pattern\u00a0\u00bb z_index=\u00a0\u00bb\u00a0\u00bb][vc_column][vc_column_text css=\u00a0\u00bb.vc_custom_1664559505966{margin-top: 5px !important;margin-bottom: 15px !important;}\u00a0\u00bb]<\/p>\n<h3 class=\"ti-heading3\"><span style=\"color: #fff; padding-left: 4px;\">In<\/span>structions pour le gabarit<\/h3>\n<p>[\/vc_column_text][\/vc_column][\/vc_row][vc_row css_animation=\u00a0\u00bb\u00a0\u00bb row_type=\u00a0\u00bbrow\u00a0\u00bb use_row_as_full_screen_section=\u00a0\u00bbno\u00a0\u00bb type=\u00a0\u00bbgrid\u00a0\u00bb angled_section=\u00a0\u00bbno\u00a0\u00bb text_align=\u00a0\u00bbleft\u00a0\u00bb background_image_as_pattern=\u00a0\u00bbwithout_pattern\u00a0\u00bb css=\u00a0\u00bb.vc_custom_1600700348207{margin-bottom: 15px !important;}\u00a0\u00bb z_index=\u00a0\u00bb\u00a0\u00bb][vc_column width=\u00a0\u00bb5\/12&Prime; el_class=\u00a0\u00bbdotted-bottom3&Prime;][vc_column_text css=\u00a0\u00bb.vc_custom_1656436927098{margin-bottom: 15px !important;}\u00a0\u00bb]<span class=\"TextRun SCXW130939288 BCX0\" lang=\"FR-CA\" xml:lang=\"FR-CA\" data-contrast=\"none\"><span class=\"NormalTextRun SCXW130939288 BCX0\">Utilisez le gabarit comme suit\u202f: Choisissez un moment dans n\u2019importe quelle situation, donnez-lui un nom et inscrivez ce nom au haut du gabarit sous \u00ab\u202fNom de la situation\u202f\u00bb. Ensuite, au bas du gabarit, dans le plus petit encadr\u00e9 intitul\u00e9 \u00ab\u202fPEACE\u202f\u00bb, transcrivez les \u00e9l\u00e9ments PEACE que vous avez inscrits pr\u00e9c\u00e9demment pour votre d\u00e9finition g\u00e9n\u00e9rale du bonheur. Observez ensuite le moment et d\u00e9crivez votre exp\u00e9rience, dimension par dimension, \u00e0 c\u00f4t\u00e9 des cases correspondantes du gabarit. Toutefois, avant de le faire, gardez \u00e0 l\u2019esprit vos \u00e9l\u00e9ments PEACE et, surtout, consignez quelles dimensions seraient propices au bonheur et lesquelles ne le seraient pas. Inscrivez la dimension qui est propice au bonheur \u00e0 c\u00f4t\u00e9 de la case correspondante \u00e0 droite et la dimension qui n\u2019est pas propice au bonheur \u00e0 c\u00f4t\u00e9 de la case correspondante \u00e0 gauche. <\/span><span class=\"NormalTextRun SCXW130939288 BCX0\">Faites<\/span><span class=\"NormalTextRun SCXW130939288 BCX0\"> cet exercice plusieurs fois jusqu\u2019\u00e0 ce qu\u2019il devienne tr\u00e8s naturel et facile.<\/span><\/span><span class=\"EOP SCXW130939288 BCX0\" data-ccp-props=\"{&quot;201341983&quot;:1,&quot;335551550&quot;:1,&quot;335551620&quot;:1,&quot;335559738&quot;:600,&quot;335559739&quot;:0,&quot;335559740&quot;:269}\">\u00a0<\/span>[\/vc_column_text][\/vc_column][vc_column width=\u00a0\u00bb1\/12&Prime;][\/vc_column][vc_column width=\u00a0\u00bb6\/12&Prime;][vc_column_text css=\u00a0\u00bb.vc_custom_1659644650164{margin-bottom: 15px !important;}\u00a0\u00bb]Voyons ici comment se servir du gabarit 3c.MINDSET.[\/vc_column_text][vc_video link=\u00a0\u00bbhttps:\/\/youtu.be\/G-BCpkhRd14&Prime;][vc_column_text css=\u00a0\u00bb.vc_custom_1666026747561{margin-bottom: 30px !important;}\u00a0\u00bb]<span class=\"transcript\"><a href=\"http:\/\/intrinsicpractice.com\/wp-content\/uploads\/2022\/10\/Pratique_intrinseque_Etape_3_MINDSET_Conclusion_Transcription-1.pdf\" target=\"_blank\" rel=\"noopener noreferrer\">Transcription<\/a> (.pdf, 139 Kb)<\/span><span class=\"video-time\">4m 44s<\/span>[\/vc_column_text][\/vc_column][\/vc_row][vc_row css_animation=\u00a0\u00bb\u00a0\u00bb row_type=\u00a0\u00bbrow\u00a0\u00bb use_row_as_full_screen_section=\u00a0\u00bbno\u00a0\u00bb type=\u00a0\u00bbgrid\u00a0\u00bb angled_section=\u00a0\u00bbno\u00a0\u00bb text_align=\u00a0\u00bbleft\u00a0\u00bb background_image_as_pattern=\u00a0\u00bbwithout_pattern\u00a0\u00bb z_index=\u00a0\u00bb\u00a0\u00bb][vc_column][vc_column_text css=\u00a0\u00bb.vc_custom_1659644841954{margin-bottom: 15px !important;}\u00a0\u00bb]Si vous vous sentez pr\u00eats, passez \u00e0 l&rsquo;\u00e9tape 4.[\/vc_column_text][\/vc_column][\/vc_row][vc_row css_animation=\u00a0\u00bb\u00a0\u00bb row_type=\u00a0\u00bbrow\u00a0\u00bb use_row_as_full_screen_section=\u00a0\u00bbno\u00a0\u00bb type=\u00a0\u00bbgrid\u00a0\u00bb angled_section=\u00a0\u00bbno\u00a0\u00bb text_align=\u00a0\u00bbleft\u00a0\u00bb background_image_as_pattern=\u00a0\u00bbwithout_pattern\u00a0\u00bb css=\u00a0\u00bb.vc_custom_1600698405970{margin-top: 20px !important;padding-top: 10px !important;padding-bottom: 10px !important;background-color: #f7f7f7 !important;}\u00a0\u00bb z_index=\u00a0\u00bb\u00a0\u00bb][vc_column][vc_column_text]<\/p>\n<div><a id=\"prev-link\" href=\"https:\/\/intrinsicpractice.com\/fr\/methode-en-6-etapes\/etape-3-me-connaitre\/mindset-notion\/\">page pr\u00e9c\u00e9dente<\/a> <a id=\"next-link\" href=\"https:\/\/intrinsicpractice.com\/fr\/methode-en-6-etapes\/etape-4-connaitre-mon-monde\/\">prochaine page<\/a><\/div>\n<p>[\/vc_column_text][\/vc_column][\/vc_row]<\/p>\n","protected":false},"excerpt":{"rendered":"<p>[vc_row css_animation=\u00a0\u00bb\u00a0\u00bb row_type=\u00a0\u00bbrow\u00a0\u00bb use_row_as_full_screen_section=\u00a0\u00bbno\u00a0\u00bb type=\u00a0\u00bbgrid\u00a0\u00bb angled_section=\u00a0\u00bbno\u00a0\u00bb text_align=\u00a0\u00bbleft\u00a0\u00bb background_image_as_pattern=\u00a0\u00bbwithout_pattern\u00a0\u00bb z_index=\u00a0\u00bb\u00a0\u00bb css=\u00a0\u00bb.vc_custom_1572612549984{margin-top: 35px !important;margin-bottom: 15px !important;}\u00a0\u00bb][vc_column][vc_column_text css=\u00a0\u00bb.vc_custom_1656436893849{margin-bottom: 15px !important;}\u00a0\u00bb]\u00c0 ce stade-ci, vous devriez \u00eatre tr\u00e8s conscient des sept dimensions de l\u2019auto-observation et des connaissances et de leur nature mutuellement interactive. Vous pouvez en tout temps continuer d\u2019utiliser&#8230;<\/p>\n","protected":false},"author":4,"featured_media":0,"parent":3617,"menu_order":0,"comment_status":"closed","ping_status":"closed","template":"full_width.php","meta":{"inline_featured_image":false,"_mi_skip_tracking":false},"_links":{"self":[{"href":"https:\/\/intrinsicpractice.com\/fr\/wp-json\/wp\/v2\/pages\/3621"}],"collection":[{"href":"https:\/\/intrinsicpractice.com\/fr\/wp-json\/wp\/v2\/pages"}],"about":[{"href":"https:\/\/intrinsicpractice.com\/fr\/wp-json\/wp\/v2\/types\/page"}],"author":[{"embeddable":true,"href":"https:\/\/intrinsicpractice.com\/fr\/wp-json\/wp\/v2\/users\/4"}],"replies":[{"embeddable":true,"href":"https:\/\/intrinsicpractice.com\/fr\/wp-json\/wp\/v2\/comments?post=3621"}],"version-history":[{"count":18,"href":"https:\/\/intrinsicpractice.com\/fr\/wp-json\/wp\/v2\/pages\/3621\/revisions"}],"predecessor-version":[{"id":5037,"href":"https:\/\/intrinsicpractice.com\/fr\/wp-json\/wp\/v2\/pages\/3621\/revisions\/5037"}],"up":[{"embeddable":true,"href":"https:\/\/intrinsicpractice.com\/fr\/wp-json\/wp\/v2\/pages\/3617"}],"wp:attachment":[{"href":"https:\/\/intrinsicpractice.com\/fr\/wp-json\/wp\/v2\/media?parent=3621"}],"curies":[{"name":"wp","href":"https:\/\/api.w.org\/{rel}","templated":true}]}}