{"id":3619,"date":"2019-10-29T19:24:54","date_gmt":"2019-10-29T19:24:54","guid":{"rendered":"https:\/\/intrinsicpractice.com\/?page_id=3619"},"modified":"2022-10-17T17:04:46","modified_gmt":"2022-10-17T17:04:46","slug":"peace-conclusion","status":"publish","type":"page","link":"https:\/\/intrinsicpractice.com\/fr\/methode-en-6-etapes\/etape-2-defenir-mon-bonheur\/peace-conclusion\/","title":{"rendered":"PEACE &#8211; Conclusion"},"content":{"rendered":"<p>[vc_row css_animation=\u00a0\u00bb\u00a0\u00bb row_type=\u00a0\u00bbrow\u00a0\u00bb use_row_as_full_screen_section=\u00a0\u00bbno\u00a0\u00bb type=\u00a0\u00bbgrid\u00a0\u00bb angled_section=\u00a0\u00bbno\u00a0\u00bb text_align=\u00a0\u00bbleft\u00a0\u00bb background_image_as_pattern=\u00a0\u00bbwithout_pattern\u00a0\u00bb z_index=\u00a0\u00bb\u00a0\u00bb css=\u00a0\u00bb.vc_custom_1594994536024{margin-top: 35px !important;margin-bottom: 30px !important;}\u00a0\u00bb][vc_column width=\u00a0\u00bb5\/12&Prime; el_class=\u00a0\u00bbdotted-bottom2&Prime;][vc_column_text css=\u00a0\u00bb.vc_custom_1656957279089{margin-bottom: 15px !important;}\u00a0\u00bb]Apr\u00e8s avoir rempli le gabarit PEACE, mettez-le de c\u00f4t\u00e9 pendant quelques jours puis revenez-y pour r\u00e9pondre aux questions inscrites au bas du gabarit\u00a0:[\/vc_column_text][vc_column_text css=\u00a0\u00bb.vc_custom_1662746760012{padding-bottom: 25px !important;}\u00a0\u00bb]<img loading=\"lazy\" class=\"tmplt-brdr alignnone wp-image-3942 size-full\" src=\"http:\/\/intrinsicpractice.com\/wp-content\/uploads\/2022\/09\/2_PEACE_Template.png\" alt=\"Vignette du gabarit PEACE\" width=\"612\" height=\"792\" srcset=\"https:\/\/intrinsicpractice.com\/wp-content\/uploads\/2022\/09\/2_PEACE_Template.png 612w, https:\/\/intrinsicpractice.com\/wp-content\/uploads\/2022\/09\/2_PEACE_Template-232x300.png 232w\" sizes=\"(max-width: 612px) 100vw, 612px\" \/>[\/vc_column_text][\/vc_column][vc_column width=\u00a0\u00bb1\/12&Prime;][\/vc_column][vc_column width=\u00a0\u00bb6\/12&Prime;][vc_column_text css=\u00a0\u00bb.vc_custom_1659635906981{margin-bottom: 15px !important;}\u00a0\u00bb]Visionnez le vid\u00e9oclip sur comment r\u00e9pondre aux questions dans la partie inf\u00e9rieure du gabarit PEACE template ou pour y trouver des explications plus d\u00e9taill\u00e9es.[\/vc_column_text][vc_video link=\u00a0\u00bbhttps:\/\/youtu.be\/qxbFloS6lVU\u00a0\u00bb][vc_column_text css=\u00a0\u00bb.vc_custom_1665604779122{margin-bottom: 15px !important;}\u00a0\u00bb]<span class=\"transcript\"><a href=\"http:\/\/intrinsicpractice.com\/wp-content\/uploads\/2022\/10\/Pratique_intrinseque_Etape_2_PEACE_Conclusion_Transcription.pdf\" target=\"_blank\" rel=\"noopener noreferrer\">Transcription<\/a> (.pdf, 115 Kb)<\/span><span class=\"video-time\">3m 33s<\/span>[\/vc_column_text][\/vc_column][\/vc_row][vc_row css_animation=\u00a0\u00bb\u00a0\u00bb row_type=\u00a0\u00bbrow\u00a0\u00bb use_row_as_full_screen_section=\u00a0\u00bbno\u00a0\u00bb type=\u00a0\u00bbgrid\u00a0\u00bb angled_section=\u00a0\u00bbno\u00a0\u00bb text_align=\u00a0\u00bbleft\u00a0\u00bb background_image_as_pattern=\u00a0\u00bbwithout_pattern\u00a0\u00bb z_index=\u00a0\u00bb\u00a0\u00bb css=\u00a0\u00bb.vc_custom_1594822356683{margin-bottom: 35px !important;}\u00a0\u00bb][vc_column width=\u00a0\u00bb1\/4&Prime;][vc_raw_html]JTNDZGl2JTIwY2xhc3MlM0QlMjJ2dGFicy1wYXJlbnQlMjIlM0UlM0NhJTIwY2xhc3MlM0QlMjJ2dGFicyUyMHZ0YWJzLXNlbGVjdGVkJTIyJTIwaHJlZiUzRCUyMmphdmFzY3JpcHQlM0F2b2lkJTI4MCUyOSUyMiUyMGRhdGEtdmFsdWUlM0QlMjIxJTIyJTNFJTNDc3BhbiUyMGNsYXNzJTNEJTIyZnM0MCUyMiUzRTEuJTNDJTJGc3BhbiUzRSUwQSUzQ3NwYW4lMjBjbGFzcyUzRCUyMmZzMTYlMjIlM0VDZXMlMjAlQzMlQTlsJUMzJUE5bWVudHMlMjBtZSUyMHJlcHIlQzMlQTlzZW50ZW50LWlscyUyMGJpZW4lM0YlM0MlMkZzcGFuJTNFJTNDJTJGYSUzRSUzQ2ElMjBjbGFzcyUzRCUyMnZ0YWJzJTIyJTIwaHJlZiUzRCUyMmphdmFzY3JpcHQlM0F2b2lkJTI4MCUyOSUyMiUyMCUyMGRhdGEtdmFsdWUlM0QlMjIyJTIyJTNFJTNDc3BhbiUyMGNsYXNzJTNEJTIyZnM0MCUyMiUzRTIuJTNDJTJGc3BhbiUzRSUwQSUzQ3NwYW4lMjBjbGFzcyUzRCUyMmZzMTYlMjIlM0VMZXMlMjBkaWZmJUMzJUE5cmVudHMlMjBzdWpldHMlMjBkJUUyJTgwJTk5dW4lMjBkZSUyMG1lcyUyMCVDMyVBOWwlQzMlQTltZW50cyUyMHNvbnQtaWxzJTIwY29tcGF0aWJsZXMlMjBvdSUyMGluY29tcGF0aWJsZXMlMjBsZXMlMjB1bnMlMjBhdmVjJTIwbGVzJTIwYXV0cmVzJTNGJTNDZW0lM0UlM0MlMkZlbSUzRSUzQyUyRnNwYW4lM0UlM0MlMkZhJTNFJTNDYSUyMGNsYXNzJTNEJTIydnRhYnMlMjIlMjBocmVmJTNEJTIyamF2YXNjcmlwdCUzQXZvaWQlMjgwJTI5JTIyJTIwZGF0YS12YWx1ZSUzRCUyMjMlMjIlM0UlM0NzcGFuJTIwY2xhc3MlM0QlMjJmczQwJTIyJTNFMy4lM0MlMkZzcGFuJTNFJTBBJTNDc3BhbiUyMGNsYXNzJTNEJTIyZnMxNiUyMiUzRU1lcyUyMGRpZmYlQzMlQTlyZW50cyUyMCVDMyVBOWwlQzMlQTltZW50cyUyMHNvbnQtaWxzJTIwY29tcGF0aWJsZXMlMjBvdSUyMGluY29tcGF0aWJsZXMlMjBsZXMlMjB1bnMlMjBhdmVjJTIwbGVzJTIwYXV0cmVzJTNGJTNDZW0lM0UlM0MlMkZlbSUzRSUyMCUzQyUyRnNwYW4lM0UlM0MlMkZhJTNFJTNDYSUyMGNsYXNzJTNEJTIydnRhYnMlMjIlMjBocmVmJTNEJTIyamF2YXNjcmlwdCUzQXZvaWQlMjgwJTI5JTIyJTIwZGF0YS12YWx1ZSUzRCUyMjQlMjIlM0UlM0NzcGFuJTIwY2xhc3MlM0QlMjJmczQwJTIyJTNFNC4lM0MlMkZzcGFuJTNFJTBBJTNDc3BhbiUyMGNsYXNzJTNEJTIyZnMxNiUyMiUzRVklMjBhLXQtaWwlMjBkZXMlMjBkJUMzJUE5cyVDMyVBOXF1aWxpYnJlcyUyMGVudHJlJTIwbWVzJTIwJUMzJUE5bCVDMyVBOW1lbnRzJTNGJTNDJTJGc3BhbiUzRSUzQyUyRmElM0UlM0MlMkZkaXYlM0U=[\/vc_raw_html][\/vc_column][vc_column width=\u00a0\u00bb3\/4&Prime;][vc_row_inner row_type=\u00a0\u00bbrow\u00a0\u00bb type=\u00a0\u00bbfull_width\u00a0\u00bb text_align=\u00a0\u00bbleft\u00a0\u00bb css_animation=\u00a0\u00bb\u00a0\u00bb el_id=\u00a0\u00bbvtabs-hidden1&Prime; el_class=\u00a0\u00bbvtabs-hidden\u00a0\u00bb][vc_column_inner width=\u00a0\u00bb2\/3&Prime;][vc_column_text]Pour votre premi\u00e8re liste d\u2019\u00e9l\u00e9ments, vous en avez peut-\u00eatre choisi certains qui ne vous repr\u00e9sentent peut-\u00eatre pas fid\u00e8lement ou omis d\u2019autres qui vous repr\u00e9sentent plus fid\u00e8lement. Si c\u2019est le cas, notez-les et apportez des ajustements au gabarit.[\/vc_column_text][\/vc_column_inner][vc_column_inner width=\u00a0\u00bb1\/3&Prime;][vc_column_text]<img loading=\"lazy\" class=\"alignnone wp-image-3290 size-large\" src=\"http:\/\/intrinsicpractice.com\/wp-content\/uploads\/2020\/06\/Strength_image_1-854x1024.jpg\" alt=\"silhouette d\u2019une personne\" width=\"854\" height=\"1024\" srcset=\"https:\/\/intrinsicpractice.com\/wp-content\/uploads\/2020\/06\/Strength_image_1-854x1024.jpg 854w, https:\/\/intrinsicpractice.com\/wp-content\/uploads\/2020\/06\/Strength_image_1-250x300.jpg 250w, https:\/\/intrinsicpractice.com\/wp-content\/uploads\/2020\/06\/Strength_image_1-768x920.jpg 768w, https:\/\/intrinsicpractice.com\/wp-content\/uploads\/2020\/06\/Strength_image_1-700x839.jpg 700w, https:\/\/intrinsicpractice.com\/wp-content\/uploads\/2020\/06\/Strength_image_1.jpg 1043w\" sizes=\"(max-width: 854px) 100vw, 854px\" \/>[\/vc_column_text][\/vc_column_inner][\/vc_row_inner][vc_row_inner row_type=\u00a0\u00bbrow\u00a0\u00bb type=\u00a0\u00bbfull_width\u00a0\u00bb text_align=\u00a0\u00bbleft\u00a0\u00bb css_animation=\u00a0\u00bb\u00a0\u00bb el_id=\u00a0\u00bbvtabs-hidden2&Prime; el_class=\u00a0\u00bbvtabs-hidden hidden\u00a0\u00bb][vc_column_inner][vc_column_text css=\u00a0\u00bb.vc_custom_1656958200123{margin-bottom: 15px !important;}\u00a0\u00bb]<strong>Les diff\u00e9rents sujets d\u2019un de mes \u00e9l\u00e9ments sont-ils compatibles ou incompatibles les uns avec les autres?<\/strong>[\/vc_column_text][vc_column_text css=\u00a0\u00bb.vc_custom_1656958259546{margin-bottom: 15px !important;}\u00a0\u00bb]Vous avez peut-\u00eatre plac\u00e9 des mots potentiellement incompatibles sous un \u00e9l\u00e9ment donn\u00e9.[\/vc_column_text][vc_column_text css=\u00a0\u00bb.vc_custom_1656958755999{margin-bottom: 15px !important;}\u00a0\u00bb]Par exemple, sous l\u2019\u00e9l\u00e9ment <strong>\u00c9thique<\/strong>, il pourrait y avoir incompatibilit\u00e9 entre Individualit\u00e9-Collectivit\u00e9, Changement-Stabilit\u00e9, Paix-Victoire et C\u00e9l\u00e9brit\u00e9-Humilit\u00e9. Par exemple, votre d\u00e9sir de gagner peut miner votre capacit\u00e9 de collaborer.[\/vc_column_text][vc_column_text css=\u00a0\u00bb.vc_custom_1656958786247{margin-bottom: 15px !important;}\u00a0\u00bb]Pour l\u2019\u00e9l\u00e9ment<strong> Attachement<\/strong>, vous pouvez avoir \u00e0 c\u0153ur des choses ou des id\u00e9es d\u2019une mani\u00e8re qui entre en conflit avec les personnes dont vous vous souciez.<\/p>\n<p>Par exemple, la valeur \u00e9lev\u00e9e que vous accordez \u00e0 l\u2019obtention d\u2019une promotion pourrait entrer en conflit avec votre capacit\u00e9 d\u2019\u00e9tablir des relations avec des coll\u00e8gues.[\/vc_column_text][vc_column_text css=\u00a0\u00bb.vc_custom_1656958804926{margin-bottom: 15px !important;}\u00a0\u00bb]Continuez la recherche de contradictions et d\u2019incompatibilit\u00e9s semblables pour chacun des \u00e9l\u00e9ments et prenez-les en note. Il pourrait y avoir de nombreuses incompatibilit\u00e9s d\u2019intensit\u00e9 variable, et celles-ci peuvent \u00eatre constantes ou occasionnelles.[\/vc_column_text][\/vc_column_inner][\/vc_row_inner][vc_row_inner row_type=\u00a0\u00bbrow\u00a0\u00bb type=\u00a0\u00bbfull_width\u00a0\u00bb text_align=\u00a0\u00bbleft\u00a0\u00bb css_animation=\u00a0\u00bb\u00a0\u00bb el_id=\u00a0\u00bbvtabs-hidden3&Prime; el_class=\u00a0\u00bbvtabs-hidden hidden\u00a0\u00bb][vc_column_inner][vc_column_text css=\u00a0\u00bb.vc_custom_1656958827943{margin-bottom: 15px !important;}\u00a0\u00bb]<strong>Mes diff\u00e9rents \u00e9l\u00e9ments sont-ils compatibles ou incompatibles les uns avec les autres?<\/strong>[\/vc_column_text][vc_column_text css=\u00a0\u00bb.vc_custom_1656958844036{margin-bottom: 15px !important;}\u00a0\u00bb]De m\u00eame, vous avez peut-\u00eatre inscrit des mots potentiellement incompatibles pour diff\u00e9rents \u00e9l\u00e9ments.[\/vc_column_text][vc_column_text css=\u00a0\u00bb.vc_custom_1656958861219{margin-bottom: 15px !important;}\u00a0\u00bb]Par exemple:[\/vc_column_text][vc_column_text css=\u00a0\u00bb.vc_custom_1656958913042{margin-bottom: 15px !important;}\u00a0\u00bb]<\/p>\n<ul class=\"olist\">\n<li>vous pourriez inscrire un <strong>but <\/strong>potentiellement oppos\u00e9 \u00e0 certaines <strong>valeurs<\/strong> ou <strong>relations<\/strong>;<\/li>\n<li>avoir des<strong> valeurs <\/strong>qui peuvent \u00eatre en contradiction avec les <strong>id\u00e9ologies<\/strong> dont vous vous souciez ou avec votre<strong> plaisir<\/strong>;<\/li>\n<li>vos <strong>atouts<\/strong> peuvent \u00e9galement ne pas \u00eatre li\u00e9s \u00e0 des <strong>buts <\/strong>compatibles ou<\/li>\n<li>vous pouvez avoir des <strong>valeurs <\/strong>qui ne correspondent pas \u00e0 <strong>qui vous \u00eates.<\/strong><\/li>\n<\/ul>\n<p>[\/vc_column_text][vc_column_text css=\u00a0\u00bb.vc_custom_1656958926300{margin-bottom: 15px !important;}\u00a0\u00bb]R\u00e9fl\u00e9chissez \u00e0 ces contradictions, prenez des notes et apportez des changements, le cas \u00e9ch\u00e9ant.[\/vc_column_text][\/vc_column_inner][\/vc_row_inner][vc_row_inner row_type=\u00a0\u00bbrow\u00a0\u00bb type=\u00a0\u00bbfull_width\u00a0\u00bb text_align=\u00a0\u00bbleft\u00a0\u00bb css_animation=\u00a0\u00bb\u00a0\u00bb el_id=\u00a0\u00bbvtabs-hidden4&Prime; el_class=\u00a0\u00bbvtabs-hidden hidden\u00a0\u00bb][vc_column_inner][vc_column_text css=\u00a0\u00bb.vc_custom_1656958956430{margin-bottom: 15px !important;}\u00a0\u00bb]Il peut \u00eatre utile d\u2019examiner le <strong>temps <\/strong>et les <strong>efforts<\/strong> que vous consacrez \u00e0 chacun des \u00e9l\u00e9ments.[\/vc_column_text][vc_column_text css=\u00a0\u00bb.vc_custom_1656958971320{margin-bottom: 15px !important;}\u00a0\u00bb]Consacrez-vous plus de temps et d\u2019\u00e9nergie \u00e0 vos loisirs qu\u2019\u00e0 vos relations ou \u00e0 votre but?[\/vc_column_text][vc_column_text css=\u00a0\u00bb.vc_custom_1656958986796{margin-bottom: 15px !important;}\u00a0\u00bb]Par exemple:[\/vc_column_text][vc_column_text css=\u00a0\u00bb.vc_custom_1656959052531{margin-bottom: 15px !important;}\u00a0\u00bb]<\/p>\n<ul>\n<li>Si les divertissements \u00e9lectroniques vous procurent du plaisir, cela nuit-il \u00e0 votre capacit\u00e9 de r\u00e9aliser votre but, comme atteindre des objectifs professionnels?<\/li>\n<li>\u00c0 l\u2019inverse, \u00eates-vous tellement occup\u00e9 par vos buts que vous n\u00e9gligez les relations et les plaisirs?<\/li>\n<li>\u00cates-vous tellement attach\u00e9 \u00e0 certaines valeurs que vous perdez de vue vos atouts et vos relations?<\/li>\n<\/ul>\n<p>[\/vc_column_text][vc_column_text css=\u00a0\u00bb.vc_custom_1656959076462{margin-bottom: 15px !important;}\u00a0\u00bb]Posez-vous des questions de ce type; notez les d\u00e9s\u00e9quilibres possibles et apportez des changements au type ou \u00e0 l\u2019importance des \u00e9l\u00e9ments particuliers pour r\u00e9duire les d\u00e9s\u00e9quilibres.[\/vc_column_text][\/vc_column_inner][\/vc_row_inner][\/vc_column][\/vc_row][vc_row css_animation=\u00a0\u00bb\u00a0\u00bb row_type=\u00a0\u00bbrow\u00a0\u00bb use_row_as_full_screen_section=\u00a0\u00bbno\u00a0\u00bb type=\u00a0\u00bbgrid\u00a0\u00bb angled_section=\u00a0\u00bbno\u00a0\u00bb text_align=\u00a0\u00bbleft\u00a0\u00bb background_image_as_pattern=\u00a0\u00bbwithout_pattern\u00a0\u00bb z_index=\u00a0\u00bb\u00a0\u00bb css=\u00a0\u00bb.vc_custom_1594912298355{margin-bottom: 25px !important;}\u00a0\u00bb][vc_column][vc_column_text el_class=\u00a0\u00bbhighlightbox-out\u00a0\u00bb]<\/p>\n<p class=\"highlightbox-in\">L\u2019\u00e9tape\u00a02 est importante, car elle permet d\u2019apporter plus de pr\u00e9cision et de sp\u00e9cificit\u00e9 \u00e0 votre d\u00e9finition du bonheur.<\/p>\n<p>[\/vc_column_text][\/vc_column][\/vc_row][vc_row css_animation=\u00a0\u00bb\u00a0\u00bb row_type=\u00a0\u00bbrow\u00a0\u00bb use_row_as_full_screen_section=\u00a0\u00bbno\u00a0\u00bb type=\u00a0\u00bbgrid\u00a0\u00bb angled_section=\u00a0\u00bbno\u00a0\u00bb text_align=\u00a0\u00bbleft\u00a0\u00bb background_image_as_pattern=\u00a0\u00bbwithout_pattern\u00a0\u00bb z_index=\u00a0\u00bb\u00a0\u00bb css=\u00a0\u00bb.vc_custom_1594912264324{margin-bottom: 0px !important;}\u00a0\u00bb][vc_column][vc_column_text css=\u00a0\u00bb.vc_custom_1664547371018{padding-top: 10px !important;padding-right: 15px !important;padding-bottom: 10px !important;padding-left: 15px !important;background-color: #09aabe !important;}\u00a0\u00bb]<\/p>\n<h3 class=\"h3-bubbbles\" style=\"color: #fff;\">En r\u00e9sum\u00e9 : PEACE<\/h3>\n<p>[\/vc_column_text][\/vc_column][\/vc_row][vc_row css_animation=\u00a0\u00bb\u00a0\u00bb row_type=\u00a0\u00bbrow\u00a0\u00bb use_row_as_full_screen_section=\u00a0\u00bbno\u00a0\u00bb type=\u00a0\u00bbgrid\u00a0\u00bb angled_section=\u00a0\u00bbno\u00a0\u00bb text_align=\u00a0\u00bbleft\u00a0\u00bb background_image_as_pattern=\u00a0\u00bbwithout_pattern\u00a0\u00bb z_index=\u00a0\u00bb\u00a0\u00bb el_class=\u00a0\u00bbrow-box\u00a0\u00bb][vc_column][vc_column_text css=\u00a0\u00bb.vc_custom_1664547442794{margin-bottom: 15px !important;padding-top: 15px !important;padding-right: 15px !important;padding-bottom: 10px !important;padding-left: 15px !important;background-color: #f0f0f0 !important;}\u00a0\u00bb]<img style=\"width: 50%; float: right; padding: 10px 20px;\" src=\"http:\/\/intrinsicpractice.com\/wp-content\/uploads\/2022\/09\/elements_FR.png\" alt=\"Bulle avec le texte: \u00e9l\u00e9ments pointant vers deux autres bulles avec les mots: conducteur au bonheur et non conducteur au bonheur.\" \/>La pratique sugg\u00e8re cinq \u00e9l\u00e9ments (PEACE) de nature psychologique, abstraite et universelle, de m\u00eame que physique, tangible et individuelle. Vous pouvez vous identifier \u00e0 ces \u00e9l\u00e9ments ou pas du tout; vous pouvez ajouter ou remplacer des \u00e9l\u00e9ments. L\u2019important, c\u2019est que vous commenciez \u00e0 r\u00e9fl\u00e9chir \u00e0 ce que peut \u00eatre le bonheur, \u00e0 mieux le d\u00e9finir et le pr\u00e9ciser et ainsi \u00e9viter les notions vagues et impr\u00e9cises du bonheur. De plus, votre d\u00e9finition changeante du bonheur peut r\u00e9v\u00e9ler certaines incompatibilit\u00e9s qui peuvent en elles-m\u00eames emp\u00eacher ou entraver l\u2019exp\u00e9rience du bonheur. Autrement dit, ces divergences peuvent ne pas \u00eatre propices au bonheur, et certains ajustements pourraient \u00eatre n\u00e9cessaires afin de rendre votre d\u00e9finition du bonheur compatibles avec une v\u00e9ritable exp\u00e9rience du bonheur.[\/vc_column_text][\/vc_column][\/vc_row][vc_row css_animation=\u00a0\u00bb\u00a0\u00bb row_type=\u00a0\u00bbrow\u00a0\u00bb use_row_as_full_screen_section=\u00a0\u00bbno\u00a0\u00bb type=\u00a0\u00bbgrid\u00a0\u00bb angled_section=\u00a0\u00bbno\u00a0\u00bb text_align=\u00a0\u00bbleft\u00a0\u00bb background_image_as_pattern=\u00a0\u00bbwithout_pattern\u00a0\u00bb z_index=\u00a0\u00bb\u00a0\u00bb][vc_column][vc_column_text css=\u00a0\u00bb.vc_custom_1656960264846{margin-bottom: 15px !important;}\u00a0\u00bb]Accordez suffisamment de temps \u00e0 l\u2019\u00e9tape\u00a02; r\u00e9fl\u00e9chissez \u00e0 votre d\u00e9finition du bonheur, puis passez \u00e0 l\u2019\u00e9tape suivante, \u00ab\u00a0<strong>Me conna\u00eetre<\/strong>\u00a0\u00bb.[\/vc_column_text][\/vc_column][\/vc_row][vc_row css_animation=\u00a0\u00bb\u00a0\u00bb row_type=\u00a0\u00bbrow\u00a0\u00bb use_row_as_full_screen_section=\u00a0\u00bbno\u00a0\u00bb type=\u00a0\u00bbgrid\u00a0\u00bb angled_section=\u00a0\u00bbno\u00a0\u00bb text_align=\u00a0\u00bbleft\u00a0\u00bb background_image_as_pattern=\u00a0\u00bbwithout_pattern\u00a0\u00bb css=\u00a0\u00bb.vc_custom_1594903124210{margin-top: 20px !important;padding-top: 10px !important;padding-bottom: 10px !important;background-color: #f6f6f6 !important;}\u00a0\u00bb z_index=\u00a0\u00bb\u00a0\u00bb][vc_column][vc_column_text]<\/p>\n<div><a id=\"prev-link\" href=\"https:\/\/intrinsicpractice.com\/fr\/methode-en-6-etapes\/etape-2-defenir-mon-bonheur\/peace-purpose\/\">page pr\u00e9c\u00e9dente<\/a> <a id=\"next-link\" href=\"https:\/\/intrinsicpractice.com\/fr\/methode-en-6-etapes\/etape-3-me-connaitre\/\">prochaine page<\/a><\/div>\n<p>[\/vc_column_text][\/vc_column][\/vc_row]<\/p>\n","protected":false},"excerpt":{"rendered":"<p>[vc_row css_animation=\u00a0\u00bb\u00a0\u00bb row_type=\u00a0\u00bbrow\u00a0\u00bb use_row_as_full_screen_section=\u00a0\u00bbno\u00a0\u00bb type=\u00a0\u00bbgrid\u00a0\u00bb angled_section=\u00a0\u00bbno\u00a0\u00bb text_align=\u00a0\u00bbleft\u00a0\u00bb background_image_as_pattern=\u00a0\u00bbwithout_pattern\u00a0\u00bb z_index=\u00a0\u00bb\u00a0\u00bb css=\u00a0\u00bb.vc_custom_1594994536024{margin-top: 35px !important;margin-bottom: 30px !important;}\u00a0\u00bb][vc_column width=\u00a0\u00bb5\/12&Prime; el_class=\u00a0\u00bbdotted-bottom2&Prime;][vc_column_text css=\u00a0\u00bb.vc_custom_1656957279089{margin-bottom: 15px !important;}\u00a0\u00bb]Apr\u00e8s avoir rempli le gabarit PEACE, mettez-le de c\u00f4t\u00e9 pendant quelques jours puis revenez-y pour r\u00e9pondre aux questions inscrites au bas du gabarit\u00a0:[\/vc_column_text][vc_column_text css=\u00a0\u00bb.vc_custom_1662746760012{padding-bottom: 25px !important;}\u00a0\u00bb][\/vc_column_text][\/vc_column][vc_column width=\u00a0\u00bb1\/12&Prime;][\/vc_column][vc_column&#8230;<\/p>\n","protected":false},"author":4,"featured_media":0,"parent":3601,"menu_order":0,"comment_status":"closed","ping_status":"closed","template":"full_width.php","meta":{"inline_featured_image":false,"_mi_skip_tracking":false},"_links":{"self":[{"href":"https:\/\/intrinsicpractice.com\/fr\/wp-json\/wp\/v2\/pages\/3619"}],"collection":[{"href":"https:\/\/intrinsicpractice.com\/fr\/wp-json\/wp\/v2\/pages"}],"about":[{"href":"https:\/\/intrinsicpractice.com\/fr\/wp-json\/wp\/v2\/types\/page"}],"author":[{"embeddable":true,"href":"https:\/\/intrinsicpractice.com\/fr\/wp-json\/wp\/v2\/users\/4"}],"replies":[{"embeddable":true,"href":"https:\/\/intrinsicpractice.com\/fr\/wp-json\/wp\/v2\/comments?post=3619"}],"version-history":[{"count":21,"href":"https:\/\/intrinsicpractice.com\/fr\/wp-json\/wp\/v2\/pages\/3619\/revisions"}],"predecessor-version":[{"id":5033,"href":"https:\/\/intrinsicpractice.com\/fr\/wp-json\/wp\/v2\/pages\/3619\/revisions\/5033"}],"up":[{"embeddable":true,"href":"https:\/\/intrinsicpractice.com\/fr\/wp-json\/wp\/v2\/pages\/3601"}],"wp:attachment":[{"href":"https:\/\/intrinsicpractice.com\/fr\/wp-json\/wp\/v2\/media?parent=3619"}],"curies":[{"name":"wp","href":"https:\/\/api.w.org\/{rel}","templated":true}]}}