{"id":3617,"date":"2019-10-29T14:37:04","date_gmt":"2019-10-29T14:37:04","guid":{"rendered":"https:\/\/intrinsicpractice.com\/?page_id=3617"},"modified":"2022-10-12T20:01:13","modified_gmt":"2022-10-12T20:01:13","slug":"etape-3-me-connaitre","status":"publish","type":"page","link":"https:\/\/intrinsicpractice.com\/fr\/methode-en-6-etapes\/etape-3-me-connaitre\/","title":{"rendered":"\u00c9tape 3 &#8211; Me conna\u00eetre &#8211; MINDSET"},"content":{"rendered":"<p>[vc_row css_animation=\u00a0\u00bb\u00a0\u00bb row_type=\u00a0\u00bbrow\u00a0\u00bb use_row_as_full_screen_section=\u00a0\u00bbno\u00a0\u00bb type=\u00a0\u00bbgrid\u00a0\u00bb angled_section=\u00a0\u00bbno\u00a0\u00bb text_align=\u00a0\u00bbleft\u00a0\u00bb background_image_as_pattern=\u00a0\u00bbwithout_pattern\u00a0\u00bb z_index=\u00a0\u00bb\u00a0\u00bb css=\u00a0\u00bb.vc_custom_1600086433590{margin-top: 30px !important;}\u00a0\u00bb][vc_column][vc_column_text css=\u00a0\u00bb.vc_custom_1659635968115{margin-top: 5px !important;margin-bottom: 15px !important;}\u00a0\u00bb]<\/p>\n<h2>Objectifs et aper\u00e7u<\/h2>\n<p>[\/vc_column_text][\/vc_column][\/vc_row][vc_row css_animation=\u00a0\u00bb\u00a0\u00bb row_type=\u00a0\u00bbrow\u00a0\u00bb use_row_as_full_screen_section=\u00a0\u00bbno\u00a0\u00bb type=\u00a0\u00bbgrid\u00a0\u00bb angled_section=\u00a0\u00bbno\u00a0\u00bb text_align=\u00a0\u00bbleft\u00a0\u00bb background_image_as_pattern=\u00a0\u00bbwithout_pattern\u00a0\u00bb z_index=\u00a0\u00bb\u00a0\u00bb][vc_column width=\u00a0\u00bb1\/2&Prime;][vc_column_text css=\u00a0\u00bb.vc_custom_1656428082986{margin-bottom: 15px !important;}\u00a0\u00bb]<span class=\"TextRun SCXW99613510 BCX0\" lang=\"FR-CA\" xml:lang=\"FR-CA\" data-contrast=\"none\"><span class=\"NormalTextRun SCXW99613510 BCX0\">Vous avez \u00e9tabli votre pratique, vous avez commenc\u00e9 \u00e0 pratiquer l&rsquo;attention et \u00e0 d\u00e9finir ce qu\u2019est le bonheur pour vous. Il est maintenant temps pour vous d\u2019apprendre \u00e0 vous conna\u00eetre, dans n\u2019importe quelle situation de votre vie. Ce n\u2019est pas facile \u00e0 faire. Il s\u2019agit d\u2019une t\u00e2che complexe et multidimensionnelle qui exige une observation attentive de soi et beaucoup de r\u00e9flexion sur vos observations. Vous avez peut-\u00eatre d\u00e9j\u00e0 pass\u00e9 du temps \u00e0 vous observer et \u00e0 chercher \u00e0 vous comprendre. La pratique intrins\u00e8que offre des outils pour accro\u00eetre votre capacit\u00e9 \u00e0 vous conna\u00eetre, que votre connaissance initiale soit minime ou \u00e9toff\u00e9e.<\/span><\/span><span class=\"EOP SCXW99613510 BCX0\" data-ccp-props=\"{&quot;201341983&quot;:1,&quot;335551550&quot;:1,&quot;335551620&quot;:1,&quot;335559738&quot;:257,&quot;335559740&quot;:270}\">\u00a0<\/span>[\/vc_column_text][\/vc_column][vc_column width=\u00a0\u00bb1\/2&Prime;][vc_column_text css=\u00a0\u00bb.vc_custom_1662746978480{margin-bottom: 15px !important;}\u00a0\u00bb]<img loading=\"lazy\" class=\"alignnone wp-image-3428 size-large\" src=\"http:\/\/intrinsicpractice.com\/wp-content\/uploads\/2020\/09\/headcloud-2-1024x726.jpg\" alt=\"silhouette avec une bulle de pens\u00e9e\" width=\"1024\" height=\"726\" srcset=\"https:\/\/intrinsicpractice.com\/wp-content\/uploads\/2020\/09\/headcloud-2-1024x726.jpg 1024w, https:\/\/intrinsicpractice.com\/wp-content\/uploads\/2020\/09\/headcloud-2-300x213.jpg 300w, https:\/\/intrinsicpractice.com\/wp-content\/uploads\/2020\/09\/headcloud-2-768x544.jpg 768w, https:\/\/intrinsicpractice.com\/wp-content\/uploads\/2020\/09\/headcloud-2-700x496.jpg 700w, https:\/\/intrinsicpractice.com\/wp-content\/uploads\/2020\/09\/headcloud-2.jpg 1500w\" sizes=\"(max-width: 1024px) 100vw, 1024px\" \/>[\/vc_column_text][\/vc_column][\/vc_row][vc_row css_animation=\u00a0\u00bb\u00a0\u00bb row_type=\u00a0\u00bbrow\u00a0\u00bb use_row_as_full_screen_section=\u00a0\u00bbno\u00a0\u00bb type=\u00a0\u00bbgrid\u00a0\u00bb angled_section=\u00a0\u00bbno\u00a0\u00bb text_align=\u00a0\u00bbleft\u00a0\u00bb background_image_as_pattern=\u00a0\u00bbwithout_pattern\u00a0\u00bb z_index=\u00a0\u00bb\u00a0\u00bb][vc_column][vc_column_text css=\u00a0\u00bb.vc_custom_1662747037724{margin-bottom: 15px !important;}\u00a0\u00bb]<img loading=\"lazy\" class=\"alignnone wp-image-3517 size-medium\" style=\"float: left; margin: 0px 15px 10px 0px;\" src=\"http:\/\/intrinsicpractice.com\/wp-content\/uploads\/2020\/11\/53-M10_5501-2-300x200.jpg\" alt=\"\" width=\"300\" height=\"200\" srcset=\"https:\/\/intrinsicpractice.com\/wp-content\/uploads\/2020\/11\/53-M10_5501-2-300x200.jpg 300w, https:\/\/intrinsicpractice.com\/wp-content\/uploads\/2020\/11\/53-M10_5501-2-768x512.jpg 768w, https:\/\/intrinsicpractice.com\/wp-content\/uploads\/2020\/11\/53-M10_5501-2-1024x683.jpg 1024w, https:\/\/intrinsicpractice.com\/wp-content\/uploads\/2020\/11\/53-M10_5501-2-700x467.jpg 700w, https:\/\/intrinsicpractice.com\/wp-content\/uploads\/2020\/11\/53-M10_5501-2.jpg 1600w\" sizes=\"(max-width: 300px) 100vw, 300px\" \/>[\/vc_column_text][vc_column_text css=\u00a0\u00bb.vc_custom_1656428136644{margin-bottom: 15px !important;}\u00a0\u00bb]<span class=\"TextRun SCXW40869551 BCX0\" lang=\"FR-CA\" xml:lang=\"FR-CA\" data-contrast=\"none\"><span class=\"NormalTextRun SCXW40869551 BCX0\">Ces outils vous aideront \u00e0 vous conna\u00eetre dans toute situation et pour chaque exp\u00e9rience, pass\u00e9e ou pr\u00e9sente. C\u2019est cet apprentissage, une exp\u00e9rience \u00e0 la fois, qui vous permettra d\u2019acqu\u00e9rir une connaissance de plus en plus vaste et approfondie de vous-m\u00eame. Cet apprentissage vous permettra \u00e9galement de consigner les composantes de ces exp\u00e9riences qui sont propices au bonheur et celles qui ne le sont pas. Les renseignements ainsi consign\u00e9s vous seront utiles aux \u00e9tapes\u202f5 et 6, et vous permettront de faire passer vos exp\u00e9riences de l\u2019\u00e9tat non propice \u00e0 l\u2019\u00e9tat propice au bonheur.<\/span><\/span><span class=\"EOP SCXW40869551 BCX0\" data-ccp-props=\"{&quot;201341983&quot;:1,&quot;335551550&quot;:1,&quot;335551620&quot;:1,&quot;335559738&quot;:272,&quot;335559740&quot;:270}\">\u00a0<\/span>[\/vc_column_text][vc_column_text css=\u00a0\u00bb.vc_custom_1656428159085{margin-bottom: 15px !important;}\u00a0\u00bb]<span class=\"TextRun SCXW192618968 BCX0\" lang=\"FR-CA\" xml:lang=\"FR-CA\" data-contrast=\"none\"><span class=\"NormalTextRun SCXW192618968 BCX0\">Nos observations et connaissances de nous-m\u00eames sont souvent restreintes, car elles sont faites uniquement en fonction de quelques perspectives \u00e0 la fois. Par exemple, nous pouvons nous percevoir principalement par le biais de nos \u00e9motions, de nos pens\u00e9es ou de notre comportement. Cela nous donne souvent une information partielle qui cr\u00e9e des angles morts, et nous n\u2019avons donc jamais une connaissance compl\u00e8te de nous-m\u00eames. Pour surmonter cet obstacle, la pratique intrins\u00e8que offre un outil qui utilise sept angles ou \u00ab\u202fdimensions\u202f\u00bb pour observer toute situation particuli\u00e8re de votre vie et approfondir la connaissance de soi. En examinant une situation \u00e0 partir d\u2019une multiplicit\u00e9 de dimensions, vous \u00eates mieux en mesure de vous conna\u00eetre.<\/span><\/span><span class=\"EOP SCXW192618968 BCX0\" data-ccp-props=\"{&quot;201341983&quot;:1,&quot;335551550&quot;:1,&quot;335551620&quot;:1,&quot;335559738&quot;:270,&quot;335559740&quot;:270}\">\u00a0<\/span>[\/vc_column_text][\/vc_column][\/vc_row][vc_row css_animation=\u00a0\u00bb\u00a0\u00bb row_type=\u00a0\u00bbrow\u00a0\u00bb use_row_as_full_screen_section=\u00a0\u00bbno\u00a0\u00bb type=\u00a0\u00bbgrid\u00a0\u00bb angled_section=\u00a0\u00bbno\u00a0\u00bb text_align=\u00a0\u00bbleft\u00a0\u00bb background_image_as_pattern=\u00a0\u00bbwithout_pattern\u00a0\u00bb z_index=\u00a0\u00bb\u00a0\u00bb][vc_column][vc_column_text css=\u00a0\u00bb.vc_custom_1656428184748{margin-bottom: 15px !important;}\u00a0\u00bb]<span class=\"TextRun SCXW151170773 BCX0\" lang=\"FR-CA\" xml:lang=\"FR-CA\" data-contrast=\"none\"><span class=\"NormalTextRun SCXW151170773 BCX0\">Ainsi, le proc\u00e9d\u00e9 mn\u00e9monique de l\u2019\u00e9tape\u202f3 est <\/span><\/span><span class=\"TextRun SCXW151170773 BCX0\" lang=\"FR-CA\" xml:lang=\"FR-CA\" data-contrast=\"none\"><span class=\"NormalTextRun SCXW151170773 BCX0\">MINDSET,<\/span><\/span><span class=\"TextRun SCXW151170773 BCX0\" lang=\"FR-CA\" xml:lang=\"FR-CA\" data-contrast=\"none\"><span class=\"NormalTextRun SCXW151170773 BCX0\"> qui signifie M\u00e9canisme, Mode intrins\u00e8que, Notion, Comportement, Soma, \u00c9motion et Pens\u00e9e.<\/span><\/span><span class=\"EOP SCXW151170773 BCX0\" data-ccp-props=\"{&quot;201341983&quot;:1,&quot;335551550&quot;:1,&quot;335551620&quot;:1,&quot;335559738&quot;:271,&quot;335559739&quot;:160,&quot;335559740&quot;:270}\">\u00a0<\/span>[\/vc_column_text][vc_column_text css=\u00a0\u00bb.vc_custom_1662748119858{margin-bottom: 15px !important;}\u00a0\u00bb]<a href=\"http:\/\/intrinsicpractice.com\/wp-content\/uploads\/2022\/09\/mindset_all.svg\"><img  class=\"alignnone wp-image-3970 size-full\" src=\"http:\/\/intrinsicpractice.com\/wp-content\/uploads\/2022\/09\/mindset_all.svg\" alt=\"MINDSET: M\u00e9canisme, Mode intrins\u00e8que, Notion, Comportement, Soma, \u00c9motion et Pens\u00e9e\" \/><\/a>[\/vc_column_text][\/vc_column][\/vc_row][vc_row css_animation=\u00a0\u00bb\u00a0\u00bb row_type=\u00a0\u00bbrow\u00a0\u00bb use_row_as_full_screen_section=\u00a0\u00bbno\u00a0\u00bb type=\u00a0\u00bbgrid\u00a0\u00bb angled_section=\u00a0\u00bbno\u00a0\u00bb text_align=\u00a0\u00bbleft\u00a0\u00bb background_image_as_pattern=\u00a0\u00bbwithout_pattern\u00a0\u00bb z_index=\u00a0\u00bb\u00a0\u00bb][vc_column][vc_column_text css=\u00a0\u00bb.vc_custom_1656428202683{margin-bottom: 15px !important;}\u00a0\u00bb]<span class=\"TextRun SCXW186866806 BCX0\" lang=\"FR-CA\" xml:lang=\"FR-CA\" data-contrast=\"none\"><span class=\"NormalTextRun SCXW186866806 BCX0\">Il s\u2019agit des sept dimensions avec lesquelles vous devez vous observer et analyser, et acqu\u00e9rir des connaissances \u00e0 votre sujet. On pourrait croire que sept dimensions, c\u2019est beaucoup, mais cette multiplicit\u00e9 \u00e9vitera d\u2019\u00eatre trop simpliste ou r\u00e9ducteur pour observer, analyser et se conna\u00eetre.\u00a0<\/span><\/span><span class=\"EOP SCXW186866806 BCX0\" data-ccp-props=\"{&quot;201341983&quot;:1,&quot;335551550&quot;:1,&quot;335551620&quot;:1,&quot;335559738&quot;:271,&quot;335559739&quot;:160,&quot;335559740&quot;:270}\">\u00a0<\/span>[\/vc_column_text][vc_column_text css=\u00a0\u00bb.vc_custom_1656428220266{margin-bottom: 15px !important;}\u00a0\u00bb]<span class=\"TextRun SCXW21721771 BCX0\" lang=\"FR-CA\" xml:lang=\"FR-CA\" data-contrast=\"none\"><span class=\"NormalTextRun SCXW21721771 BCX0\">Cela vous permettra \u00e9galement d\u2019\u00eatre plus sp\u00e9cifique et plus pr\u00e9cis aux \u00e9tapes\u202f5 et 6, ce qui vous aidera \u00e0 transformer, une dimension \u00e0 la fois, vos exp\u00e9riences de l\u2019\u00e9tat non propice \u00e0 l\u2019\u00e9tat propice au bonheur.<\/span><\/span><span class=\"EOP SCXW21721771 BCX0\" data-ccp-props=\"{&quot;201341983&quot;:1,&quot;335551550&quot;:1,&quot;335551620&quot;:1,&quot;335559738&quot;:271,&quot;335559739&quot;:160,&quot;335559740&quot;:270}\">\u00a0<\/span>[\/vc_column_text][\/vc_column][\/vc_row][vc_row css_animation=\u00a0\u00bb\u00a0\u00bb row_type=\u00a0\u00bbrow\u00a0\u00bb use_row_as_full_screen_section=\u00a0\u00bbno\u00a0\u00bb type=\u00a0\u00bbgrid\u00a0\u00bb angled_section=\u00a0\u00bbno\u00a0\u00bb text_align=\u00a0\u00bbleft\u00a0\u00bb background_image_as_pattern=\u00a0\u00bbwithout_pattern\u00a0\u00bb z_index=\u00a0\u00bb\u00a0\u00bb][vc_column][vc_column_text]<img loading=\"lazy\" class=\"alignnone wp-image-4095 size-full\" src=\"http:\/\/intrinsicpractice.com\/wp-content\/uploads\/2022\/09\/scale_FR.jpg\" alt=\"\u00e0 gauche, une silhouette en noir et blanc d\u2019une personne qui repr\u00e9sente des \u00e9motions n\u00e9gatives et perturbatrices ou d\u2019une personne distraite par le texte\" width=\"1500\" height=\"820\" srcset=\"https:\/\/intrinsicpractice.com\/wp-content\/uploads\/2022\/09\/scale_FR.jpg 1500w, https:\/\/intrinsicpractice.com\/wp-content\/uploads\/2022\/09\/scale_FR-300x164.jpg 300w, https:\/\/intrinsicpractice.com\/wp-content\/uploads\/2022\/09\/scale_FR-1024x560.jpg 1024w, https:\/\/intrinsicpractice.com\/wp-content\/uploads\/2022\/09\/scale_FR-768x420.jpg 768w, https:\/\/intrinsicpractice.com\/wp-content\/uploads\/2022\/09\/scale_FR-700x383.jpg 700w\" sizes=\"(max-width: 1500px) 100vw, 1500px\" \/>[\/vc_column_text][\/vc_column][\/vc_row][vc_row css_animation=\u00a0\u00bb\u00a0\u00bb row_type=\u00a0\u00bbrow\u00a0\u00bb use_row_as_full_screen_section=\u00a0\u00bbno\u00a0\u00bb type=\u00a0\u00bbgrid\u00a0\u00bb angled_section=\u00a0\u00bbno\u00a0\u00bb text_align=\u00a0\u00bbleft\u00a0\u00bb background_image_as_pattern=\u00a0\u00bbwithout_pattern\u00a0\u00bb z_index=\u00a0\u00bb\u00a0\u00bb][vc_column][vc_column_text css=\u00a0\u00bb.vc_custom_1656428263420{margin-bottom: 35px !important;}\u00a0\u00bb]<span class=\"TextRun SCXW12149856 BCX0\" lang=\"FR-CA\" xml:lang=\"FR-CA\" data-contrast=\"none\"><span class=\"NormalTextRun SCXW12149856 BCX0\">Utilisez le gabarit\u202f3a<\/span><\/span><span class=\"TrackChangeTextInsertion TrackedChange SCXW12149856 BCX0\"><span class=\"TextRun SCXW12149856 BCX0\" lang=\"EN-CA\" xml:lang=\"EN-CA\" data-contrast=\"auto\"><span class=\"NormalTextRun SCXW12149856 BCX0\"> MINDSET<\/span><\/span><\/span> <span class=\"TextRun SCXW12149856 BCX0\" lang=\"FR-CA\" xml:lang=\"FR-CA\" data-contrast=\"none\"><span class=\"NormalTextRun ContextualSpellingAndGrammarErrorV2Themed SCXW12149856 BCX0\">pour<\/span><span class=\"NormalTextRun SCXW12149856 BCX0\"> en apprendre davantage sur les dimensions et sur leur mode d\u2019utilisation pour vous observer et vous conna\u00eetre.<\/span><\/span><span class=\"EOP SCXW12149856 BCX0\" data-ccp-props=\"{&quot;201341983&quot;:1,&quot;335551550&quot;:1,&quot;335551620&quot;:1,&quot;335559738&quot;:266,&quot;335559739&quot;:160,&quot;335559740&quot;:270}\">\u00a0<\/span>[\/vc_column_text][\/vc_column][\/vc_row][vc_row css_animation=\u00a0\u00bb\u00a0\u00bb row_type=\u00a0\u00bbrow\u00a0\u00bb use_row_as_full_screen_section=\u00a0\u00bbno\u00a0\u00bb type=\u00a0\u00bbgrid\u00a0\u00bb angled_section=\u00a0\u00bbno\u00a0\u00bb text_align=\u00a0\u00bbleft\u00a0\u00bb background_image_as_pattern=\u00a0\u00bbwithout_pattern\u00a0\u00bb z_index=\u00a0\u00bb\u00a0\u00bb css=\u00a0\u00bb.vc_custom_1600113663851{margin-bottom: 20px !important;}\u00a0\u00bb][vc_column width=\u00a0\u00bb1\/2&Prime;][vc_column_text css=\u00a0\u00bb.vc_custom_1662747135143{margin-bottom: 15px !important;}\u00a0\u00bb]<img loading=\"lazy\" class=\"tmplt-brdr alignnone wp-image-3968 size-full\" src=\"http:\/\/intrinsicpractice.com\/wp-content\/uploads\/2022\/09\/3a_MINDSET_Template.png\" alt=\"Gabarit MINDSET\" width=\"612\" height=\"792\" srcset=\"https:\/\/intrinsicpractice.com\/wp-content\/uploads\/2022\/09\/3a_MINDSET_Template.png 612w, https:\/\/intrinsicpractice.com\/wp-content\/uploads\/2022\/09\/3a_MINDSET_Template-232x300.png 232w\" sizes=\"(max-width: 612px) 100vw, 612px\" \/>[\/vc_column_text][\/vc_column][vc_column width=\u00a0\u00bb1\/2&Prime;][vc_column_text]<\/p>\n<div id=\"tmplt-right\">T\u00e9l\u00e9chargez le gabarit 3a MINDSET (.pdf, 111 Kb):<br \/>\n<a class=\"tmplt-download3\" style=\"margin-top: 10px;\" href=\"http:\/\/intrinsicpractice.com\/wp-content\/uploads\/2022\/10\/3a_MINDSET_Gabarit.pdf\" download=\"\"><span style=\"vertical-align: middle;\">T\u00e9l\u00e9charger<\/span> <img style=\"width: 18px; vertical-align: middle;\" src=\"http:\/\/intrinsicpractice.com\/wp-content\/uploads\/\/2020\/09\/download_red.svg\" alt=\"icone T\u00e9l\u00e9charger\" \/><\/a><\/div>\n<p>[\/vc_column_text][\/vc_column][\/vc_row][vc_row css_animation=\u00a0\u00bb\u00a0\u00bb row_type=\u00a0\u00bbrow\u00a0\u00bb use_row_as_full_screen_section=\u00a0\u00bbno\u00a0\u00bb type=\u00a0\u00bbgrid\u00a0\u00bb angled_section=\u00a0\u00bbno\u00a0\u00bb text_align=\u00a0\u00bbleft\u00a0\u00bb background_image_as_pattern=\u00a0\u00bbwithout_pattern\u00a0\u00bb z_index=\u00a0\u00bb\u00a0\u00bb css=\u00a0\u00bb.vc_custom_1600113389983{margin-top: 5px !important;}\u00a0\u00bb][vc_column][vc_column_text css=\u00a0\u00bb.vc_custom_1664558984475{margin-top: 20px !important;}\u00a0\u00bb]<\/p>\n<h3 class=\"ti-heading3\"><span style=\"color: #fff; padding-left: 4px;\">In<\/span>structions pour le gabarit<\/h3>\n<p>[\/vc_column_text][\/vc_column][\/vc_row][vc_row css_animation=\u00a0\u00bb\u00a0\u00bb row_type=\u00a0\u00bbrow\u00a0\u00bb use_row_as_full_screen_section=\u00a0\u00bbno\u00a0\u00bb type=\u00a0\u00bbgrid\u00a0\u00bb angled_section=\u00a0\u00bbno\u00a0\u00bb text_align=\u00a0\u00bbleft\u00a0\u00bb background_image_as_pattern=\u00a0\u00bbwithout_pattern\u00a0\u00bb z_index=\u00a0\u00bb\u00a0\u00bb][vc_column width=\u00a0\u00bb5\/12&Prime; el_class=\u00a0\u00bbdotted-bottom3&Prime;][vc_column_text css=\u00a0\u00bb.vc_custom_1656428352548{margin-bottom: 15px !important;}\u00a0\u00bb]<span class=\"TextRun SCXW12617541 BCX0\" lang=\"FR-CA\" xml:lang=\"FR-CA\" data-contrast=\"none\"><span class=\"NormalTextRun SCXW12617541 BCX0\">L\u2019outil peut sembler complexe au d\u00e9but, mais il devient plus facile \u00e0 utiliser au fur et \u00e0 mesure que l\u2019on s\u2019exerce. Pour comprendre l\u2019outil et apprendre comment l\u2019utiliser, l\u2019utilisation du gabarit se fera progressivement. Les dimensions les plus \u00e9l\u00e9mentaires et les plus simples sont le soma (physique), ainsi que l\u2019\u00e9motion, la pens\u00e9e et le comportement.<\/span><\/span>[\/vc_column_text][vc_column_text css=\u00a0\u00bb.vc_custom_1656428367183{margin-bottom: 15px !important;}\u00a0\u00bb]<span class=\"TextRun SCXW40336976 BCX0\" lang=\"FR-CA\" xml:lang=\"FR-CA\" data-contrast=\"none\"><span class=\"NormalTextRun SCXW40336976 BCX0\">Les plus complexes portent sur le m\u00e9canisme, le mode intrins\u00e8que et la notion. Nous commencerons par les dimensions \u00e9l\u00e9mentaires, une \u00e0 la fois. Alors que nous traiterons de toutes les dimensions, nous garderons \u00e0 l\u2019esprit que toute dimension, n\u2019importe quand au cours d\u2019une situation donn\u00e9e, peut \u00eatre propice ou non propice au bonheur.<\/span><\/span><span class=\"EOP SCXW40336976 BCX0\" data-ccp-props=\"{&quot;201341983&quot;:1,&quot;335551550&quot;:1,&quot;335551620&quot;:1,&quot;335559738&quot;:462,&quot;335559739&quot;:0,&quot;335559740&quot;:269}\">\u00a0<\/span>[\/vc_column_text][\/vc_column][vc_column width=\u00a0\u00bb1\/12&Prime;][\/vc_column][vc_column width=\u00a0\u00bb1\/2&Prime;][vc_column_text css=\u00a0\u00bb.vc_custom_1659636114720{margin-bottom: 10px !important;}\u00a0\u00bb]Visionnez le vid\u00e9oclip pour les instructions sur l&rsquo;utilisation du gabarit 3a. MINDSET.[\/vc_column_text][vc_video link=\u00a0\u00bbhttps:\/\/youtu.be\/iNKagdRMSJs\u00a0\u00bb][vc_column_text css=\u00a0\u00bb.vc_custom_1665604866344{margin-bottom: 30px !important;}\u00a0\u00bb]<span class=\"transcript\"><a href=\"http:\/\/intrinsicpractice.com\/wp-content\/uploads\/2022\/10\/Pratique_intrinseque_Etape_3_MINDSET_Introduction_Transcription.pdf\" target=\"_blank\" rel=\"noopener noreferrer\">Transcription<\/a> (.pdf, 152 Kb)<\/span><span class=\"video-time\">2m 50s<\/span>[\/vc_column_text][\/vc_column][\/vc_row][vc_row css_animation=\u00a0\u00bb\u00a0\u00bb row_type=\u00a0\u00bbrow\u00a0\u00bb use_row_as_full_screen_section=\u00a0\u00bbno\u00a0\u00bb type=\u00a0\u00bbgrid\u00a0\u00bb angled_section=\u00a0\u00bbno\u00a0\u00bb text_align=\u00a0\u00bbleft\u00a0\u00bb background_image_as_pattern=\u00a0\u00bbwithout_pattern\u00a0\u00bb z_index=\u00a0\u00bb\u00a0\u00bb][vc_column][vc_column_text css=\u00a0\u00bb.vc_custom_1656430432527{margin-bottom: 15px !important;}\u00a0\u00bb]<span class=\"TextRun SCXW66677867 BCX0\" lang=\"FR-CA\" xml:lang=\"FR-CA\" data-contrast=\"none\"><span class=\"NormalTextRun SCXW66677867 BCX0\">Commen\u00e7ons.\u00a0<\/span><\/span><span class=\"EOP SCXW66677867 BCX0\" data-ccp-props=\"{&quot;201341983&quot;:1,&quot;335551550&quot;:1,&quot;335551620&quot;:1,&quot;335559738&quot;:271,&quot;335559739&quot;:0,&quot;335559740&quot;:266}\">\u00a0<\/span>[\/vc_column_text][\/vc_column][\/vc_row][vc_row css_animation=\u00a0\u00bb\u00a0\u00bb row_type=\u00a0\u00bbrow\u00a0\u00bb use_row_as_full_screen_section=\u00a0\u00bbno\u00a0\u00bb type=\u00a0\u00bbgrid\u00a0\u00bb angled_section=\u00a0\u00bbno\u00a0\u00bb text_align=\u00a0\u00bbleft\u00a0\u00bb background_image_as_pattern=\u00a0\u00bbwithout_pattern\u00a0\u00bb css=\u00a0\u00bb.vc_custom_1599853098014{margin-top: 20px !important;padding-top: 10px !important;padding-bottom: 10px !important;background-color: #f7f7f7 !important;}\u00a0\u00bb z_index=\u00a0\u00bb\u00a0\u00bb][vc_column][vc_column_text]<\/p>\n<div><a id=\"prev-link\" href=\"https:\/\/intrinsicpractice.com\/fr\/methode-en-6-etapes\/etape-2-defenir-mon-bonheur\/peace-conclusion\/\">page pr\u00e9c\u00e9dente<\/a> <a id=\"next-link\" href=\"https:\/\/intrinsicpractice.com\/fr\/methode-en-6-etapes\/etape-3-me-connaitre\/mindset-soma\/\">prochaine page<\/a><\/div>\n<p>[\/vc_column_text][\/vc_column][\/vc_row]<\/p>\n","protected":false},"excerpt":{"rendered":"<p>[vc_row css_animation=\u00a0\u00bb\u00a0\u00bb row_type=\u00a0\u00bbrow\u00a0\u00bb use_row_as_full_screen_section=\u00a0\u00bbno\u00a0\u00bb type=\u00a0\u00bbgrid\u00a0\u00bb angled_section=\u00a0\u00bbno\u00a0\u00bb text_align=\u00a0\u00bbleft\u00a0\u00bb background_image_as_pattern=\u00a0\u00bbwithout_pattern\u00a0\u00bb z_index=\u00a0\u00bb\u00a0\u00bb css=\u00a0\u00bb.vc_custom_1600086433590{margin-top: 30px !important;}\u00a0\u00bb][vc_column][vc_column_text css=\u00a0\u00bb.vc_custom_1659635968115{margin-top: 5px !important;margin-bottom: 15px !important;}\u00a0\u00bb] Objectifs et aper\u00e7u [\/vc_column_text][\/vc_column][\/vc_row][vc_row css_animation=\u00a0\u00bb\u00a0\u00bb row_type=\u00a0\u00bbrow\u00a0\u00bb use_row_as_full_screen_section=\u00a0\u00bbno\u00a0\u00bb type=\u00a0\u00bbgrid\u00a0\u00bb angled_section=\u00a0\u00bbno\u00a0\u00bb text_align=\u00a0\u00bbleft\u00a0\u00bb background_image_as_pattern=\u00a0\u00bbwithout_pattern\u00a0\u00bb z_index=\u00a0\u00bb\u00a0\u00bb][vc_column width=\u00a0\u00bb1\/2&Prime;][vc_column_text css=\u00a0\u00bb.vc_custom_1656428082986{margin-bottom: 15px !important;}\u00a0\u00bb]Vous avez \u00e9tabli votre pratique, vous avez commenc\u00e9 \u00e0 pratiquer l&rsquo;attention et \u00e0&#8230;<\/p>\n","protected":false},"author":4,"featured_media":0,"parent":3571,"menu_order":0,"comment_status":"closed","ping_status":"closed","template":"full_width.php","meta":{"inline_featured_image":false,"_mi_skip_tracking":false},"_links":{"self":[{"href":"https:\/\/intrinsicpractice.com\/fr\/wp-json\/wp\/v2\/pages\/3617"}],"collection":[{"href":"https:\/\/intrinsicpractice.com\/fr\/wp-json\/wp\/v2\/pages"}],"about":[{"href":"https:\/\/intrinsicpractice.com\/fr\/wp-json\/wp\/v2\/types\/page"}],"author":[{"embeddable":true,"href":"https:\/\/intrinsicpractice.com\/fr\/wp-json\/wp\/v2\/users\/4"}],"replies":[{"embeddable":true,"href":"https:\/\/intrinsicpractice.com\/fr\/wp-json\/wp\/v2\/comments?post=3617"}],"version-history":[{"count":22,"href":"https:\/\/intrinsicpractice.com\/fr\/wp-json\/wp\/v2\/pages\/3617\/revisions"}],"predecessor-version":[{"id":4955,"href":"https:\/\/intrinsicpractice.com\/fr\/wp-json\/wp\/v2\/pages\/3617\/revisions\/4955"}],"up":[{"embeddable":true,"href":"https:\/\/intrinsicpractice.com\/fr\/wp-json\/wp\/v2\/pages\/3571"}],"wp:attachment":[{"href":"https:\/\/intrinsicpractice.com\/fr\/wp-json\/wp\/v2\/media?parent=3617"}],"curies":[{"name":"wp","href":"https:\/\/api.w.org\/{rel}","templated":true}]}}