{"id":3615,"date":"2019-10-29T19:24:37","date_gmt":"2019-10-29T19:24:37","guid":{"rendered":"https:\/\/intrinsicpractice.com\/?page_id=3615"},"modified":"2022-10-12T19:58:47","modified_gmt":"2022-10-12T19:58:47","slug":"peace-purpose","status":"publish","type":"page","link":"https:\/\/intrinsicpractice.com\/fr\/methode-en-6-etapes\/etape-2-defenir-mon-bonheur\/peace-purpose\/","title":{"rendered":"PEACE &#8211; P(urpose)"},"content":{"rendered":"<p>[vc_row css_animation=\u00a0\u00bb\u00a0\u00bb row_type=\u00a0\u00bbrow\u00a0\u00bb use_row_as_full_screen_section=\u00a0\u00bbno\u00a0\u00bb type=\u00a0\u00bbgrid\u00a0\u00bb angled_section=\u00a0\u00bbno\u00a0\u00bb text_align=\u00a0\u00bbleft\u00a0\u00bb background_image_as_pattern=\u00a0\u00bbwithout_pattern\u00a0\u00bb z_index=\u00a0\u00bb\u00a0\u00bb css=\u00a0\u00bb.vc_custom_1594298462021{margin-top: 35px !important;margin-bottom: 15px !important;}\u00a0\u00bb][vc_column width=\u00a0\u00bb5\/12&Prime;][vc_column_text]<img loading=\"lazy\" class=\"alignnone wp-image-1568 size-large\" src=\"http:\/\/intrinsicpractice.com\/wp-content\/uploads\/\/2020\/07\/peace_p.svg\" alt=\"PEACE (avec la lettre P surlign\u00e9e)\" width=\"592\" height=\"108\" \/>[\/vc_column_text][vc_column_text css=\u00a0\u00bb.vc_custom_1664548566936{margin-top: 5px !important;margin-bottom: 5px !important;}\u00a0\u00bb]<span class=\"merry fs32\">But (<span class=\"step2col\">P<\/span>urpose)<\/span>[\/vc_column_text][vc_column_text css=\u00a0\u00bb.vc_custom_1664556357908{margin-top: 0px !important;margin-bottom: 0px !important;}\u00a0\u00bb]La d\u00e9finition est tr\u00e8s vaste, et englobe tout ce qui donne un sens \u00e0 votre vie et aide \u00e0 d\u00e9terminer votre orientation et vos objectifs. Le but peut vouloir dire \u00eatre quelque chose, faire quelque chose ou r\u00e9aliser quelque chose.[\/vc_column_text][\/vc_column][vc_column width=\u00a0\u00bb7\/12&Prime;][vc_column_text]<img loading=\"lazy\" class=\"alignnone wp-image-4106 size-full\" src=\"http:\/\/intrinsicpractice.com\/wp-content\/uploads\/2022\/09\/Peace_monitor_FR.jpg\" alt=\"\" width=\"1350\" height=\"845\" srcset=\"https:\/\/intrinsicpractice.com\/wp-content\/uploads\/2022\/09\/Peace_monitor_FR.jpg 1350w, https:\/\/intrinsicpractice.com\/wp-content\/uploads\/2022\/09\/Peace_monitor_FR-300x188.jpg 300w, https:\/\/intrinsicpractice.com\/wp-content\/uploads\/2022\/09\/Peace_monitor_FR-1024x641.jpg 1024w, https:\/\/intrinsicpractice.com\/wp-content\/uploads\/2022\/09\/Peace_monitor_FR-768x481.jpg 768w, https:\/\/intrinsicpractice.com\/wp-content\/uploads\/2022\/09\/Peace_monitor_FR-700x438.jpg 700w\" sizes=\"(max-width: 1350px) 100vw, 1350px\" \/>[\/vc_column_text][\/vc_column][\/vc_row][vc_row css_animation=\u00a0\u00bb\u00a0\u00bb row_type=\u00a0\u00bbrow\u00a0\u00bb use_row_as_full_screen_section=\u00a0\u00bbno\u00a0\u00bb type=\u00a0\u00bbgrid\u00a0\u00bb angled_section=\u00a0\u00bbno\u00a0\u00bb text_align=\u00a0\u00bbleft\u00a0\u00bb background_image_as_pattern=\u00a0\u00bbwithout_pattern\u00a0\u00bb z_index=\u00a0\u00bb\u00a0\u00bb][vc_column][vc_column_text css=\u00a0\u00bb.vc_custom_1656957018888{margin-bottom: 15px !important;}\u00a0\u00bb]<span class=\"EOP SCXW96680893 BCX9\" data-ccp-props=\"{&quot;134233279&quot;:true,&quot;201341983&quot;:0,&quot;335559685&quot;:1140,&quot;335559739&quot;:240,&quot;335559740&quot;:240,&quot;335559991&quot;:252}\">Vous avez peut-\u00eatre d\u00e9j\u00e0 une id\u00e9e de votre but (ou de vos multiples buts); si c\u2019est le cas, inscrivez-en de trois \u00e0 cinq dans la colonne correspondante. <\/span>[\/vc_column_text][\/vc_column][\/vc_row][vc_row css_animation=\u00a0\u00bb\u00a0\u00bb row_type=\u00a0\u00bbrow\u00a0\u00bb use_row_as_full_screen_section=\u00a0\u00bbno\u00a0\u00bb type=\u00a0\u00bbgrid\u00a0\u00bb angled_section=\u00a0\u00bbno\u00a0\u00bb text_align=\u00a0\u00bbleft\u00a0\u00bb background_image_as_pattern=\u00a0\u00bbwithout_pattern\u00a0\u00bb z_index=\u00a0\u00bb\u00a0\u00bb][vc_column width=\u00a0\u00bb1\/3&Prime;][vc_column_text css=\u00a0\u00bb.vc_custom_1662746600580{margin-bottom: 15px !important;}\u00a0\u00bb]<img loading=\"lazy\" class=\"alignnone\" style=\"width: 100%;\" src=\"http:\/\/intrinsicpractice.com\/wp-content\/uploads\/2020\/11\/72-On-the-Path-Shanghai.jpg\" alt=\"Un chemin \u00e0 Shanghai\" width=\"1600\" height=\"1067\" \/>[\/vc_column_text][\/vc_column][vc_column width=\u00a0\u00bb2\/3&Prime;][vc_column_text css=\u00a0\u00bb.vc_custom_1656957040638{margin-bottom: 15px !important;}\u00a0\u00bb]Si vous n\u2019avez jamais r\u00e9fl\u00e9chi \u00e0 votre but auparavant, \u00e9num\u00e9rez simplement les buts qui vous viennent \u00e0 l\u2019esprit. Vous pourriez \u00e9galement tenter de d\u00e9couvrir ou de d\u00e9crire votre but en compl\u00e9tant les phrases suivantes\u00a0:[\/vc_column_text][vc_column_text css=\u00a0\u00bb.vc_custom_1664308252732{margin-bottom: 15px !important;}\u00a0\u00bb]<\/p>\n<ul style=\"margin-left: 5px;\">\n<li>\u00ab\u00a0Je suis ici pour \u00eatre&#8230;\u00a0\u00bb<\/li>\n<li>\u00ab\u00a0Je suis ici pour faire&#8230;\u00a0\u00bb<\/li>\n<li>\u00ab\u00a0Ce qui est important dans la vie est de&#8230;\u00a0\u00bb<\/li>\n<li>\u00ab\u00a0Mes buts dans la vie sont de&#8230;\u00a0\u00bb<\/li>\n<\/ul>\n<p>[\/vc_column_text][\/vc_column][\/vc_row][vc_row css_animation=\u00a0\u00bb\u00a0\u00bb row_type=\u00a0\u00bbrow\u00a0\u00bb use_row_as_full_screen_section=\u00a0\u00bbno\u00a0\u00bb type=\u00a0\u00bbgrid\u00a0\u00bb angled_section=\u00a0\u00bbno\u00a0\u00bb text_align=\u00a0\u00bbleft\u00a0\u00bb background_image_as_pattern=\u00a0\u00bbwithout_pattern\u00a0\u00bb z_index=\u00a0\u00bb\u00a0\u00bb][vc_column][vc_column_text css=\u00a0\u00bb.vc_custom_1656957111201{margin-bottom: 15px !important;}\u00a0\u00bb]Tout au long de votre utilisation de la pratique, vous pouvez ajouter ou supprimer des mots de cette liste. \u00c0 ce stade-ci, il est important de commencer \u00e0 r\u00e9fl\u00e9chir au but, si vous ne l\u2019avez pas d\u00e9j\u00e0 fait. Et si vous avez d\u00e9j\u00e0 une id\u00e9e de ce que pourraient \u00eatre votre but et vos objectifs, il importe maintenant d\u2019approfondir votre r\u00e9flexion \u00e0 leur sujet. De plus, il est fort probable que vous changerez ou pr\u00e9ciserez votre but au fur et \u00e0 mesure que vous utiliserez la pratique ou que vous traverserez diff\u00e9rentes \u00e9tapes de votre vie.[\/vc_column_text][\/vc_column][\/vc_row][vc_row css_animation=\u00a0\u00bb\u00a0\u00bb row_type=\u00a0\u00bbrow\u00a0\u00bb use_row_as_full_screen_section=\u00a0\u00bbno\u00a0\u00bb type=\u00a0\u00bbgrid\u00a0\u00bb angled_section=\u00a0\u00bbno\u00a0\u00bb text_align=\u00a0\u00bbleft\u00a0\u00bb background_image_as_pattern=\u00a0\u00bbwithout_pattern\u00a0\u00bb z_index=\u00a0\u00bb\u00a0\u00bb][vc_column][vc_column_text css=\u00a0\u00bb.vc_custom_1664558831108{margin-top: 20px !important;margin-bottom: 15px !important;}\u00a0\u00bb]<\/p>\n<h3 class=\"ti-heading2\"><span style=\"color: #fff; padding-left: 4px;\">In<\/span>structions pour le gabarit<\/h3>\n<p>[\/vc_column_text][\/vc_column][\/vc_row][vc_row css_animation=\u00a0\u00bb\u00a0\u00bb row_type=\u00a0\u00bbrow\u00a0\u00bb use_row_as_full_screen_section=\u00a0\u00bbno\u00a0\u00bb type=\u00a0\u00bbgrid\u00a0\u00bb angled_section=\u00a0\u00bbno\u00a0\u00bb text_align=\u00a0\u00bbleft\u00a0\u00bb background_image_as_pattern=\u00a0\u00bbwithout_pattern\u00a0\u00bb z_index=\u00a0\u00bb\u00a0\u00bb][vc_column width=\u00a0\u00bb5\/12&Prime; el_class=\u00a0\u00bbdotted-bottom2&Prime;][vc_column_text css=\u00a0\u00bb.vc_custom_1656957134981{margin-bottom: 20px !important;}\u00a0\u00bb]Pour l\u2019instant, commencez par dresser une liste de trois \u00e0 cinq mots dans la colonne <strong>But.<\/strong>[\/vc_column_text][\/vc_column][vc_column width=\u00a0\u00bb1\/12&Prime;][\/vc_column][vc_column width=\u00a0\u00bb6\/12&Prime;][vc_column_text css=\u00a0\u00bb.vc_custom_1665082863278{margin-bottom: 15px !important;}\u00a0\u00bb]Visionnez le vid\u00e9oclip sur comment remplir la colonne <strong>But (Purpose)<\/strong>.[\/vc_column_text][vc_video link=\u00a0\u00bbhttps:\/\/youtu.be\/MbcADLXXTYk\u00a0\u00bb][vc_column_text css=\u00a0\u00bb.vc_custom_1665604721572{margin-bottom: 30px !important;}\u00a0\u00bb]<span class=\"transcript\"><a href=\"http:\/\/intrinsicpractice.com\/wp-content\/uploads\/2022\/10\/Pratique_intrinseque_Etape_2_PEACE_But_Transcription.pdf\" target=\"_blank\" rel=\"noopener noreferrer\">Transcription<\/a> (.pdf, 151 Kb)<\/span><span class=\"video-time\">2m 13s<\/span>[\/vc_column_text][\/vc_column][\/vc_row][vc_row css_animation=\u00a0\u00bb\u00a0\u00bb row_type=\u00a0\u00bbrow\u00a0\u00bb use_row_as_full_screen_section=\u00a0\u00bbno\u00a0\u00bb type=\u00a0\u00bbgrid\u00a0\u00bb angled_section=\u00a0\u00bbno\u00a0\u00bb text_align=\u00a0\u00bbleft\u00a0\u00bb background_image_as_pattern=\u00a0\u00bbwithout_pattern\u00a0\u00bb z_index=\u00a0\u00bb\u00a0\u00bb css=\u00a0\u00bb.vc_custom_1594734358745{margin-bottom: 20px !important;}\u00a0\u00bb][vc_column width=\u00a0\u00bb1\/2&Prime;][vc_column_text]<img loading=\"lazy\" class=\"tmplt-thumb tmplt-brdr alignnone wp-image-3942 size-full\" style=\"width: 90%;\" src=\"http:\/\/intrinsicpractice.com\/wp-content\/uploads\/2022\/09\/2_PEACE_Template.png\" alt=\"Vignette du gabarit PEACE\" width=\"612\" height=\"792\" srcset=\"https:\/\/intrinsicpractice.com\/wp-content\/uploads\/2022\/09\/2_PEACE_Template.png 612w, https:\/\/intrinsicpractice.com\/wp-content\/uploads\/2022\/09\/2_PEACE_Template-232x300.png 232w\" sizes=\"(max-width: 612px) 100vw, 612px\" \/>[\/vc_column_text][\/vc_column][vc_column width=\u00a0\u00bb1\/2&Prime;][vc_column_text css=\u00a0\u00bb.vc_custom_1664907365980{margin-bottom: 30px !important;}\u00a0\u00bb]<\/p>\n<div id=\"tmplt-right\">Si vous ne l&rsquo;avez pas d\u00e9j\u00e0 fait, t\u00e9l\u00e9chargez le gabarit PEACE\u00a0 (.pdf, 102 Kb).:<br \/>\n<a class=\"tmplt-download2\" style=\"margin-top: 5px;\" href=\"http:\/\/intrinsicpractice.com\/wp-content\/uploads\/2022\/10\/2_PEACE_Gabarit-2.pdf\" rel=\"noopener noreferrer\" download=\"\"><span style=\"vertical-align: middle;\">T\u00e9l\u00e9charger<\/span> <img style=\"width: 18px; vertical-align: middle;\" src=\"http:\/\/intrinsicpractice.com\/wp-content\/uploads\/\/2020\/07\/download_aqua.svg\" alt=\"icone T\u00e9l\u00e9charger\" \/><\/a><\/div>\n<p>[\/vc_column_text][\/vc_column][\/vc_row][vc_row css_animation=\u00a0\u00bb\u00a0\u00bb row_type=\u00a0\u00bbrow\u00a0\u00bb use_row_as_full_screen_section=\u00a0\u00bbno\u00a0\u00bb type=\u00a0\u00bbgrid\u00a0\u00bb angled_section=\u00a0\u00bbno\u00a0\u00bb text_align=\u00a0\u00bbleft\u00a0\u00bb background_image_as_pattern=\u00a0\u00bbwithout_pattern\u00a0\u00bb z_index=\u00a0\u00bb\u00a0\u00bb][vc_column][vc_column_text css=\u00a0\u00bb.vc_custom_1664548032406{margin-bottom: 15px !important;}\u00a0\u00bb]<\/p>\n<p id=\"tw-target-text\" class=\"tw-data-text tw-text-large tw-ta\" dir=\"ltr\" data-placeholder=\"Translation\"><span class=\"Y2IQFc\" lang=\"fr\">Sur la page suivante, nous expliquons comment r\u00e9pondre aux les questions restantes du gabarit PEACE.<\/span><\/p>\n<p>[\/vc_column_text][\/vc_column][\/vc_row][vc_row css_animation=\u00a0\u00bb\u00a0\u00bb row_type=\u00a0\u00bbrow\u00a0\u00bb use_row_as_full_screen_section=\u00a0\u00bbno\u00a0\u00bb type=\u00a0\u00bbgrid\u00a0\u00bb angled_section=\u00a0\u00bbno\u00a0\u00bb text_align=\u00a0\u00bbleft\u00a0\u00bb background_image_as_pattern=\u00a0\u00bbwithout_pattern\u00a0\u00bb css=\u00a0\u00bb.vc_custom_1594734314414{margin-top: 20px !important;padding-top: 10px !important;padding-bottom: 10px !important;background-color: #f6f6f6 !important;}\u00a0\u00bb z_index=\u00a0\u00bb\u00a0\u00bb][vc_column][vc_column_text]<\/p>\n<div><a id=\"prev-link\" href=\"https:\/\/intrinsicpractice.com\/fr\/methode-en-6-etapes\/etape-2-defenir-mon-bonheur\/peace-ethic\/\">page pr\u00e9c\u00e9dente<\/a> <a id=\"next-link\" href=\"https:\/\/intrinsicpractice.com\/fr\/methode-en-6-etapes\/etape-2-defenir-mon-bonheur\/peace-conclusion\/\">prochaine page<\/a><\/div>\n<p>[\/vc_column_text][\/vc_column][\/vc_row]<\/p>\n","protected":false},"excerpt":{"rendered":"<p>[vc_row css_animation=\u00a0\u00bb\u00a0\u00bb row_type=\u00a0\u00bbrow\u00a0\u00bb use_row_as_full_screen_section=\u00a0\u00bbno\u00a0\u00bb type=\u00a0\u00bbgrid\u00a0\u00bb angled_section=\u00a0\u00bbno\u00a0\u00bb text_align=\u00a0\u00bbleft\u00a0\u00bb background_image_as_pattern=\u00a0\u00bbwithout_pattern\u00a0\u00bb z_index=\u00a0\u00bb\u00a0\u00bb css=\u00a0\u00bb.vc_custom_1594298462021{margin-top: 35px !important;margin-bottom: 15px !important;}\u00a0\u00bb][vc_column width=\u00a0\u00bb5\/12&Prime;][vc_column_text][\/vc_column_text][vc_column_text css=\u00a0\u00bb.vc_custom_1664548566936{margin-top: 5px !important;margin-bottom: 5px !important;}\u00a0\u00bb]But (Purpose)[\/vc_column_text][vc_column_text css=\u00a0\u00bb.vc_custom_1664556357908{margin-top: 0px !important;margin-bottom: 0px !important;}\u00a0\u00bb]La d\u00e9finition est tr\u00e8s vaste, et englobe tout ce qui donne un sens \u00e0 votre vie et aide \u00e0 d\u00e9terminer&#8230;<\/p>\n","protected":false},"author":4,"featured_media":0,"parent":3601,"menu_order":0,"comment_status":"closed","ping_status":"closed","template":"full_width.php","meta":{"inline_featured_image":false,"_mi_skip_tracking":false},"_links":{"self":[{"href":"https:\/\/intrinsicpractice.com\/fr\/wp-json\/wp\/v2\/pages\/3615"}],"collection":[{"href":"https:\/\/intrinsicpractice.com\/fr\/wp-json\/wp\/v2\/pages"}],"about":[{"href":"https:\/\/intrinsicpractice.com\/fr\/wp-json\/wp\/v2\/types\/page"}],"author":[{"embeddable":true,"href":"https:\/\/intrinsicpractice.com\/fr\/wp-json\/wp\/v2\/users\/4"}],"replies":[{"embeddable":true,"href":"https:\/\/intrinsicpractice.com\/fr\/wp-json\/wp\/v2\/comments?post=3615"}],"version-history":[{"count":23,"href":"https:\/\/intrinsicpractice.com\/fr\/wp-json\/wp\/v2\/pages\/3615\/revisions"}],"predecessor-version":[{"id":4953,"href":"https:\/\/intrinsicpractice.com\/fr\/wp-json\/wp\/v2\/pages\/3615\/revisions\/4953"}],"up":[{"embeddable":true,"href":"https:\/\/intrinsicpractice.com\/fr\/wp-json\/wp\/v2\/pages\/3601"}],"wp:attachment":[{"href":"https:\/\/intrinsicpractice.com\/fr\/wp-json\/wp\/v2\/media?parent=3615"}],"curies":[{"name":"wp","href":"https:\/\/api.w.org\/{rel}","templated":true}]}}