{"id":3613,"date":"2019-10-29T19:24:12","date_gmt":"2019-10-29T19:24:12","guid":{"rendered":"https:\/\/intrinsicpractice.com\/?page_id=3613"},"modified":"2022-10-13T19:01:30","modified_gmt":"2022-10-13T19:01:30","slug":"peace-ethic","status":"publish","type":"page","link":"https:\/\/intrinsicpractice.com\/fr\/methode-en-6-etapes\/etape-2-defenir-mon-bonheur\/peace-ethic\/","title":{"rendered":"PEACE &#8211; E(thic)"},"content":{"rendered":"<p>[vc_row css_animation=\u00a0\u00bb\u00a0\u00bb row_type=\u00a0\u00bbrow\u00a0\u00bb use_row_as_full_screen_section=\u00a0\u00bbno\u00a0\u00bb type=\u00a0\u00bbgrid\u00a0\u00bb angled_section=\u00a0\u00bbno\u00a0\u00bb text_align=\u00a0\u00bbleft\u00a0\u00bb background_image_as_pattern=\u00a0\u00bbwithout_pattern\u00a0\u00bb z_index=\u00a0\u00bb\u00a0\u00bb css=\u00a0\u00bb.vc_custom_1594234993717{margin-top: 35px !important;margin-bottom: 15px !important;}\u00a0\u00bb][vc_column width=\u00a0\u00bb5\/12&Prime;][vc_column_text]<img loading=\"lazy\" class=\"alignnone wp-image-3324 size-large\" src=\"http:\/\/intrinsicpractice.com\/wp-content\/uploads\/\/2020\/07\/peace_e2.svg\" alt=\"PEACE (premier E surlign\u00e9)\" width=\"1024\" height=\"1024\" \/>[\/vc_column_text][vc_column_text css=\u00a0\u00bb.vc_custom_1665082691521{margin-top: 5px !important;margin-bottom: 5px !important;}\u00a0\u00bb]<span class=\"merry fs32\"><span class=\"step2col\">\u00c9<\/span>thique (<span class=\"step2col\">E<\/span>thic)<\/span>[\/vc_column_text][vc_column_text css=\u00a0\u00bb.vc_custom_1664556261298{margin-top: 0px !important;margin-bottom: 15px !important;}\u00a0\u00bb]La d\u00e9finition est tr\u00e8s vaste et englobe tout ce qui influence votre mode de vie et qui sert d\u2019assises \u00e0 votre <strong>comportement<\/strong>, votre <strong>jugement<\/strong> ou vos <strong>attitudes<\/strong>. L\u2019\u00e9thique est aussi ce qui vous donne votre conception personnelle de ce qui est b<strong>on, b\u00e9n\u00e9fique, important, souhaitable<\/strong> ou <strong>beau<\/strong> et qui peut vous aider \u00e0 d\u00e9cider ce qui est<strong> bien<\/strong> ou<strong> mal<\/strong> pour vous.[\/vc_column_text][\/vc_column][vc_column width=\u00a0\u00bb7\/12&Prime;][vc_column_text]<img loading=\"lazy\" class=\"alignnone size-large wp-image-1376\" src=\"http:\/\/intrinsicpractice.com\/wp-content\/uploads\/2020\/07\/Ethic_tablet-1024x626.jpg\" alt=\"The second template viewed on a tablet\" width=\"1024\" height=\"555\" \/>[\/vc_column_text][\/vc_column][\/vc_row][vc_row css_animation=\u00a0\u00bb\u00a0\u00bb row_type=\u00a0\u00bbrow\u00a0\u00bb use_row_as_full_screen_section=\u00a0\u00bbno\u00a0\u00bb type=\u00a0\u00bbgrid\u00a0\u00bb angled_section=\u00a0\u00bbno\u00a0\u00bb text_align=\u00a0\u00bbleft\u00a0\u00bb background_image_as_pattern=\u00a0\u00bbwithout_pattern\u00a0\u00bb z_index=\u00a0\u00bb\u00a0\u00bb][vc_column width=\u00a0\u00bb1\/3&Prime;][vc_column_text]<img loading=\"lazy\" class=\"alignnone\" src=\"http:\/\/intrinsicpractice.com\/wp-content\/uploads\/2022\/09\/Step2_Ethic_sticky-01_FR.jpg\" alt=\"Notes autocollantes avec les mots: comportement, jugement, attitudes, \u00e9thique, valeurs, principes, b\u00e9n\u00e9fique, important, souhaitable, beau, bien, mal.\" width=\"1458\" height=\"1250\" \/>[\/vc_column_text][\/vc_column][vc_column width=\u00a0\u00bb2\/3&Prime;][vc_column_text css=\u00a0\u00bb.vc_custom_1656955845428{margin-bottom: 15px !important;}\u00a0\u00bb]La d\u00e9finition est tr\u00e8s vaste et englobe tout ce qui influence votre mode de vie et qui sert d\u2019assises \u00e0 votre <strong>comportement<\/strong>, votre <strong>jugement<\/strong> ou vos <strong>attitudes<\/strong>. L\u2019\u00e9thique est aussi ce qui vous donne votre conception personnelle de ce qui est b<strong>on, b\u00e9n\u00e9fique, important, souhaitable<\/strong> ou <strong>beau<\/strong> et qui peut vous aider \u00e0 d\u00e9cider ce qui est<strong> bien<\/strong> ou<strong> mal<\/strong> pour vous.[\/vc_column_text][vc_column_text css=\u00a0\u00bb.vc_custom_1656955871303{margin-bottom: 15px !important;}\u00a0\u00bb]Des \u00e9crits anciens et contemporains de philosophie, de psychologie, de sociologie et de religion fournissent de nombreux exemples de cette <strong>\u00e9thique<\/strong>, de ces <strong>valeurs <\/strong>ou de ces <strong>principes<\/strong>. Par exemple la r\u00e8gle d\u2019or de \u00ab\u00a0traiter les autres comme vous aimeriez \u00eatre trait\u00e9s\u00a0\u00bb est commune \u00e0 de nombreuses cultures et religions. Le principe sto\u00efcien de se concentrer sur ce que vous pouvez contr\u00f4ler et d\u2019accepter ce que vous ne pouvez pas contr\u00f4ler est un autre exemple.[\/vc_column_text][\/vc_column][\/vc_row][vc_row css_animation=\u00a0\u00bb\u00a0\u00bb row_type=\u00a0\u00bbrow\u00a0\u00bb use_row_as_full_screen_section=\u00a0\u00bbno\u00a0\u00bb type=\u00a0\u00bbgrid\u00a0\u00bb angled_section=\u00a0\u00bbno\u00a0\u00bb text_align=\u00a0\u00bbleft\u00a0\u00bb background_image_as_pattern=\u00a0\u00bbwithout_pattern\u00a0\u00bb z_index=\u00a0\u00bb\u00a0\u00bb][vc_column][vc_column_text css=\u00a0\u00bb.vc_custom_1664558773150{margin-top: 5px !important;margin-bottom: 20px !important;}\u00a0\u00bb]<\/p>\n<h3 class=\"ti-heading2\"><span style=\"color: #fff; padding-left: 4px;\">In<\/span>structions pour le gabarit<\/h3>\n<p>[\/vc_column_text][\/vc_column][\/vc_row][vc_row css_animation=\u00a0\u00bb\u00a0\u00bb row_type=\u00a0\u00bbrow\u00a0\u00bb use_row_as_full_screen_section=\u00a0\u00bbno\u00a0\u00bb type=\u00a0\u00bbgrid\u00a0\u00bb angled_section=\u00a0\u00bbno\u00a0\u00bb text_align=\u00a0\u00bbleft\u00a0\u00bb background_image_as_pattern=\u00a0\u00bbwithout_pattern\u00a0\u00bb z_index=\u00a0\u00bb\u00a0\u00bb][vc_column width=\u00a0\u00bb5\/12&Prime; el_class=\u00a0\u00bbdotted-bottom2&Prime;][vc_column_text css=\u00a0\u00bb.vc_custom_1656955899346{margin-bottom: 15px !important;}\u00a0\u00bb]Si vous avez d\u00e9j\u00e0 une id\u00e9e des valeurs qui sont importantes pour vous, <strong>notez en cinq<\/strong> dans la colonne correspondante.[\/vc_column_text][vc_column_text css=\u00a0\u00bb.vc_custom_1665078233507{margin-bottom: 15px !important;}\u00a0\u00bb]Si vous n\u2019avez pas d\u2019id\u00e9e, n\u2019h\u00e9sitez pas \u00e0 consulter l\u2019annexe <a class=\"wordlist2\" href=\"http:\/\/intrinsicpractice.com\/wp-content\/uploads\/2022\/10\/Mots-pour-lethique.pdf\" target=\"_blank\" rel=\"noopener noreferrer\">Mots sur l\u2019\u00e9thique<\/a> ou lire d\u2019autres textes en philosophie, religion, psychologie, etc.[\/vc_column_text][\/vc_column][vc_column width=\u00a0\u00bb1\/12&Prime;][\/vc_column][vc_column width=\u00a0\u00bb6\/12&Prime;][vc_column_text]Visionnez le vid\u00e9oclip sur comment remplir la colonne <strong>\u00c9thique (Ethic)<\/strong>.[\/vc_column_text][vc_video link=\u00a0\u00bbhttps:\/\/youtu.be\/xDxAFWPEafQ\u00a0\u00bb][vc_column_text css=\u00a0\u00bb.vc_custom_1665604662723{margin-bottom: 0px !important;}\u00a0\u00bb]<span class=\"transcript\"><a href=\"http:\/\/intrinsicpractice.com\/wp-content\/uploads\/2022\/10\/Pratique_intrinseque_Etape_2_PEACE_Ethique_Transcription.pdf\" target=\"_blank\" rel=\"noopener noreferrer\">Transcription<\/a> (.pdf, 151 Kb)<\/span><span class=\"video-time\">1m 46s<\/span>[\/vc_column_text][\/vc_column][\/vc_row][vc_row css_animation=\u00a0\u00bb\u00a0\u00bb row_type=\u00a0\u00bbrow\u00a0\u00bb use_row_as_full_screen_section=\u00a0\u00bbno\u00a0\u00bb type=\u00a0\u00bbgrid\u00a0\u00bb angled_section=\u00a0\u00bbno\u00a0\u00bb text_align=\u00a0\u00bbleft\u00a0\u00bb background_image_as_pattern=\u00a0\u00bbwithout_pattern\u00a0\u00bb z_index=\u00a0\u00bb\u00a0\u00bb css=\u00a0\u00bb.vc_custom_1594729775038{margin-bottom: 20px !important;}\u00a0\u00bb][vc_column width=\u00a0\u00bb1\/2&Prime;][vc_column_text css=\u00a0\u00bb.vc_custom_1662746153138{margin-bottom: 15px !important;}\u00a0\u00bb]<img loading=\"lazy\" class=\"tmplt-thumb tmplt-brdr alignnone wp-image-3942 size-full\" style=\"width: 90%;\" src=\"http:\/\/intrinsicpractice.com\/wp-content\/uploads\/2022\/09\/2_PEACE_Template.png\" alt=\"Vignette du gabarit PEACE\" width=\"612\" height=\"792\" srcset=\"https:\/\/intrinsicpractice.com\/wp-content\/uploads\/2022\/09\/2_PEACE_Template.png 612w, https:\/\/intrinsicpractice.com\/wp-content\/uploads\/2022\/09\/2_PEACE_Template-232x300.png 232w\" sizes=\"(max-width: 612px) 100vw, 612px\" \/>[\/vc_column_text][\/vc_column][vc_column width=\u00a0\u00bb1\/2&Prime;][vc_column_text css=\u00a0\u00bb.vc_custom_1664907175666{margin-bottom: 20px !important;}\u00a0\u00bb]<\/p>\n<div id=\"tmplt-right\">Si vous ne l&rsquo;avez pas d\u00e9j\u00e0 fait, t\u00e9l\u00e9chargez le gabarit PEACE\u00a0 (.pdf, 102 Kb).:<br \/>\n<a class=\"tmplt-download2\" style=\"margin-top: 5px;\" href=\"http:\/\/intrinsicpractice.com\/wp-content\/uploads\/2022\/10\/2_PEACE_Gabarit-2.pdf\" rel=\"noopener noreferrer\" download=\"\"><span style=\"vertical-align: middle;\">T\u00e9l\u00e9charger<\/span> <img style=\"width: 18px; vertical-align: middle;\" src=\"http:\/\/intrinsicpractice.com\/wp-content\/uploads\/\/2020\/07\/download_aqua.svg\" alt=\"icone T\u00e9l\u00e9charger\" \/><\/a><\/div>\n<p>[\/vc_column_text][\/vc_column][\/vc_row][vc_row css_animation=\u00a0\u00bb\u00a0\u00bb row_type=\u00a0\u00bbrow\u00a0\u00bb use_row_as_full_screen_section=\u00a0\u00bbno\u00a0\u00bb type=\u00a0\u00bbgrid\u00a0\u00bb angled_section=\u00a0\u00bbno\u00a0\u00bb text_align=\u00a0\u00bbleft\u00a0\u00bb background_image_as_pattern=\u00a0\u00bbwithout_pattern\u00a0\u00bb z_index=\u00a0\u00bb\u00a0\u00bb][vc_column][vc_column_text css=\u00a0\u00bb.vc_custom_1656956048740{margin-bottom: 15px !important;}\u00a0\u00bb]Apr\u00e8s avoir termin\u00e9, vous pouvez passer au dernier \u00e9l\u00e9ment, \u00ab\u00a0but\u00a0\u00bb[\/vc_column_text][\/vc_column][\/vc_row][vc_row css_animation=\u00a0\u00bb\u00a0\u00bb row_type=\u00a0\u00bbrow\u00a0\u00bb use_row_as_full_screen_section=\u00a0\u00bbno\u00a0\u00bb type=\u00a0\u00bbgrid\u00a0\u00bb angled_section=\u00a0\u00bbno\u00a0\u00bb text_align=\u00a0\u00bbleft\u00a0\u00bb background_image_as_pattern=\u00a0\u00bbwithout_pattern\u00a0\u00bb css=\u00a0\u00bb.vc_custom_1594729715109{margin-top: 20px !important;padding-top: 10px !important;padding-bottom: 10px !important;background-color: #f6f6f6 !important;}\u00a0\u00bb z_index=\u00a0\u00bb\u00a0\u00bb][vc_column][vc_column_text]<\/p>\n<div><a id=\"prev-link\" href=\"https:\/\/intrinsicpractice.com\/fr\/methode-en-6-etapes\/etape-2-defenir-mon-bonheur\/peace-enjoyments\/\">page pr\u00e9c\u00e9dente<\/a> <a id=\"next-link\" href=\"https:\/\/intrinsicpractice.com\/fr\/methode-en-6-etapes\/etape-2-defenir-mon-bonheur\/peace-purpose\/\">prochaine page<\/a><\/div>\n<p>[\/vc_column_text][\/vc_column][\/vc_row]<\/p>\n","protected":false},"excerpt":{"rendered":"<p>[vc_row css_animation=\u00a0\u00bb\u00a0\u00bb row_type=\u00a0\u00bbrow\u00a0\u00bb use_row_as_full_screen_section=\u00a0\u00bbno\u00a0\u00bb type=\u00a0\u00bbgrid\u00a0\u00bb angled_section=\u00a0\u00bbno\u00a0\u00bb text_align=\u00a0\u00bbleft\u00a0\u00bb background_image_as_pattern=\u00a0\u00bbwithout_pattern\u00a0\u00bb z_index=\u00a0\u00bb\u00a0\u00bb css=\u00a0\u00bb.vc_custom_1594234993717{margin-top: 35px !important;margin-bottom: 15px !important;}\u00a0\u00bb][vc_column width=\u00a0\u00bb5\/12&Prime;][vc_column_text][\/vc_column_text][vc_column_text css=\u00a0\u00bb.vc_custom_1665082691521{margin-top: 5px !important;margin-bottom: 5px !important;}\u00a0\u00bb]\u00c9thique (Ethic)[\/vc_column_text][vc_column_text css=\u00a0\u00bb.vc_custom_1664556261298{margin-top: 0px !important;margin-bottom: 15px !important;}\u00a0\u00bb]La d\u00e9finition est tr\u00e8s vaste et englobe tout ce qui influence votre mode de vie et qui sert d\u2019assises \u00e0&#8230;<\/p>\n","protected":false},"author":4,"featured_media":0,"parent":3601,"menu_order":0,"comment_status":"closed","ping_status":"closed","template":"full_width.php","meta":{"inline_featured_image":false,"_mi_skip_tracking":false},"_links":{"self":[{"href":"https:\/\/intrinsicpractice.com\/fr\/wp-json\/wp\/v2\/pages\/3613"}],"collection":[{"href":"https:\/\/intrinsicpractice.com\/fr\/wp-json\/wp\/v2\/pages"}],"about":[{"href":"https:\/\/intrinsicpractice.com\/fr\/wp-json\/wp\/v2\/types\/page"}],"author":[{"embeddable":true,"href":"https:\/\/intrinsicpractice.com\/fr\/wp-json\/wp\/v2\/users\/4"}],"replies":[{"embeddable":true,"href":"https:\/\/intrinsicpractice.com\/fr\/wp-json\/wp\/v2\/comments?post=3613"}],"version-history":[{"count":29,"href":"https:\/\/intrinsicpractice.com\/fr\/wp-json\/wp\/v2\/pages\/3613\/revisions"}],"predecessor-version":[{"id":5005,"href":"https:\/\/intrinsicpractice.com\/fr\/wp-json\/wp\/v2\/pages\/3613\/revisions\/5005"}],"up":[{"embeddable":true,"href":"https:\/\/intrinsicpractice.com\/fr\/wp-json\/wp\/v2\/pages\/3601"}],"wp:attachment":[{"href":"https:\/\/intrinsicpractice.com\/fr\/wp-json\/wp\/v2\/media?parent=3613"}],"curies":[{"name":"wp","href":"https:\/\/api.w.org\/{rel}","templated":true}]}}