{"id":3609,"date":"2019-10-29T19:23:27","date_gmt":"2019-10-29T19:23:27","guid":{"rendered":"https:\/\/intrinsicpractice.com\/?page_id=3609"},"modified":"2022-10-12T19:55:54","modified_gmt":"2022-10-12T19:55:54","slug":"peace-care","status":"publish","type":"page","link":"https:\/\/intrinsicpractice.com\/fr\/methode-en-6-etapes\/etape-2-defenir-mon-bonheur\/peace-care\/","title":{"rendered":"PEACE &#8211; C(are)"},"content":{"rendered":"<p>[vc_row css_animation=\u00a0\u00bb\u00a0\u00bb row_type=\u00a0\u00bbrow\u00a0\u00bb use_row_as_full_screen_section=\u00a0\u00bbno\u00a0\u00bb type=\u00a0\u00bbgrid\u00a0\u00bb angled_section=\u00a0\u00bbno\u00a0\u00bb text_align=\u00a0\u00bbleft\u00a0\u00bb background_image_as_pattern=\u00a0\u00bbwithout_pattern\u00a0\u00bb z_index=\u00a0\u00bb\u00a0\u00bb css=\u00a0\u00bb.vc_custom_1594212324727{margin-top: 35px !important;}\u00a0\u00bb][vc_column width=\u00a0\u00bb5\/12&Prime;][vc_column_text]<img  class=\"alignnone wp-image-3319 size-full\" title=\"PEACE (avec la lettre C surlign\u00e9e)\" src=\"http:\/\/intrinsicpractice.com\/wp-content\/uploads\/2020\/07\/peace_c.svg\" alt=\"\" \/>[\/vc_column_text][vc_column_text css=\u00a0\u00bb.vc_custom_1664555687790{margin-top: 5px !important;margin-bottom: 5px !important;}\u00a0\u00bb]<span class=\"merry fs32\">Attachement (<span class=\"step2col\">C<\/span>are)<\/span>[\/vc_column_text][vc_column_text]Cela repr\u00e9sente qui vous int\u00e9resse et ce dont vous vous souciez \u2013 en termes de relations non seulement avec les gens, mais aussi avec les id\u00e9es et les choses.[\/vc_column_text][\/vc_column][vc_column width=\u00a0\u00bb7\/12&Prime;][vc_column_text]<img loading=\"lazy\" class=\"alignnone wp-image-4100 size-full\" src=\"http:\/\/intrinsicpractice.com\/wp-content\/uploads\/2022\/09\/Attribute_laptop-2_FR.jpg\" alt=\"\" width=\"1350\" height=\"740\" srcset=\"https:\/\/intrinsicpractice.com\/wp-content\/uploads\/2022\/09\/Attribute_laptop-2_FR.jpg 1350w, https:\/\/intrinsicpractice.com\/wp-content\/uploads\/2022\/09\/Attribute_laptop-2_FR-300x164.jpg 300w, https:\/\/intrinsicpractice.com\/wp-content\/uploads\/2022\/09\/Attribute_laptop-2_FR-1024x561.jpg 1024w, https:\/\/intrinsicpractice.com\/wp-content\/uploads\/2022\/09\/Attribute_laptop-2_FR-768x421.jpg 768w, https:\/\/intrinsicpractice.com\/wp-content\/uploads\/2022\/09\/Attribute_laptop-2_FR-700x384.jpg 700w\" sizes=\"(max-width: 1350px) 100vw, 1350px\" \/>[\/vc_column_text][\/vc_column][\/vc_row][vc_row css_animation=\u00a0\u00bb\u00a0\u00bb row_type=\u00a0\u00bbrow\u00a0\u00bb use_row_as_full_screen_section=\u00a0\u00bbno\u00a0\u00bb type=\u00a0\u00bbgrid\u00a0\u00bb angled_section=\u00a0\u00bbno\u00a0\u00bb text_align=\u00a0\u00bbleft\u00a0\u00bb background_image_as_pattern=\u00a0\u00bbwithout_pattern\u00a0\u00bb z_index=\u00a0\u00bb\u00a0\u00bb][vc_column][vc_column_text css=\u00a0\u00bb.vc_custom_1664558659738{margin-top: 20px !important;margin-bottom: 15px !important;}\u00a0\u00bb]<\/p>\n<h3 class=\"ti-heading2\"><span style=\"color: #fff; padding-left: 4px;\">In<\/span>structions pour le gabarit<\/h3>\n<p>[\/vc_column_text][\/vc_column][\/vc_row][vc_row css_animation=\u00a0\u00bb\u00a0\u00bb row_type=\u00a0\u00bbrow\u00a0\u00bb use_row_as_full_screen_section=\u00a0\u00bbno\u00a0\u00bb type=\u00a0\u00bbgrid\u00a0\u00bb angled_section=\u00a0\u00bbno\u00a0\u00bb text_align=\u00a0\u00bbleft\u00a0\u00bb background_image_as_pattern=\u00a0\u00bbwithout_pattern\u00a0\u00bb z_index=\u00a0\u00bb\u00a0\u00bb][vc_column width=\u00a0\u00bb5\/12&Prime; el_class=\u00a0\u00bbdotted-bottom2&Prime;][vc_column_text css=\u00a0\u00bb.vc_custom_1656948577966{margin-bottom: 15px !important;}\u00a0\u00bb]Dans cette colonne, indiquez d\u2019abord qui vous tient le plus \u00e0 c\u0153ur, par exemple un conjoint, un membre de la famille, un ami, un employ\u00e9 ou un employeur.[\/vc_column_text][vc_column_text css=\u00a0\u00bb.vc_custom_1656948605545{margin-bottom: 15px !important;}\u00a0\u00bb]\u00c9num\u00e9rez ensuite les id\u00e9es ou les croyances qui vous tiennent \u00e0 c\u0153ur, comme une philosophie, une croyance religieuse ou politique, un concept social, etc.[\/vc_column_text][vc_column_text css=\u00a0\u00bb.vc_custom_1656949117029{margin-bottom: 15px !important;}\u00a0\u00bb]Enfin, \u00e9num\u00e9rez les choses ou objets mat\u00e9riels, petits ou grands, auxquels vous avez un attachement sp\u00e9cial, par exemple une maison, une voiture, un bijou, un lieu, etc.[\/vc_column_text][vc_column_text css=\u00a0\u00bb.vc_custom_1664546940058{margin-bottom: 15px !important;}\u00a0\u00bb]\u00c9num\u00e9rez au moins plusieurs \u00ab\u00a0\u00e9l\u00e9ments\u00a0\u00bb de chacune des cat\u00e9gories abord\u00e9es : personnes, id\u00e9es et choses.[\/vc_column_text][\/vc_column][vc_column width=\u00a0\u00bb1\/12&Prime;][\/vc_column][vc_column width=\u00a0\u00bb6\/12&Prime;][vc_column_text css=\u00a0\u00bb.vc_custom_1665082524342{margin-bottom: 15px !important;}\u00a0\u00bb]Visionnez le vid\u00e9oclip sur comment remplir la colonne <b>Attachement (Care)<\/b>.[\/vc_column_text][vc_video link=\u00a0\u00bbhttps:\/\/youtu.be\/4dJBBtmZJ3o\u00a0\u00bb][vc_column_text css=\u00a0\u00bb.vc_custom_1665604548059{margin-bottom: 30px !important;}\u00a0\u00bb]<span class=\"transcript\"><a href=\"http:\/\/intrinsicpractice.com\/wp-content\/uploads\/2022\/10\/Pratique_intrinseque_Etape_2_PEACE_Attachement_Transcription.pdf\" target=\"_blank\" rel=\"noopener noreferrer\">Transcription<\/a> (.pdf, 148 Kb)<\/span><span class=\"video-time\">1m 34s<\/span>[\/vc_column_text][\/vc_column][\/vc_row][vc_row css_animation=\u00a0\u00bb\u00a0\u00bb row_type=\u00a0\u00bbrow\u00a0\u00bb use_row_as_full_screen_section=\u00a0\u00bbno\u00a0\u00bb type=\u00a0\u00bbgrid\u00a0\u00bb angled_section=\u00a0\u00bbno\u00a0\u00bb text_align=\u00a0\u00bbleft\u00a0\u00bb background_image_as_pattern=\u00a0\u00bbwithout_pattern\u00a0\u00bb z_index=\u00a0\u00bb\u00a0\u00bb css=\u00a0\u00bb.vc_custom_1594230761241{margin-bottom: 25px !important;}\u00a0\u00bb][vc_column width=\u00a0\u00bb1\/2&Prime;][vc_column_text]<img loading=\"lazy\" class=\"tmplt-thumb tmplt-brdr alignnone wp-image-3942 size-full\" style=\"width: 90%;\" src=\"http:\/\/intrinsicpractice.com\/wp-content\/uploads\/2022\/09\/2_PEACE_Template.png\" alt=\"Vignette du gabarit PEACE\" width=\"612\" height=\"792\" srcset=\"https:\/\/intrinsicpractice.com\/wp-content\/uploads\/2022\/09\/2_PEACE_Template.png 612w, https:\/\/intrinsicpractice.com\/wp-content\/uploads\/2022\/09\/2_PEACE_Template-232x300.png 232w\" sizes=\"(max-width: 612px) 100vw, 612px\" \/>[\/vc_column_text][\/vc_column][vc_column width=\u00a0\u00bb1\/2&Prime;][vc_column_text css=\u00a0\u00bb.vc_custom_1664906858605{margin-bottom: 30px !important;}\u00a0\u00bb]<\/p>\n<div id=\"tmplt-right\">Si vous ne l&rsquo;avez pas d\u00e9j\u00e0 fait, t\u00e9l\u00e9chargez le gabarit PEACE\u00a0 (.pdf, 102 Kb).:<br \/>\n<a class=\"tmplt-download2\" style=\"margin-top: 5px;\" href=\"http:\/\/intrinsicpractice.com\/wp-content\/uploads\/2022\/09\/2_PEACE_Gabarit.pdf\" target=\"_blank\" rel=\"noopener noreferrer\" download=\"\"><span style=\"vertical-align: middle;\">T\u00e9l\u00e9charger<\/span> <img style=\"width: 18px; vertical-align: middle;\" src=\"http:\/\/intrinsicpractice.com\/wp-content\/uploads\/\/2020\/07\/download_aqua.svg\" alt=\"icone T\u00e9l\u00e9charger\" \/><\/a><\/div>\n<p>[\/vc_column_text][\/vc_column][\/vc_row][vc_row css_animation=\u00a0\u00bb\u00a0\u00bb row_type=\u00a0\u00bbrow\u00a0\u00bb use_row_as_full_screen_section=\u00a0\u00bbno\u00a0\u00bb type=\u00a0\u00bbgrid\u00a0\u00bb angled_section=\u00a0\u00bbno\u00a0\u00bb text_align=\u00a0\u00bbleft\u00a0\u00bb background_image_as_pattern=\u00a0\u00bbwithout_pattern\u00a0\u00bb z_index=\u00a0\u00bb\u00a0\u00bb][vc_column][vc_column_text css=\u00a0\u00bb.vc_custom_1656950226983{margin-bottom: 15px !important;}\u00a0\u00bb]Au fur et \u00e0 mesure que vous dressez cette <strong>liste de personnes, de choses et d\u2019id\u00e9es qui vous tiennent le plus \u00e0 c\u0153ur, <\/strong>\u00e9vitez de porter un jugement; dressez simplement la liste, sans analyse en d\u00e9tail. Par exemple, si vous vous souciez d\u2019avoir une voiture tape-\u00e0-l\u2019\u0153il, \u00e9crivez simplement que vous le faites, <strong>mais sans vous juger<\/strong>. \u00c9num\u00e9rez au moins plusieurs \u00ab\u00a0sujets\u00a0\u00bb de chacune des cat\u00e9gories discut\u00e9es\u00a0: personnes, id\u00e9es et choses.[\/vc_column_text][vc_column_text css=\u00a0\u00bb.vc_custom_1656950244506{margin-bottom: 15px !important;}\u00a0\u00bb]Lorsque votre liste est dress\u00e9e comme vous le voulez, passez \u00e0 la section \u00ab\u00a0plaisir\u00a0\u00bb.[\/vc_column_text][\/vc_column][\/vc_row][vc_row css_animation=\u00a0\u00bb\u00a0\u00bb row_type=\u00a0\u00bbrow\u00a0\u00bb use_row_as_full_screen_section=\u00a0\u00bbno\u00a0\u00bb type=\u00a0\u00bbgrid\u00a0\u00bb angled_section=\u00a0\u00bbno\u00a0\u00bb text_align=\u00a0\u00bbleft\u00a0\u00bb background_image_as_pattern=\u00a0\u00bbwithout_pattern\u00a0\u00bb css=\u00a0\u00bb.vc_custom_1594231342544{margin-top: 20px !important;padding-top: 10px !important;padding-bottom: 10px !important;background-color: #f6f6f6 !important;}\u00a0\u00bb z_index=\u00a0\u00bb\u00a0\u00bb][vc_column][vc_column_text]<\/p>\n<div><a id=\"prev-link\" href=\"https:\/\/intrinsicpractice.com\/fr\/methode-en-6-etapes\/etape-2-defenir-mon-bonheur\/peace-attribute\/\">page pr\u00e9c\u00e9dente<\/a> <a id=\"next-link\" href=\"https:\/\/intrinsicpractice.com\/fr\/methode-en-6-etapes\/etape-2-defenir-mon-bonheur\/peace-enjoyments\/\">prochaine page<\/a><\/div>\n<p>[\/vc_column_text][\/vc_column][\/vc_row]<\/p>\n","protected":false},"excerpt":{"rendered":"<p>[vc_row css_animation=\u00a0\u00bb\u00a0\u00bb row_type=\u00a0\u00bbrow\u00a0\u00bb use_row_as_full_screen_section=\u00a0\u00bbno\u00a0\u00bb type=\u00a0\u00bbgrid\u00a0\u00bb angled_section=\u00a0\u00bbno\u00a0\u00bb text_align=\u00a0\u00bbleft\u00a0\u00bb background_image_as_pattern=\u00a0\u00bbwithout_pattern\u00a0\u00bb z_index=\u00a0\u00bb\u00a0\u00bb css=\u00a0\u00bb.vc_custom_1594212324727{margin-top: 35px !important;}\u00a0\u00bb][vc_column width=\u00a0\u00bb5\/12&Prime;][vc_column_text][\/vc_column_text][vc_column_text css=\u00a0\u00bb.vc_custom_1664555687790{margin-top: 5px !important;margin-bottom: 5px !important;}\u00a0\u00bb]Attachement (Care)[\/vc_column_text][vc_column_text]Cela repr\u00e9sente qui vous int\u00e9resse et ce dont vous vous souciez \u2013 en termes de relations non seulement avec les gens, mais aussi avec les id\u00e9es et&#8230;<\/p>\n","protected":false},"author":4,"featured_media":0,"parent":3601,"menu_order":0,"comment_status":"closed","ping_status":"closed","template":"full_width.php","meta":{"inline_featured_image":false,"_mi_skip_tracking":false},"_links":{"self":[{"href":"https:\/\/intrinsicpractice.com\/fr\/wp-json\/wp\/v2\/pages\/3609"}],"collection":[{"href":"https:\/\/intrinsicpractice.com\/fr\/wp-json\/wp\/v2\/pages"}],"about":[{"href":"https:\/\/intrinsicpractice.com\/fr\/wp-json\/wp\/v2\/types\/page"}],"author":[{"embeddable":true,"href":"https:\/\/intrinsicpractice.com\/fr\/wp-json\/wp\/v2\/users\/4"}],"replies":[{"embeddable":true,"href":"https:\/\/intrinsicpractice.com\/fr\/wp-json\/wp\/v2\/comments?post=3609"}],"version-history":[{"count":24,"href":"https:\/\/intrinsicpractice.com\/fr\/wp-json\/wp\/v2\/pages\/3609\/revisions"}],"predecessor-version":[{"id":4950,"href":"https:\/\/intrinsicpractice.com\/fr\/wp-json\/wp\/v2\/pages\/3609\/revisions\/4950"}],"up":[{"embeddable":true,"href":"https:\/\/intrinsicpractice.com\/fr\/wp-json\/wp\/v2\/pages\/3601"}],"wp:attachment":[{"href":"https:\/\/intrinsicpractice.com\/fr\/wp-json\/wp\/v2\/media?parent=3609"}],"curies":[{"name":"wp","href":"https:\/\/api.w.org\/{rel}","templated":true}]}}