{"id":3605,"date":"2019-10-29T19:23:03","date_gmt":"2019-10-29T19:23:03","guid":{"rendered":"https:\/\/intrinsicpractice.com\/?page_id=3605"},"modified":"2022-10-12T19:54:36","modified_gmt":"2022-10-12T19:54:36","slug":"peace-attribute","status":"publish","type":"page","link":"https:\/\/intrinsicpractice.com\/fr\/methode-en-6-etapes\/etape-2-defenir-mon-bonheur\/peace-attribute\/","title":{"rendered":"PEACE &#8211; A(ttribute)"},"content":{"rendered":"<p>[vc_row css_animation=\u00a0\u00bb\u00a0\u00bb row_type=\u00a0\u00bbrow\u00a0\u00bb use_row_as_full_screen_section=\u00a0\u00bbno\u00a0\u00bb type=\u00a0\u00bbgrid\u00a0\u00bb angled_section=\u00a0\u00bbno\u00a0\u00bb text_align=\u00a0\u00bbleft\u00a0\u00bb background_image_as_pattern=\u00a0\u00bbwithout_pattern\u00a0\u00bb z_index=\u00a0\u00bb\u00a0\u00bb css=\u00a0\u00bb.vc_custom_1594059480142{margin-top: 35px !important;margin-bottom: 20px !important;}\u00a0\u00bb][vc_column width=\u00a0\u00bb5\/12&Prime;][vc_column_text]<img loading=\"lazy\" class=\"alignnone wp-image-3313 size-large\" title=\"PEACE (avec la lettre A surlign\u00e9e)\" src=\"http:\/\/intrinsicpractice.com\/wp-content\/uploads\/\/2020\/07\/peace_a.svg\" alt=\"PEACE (avec la lettre A surlign\u00e9e)\" width=\"1024\" height=\"1024\" \/>[\/vc_column_text][vc_column_text css=\u00a0\u00bb.vc_custom_1665082379174{margin-top: 5px !important;margin-bottom: 5px !important;}\u00a0\u00bb]<span class=\"merry fs32\"><span class=\"step2col\">A<\/span>ttribut\u00a0<\/span><span class=\"merry fs32\">(<span class=\"step2col\">A<\/span>ttributes)<\/span>[\/vc_column_text][vc_column_text css=\u00a0\u00bb.vc_custom_1664556118736{margin-bottom: 15px !important;}\u00a0\u00bb]Il s\u2019agit de ce qui vous caract\u00e9rise comme \u00eatre humain ou personne. Ce concept peut \u00eatre plus facile \u00e0 comprendre si on le divise en deux cat\u00e9gories.[\/vc_column_text][\/vc_column][vc_column width=\u00a0\u00bb7\/12&Prime;][vc_column_text]<img loading=\"lazy\" class=\"alignnone wp-image-4098 size-full\" title=\"Le deuxi\u00e8me gabarit affich\u00e9 sur un ordinateur portable\" src=\"http:\/\/intrinsicpractice.com\/wp-content\/uploads\/2022\/09\/Attribute_laptop-1_FR.jpg\" alt=\"\" width=\"1350\" height=\"732\" srcset=\"https:\/\/intrinsicpractice.com\/wp-content\/uploads\/2022\/09\/Attribute_laptop-1_FR.jpg 1350w, https:\/\/intrinsicpractice.com\/wp-content\/uploads\/2022\/09\/Attribute_laptop-1_FR-300x163.jpg 300w, https:\/\/intrinsicpractice.com\/wp-content\/uploads\/2022\/09\/Attribute_laptop-1_FR-1024x555.jpg 1024w, https:\/\/intrinsicpractice.com\/wp-content\/uploads\/2022\/09\/Attribute_laptop-1_FR-768x416.jpg 768w, https:\/\/intrinsicpractice.com\/wp-content\/uploads\/2022\/09\/Attribute_laptop-1_FR-700x380.jpg 700w\" sizes=\"(max-width: 1350px) 100vw, 1350px\" \/>[\/vc_column_text][\/vc_column][\/vc_row][vc_row css_animation=\u00a0\u00bb\u00a0\u00bb row_type=\u00a0\u00bbrow\u00a0\u00bb use_row_as_full_screen_section=\u00a0\u00bbno\u00a0\u00bb type=\u00a0\u00bbgrid\u00a0\u00bb angled_section=\u00a0\u00bbno\u00a0\u00bb text_align=\u00a0\u00bbleft\u00a0\u00bb background_image_as_pattern=\u00a0\u00bbwithout_pattern\u00a0\u00bb z_index=\u00a0\u00bb\u00a0\u00bb css=\u00a0\u00bb.vc_custom_1594145269618{margin-bottom: 0px !important;}\u00a0\u00bb][vc_column][vc_column_text css=\u00a0\u00bb.vc_custom_1656945975553{margin-top: 15px !important;margin-bottom: 15px !important;}\u00a0\u00bb el_class=\u00a0\u00bbwt\u00a0\u00bb]<\/p>\n<ol class=\"cust-num-list\">\n<li>La premi\u00e8re cat\u00e9gorie comprend <strong>les attributs g\u00e9n\u00e9raux<\/strong> et <strong>universels<\/strong> qui sont communs \u00e0 tous les \u00eatres humains, par exemple l\u2019aversion \u00e0 la douleur ou le besoin d\u2019appartenir \u00e0 un groupe ou d\u2019avoir un sentiment de pl\u00e9nitude.<\/li>\n<li>La deuxi\u00e8me cat\u00e9gorie comprend <strong>les attributs particuliers <\/strong>et <strong>individuels<\/strong> qui vous caract\u00e9risent comme \u00eatre humain unique. Les attributs positifs comme les traits souhaitables, les r\u00e9alisations, les biens pr\u00e9cieux, les situations sociales et professionnelles et la bonne r\u00e9putation rev\u00eatent une importance particuli\u00e8re. Ces attributs positifs peuvent \u00e9galement \u00eatre appel\u00e9s \u00ab\u00a0atouts\u00a0\u00bb. Ils d\u00e9coulent non seulement de traits positifs, mais aussi d\u2019autres choses qui pourraient g\u00e9n\u00e9ralement \u00eatre consid\u00e9r\u00e9es comme un avantage ou un atout comme vos connaissances, vos r\u00e9alisations, ou comment les autres vous voient ou vous reconnaissent positivement.<\/li>\n<\/ol>\n<p>[\/vc_column_text][\/vc_column][\/vc_row][vc_row css_animation=\u00a0\u00bb\u00a0\u00bb row_type=\u00a0\u00bbrow\u00a0\u00bb use_row_as_full_screen_section=\u00a0\u00bbno\u00a0\u00bb type=\u00a0\u00bbgrid\u00a0\u00bb angled_section=\u00a0\u00bbno\u00a0\u00bb text_align=\u00a0\u00bbleft\u00a0\u00bb background_image_as_pattern=\u00a0\u00bbwithout_pattern\u00a0\u00bb z_index=\u00a0\u00bb\u00a0\u00bb][vc_column][vc_column_text css=\u00a0\u00bb.vc_custom_1656946020205{margin-bottom: 15px !important;}\u00a0\u00bb]Pensez \u00e0 vous comme une personne ayant \u00e0 la fois des attributs g\u00e9n\u00e9raux, et des attributs ou des atouts individuels positifs.[\/vc_column_text][vc_column_text css=\u00a0\u00bb.vc_custom_1656946036424{margin-bottom: 15px !important;}\u00a0\u00bb]R\u00e9fl\u00e9chissez \u00e0 ces deux cat\u00e9gories d\u2019attributs:[\/vc_column_text][\/vc_column][\/vc_row][vc_row css_animation=\u00a0\u00bb\u00a0\u00bb row_type=\u00a0\u00bbrow\u00a0\u00bb use_row_as_full_screen_section=\u00a0\u00bbno\u00a0\u00bb type=\u00a0\u00bbgrid\u00a0\u00bb angled_section=\u00a0\u00bbno\u00a0\u00bb text_align=\u00a0\u00bbleft\u00a0\u00bb background_image_as_pattern=\u00a0\u00bbwithout_pattern\u00a0\u00bb z_index=\u00a0\u00bb\u00a0\u00bb][vc_column width=\u00a0\u00bb1\/2&Prime;][vc_column_text]<\/p>\n<div class=\"item-cards\">\n<p><img loading=\"lazy\" class=\"alignnone\" style=\"width: 100%;\" title=\"vue des b\u00e2timents depuis Shanghai\" src=\"http:\/\/intrinsicpractice.com\/wp-content\/uploads\/2020\/11\/32-Huangpu-view-Shanghai.jpg\" alt=\"vue des b\u00e2timents depuis Shanghai\" width=\"1600\" height=\"1067\" \/><\/p>\n<p>En ce qui concerne<strong> les attributs g\u00e9n\u00e9raux,<\/strong> vous devriez d\u2019abord r\u00e9fl\u00e9chir \u00e0 ce qu\u2019ils peuvent \u00eatre, et \u00e0 ce que vous en pensez. Croyez-vous qu\u2019il existe des attributs universels et g\u00e9n\u00e9raux? Dans l\u2019affirmative, quels seraient-ils? Dans la n\u00e9gative, qu\u2019est-ce que cela signifie \u00e0 votre sujet en tant que personne? Une autre fa\u00e7on d\u2019examiner la question est de vous demander ce qui reste de vous lorsque vous supprimez votre sp\u00e9cificit\u00e9, c\u2019est-\u00e0-dire votre corps, votre histoire, votre contexte, votre culture, votre identit\u00e9, etc. Y a-t-il quelque chose qui vous reste en tant que personne? Dans l\u2019affirmative, inscrivez-le. Dans la n\u00e9gative, qu\u2019est-ce que cette conclusion signifie au sujet de votre conception de vous-m\u00eame en tant que personne, qu\u2019\u00eatre humain?<\/p>\n<\/div>\n<p>[\/vc_column_text][\/vc_column][vc_column width=\u00a0\u00bb1\/2&Prime;][vc_column_text]<\/p>\n<div class=\"item-cards\">\n<p><img loading=\"lazy\" class=\"alignnone\" style=\"width: 100%;\" title=\"paysage \u00e0 Copenhague\" src=\"http:\/\/intrinsicpractice.com\/wp-content\/uploads\/2020\/11\/17-Copenhagen-2001-30-2-2.jpg\" alt=\"paysage \u00e0 Copenhague\" width=\"1600\" height=\"1067\" \/><\/p>\n<p>Pour ce qui est <strong>des atouts<\/strong>, vous pouvez puiser dans ce que vous savez de vous-m\u00eame et de ce que les gens ont dit \u00e0 votre sujet. Vous pouvez \u00e9galement choisir parmi les mots de l\u2019annexe <a class=\"wordlist2\" href=\"http:\/\/intrinsicpractice.com\/wp-content\/uploads\/2022\/10\/Mots-pour-les-attributs-et-les-atouts.pdf\" rel=\"noopener noreferrer\" download=\"\">Mots pour les atouts<\/a>, qui d\u00e9crivent un trait de personnalit\u00e9 positif ou une force de caract\u00e8re qui peut s\u2019appliquer \u00e0 vous.<\/p>\n<\/div>\n<p>[\/vc_column_text][\/vc_column][\/vc_row][vc_row css_animation=\u00a0\u00bb\u00a0\u00bb row_type=\u00a0\u00bbrow\u00a0\u00bb use_row_as_full_screen_section=\u00a0\u00bbno\u00a0\u00bb type=\u00a0\u00bbgrid\u00a0\u00bb angled_section=\u00a0\u00bbno\u00a0\u00bb text_align=\u00a0\u00bbleft\u00a0\u00bb background_image_as_pattern=\u00a0\u00bbwithout_pattern\u00a0\u00bb z_index=\u00a0\u00bb\u00a0\u00bb][vc_column][vc_column_text css=\u00a0\u00bb.vc_custom_1664558604408{margin-top: 20px !important;margin-bottom: 15px !important;}\u00a0\u00bb]<\/p>\n<h3 class=\"ti-heading2\"><span style=\"color: #fff; padding-left: 4px;\">In<\/span>structions pour le gabarit<\/h3>\n<p>[\/vc_column_text][\/vc_column][\/vc_row][vc_row css_animation=\u00a0\u00bb\u00a0\u00bb row_type=\u00a0\u00bbrow\u00a0\u00bb use_row_as_full_screen_section=\u00a0\u00bbno\u00a0\u00bb type=\u00a0\u00bbgrid\u00a0\u00bb angled_section=\u00a0\u00bbno\u00a0\u00bb text_align=\u00a0\u00bbleft\u00a0\u00bb background_image_as_pattern=\u00a0\u00bbwithout_pattern\u00a0\u00bb z_index=\u00a0\u00bb\u00a0\u00bb css=\u00a0\u00bb.vc_custom_1594148906442{margin-bottom: 25px !important;}\u00a0\u00bb][vc_column width=\u00a0\u00bb1\/2&Prime;][vc_column_text]<img loading=\"lazy\" class=\"tmplt-thumb tmplt-brdr alignnone wp-image-3942 size-full\" style=\"width: 90%;\" src=\"http:\/\/intrinsicpractice.com\/wp-content\/uploads\/2022\/09\/2_PEACE_Template.png\" alt=\"Vignette du gabarit PEACE\" width=\"612\" height=\"792\" srcset=\"https:\/\/intrinsicpractice.com\/wp-content\/uploads\/2022\/09\/2_PEACE_Template.png 612w, https:\/\/intrinsicpractice.com\/wp-content\/uploads\/2022\/09\/2_PEACE_Template-232x300.png 232w\" sizes=\"(max-width: 612px) 100vw, 612px\" \/>[\/vc_column_text][\/vc_column][vc_column width=\u00a0\u00bb1\/2&Prime;][vc_column_text css=\u00a0\u00bb.vc_custom_1664906631680{margin-bottom: 30px !important;}\u00a0\u00bb]<\/p>\n<div id=\"tmplt-right\">Si vous ne l&rsquo;avez pas d\u00e9j\u00e0 fait, t\u00e9l\u00e9chargez le gabarit PEACE (.pdf, 102 Kb).:<br \/>\n<a class=\"tmplt-download2\" style=\"margin-top: 5px;\" href=\"http:\/\/intrinsicpractice.com\/wp-content\/uploads\/2022\/10\/2_PEACE_Gabarit-2.pdf\" target=\"_blank\" rel=\"noopener noreferrer\"><span style=\"vertical-align: middle;\">T\u00e9l\u00e9charger<\/span> <img style=\"width: 18px; vertical-align: middle;\" src=\"http:\/\/intrinsicpractice.com\/wp-content\/uploads\/\/2020\/07\/download_aqua.svg\" alt=\"icone T\u00e9l\u00e9charger\" \/><\/a><\/div>\n<p>[\/vc_column_text][\/vc_column][\/vc_row][vc_row css_animation=\u00a0\u00bb\u00a0\u00bb row_type=\u00a0\u00bbrow\u00a0\u00bb use_row_as_full_screen_section=\u00a0\u00bbno\u00a0\u00bb type=\u00a0\u00bbgrid\u00a0\u00bb angled_section=\u00a0\u00bbno\u00a0\u00bb text_align=\u00a0\u00bbleft\u00a0\u00bb background_image_as_pattern=\u00a0\u00bbwithout_pattern\u00a0\u00bb z_index=\u00a0\u00bb\u00a0\u00bb][vc_column width=\u00a0\u00bb5\/12&Prime; el_class=\u00a0\u00bbdotted-bottom2&Prime;][vc_column_text css=\u00a0\u00bb.vc_custom_1656946459384{margin-bottom: 15px !important;}\u00a0\u00bb]Dans le gabarit\u00a02, PEACE, ins\u00e9rez des mots sous la colonne correspondante qui d\u00e9crivent vos attributs g\u00e9n\u00e9raux et vos attributs ou atouts particuliers. \u00c9num\u00e9rez de trois \u00e0 cinq de ces mots pour chaque cat\u00e9gorie.[\/vc_column_text][\/vc_column][vc_column width=\u00a0\u00bb1\/12&Prime;][\/vc_column][vc_column width=\u00a0\u00bb6\/12&Prime;][vc_column_text css=\u00a0\u00bb.vc_custom_1665082448867{margin-bottom: 15px !important;}\u00a0\u00bb]Visionnez le vid\u00e9oclip sur comment remplir la colonne <strong>Attribut (Attribute)<\/strong>.[\/vc_column_text][vc_video link=\u00a0\u00bbhttps:\/\/youtu.be\/2hnOnyZuH_Y\u00a0\u00bb][vc_column_text css=\u00a0\u00bb.vc_custom_1665604469604{margin-bottom: 25px !important;}\u00a0\u00bb]<span class=\"transcript\"><a href=\"http:\/\/intrinsicpractice.com\/wp-content\/uploads\/2022\/10\/Pratique_intrinseque_Etape_2_PEACE_Attribut_Transcription.pdf\" target=\"_blank\" rel=\"noopener noreferrer\">Transcription<\/a> (.pdf, 150 Kb)<\/span><span class=\"video-time\">2m 36s<\/span>[\/vc_column_text][\/vc_column][vc_column][vc_column_text css=\u00a0\u00bb.vc_custom_1656946476268{margin-bottom: 15px !important;}\u00a0\u00bb]\u00c9tant donn\u00e9 que les atouts varient d\u2019une personne \u00e0 l\u2019autre, cette liste constituera le d\u00e9but d\u2019une description pr\u00e9cise de vous-m\u00eame en tant que personne unique, avec chaque atout, du pass\u00e9 au pr\u00e9sent. La liste vous aidera \u00e0 commencer \u00e0 d\u00e9finir qui vous \u00eates, en mettant l\u2019accent sur votre c\u00f4t\u00e9 positif. L\u2019utilisation de ces atouts dans votre vie quotidienne vous permettra alors de vivre des exp\u00e9riences plus positives et propices au bonheur.[\/vc_column_text][vc_column_text el_class=\u00a0\u00bbquotebox-out2&Prime; css=\u00a0\u00bb.vc_custom_1662745387904{margin-bottom: 15px !important;}\u00a0\u00bb]<span style=\"color: #ffffff;\">Par exemple, si vous avez la capacit\u00e9 d\u2019\u00eatre pers\u00e9v\u00e9rant ou patient, ces atouts peuvent vous aider \u00e0 surmonter les probl\u00e8mes et \u00e0 trouver le bonheur. La r\u00e9silience est un autre atout qui peut aider \u00e0 surmonter les revers lorsque les projets \u00e9chouent ou les relations se d\u00e9gradent, et \u00e0 \u00eatre moins r\u00e9ticent \u00e0 prendre des risques.<\/span>[\/vc_column_text][vc_column_text css=\u00a0\u00bb.vc_custom_1656946631888{margin-bottom: 15px !important;}\u00a0\u00bb]La liste que vous \u00e9tablissez peut-\u00eatre r\u00e9vis\u00e9e et peaufin\u00e9e au fil du temps, le cas \u00e9ch\u00e9ant.[\/vc_column_text][vc_column_text css=\u00a0\u00bb.vc_custom_1656946658115{margin-bottom: 15px !important;}\u00a0\u00bb]Une fois que vous avez trouv\u00e9 une bonne premi\u00e8re liste de vos attributs g\u00e9n\u00e9raux et de vos atouts particuliers, passez \u00e0 la troisi\u00e8me colonne du gabarit, intitul\u00e9e \u00ab\u00a0Attachement\u00a0\u00bb.[\/vc_column_text][\/vc_column][\/vc_row][vc_row css_animation=\u00a0\u00bb\u00a0\u00bb row_type=\u00a0\u00bbrow\u00a0\u00bb use_row_as_full_screen_section=\u00a0\u00bbno\u00a0\u00bb type=\u00a0\u00bbgrid\u00a0\u00bb angled_section=\u00a0\u00bbno\u00a0\u00bb text_align=\u00a0\u00bbleft\u00a0\u00bb background_image_as_pattern=\u00a0\u00bbwithout_pattern\u00a0\u00bb css=\u00a0\u00bb.vc_custom_1594151287901{margin-top: 15px !important;padding-top: 10px !important;padding-bottom: 10px !important;background-color: #f6f6f6 !important;}\u00a0\u00bb z_index=\u00a0\u00bb\u00a0\u00bb][vc_column][vc_column_text]<\/p>\n<div><a id=\"prev-link\" href=\"https:\/\/intrinsicpractice.com\/fr\/methode-en-6-etapes\/etape-2-defenir-mon-bonheur\/\">page pr\u00e9c\u00e9dente<\/a> <a id=\"next-link\" href=\"https:\/\/intrinsicpractice.com\/fr\/methode-en-6-etapes\/etape-2-defenir-mon-bonheur\/peace-care\/\">prochaine page<\/a><\/div>\n<p>[\/vc_column_text][\/vc_column][\/vc_row]<\/p>\n","protected":false},"excerpt":{"rendered":"<p>[vc_row css_animation=\u00a0\u00bb\u00a0\u00bb row_type=\u00a0\u00bbrow\u00a0\u00bb use_row_as_full_screen_section=\u00a0\u00bbno\u00a0\u00bb type=\u00a0\u00bbgrid\u00a0\u00bb angled_section=\u00a0\u00bbno\u00a0\u00bb text_align=\u00a0\u00bbleft\u00a0\u00bb background_image_as_pattern=\u00a0\u00bbwithout_pattern\u00a0\u00bb z_index=\u00a0\u00bb\u00a0\u00bb css=\u00a0\u00bb.vc_custom_1594059480142{margin-top: 35px !important;margin-bottom: 20px !important;}\u00a0\u00bb][vc_column width=\u00a0\u00bb5\/12&Prime;][vc_column_text][\/vc_column_text][vc_column_text css=\u00a0\u00bb.vc_custom_1665082379174{margin-top: 5px !important;margin-bottom: 5px !important;}\u00a0\u00bb]Attribut\u00a0(Attributes)[\/vc_column_text][vc_column_text css=\u00a0\u00bb.vc_custom_1664556118736{margin-bottom: 15px !important;}\u00a0\u00bb]Il s\u2019agit de ce qui vous caract\u00e9rise comme \u00eatre humain ou personne. Ce concept peut \u00eatre plus facile \u00e0 comprendre si on le&#8230;<\/p>\n","protected":false},"author":4,"featured_media":0,"parent":3601,"menu_order":0,"comment_status":"closed","ping_status":"closed","template":"full_width.php","meta":{"inline_featured_image":false,"_mi_skip_tracking":false},"_links":{"self":[{"href":"https:\/\/intrinsicpractice.com\/fr\/wp-json\/wp\/v2\/pages\/3605"}],"collection":[{"href":"https:\/\/intrinsicpractice.com\/fr\/wp-json\/wp\/v2\/pages"}],"about":[{"href":"https:\/\/intrinsicpractice.com\/fr\/wp-json\/wp\/v2\/types\/page"}],"author":[{"embeddable":true,"href":"https:\/\/intrinsicpractice.com\/fr\/wp-json\/wp\/v2\/users\/4"}],"replies":[{"embeddable":true,"href":"https:\/\/intrinsicpractice.com\/fr\/wp-json\/wp\/v2\/comments?post=3605"}],"version-history":[{"count":33,"href":"https:\/\/intrinsicpractice.com\/fr\/wp-json\/wp\/v2\/pages\/3605\/revisions"}],"predecessor-version":[{"id":4949,"href":"https:\/\/intrinsicpractice.com\/fr\/wp-json\/wp\/v2\/pages\/3605\/revisions\/4949"}],"up":[{"embeddable":true,"href":"https:\/\/intrinsicpractice.com\/fr\/wp-json\/wp\/v2\/pages\/3601"}],"wp:attachment":[{"href":"https:\/\/intrinsicpractice.com\/fr\/wp-json\/wp\/v2\/media?parent=3605"}],"curies":[{"name":"wp","href":"https:\/\/api.w.org\/{rel}","templated":true}]}}