{"id":3601,"date":"2019-10-29T14:36:39","date_gmt":"2019-10-29T14:36:39","guid":{"rendered":"https:\/\/intrinsicpractice.com\/?page_id=3601"},"modified":"2022-10-12T19:53:26","modified_gmt":"2022-10-12T19:53:26","slug":"etape-2-defenir-mon-bonheur","status":"publish","type":"page","link":"https:\/\/intrinsicpractice.com\/fr\/methode-en-6-etapes\/etape-2-defenir-mon-bonheur\/","title":{"rendered":"\u00c9tape 2 &#8211; D\u00e9finir mon bonheur \u2014 PEACE"},"content":{"rendered":"<p>[vc_row css_animation=\u00a0\u00bb\u00a0\u00bb row_type=\u00a0\u00bbrow\u00a0\u00bb use_row_as_full_screen_section=\u00a0\u00bbno\u00a0\u00bb type=\u00a0\u00bbgrid\u00a0\u00bb angled_section=\u00a0\u00bbno\u00a0\u00bb text_align=\u00a0\u00bbleft\u00a0\u00bb background_image_as_pattern=\u00a0\u00bbwithout_pattern\u00a0\u00bb z_index=\u00a0\u00bb\u00a0\u00bb css=\u00a0\u00bb.vc_custom_1593021611872{margin-top: 25px !important;}\u00a0\u00bb][vc_column][vc_column_text css=\u00a0\u00bb.vc_custom_1659632671065{margin-top: 5px !important;margin-bottom: 15px !important;}\u00a0\u00bb]<\/p>\n<h2>Objectifs et aper\u00e7u<\/h2>\n<p>[\/vc_column_text][vc_column_text css=\u00a0\u00bb.vc_custom_1656943830765{margin-top: 15px !important;margin-bottom: 15px !important;}\u00a0\u00bb]\u00c0 la deuxi\u00e8me \u00e9tape, vous devrez apprendre comment d\u00e9finir le bonheur pour vous.[\/vc_column_text][\/vc_column][\/vc_row][vc_row css_animation=\u00a0\u00bb\u00a0\u00bb row_type=\u00a0\u00bbrow\u00a0\u00bb use_row_as_full_screen_section=\u00a0\u00bbno\u00a0\u00bb type=\u00a0\u00bbgrid\u00a0\u00bb angled_section=\u00a0\u00bbno\u00a0\u00bb text_align=\u00a0\u00bbleft\u00a0\u00bb background_image_as_pattern=\u00a0\u00bbwithout_pattern\u00a0\u00bb z_index=\u00a0\u00bb\u00a0\u00bb css=\u00a0\u00bb.vc_custom_1593021740153{margin-bottom: 15px !important;}\u00a0\u00bb][vc_column][vc_column_text el_class=\u00a0\u00bbhighlightbox-out\u00a0\u00bb]<\/p>\n<p class=\"highlightbox-in\">Il est important de le faire, car le mot \u00ab\u00a0bonheur\u00a0\u00bb signifie souvent des choses tr\u00e8s diff\u00e9rentes pour diff\u00e9rentes personnes.<\/p>\n<p>[\/vc_column_text][\/vc_column][\/vc_row][vc_row css_animation=\u00a0\u00bb\u00a0\u00bb row_type=\u00a0\u00bbrow\u00a0\u00bb use_row_as_full_screen_section=\u00a0\u00bbno\u00a0\u00bb type=\u00a0\u00bbgrid\u00a0\u00bb angled_section=\u00a0\u00bbno\u00a0\u00bb text_align=\u00a0\u00bbleft\u00a0\u00bb background_image_as_pattern=\u00a0\u00bbwithout_pattern\u00a0\u00bb z_index=\u00a0\u00bb\u00a0\u00bb][vc_column width=\u00a0\u00bb2\/3&Prime;][vc_column_text]Pour certaines personnes, le bonheur peut simplement signifier se sentir bien ou ressentir du plaisir; pour d\u2019autres, cela peut signifier \u00eatre en paix sans pens\u00e9es et exp\u00e9riences d\u00e9rangeantes, et pour d\u2019autres encore, cela peut signifier se sentir bien \u00e0 propos de soi ou des buts \u00e0 atteindre. \u00c9tonnamment, de nombreuses personnes peuvent difficilement d\u00e9finir ce qu\u2019est le bonheur pour elles. Par cons\u00e9quent, la pratique intrins\u00e8que propose que vous d\u00e9finissiez le bonheur pour vous-m\u00eame d\u2019une mani\u00e8re tr\u00e8s personnelle et sp\u00e9cifique, de plusieurs points de vue qui seront appel\u00e9s des \u00ab\u00a0\u00e9l\u00e9ments\u00a0\u00bb. Les cinq \u00e9l\u00e9ments propos\u00e9s repr\u00e9sentent ce que vous \u00eates, ce qui vous tient \u00e0 c\u0153ur et vous int\u00e9resse, ce qui vous fait plaisir, et vos valeurs et votre but.[\/vc_column_text][\/vc_column][vc_column width=\u00a0\u00bb1\/3&Prime;][vc_column_text]<img loading=\"lazy\" class=\"aligncenter wp-image-3290 size-large\" title=\"silhouette d\u2019une personne\" src=\"http:\/\/intrinsicpractice.com\/wp-content\/uploads\/2020\/06\/Strength_image_1-854x1024.jpg\" alt=\"silhouette d\u2019une personne\" width=\"854\" height=\"1024\" srcset=\"https:\/\/intrinsicpractice.com\/wp-content\/uploads\/2020\/06\/Strength_image_1-854x1024.jpg 854w, https:\/\/intrinsicpractice.com\/wp-content\/uploads\/2020\/06\/Strength_image_1-250x300.jpg 250w, https:\/\/intrinsicpractice.com\/wp-content\/uploads\/2020\/06\/Strength_image_1-768x920.jpg 768w, https:\/\/intrinsicpractice.com\/wp-content\/uploads\/2020\/06\/Strength_image_1-700x839.jpg 700w, https:\/\/intrinsicpractice.com\/wp-content\/uploads\/2020\/06\/Strength_image_1.jpg 1043w\" sizes=\"(max-width: 854px) 100vw, 854px\" \/>[\/vc_column_text][\/vc_column][\/vc_row][vc_row css_animation=\u00a0\u00bb\u00a0\u00bb row_type=\u00a0\u00bbrow\u00a0\u00bb use_row_as_full_screen_section=\u00a0\u00bbno\u00a0\u00bb type=\u00a0\u00bbgrid\u00a0\u00bb angled_section=\u00a0\u00bbno\u00a0\u00bb text_align=\u00a0\u00bbleft\u00a0\u00bb background_image_as_pattern=\u00a0\u00bbwithout_pattern\u00a0\u00bb z_index=\u00a0\u00bb\u00a0\u00bb][vc_column][vc_column_text css=\u00a0\u00bb.vc_custom_1656943949136{margin-top: 15px !important;margin-bottom: 15px !important;}\u00a0\u00bb]Par cons\u00e9quent, le proc\u00e9d\u00e9 mn\u00e9monique de l\u2019\u00e9tape deux est <strong>PEACE<\/strong>, qui repr\u00e9sente les cinq \u00e9l\u00e9ments But, \u00c9thique, Attribut, Attachement et Plaisir.[\/vc_column_text][vc_column_text css=\u00a0\u00bb.vc_custom_1662744701161{margin-top: 25px !important;margin-bottom: 15px !important;}\u00a0\u00bb]<a href=\"http:\/\/intrinsicpractice.com\/wp-content\/uploads\/2022\/09\/peace_all-1.svg\"><img  class=\"alignnone wp-image-3946 size-full\" title=\"PEACE: But, \u00c9thique, Attribut, Attachement et Plaisir.\" src=\"http:\/\/intrinsicpractice.com\/wp-content\/uploads\/2022\/09\/peace_all-1.svg\" alt=\"PEACE: But, \u00c9thique, Attribut, Attachement et Plaisir.\" \/><\/a>[\/vc_column_text][vc_column_text css=\u00a0\u00bb.vc_custom_1656943974965{margin-top: 15px !important;margin-bottom: 5px !important;}\u00a0\u00bb]Ces cinq \u00e9l\u00e9ments sont essentiels \u00e0 la pratique intrins\u00e8que et vous pouvez en ajouter d\u2019autres si vous le souhaitez.[\/vc_column_text][vc_column_text css=\u00a0\u00bb.vc_custom_1656943994911{margin-top: 15px !important;margin-bottom: 5px !important;}\u00a0\u00bb]Utilisez le gabarit\u00a02 pour en apprendre davantage sur les \u00e9l\u00e9ments et commencer \u00e0 d\u00e9finir ce qu\u2019est le bonheur pour vous.[\/vc_column_text][vc_column_text css=\u00a0\u00bb.vc_custom_1662744777500{margin-top: 15px !important;}\u00a0\u00bb]<\/p>\n<h3>2. Gabarit PEACE<\/h3>\n<p>[\/vc_column_text][\/vc_column][\/vc_row][vc_row css_animation=\u00a0\u00bb\u00a0\u00bb row_type=\u00a0\u00bbrow\u00a0\u00bb use_row_as_full_screen_section=\u00a0\u00bbno\u00a0\u00bb type=\u00a0\u00bbgrid\u00a0\u00bb angled_section=\u00a0\u00bbno\u00a0\u00bb text_align=\u00a0\u00bbleft\u00a0\u00bb background_image_as_pattern=\u00a0\u00bbwithout_pattern\u00a0\u00bb z_index=\u00a0\u00bb\u00a0\u00bb css=\u00a0\u00bb.vc_custom_1594219857936{margin-bottom: 15px !important;}\u00a0\u00bb][vc_column width=\u00a0\u00bb1\/2&Prime;][vc_column_text css=\u00a0\u00bb.vc_custom_1662745128771{margin-bottom: 15px !important;}\u00a0\u00bb]<img loading=\"lazy\" class=\"tmplt-thumb tmplt-brdr alignnone wp-image-3942 size-full\" style=\"width: 90%;\" title=\"Vignette du gabarit PEACE\" src=\"http:\/\/intrinsicpractice.com\/wp-content\/uploads\/2022\/09\/2_PEACE_Template.png\" alt=\"Vignette du gabarit PEACE\" width=\"612\" height=\"792\" srcset=\"https:\/\/intrinsicpractice.com\/wp-content\/uploads\/2022\/09\/2_PEACE_Template.png 612w, https:\/\/intrinsicpractice.com\/wp-content\/uploads\/2022\/09\/2_PEACE_Template-232x300.png 232w\" sizes=\"(max-width: 612px) 100vw, 612px\" \/>[\/vc_column_text][\/vc_column][vc_column width=\u00a0\u00bb1\/2&Prime;][vc_column_text css=\u00a0\u00bb.vc_custom_1664906259555{margin-bottom: 15px !important;}\u00a0\u00bb]<\/p>\n<div id=\"tmplt-right\">T\u00e9l\u00e9chargez le gabarit 2. PEACE (.pdf, 102 Kb):<br \/>\n<a class=\"tmplt-download2\" style=\"margin-top: 5px;\" href=\"http:\/\/intrinsicpractice.com\/wp-content\/uploads\/2022\/10\/2_PEACE_Gabarit-2.pdf\" rel=\"noopener noreferrer\" download=\"\">T\u00e9l\u00e9charger <img style=\"width: 18px; vertical-align: middle;\" src=\"http:\/\/intrinsicpractice.com\/wp-content\/uploads\/\/2020\/07\/download_aqua.svg\" alt=\"icone T\u00e9l\u00e9charger\" \/><\/a><\/div>\n<p>[\/vc_column_text][\/vc_column][\/vc_row][vc_row css_animation=\u00a0\u00bb\u00a0\u00bb row_type=\u00a0\u00bbrow\u00a0\u00bb use_row_as_full_screen_section=\u00a0\u00bbno\u00a0\u00bb type=\u00a0\u00bbgrid\u00a0\u00bb angled_section=\u00a0\u00bbno\u00a0\u00bb text_align=\u00a0\u00bbleft\u00a0\u00bb background_image_as_pattern=\u00a0\u00bbwithout_pattern\u00a0\u00bb z_index=\u00a0\u00bb\u00a0\u00bb][vc_column][vc_column_text css=\u00a0\u00bb.vc_custom_1664558541909{margin-top: 20px !important;margin-bottom: 15px !important;}\u00a0\u00bb]<\/p>\n<h3 class=\"ti-heading2\"><span style=\"color: #fff; padding-left: 4px;\">In<\/span>structions pour le gabarit<\/h3>\n<p>[\/vc_column_text][\/vc_column][\/vc_row][vc_row css_animation=\u00a0\u00bb\u00a0\u00bb row_type=\u00a0\u00bbrow\u00a0\u00bb use_row_as_full_screen_section=\u00a0\u00bbno\u00a0\u00bb type=\u00a0\u00bbgrid\u00a0\u00bb angled_section=\u00a0\u00bbno\u00a0\u00bb text_align=\u00a0\u00bbleft\u00a0\u00bb background_image_as_pattern=\u00a0\u00bbwithout_pattern\u00a0\u00bb z_index=\u00a0\u00bb\u00a0\u00bb][vc_column width=\u00a0\u00bb5\/12&Prime; el_class=\u00a0\u00bbdotted-bottom2&Prime;][vc_column_text css=\u00a0\u00bb.vc_custom_1656945753809{margin-bottom: 15px !important;}\u00a0\u00bb]Le gabarit peut \u00eatre rempli dans n\u2019importe quel ordre. Toutefois, au d\u00e9but, <strong>il est recommand\u00e9 de proc\u00e9der dans l\u2019ordre suivant\u00a0: Attribut, Attachement, Plaisir, \u00c9thique et But<\/strong>, en commen\u00e7ant par la quatri\u00e8me colonne \u00e0 partir de la gauche.[\/vc_column_text][vc_column_text css=\u00a0\u00bb.vc_custom_1656945777470{margin-bottom: 15px !important;}\u00a0\u00bb]Ne vous pr\u00e9occupez pas de la premi\u00e8re colonne \u00e0 gauche intitul\u00e9e \u00ab\u00a0R\u00f4le\u00a0\u00bb pour le moment. \u00c0 mesure que vous devenez habile \u00e0 \u00e9num\u00e9rer vos \u00e9l\u00e9ments de bonheur, vous pouvez \u00e9galement les \u00e9num\u00e9rer par r\u00f4le, par exemple, que signifient les cinq \u00e9l\u00e9ments pour vous dans le contexte d\u2019\u00eatre une personne, un parent, un membre de la famille, un conjoint, un citoyen, un travailleur, un croyant, etc.?[\/vc_column_text][\/vc_column][vc_column width=\u00a0\u00bb1\/12&Prime;][\/vc_column][vc_column width=\u00a0\u00bb6\/12&Prime;][vc_column_text css=\u00a0\u00bb.vc_custom_1659632991024{margin-bottom: 15px !important;}\u00a0\u00bb]Visionnez le videoclip sur comment utiliser le gabarit 2 &#8211; PEACE.[\/vc_column_text][vc_video link=\u00a0\u00bbhttps:\/\/youtu.be\/wJtegkwr3FY\u00a0\u00bb][vc_column_text css=\u00a0\u00bb.vc_custom_1665604398452{margin-bottom: 30px !important;}\u00a0\u00bb]<span class=\"transcript\"><a href=\"http:\/\/intrinsicpractice.com\/wp-content\/uploads\/2022\/10\/Pratique_intrinseque_Etape_2_PEACE_Intro_Transcription.pdf\" target=\"_blank\" rel=\"noopener noreferrer\">Transcription<\/a> (.pdf, 131 Kb)<\/span><span class=\"video-time\">1m 27s<\/span>[\/vc_column_text][\/vc_column][\/vc_row][vc_row css_animation=\u00a0\u00bb\u00a0\u00bb row_type=\u00a0\u00bbrow\u00a0\u00bb use_row_as_full_screen_section=\u00a0\u00bbno\u00a0\u00bb type=\u00a0\u00bbgrid\u00a0\u00bb angled_section=\u00a0\u00bbno\u00a0\u00bb text_align=\u00a0\u00bbleft\u00a0\u00bb background_image_as_pattern=\u00a0\u00bbwithout_pattern\u00a0\u00bb z_index=\u00a0\u00bb\u00a0\u00bb][vc_column][vc_column_text]<\/p>\n<p id=\"tw-target-text\" class=\"tw-data-text tw-text-large tw-ta\" dir=\"ltr\" data-placeholder=\"Translation\"><span class=\"Y2IQFc\" lang=\"fr\">Les pages suivantes de cette \u00e9tape d\u00e9crivent chacun des \u00e9l\u00e9ments PEACE plus en d\u00e9tail. Vous pourrez \u00e9galement t\u00e9l\u00e9charger le gabarit PEACE et regarder un vid\u00e9oclip ou lire des instructions sur la fa\u00e7on de remplir chaque \u00e9l\u00e9ment. Commen\u00e7ons par Attributes.<\/span><\/p>\n<p>[\/vc_column_text][\/vc_column][\/vc_row][vc_row css_animation=\u00a0\u00bb\u00a0\u00bb row_type=\u00a0\u00bbrow\u00a0\u00bb use_row_as_full_screen_section=\u00a0\u00bbno\u00a0\u00bb type=\u00a0\u00bbgrid\u00a0\u00bb angled_section=\u00a0\u00bbno\u00a0\u00bb text_align=\u00a0\u00bbleft\u00a0\u00bb background_image_as_pattern=\u00a0\u00bbwithout_pattern\u00a0\u00bb css=\u00a0\u00bb.vc_custom_1594042202352{margin-top: 30px !important;padding-top: 10px !important;padding-bottom: 10px !important;background-color: #f6f6f6 !important;}\u00a0\u00bb z_index=\u00a0\u00bb\u00a0\u00bb el_class=\u00a0\u00bbpag-btns\u00a0\u00bb][vc_column][vc_column_text]<\/p>\n<div><a id=\"prev-link\" href=\"https:\/\/intrinsicpractice.com\/fr\/methode-en-6-etapes\/etape-1-mise-en-place-pratique\/start-thoughfulness\/\">page pr\u00e9c\u00e9dente<\/a> <a id=\"next-link\" href=\"https:\/\/intrinsicpractice.com\/fr\/methode-en-6-etapes\/etape-2-defenir-mon-bonheur\/peace-attribute\/\">prochaine page<\/a><\/div>\n<p>[\/vc_column_text][\/vc_column][\/vc_row]<\/p>\n","protected":false},"excerpt":{"rendered":"<p>[vc_row css_animation=\u00a0\u00bb\u00a0\u00bb row_type=\u00a0\u00bbrow\u00a0\u00bb use_row_as_full_screen_section=\u00a0\u00bbno\u00a0\u00bb type=\u00a0\u00bbgrid\u00a0\u00bb angled_section=\u00a0\u00bbno\u00a0\u00bb text_align=\u00a0\u00bbleft\u00a0\u00bb background_image_as_pattern=\u00a0\u00bbwithout_pattern\u00a0\u00bb z_index=\u00a0\u00bb\u00a0\u00bb css=\u00a0\u00bb.vc_custom_1593021611872{margin-top: 25px !important;}\u00a0\u00bb][vc_column][vc_column_text css=\u00a0\u00bb.vc_custom_1659632671065{margin-top: 5px !important;margin-bottom: 15px !important;}\u00a0\u00bb] Objectifs et aper\u00e7u [\/vc_column_text][vc_column_text css=\u00a0\u00bb.vc_custom_1656943830765{margin-top: 15px !important;margin-bottom: 15px !important;}\u00a0\u00bb]\u00c0 la deuxi\u00e8me \u00e9tape, vous devrez apprendre comment d\u00e9finir le bonheur pour vous.[\/vc_column_text][\/vc_column][\/vc_row][vc_row css_animation=\u00a0\u00bb\u00a0\u00bb row_type=\u00a0\u00bbrow\u00a0\u00bb use_row_as_full_screen_section=\u00a0\u00bbno\u00a0\u00bb type=\u00a0\u00bbgrid\u00a0\u00bb angled_section=\u00a0\u00bbno\u00a0\u00bb text_align=\u00a0\u00bbleft\u00a0\u00bb background_image_as_pattern=\u00a0\u00bbwithout_pattern\u00a0\u00bb&#8230;<\/p>\n","protected":false},"author":4,"featured_media":0,"parent":3571,"menu_order":0,"comment_status":"closed","ping_status":"closed","template":"full_width.php","meta":{"inline_featured_image":false,"_mi_skip_tracking":false},"_links":{"self":[{"href":"https:\/\/intrinsicpractice.com\/fr\/wp-json\/wp\/v2\/pages\/3601"}],"collection":[{"href":"https:\/\/intrinsicpractice.com\/fr\/wp-json\/wp\/v2\/pages"}],"about":[{"href":"https:\/\/intrinsicpractice.com\/fr\/wp-json\/wp\/v2\/types\/page"}],"author":[{"embeddable":true,"href":"https:\/\/intrinsicpractice.com\/fr\/wp-json\/wp\/v2\/users\/4"}],"replies":[{"embeddable":true,"href":"https:\/\/intrinsicpractice.com\/fr\/wp-json\/wp\/v2\/comments?post=3601"}],"version-history":[{"count":21,"href":"https:\/\/intrinsicpractice.com\/fr\/wp-json\/wp\/v2\/pages\/3601\/revisions"}],"predecessor-version":[{"id":4948,"href":"https:\/\/intrinsicpractice.com\/fr\/wp-json\/wp\/v2\/pages\/3601\/revisions\/4948"}],"up":[{"embeddable":true,"href":"https:\/\/intrinsicpractice.com\/fr\/wp-json\/wp\/v2\/pages\/3571"}],"wp:attachment":[{"href":"https:\/\/intrinsicpractice.com\/fr\/wp-json\/wp\/v2\/media?parent=3601"}],"curies":[{"name":"wp","href":"https:\/\/api.w.org\/{rel}","templated":true}]}}