{"id":3592,"date":"2019-10-29T19:07:37","date_gmt":"2019-10-29T19:07:37","guid":{"rendered":"https:\/\/intrinsicpractice.com\/?page_id=3592"},"modified":"2022-10-12T19:52:10","modified_gmt":"2022-10-12T19:52:10","slug":"start-thoughfulness","status":"publish","type":"page","link":"https:\/\/intrinsicpractice.com\/fr\/methode-en-6-etapes\/etape-1-mise-en-place-pratique\/start-thoughfulness\/","title":{"rendered":"START &#8211; T(houghfulness)"},"content":{"rendered":"<p>[vc_row css_animation=\u00a0\u00bb\u00a0\u00bb row_type=\u00a0\u00bbrow\u00a0\u00bb use_row_as_full_screen_section=\u00a0\u00bbno\u00a0\u00bb type=\u00a0\u00bbgrid\u00a0\u00bb angled_section=\u00a0\u00bbno\u00a0\u00bb text_align=\u00a0\u00bbleft\u00a0\u00bb background_image_as_pattern=\u00a0\u00bbwithout_pattern\u00a0\u00bb z_index=\u00a0\u00bb\u00a0\u00bb css=\u00a0\u00bb.vc_custom_1591024030370{margin-top: 35px !important;margin-bottom: 15px !important;}\u00a0\u00bb][vc_column width=\u00a0\u00bb1\/2&Prime;][vc_column_text]<img class=\"alignnone size-large wp-image-3287\" src=\"http:\/\/intrinsicpractice.com\/wp-content\/uploads\/\/2020\/06\/start_t2.svg\" alt=\"START (with the 2nd letter T highlighted)\" width=\"1100\" \/>[\/vc_column_text][\/vc_column][vc_column width=\u00a0\u00bb1\/2&Prime;][\/vc_column][\/vc_row][vc_row css_animation=\u00a0\u00bb\u00a0\u00bb row_type=\u00a0\u00bbrow\u00a0\u00bb use_row_as_full_screen_section=\u00a0\u00bbno\u00a0\u00bb type=\u00a0\u00bbgrid\u00a0\u00bb angled_section=\u00a0\u00bbno\u00a0\u00bb text_align=\u00a0\u00bbleft\u00a0\u00bb background_image_as_pattern=\u00a0\u00bbwithout_pattern\u00a0\u00bb z_index=\u00a0\u00bb\u00a0\u00bb][vc_column][vc_column_text css=\u00a0\u00bb.vc_custom_1664547862995{margin-bottom: 15px !important;}\u00a0\u00bb]<span class=\"merry fs32\">L&rsquo;attention (<span class=\"step1col\">T<\/span>houghfulness)<\/span>[\/vc_column_text][vc_column_text css=\u00a0\u00bb.vc_custom_1664556039433{margin-bottom: 15px !important;}\u00a0\u00bb]<\/p>\n<p id=\"tw-target-text\" class=\"tw-data-text tw-text-large tw-ta\" dir=\"ltr\" data-placeholder=\"Translation\"><span class=\"Y2IQFc\" lang=\"fr\">Toute t\u00e2che ou activit\u00e9 n\u00e9cessite de l&rsquo;attention, d\u00e9finie ici comme \u00ab thoughfulness \u00bb, pour \u00eatre r\u00e9alis\u00e9e de mani\u00e8re optimale.<\/span><\/p>\n<p>[\/vc_column_text][\/vc_column][\/vc_row][vc_row css_animation=\u00a0\u00bb\u00a0\u00bb row_type=\u00a0\u00bbrow\u00a0\u00bb use_row_as_full_screen_section=\u00a0\u00bbno\u00a0\u00bb type=\u00a0\u00bbgrid\u00a0\u00bb angled_section=\u00a0\u00bbno\u00a0\u00bb text_align=\u00a0\u00bbleft\u00a0\u00bb background_image_as_pattern=\u00a0\u00bbwithout_pattern\u00a0\u00bb z_index=\u00a0\u00bb\u00a0\u00bb][vc_column width=\u00a0\u00bb1\/2&Prime;][vc_column_text]<img loading=\"lazy\" class=\"alignnone wp-image-3511 size-full\" title=\"Silhouette d\u2019une personne qui repr\u00e9sente des \u00e9motions n\u00e9gatives et perturbatrices ou d\u2019une personne distraite\" src=\"http:\/\/intrinsicpractice.com\/wp-content\/uploads\/2020\/11\/t1.png\" alt=\"Silhouette d\u2019une personne qui repr\u00e9sente des \u00e9motions n\u00e9gatives et perturbatrices ou d\u2019une personne distraite\" width=\"1005\" height=\"1024\" srcset=\"https:\/\/intrinsicpractice.com\/wp-content\/uploads\/2020\/11\/t1.png 1005w, https:\/\/intrinsicpractice.com\/wp-content\/uploads\/2020\/11\/t1-294x300.png 294w, https:\/\/intrinsicpractice.com\/wp-content\/uploads\/2020\/11\/t1-768x783.png 768w, https:\/\/intrinsicpractice.com\/wp-content\/uploads\/2020\/11\/t1-700x713.png 700w\" sizes=\"(max-width: 1005px) 100vw, 1005px\" \/>[\/vc_column_text][vc_column_text css=\u00a0\u00bb.vc_custom_1664545823008{margin-bottom: 15px !important;}\u00a0\u00bb]Afin d\u2019\u00eatre ex\u00e9cut\u00e9e de fa\u00e7on optimale, toute t\u00e2che ou activit\u00e9 exige de l\u2019attention. Cela s\u2019applique \u00e9galement \u00e0 la pratique intrins\u00e8que. Si vous ne pouvez pas accorder une attention soutenue \u00e0 la pratique, le temps et les efforts que vous y consacrerez ne seront pas tr\u00e8s fructueux.[\/vc_column_text][\/vc_column][vc_column width=\u00a0\u00bb1\/2&Prime;][vc_column_text css=\u00a0\u00bb.vc_custom_1662739130438{margin-bottom: 0px !important;}\u00a0\u00bb]<img loading=\"lazy\" class=\"alignnone wp-image-3510 size-full\" title=\"Silhouette d\u2019une personne qui repr\u00e9sente le calme et la capacit\u00e9 de pr\u00eater attention\" src=\"http:\/\/intrinsicpractice.com\/wp-content\/uploads\/2020\/11\/t2.png\" alt=\"Silhouette d\u2019une personne qui repr\u00e9sente le calme et la capacit\u00e9 de pr\u00eater attention\" width=\"1004\" height=\"1024\" srcset=\"https:\/\/intrinsicpractice.com\/wp-content\/uploads\/2020\/11\/t2.png 1004w, https:\/\/intrinsicpractice.com\/wp-content\/uploads\/2020\/11\/t2-294x300.png 294w, https:\/\/intrinsicpractice.com\/wp-content\/uploads\/2020\/11\/t2-768x783.png 768w, https:\/\/intrinsicpractice.com\/wp-content\/uploads\/2020\/11\/t2-700x714.png 700w\" sizes=\"(max-width: 1004px) 100vw, 1004px\" \/>[\/vc_column_text][vc_column_text css=\u00a0\u00bb.vc_custom_1656356195549{margin-bottom: 15px !important;}\u00a0\u00bb]Vous ne serez pas en mesure d\u2019accorder \u00e0 la pratique intrins\u00e8que une attention soutenue si vous la suivez alors que vous ressentez de l\u2019inconfort physique, des \u00e9motions n\u00e9gatives et nuisibles comme la peur, la col\u00e8re, la tristesse, etc., ou que vous \u00eates distrait et que vous ne pouvez pas penser clairement.[\/vc_column_text][\/vc_column][\/vc_row][vc_row css_animation=\u00a0\u00bb\u00a0\u00bb row_type=\u00a0\u00bbrow\u00a0\u00bb use_row_as_full_screen_section=\u00a0\u00bbno\u00a0\u00bb type=\u00a0\u00bbgrid\u00a0\u00bb angled_section=\u00a0\u00bbno\u00a0\u00bb text_align=\u00a0\u00bbleft\u00a0\u00bb background_image_as_pattern=\u00a0\u00bbwithout_pattern\u00a0\u00bb z_index=\u00a0\u00bb\u00a0\u00bb][vc_column][vc_column_text css=\u00a0\u00bb.vc_custom_1656356242847{margin-bottom: 15px !important;}\u00a0\u00bb]Pour accorder toute votre attention \u00e0 la pratique, faites ce simple exercice qui ne prend que quelques minutes. Vous pouvez le faire pour commencer votre p\u00e9riode quotidienne de 10 minutes.[\/vc_column_text][vc_column_text css=\u00a0\u00bb.vc_custom_1656356280694{margin-bottom: 15px !important;}\u00a0\u00bb]L\u2019exercice comporte trois parties\u202f:[\/vc_column_text][\/vc_column][\/vc_row][vc_row css_animation=\u00a0\u00bb\u00a0\u00bb row_type=\u00a0\u00bbrow\u00a0\u00bb use_row_as_full_screen_section=\u00a0\u00bbno\u00a0\u00bb type=\u00a0\u00bbgrid\u00a0\u00bb angled_section=\u00a0\u00bbno\u00a0\u00bb text_align=\u00a0\u00bbleft\u00a0\u00bb background_image_as_pattern=\u00a0\u00bbwithout_pattern\u00a0\u00bb z_index=\u00a0\u00bb\u00a0\u00bb el_class=\u00a0\u00bbip-acc\u00a0\u00bb css=\u00a0\u00bb.vc_custom_1593005168699{margin-bottom: 20px !important;}\u00a0\u00bb][vc_column]<div class=\"qode-accordion-holder clearfix qode-toggle qode-initial \">\n\t<h4 class=\"clearfix qode-title-holder\">\n<span class=\"qode-tab-title\">\n\t    <span class=\"qode-tab-title-inner\">\n        Bonne respiration.    <\/span>\n<\/span>\n<span class=\"qode-accordion-mark\">\n    <span class=\"qode-accordion-mark-icon\">\n        <span class=\"icon_plus\"><\/span>\n        <span class=\"icon_minus-06\"><\/span>\n    <\/span>\n<\/span>\n<\/h4>\n<div  class=\"qode-accordion-content \" >\n    <div class=\"qode-accordion-content-inner\">\n        [vc_column_text]<\/p>\n<p style=\"margin-right: 15px; margin-bottom: 15px;\">Lorsque vous sentez que vous \u00eates repos\u00e9, assoyez-vous confortablement dans un fauteuil et respirez aussi naturellement que possible en utilisant votre diaphragme ou votre abdomen plut\u00f4t que la partie sup\u00e9rieure du thorax.<\/p>\n<p style=\"margin-right: 15px;\"><strong>Faites-le pendant au moins une minute, ou environ 10\u202frespirations.<\/strong><\/p>\n<p>[\/vc_column_text]    <\/div>\n<\/div><\/div><div class=\"qode-accordion-holder clearfix qode-toggle qode-initial \">\n\t<h4 class=\"clearfix qode-title-holder\">\n<span class=\"qode-tab-title\">\n\t    <span class=\"qode-tab-title-inner\">\n        \u00c9motions calmantes.    <\/span>\n<\/span>\n<span class=\"qode-accordion-mark\">\n    <span class=\"qode-accordion-mark-icon\">\n        <span class=\"icon_plus\"><\/span>\n        <span class=\"icon_minus-06\"><\/span>\n    <\/span>\n<\/span>\n<\/h4>\n<div  class=\"qode-accordion-content \" >\n    <div class=\"qode-accordion-content-inner\">\n        [vc_column_text]<\/p>\n<table class=\"tbl-row2\">\n<tbody>\n<tr>\n<td class=\"tbl-row2-1\">\n<p style=\"margin-bottom: 15px; margin-right: 15px;\">Pendant que vous respirez naturellement avec le diaphragme, essayez de vous \u00ab\u202fmettre\u202f\u00bb dans une \u00e9motion calme ou joyeuse aussi naturellement que possible. Si l\u2019\u00e9motion calme et joyeuse ne vous vient pas facilement, essayez de vous rem\u00e9morer doucement un souvenir d\u2019un \u00e9tat de calme et de joie que vous avez v\u00e9cu \u00e0 un moment quelconque de votre vie. Par exemple, vous vous rappellerez peut-\u00eatre avoir regard\u00e9 les \u00e9toiles lors d\u2019un s\u00e9jour en camping ou d\u2019une panne d\u2019\u00e9lectricit\u00e9 apr\u00e8s un orage.<\/p>\n<p style=\"margin-bottom: 15px; margin-right: 15px;\">Vous avez peut-\u00eatre des souvenirs d\u2019\u00eatre allong\u00e9 sur une plage, ou d\u2019avoir pris une pause lors d\u2019une randonn\u00e9e en for\u00eat. Vous pourriez ressentir une sensation de calme en vous rem\u00e9morant un moment o\u00f9 il y avait de l\u2019air frais et une lumi\u00e8re claire apr\u00e8s vos efforts physiques, comme lors d\u2019une randonn\u00e9e.<\/p>\n<p style=\"margin-right: 15px;\"><strong>Faites-le pendant au moins une minute, ou environ 10\u202frespirations.<\/strong><\/p>\n<\/td>\n<td class=\"tbl-row2-2\"><img loading=\"lazy\" class=\"alignnone wp-image-3512 size-full\" title=\"fleurs\" src=\"http:\/\/intrinsicpractice.com\/wp-content\/uploads\/2020\/11\/26-Flowers-2.jpg\" alt=\"fleurs\" width=\"1600\" height=\"1067\" srcset=\"https:\/\/intrinsicpractice.com\/wp-content\/uploads\/2020\/11\/26-Flowers-2.jpg 1600w, https:\/\/intrinsicpractice.com\/wp-content\/uploads\/2020\/11\/26-Flowers-2-300x200.jpg 300w, https:\/\/intrinsicpractice.com\/wp-content\/uploads\/2020\/11\/26-Flowers-2-768x512.jpg 768w, https:\/\/intrinsicpractice.com\/wp-content\/uploads\/2020\/11\/26-Flowers-2-1024x683.jpg 1024w, https:\/\/intrinsicpractice.com\/wp-content\/uploads\/2020\/11\/26-Flowers-2-700x467.jpg 700w\" sizes=\"(max-width: 1600px) 100vw, 1600px\" \/><\/td>\n<\/tr>\n<\/tbody>\n<\/table>\n<p>[\/vc_column_text]    <\/div>\n<\/div><\/div><div class=\"qode-accordion-holder clearfix qode-toggle qode-initial \">\n\t<h4 class=\"clearfix qode-title-holder\">\n<span class=\"qode-tab-title\">\n\t    <span class=\"qode-tab-title-inner\">\n        Absence de distractions.    <\/span>\n<\/span>\n<span class=\"qode-accordion-mark\">\n    <span class=\"qode-accordion-mark-icon\">\n        <span class=\"icon_plus\"><\/span>\n        <span class=\"icon_minus-06\"><\/span>\n    <\/span>\n<\/span>\n<\/h4>\n<div  class=\"qode-accordion-content \" >\n    <div class=\"qode-accordion-content-inner\">\n        [vc_column_text]<\/p>\n<p style=\"margin-bottom: 15px; margin-right: 15px;\">Pendant que vous continuez \u00e0 respirer naturellement et \u00e0 vous sentir calme ou joyeux, concentrez-vous sur votre respiration et ignorez toute pens\u00e9e distrayante ou toute r\u00eaverie. Pour demeurer concentr\u00e9, vous pouvez \u00e9galement compter lentement ou penser \u00e0 des images ou des mots rassurants comme \u00ab\u202f<strong>calme\u202f<\/strong>\u00bb ou \u00ab\u202f<strong>joie<\/strong>\u202f\u00bb.<\/p>\n<p style=\"margin-right: 15px;\"><strong>Faites-le pendant au moins une minute, ou environ 10\u202frespirations.<\/strong><\/p>\n<p>[\/vc_column_text]    <\/div>\n<\/div><\/div>[\/vc_column][\/vc_row][vc_row css_animation=\u00a0\u00bb\u00a0\u00bb row_type=\u00a0\u00bbrow\u00a0\u00bb use_row_as_full_screen_section=\u00a0\u00bbno\u00a0\u00bb type=\u00a0\u00bbgrid\u00a0\u00bb angled_section=\u00a0\u00bbno\u00a0\u00bb text_align=\u00a0\u00bbleft\u00a0\u00bb background_image_as_pattern=\u00a0\u00bbwithout_pattern\u00a0\u00bb z_index=\u00a0\u00bb\u00a0\u00bb css=\u00a0\u00bb.vc_custom_1593009105690{margin-top: 5px !important;margin-bottom: 20px !important;}\u00a0\u00bb][vc_column width=\u00a0\u00bb6\/12&Prime;][vc_column_text css=\u00a0\u00bb.vc_custom_1665082178482{margin-bottom: 15px !important;}\u00a0\u00bb]<\/p>\n<h3>Version vid\u00e9o<\/h3>\n<p>[\/vc_column_text][vc_column_text css=\u00a0\u00bb.vc_custom_1659632047369{margin-bottom: 15px !important;}\u00a0\u00bb]<\/p>\n<p id=\"tw-target-text\" class=\"tw-data-text tw-text-large tw-ta\" dir=\"ltr\" data-placeholder=\"Translation\"><span class=\"Y2IQFc\" lang=\"fr\">Regardez une courte introduction et la version vid\u00e9o de cet exercice en 3\u00a0parties\u00a0:<\/span><\/p>\n<p>[\/vc_column_text][vc_video link=\u00a0\u00bbhttps:\/\/youtu.be\/7epN34riYtU\u00a0\u00bb][vc_column_text]<\/p>\n<p style=\"margin-bottom: 15px;\"><span class=\"transcript\"><a href=\"http:\/\/intrinsicpractice.com\/wp-content\/uploads\/2022\/10\/Pratique_intreseque_Etape_1_Exercice_d_attention_video_Transcription.pdf\" target=\"_blank\" rel=\"noopener noreferrer\">Transcription<\/a> (.pdf, 133 Kb)<\/span><span class=\"video-time\">6m 52s<\/span><\/p>\n<p>[\/vc_column_text][\/vc_column][vc_column width=\u00a0\u00bb1\/12&Prime;][\/vc_column][vc_column width=\u00a0\u00bb5\/12&Prime;][vc_column_text css=\u00a0\u00bb.vc_custom_1665082242375{margin-bottom: 15px !important;}\u00a0\u00bb]<\/p>\n<h3>Version audio<\/h3>\n<p>[\/vc_column_text][vc_column_text css=\u00a0\u00bb.vc_custom_1659632140000{margin-bottom: 15px !important;}\u00a0\u00bb]Vous voudrez peut-\u00eatre \u00e9couter r\u00e9guli\u00e8rement la version audio de cet exercice en 3 parties au d\u00e9but de votre temps quotidien de 10 minutes et de votre temps hebdomadaire de 30 minutes.[\/vc_column_text][vc_column_text css=\u00a0\u00bb.vc_custom_1664307032677{margin-bottom: 30px !important;}\u00a0\u00bb]<\/p>\n<ol style=\"margin-left: 25px;\">\n<li id=\"tw-target-text\" class=\"tw-data-text tw-text-large tw-ta\" dir=\"ltr\" data-placeholder=\"Translation\"><span class=\"Y2IQFc\" lang=\"fr\">respirer confortablement<\/span><\/li>\n<li class=\"tw-data-text tw-text-large tw-ta\" dir=\"ltr\" data-placeholder=\"Translation\"><span class=\"Y2IQFc\" lang=\"fr\">se sentir le calme ou une \u00e9motion joyeuse <\/span><\/li>\n<li class=\"tw-data-text tw-text-large tw-ta\" dir=\"ltr\" data-placeholder=\"Translation\"><span class=\"Y2IQFc\" lang=\"fr\">abandonner les pens\u00e9es distrayantes<\/span><\/li>\n<\/ol>\n<p>[\/vc_column_text][vc_column_text]<\/p>\n<!--[if lt IE 9]><script>document.createElement('audio');<\/script><![endif]-->\n<audio class=\"wp-audio-shortcode\" id=\"audio-3592-1\" preload=\"none\" style=\"width: 100%;\" controls=\"controls\"><source type=\"audio\/mpeg\" src=\"http:\/\/intrinsicpractice.com\/wp-content\/uploads\/2022\/09\/Etape_1_-Exercice_dattention-1.mp3?_=1\" \/><a href=\"http:\/\/intrinsicpractice.com\/wp-content\/uploads\/2022\/09\/Etape_1_-Exercice_dattention-1.mp3\">http:\/\/intrinsicpractice.com\/wp-content\/uploads\/2022\/09\/Etape_1_-Exercice_dattention-1.mp3<\/a><\/audio>\n<p>[\/vc_column_text][vc_column_text css=\u00a0\u00bb.vc_custom_1665604323814{margin-bottom: 10px !important;}\u00a0\u00bb]<span class=\"transcript\"><a href=\"http:\/\/intrinsicpractice.com\/wp-content\/uploads\/2022\/10\/Pratique_intreseque_Etape_1_Exercice_d_attention_audio_Transcription.pdf\" target=\"_blank\" rel=\"noopener noreferrer\">Transcription<\/a> (.pdf, 133 Kb)<\/span><span class=\"video-time\">5m 16s<\/span>[\/vc_column_text][vc_column_text css=\u00a0\u00bb.vc_custom_1664570161310{margin-bottom: 15px !important;padding-bottom: 15px !important;}\u00a0\u00bb]<a class=\"tmplt-download\" style=\"vertical-align: middle;\" href=\"http:\/\/intrinsicpractice.com\/wp-content\/uploads\/2022\/09\/Etape_1_-Exercice_dattention-1.mp3\" download=\"\"><span style=\"vertical-align: middle;\">T\u00e9l\u00e9charger l&rsquo;audio<\/span> <img style=\"width: 18px; vertical-align: middle;\" src=\"http:\/\/intrinsicpractice.com\/wp-content\/uploads\/\/2020\/06\/download_yellow.svg\" alt=\"icone T\u00e9l\u00e9charger\" \/><\/a>[\/vc_column_text][\/vc_column][\/vc_row][vc_row css_animation=\u00a0\u00bb\u00a0\u00bb row_type=\u00a0\u00bbrow\u00a0\u00bb use_row_as_full_screen_section=\u00a0\u00bbno\u00a0\u00bb type=\u00a0\u00bbgrid\u00a0\u00bb angled_section=\u00a0\u00bbno\u00a0\u00bb text_align=\u00a0\u00bbleft\u00a0\u00bb background_image_as_pattern=\u00a0\u00bbwithout_pattern\u00a0\u00bb z_index=\u00a0\u00bb\u00a0\u00bb][vc_column width=\u00a0\u00bb2\/3&Prime;][vc_column_text css=\u00a0\u00bb.vc_custom_1656356716240{margin-bottom: 15px !important;}\u00a0\u00bb]Apr\u00e8s avoir r\u00e9p\u00e9t\u00e9 cet exercice pendant plusieurs jours ou semaines lors de votre p\u00e9riode quotidienne, vous devriez \u00eatre mieux en mesure d\u2019atteindre cet \u00e9tat d&rsquo;attention caract\u00e9ris\u00e9 par une respiration ais\u00e9e, une \u00e9motion de calme ou de joie et une bonne concentration, sans distraction. Si vous le souhaitez, vous pouvez alors passer \u00e0 l\u2019\u00e9tape deux de la pratique intrins\u00e8que. Toutefois, vous devrez continuer \u00e0 pratiquer l\u2019exercice en trois parties ci-dessus au d\u00e9but de chaque p\u00e9riode quotidienne et hebdomadaire. \u00c0 noter que ce type d\u2019exercice peut \u00e9galement \u00eatre utile en tout temps, comme simple moyen d\u2019accro\u00eetre l&rsquo;attention ou la concentration.[\/vc_column_text][\/vc_column][vc_column width=\u00a0\u00bb1\/3&Prime;][vc_column_text]<img loading=\"lazy\" class=\"alignnone wp-image-3294 size-large\" title=\"Silhouette d\u2019une personne entrelac\u00e9e avec un graphique lin\u00e9aire de fr\u00e9quence cardiaque pour repr\u00e9senter une respiration calme et confortable\" src=\"http:\/\/intrinsicpractice.com\/wp-content\/uploads\/2020\/06\/Thoughtfulness_4-1024x1024.jpg\" alt=\"Silhouette d\u2019une personne entrelac\u00e9e avec un graphique lin\u00e9aire de fr\u00e9quence cardiaque pour repr\u00e9senter une respiration calme et confortable\" width=\"1024\" height=\"1024\" srcset=\"https:\/\/intrinsicpractice.com\/wp-content\/uploads\/2020\/06\/Thoughtfulness_4-1024x1024.jpg 1024w, https:\/\/intrinsicpractice.com\/wp-content\/uploads\/2020\/06\/Thoughtfulness_4-150x150.jpg 150w, https:\/\/intrinsicpractice.com\/wp-content\/uploads\/2020\/06\/Thoughtfulness_4-300x300.jpg 300w, https:\/\/intrinsicpractice.com\/wp-content\/uploads\/2020\/06\/Thoughtfulness_4-768x768.jpg 768w, https:\/\/intrinsicpractice.com\/wp-content\/uploads\/2020\/06\/Thoughtfulness_4-570x570.jpg 570w, https:\/\/intrinsicpractice.com\/wp-content\/uploads\/2020\/06\/Thoughtfulness_4-500x500.jpg 500w, https:\/\/intrinsicpractice.com\/wp-content\/uploads\/2020\/06\/Thoughtfulness_4-1000x1000.jpg 1000w, https:\/\/intrinsicpractice.com\/wp-content\/uploads\/2020\/06\/Thoughtfulness_4-700x700.jpg 700w, https:\/\/intrinsicpractice.com\/wp-content\/uploads\/2020\/06\/Thoughtfulness_4.jpg 1251w\" sizes=\"(max-width: 1024px) 100vw, 1024px\" \/>[\/vc_column_text][\/vc_column][\/vc_row][vc_row css_animation=\u00a0\u00bb\u00a0\u00bb row_type=\u00a0\u00bbrow\u00a0\u00bb use_row_as_full_screen_section=\u00a0\u00bbno\u00a0\u00bb type=\u00a0\u00bbgrid\u00a0\u00bb angled_section=\u00a0\u00bbno\u00a0\u00bb text_align=\u00a0\u00bbleft\u00a0\u00bb background_image_as_pattern=\u00a0\u00bbwithout_pattern\u00a0\u00bb z_index=\u00a0\u00bb\u00a0\u00bb][vc_column][vc_column_text css=\u00a0\u00bb.vc_custom_1656356756861{margin-bottom: 35px !important;}\u00a0\u00bb]Si vous vous sentez pr\u00eat, passez \u00e0 l\u2019\u00e9tape deux.[\/vc_column_text][\/vc_column][\/vc_row][vc_row css_animation=\u00a0\u00bb\u00a0\u00bb row_type=\u00a0\u00bbrow\u00a0\u00bb use_row_as_full_screen_section=\u00a0\u00bbno\u00a0\u00bb type=\u00a0\u00bbgrid\u00a0\u00bb angled_section=\u00a0\u00bbno\u00a0\u00bb text_align=\u00a0\u00bbleft\u00a0\u00bb background_image_as_pattern=\u00a0\u00bbwithout_pattern\u00a0\u00bb css=\u00a0\u00bb.vc_custom_1592318764818{margin-bottom: 0px !important;padding-top: 10px !important;padding-bottom: 10px !important;background-color: #f6f6f6 !important;}\u00a0\u00bb z_index=\u00a0\u00bb\u00a0\u00bb][vc_column][vc_column_text]<\/p>\n<div><a id=\"prev-link\" href=\"https:\/\/intrinsicpractice.com\/fr\/methode-en-6-etapes\/etape-1-mise-en-place-pratique\/start-resolution\/\">page pr\u00e9c\u00e9dente<\/a> <a id=\"next-link\" href=\"https:\/\/intrinsicpractice.com\/fr\/methode-en-6-etapes\/etape-2-defenir-mon-bonheur\/\">prochaine page<\/a><\/div>\n<p>[\/vc_column_text][\/vc_column][\/vc_row]<\/p>\n","protected":false},"excerpt":{"rendered":"<p>[vc_row css_animation=\u00a0\u00bb\u00a0\u00bb row_type=\u00a0\u00bbrow\u00a0\u00bb use_row_as_full_screen_section=\u00a0\u00bbno\u00a0\u00bb type=\u00a0\u00bbgrid\u00a0\u00bb angled_section=\u00a0\u00bbno\u00a0\u00bb text_align=\u00a0\u00bbleft\u00a0\u00bb background_image_as_pattern=\u00a0\u00bbwithout_pattern\u00a0\u00bb z_index=\u00a0\u00bb\u00a0\u00bb css=\u00a0\u00bb.vc_custom_1591024030370{margin-top: 35px !important;margin-bottom: 15px !important;}\u00a0\u00bb][vc_column width=\u00a0\u00bb1\/2&Prime;][vc_column_text][\/vc_column_text][\/vc_column][vc_column width=\u00a0\u00bb1\/2&Prime;][\/vc_column][\/vc_row][vc_row css_animation=\u00a0\u00bb\u00a0\u00bb row_type=\u00a0\u00bbrow\u00a0\u00bb use_row_as_full_screen_section=\u00a0\u00bbno\u00a0\u00bb type=\u00a0\u00bbgrid\u00a0\u00bb angled_section=\u00a0\u00bbno\u00a0\u00bb text_align=\u00a0\u00bbleft\u00a0\u00bb background_image_as_pattern=\u00a0\u00bbwithout_pattern\u00a0\u00bb z_index=\u00a0\u00bb\u00a0\u00bb][vc_column][vc_column_text css=\u00a0\u00bb.vc_custom_1664547862995{margin-bottom: 15px !important;}\u00a0\u00bb]L&rsquo;attention (Thoughfulness)[\/vc_column_text][vc_column_text css=\u00a0\u00bb.vc_custom_1664556039433{margin-bottom: 15px !important;}\u00a0\u00bb] Toute t\u00e2che ou activit\u00e9 n\u00e9cessite de l&rsquo;attention, d\u00e9finie ici comme \u00ab thoughfulness \u00bb, pour&#8230;<\/p>\n","protected":false},"author":4,"featured_media":0,"parent":3576,"menu_order":0,"comment_status":"closed","ping_status":"closed","template":"full_width.php","meta":{"inline_featured_image":false,"_mi_skip_tracking":false},"_links":{"self":[{"href":"https:\/\/intrinsicpractice.com\/fr\/wp-json\/wp\/v2\/pages\/3592"}],"collection":[{"href":"https:\/\/intrinsicpractice.com\/fr\/wp-json\/wp\/v2\/pages"}],"about":[{"href":"https:\/\/intrinsicpractice.com\/fr\/wp-json\/wp\/v2\/types\/page"}],"author":[{"embeddable":true,"href":"https:\/\/intrinsicpractice.com\/fr\/wp-json\/wp\/v2\/users\/4"}],"replies":[{"embeddable":true,"href":"https:\/\/intrinsicpractice.com\/fr\/wp-json\/wp\/v2\/comments?post=3592"}],"version-history":[{"count":35,"href":"https:\/\/intrinsicpractice.com\/fr\/wp-json\/wp\/v2\/pages\/3592\/revisions"}],"predecessor-version":[{"id":4947,"href":"https:\/\/intrinsicpractice.com\/fr\/wp-json\/wp\/v2\/pages\/3592\/revisions\/4947"}],"up":[{"embeddable":true,"href":"https:\/\/intrinsicpractice.com\/fr\/wp-json\/wp\/v2\/pages\/3576"}],"wp:attachment":[{"href":"https:\/\/intrinsicpractice.com\/fr\/wp-json\/wp\/v2\/media?parent=3592"}],"curies":[{"name":"wp","href":"https:\/\/api.w.org\/{rel}","templated":true}]}}