{"id":3580,"date":"2019-10-29T19:06:35","date_gmt":"2019-10-29T19:06:35","guid":{"rendered":"https:\/\/intrinsicpractice.com\/?page_id=3580"},"modified":"2022-10-17T13:41:11","modified_gmt":"2022-10-17T13:41:11","slug":"start-agreement","status":"publish","type":"page","link":"https:\/\/intrinsicpractice.com\/fr\/methode-en-6-etapes\/etape-1-mise-en-place-pratique\/start-agreement\/","title":{"rendered":"START &#8211; A(greement)"},"content":{"rendered":"<p>[vc_row css_animation=\u00a0\u00bb\u00a0\u00bb row_type=\u00a0\u00bbrow\u00a0\u00bb use_row_as_full_screen_section=\u00a0\u00bbno\u00a0\u00bb type=\u00a0\u00bbgrid\u00a0\u00bb angled_section=\u00a0\u00bbno\u00a0\u00bb text_align=\u00a0\u00bbleft\u00a0\u00bb background_image_as_pattern=\u00a0\u00bbwithout_pattern\u00a0\u00bb css=\u00a0\u00bb.vc_custom_1591020244024{margin-top: 35px !important;margin-bottom: 15px !important;}\u00a0\u00bb z_index=\u00a0\u00bb\u00a0\u00bb][vc_column width=\u00a0\u00bb1\/2&Prime;][vc_column_text]<\/p>\n<p><img class=\"alignnone size-large wp-image-3282\" src=\"http:\/\/intrinsicpractice.com\/wp-content\/uploads\/\/2020\/06\/start_a.svg\" alt=\"START (with the letter A highlighted)\" width=\"1100\" \/><\/p>\n<p>[\/vc_column_text][\/vc_column][vc_column width=\u00a0\u00bb1\/2&Prime;][\/vc_column][\/vc_row][vc_row css_animation=\u00a0\u00bb\u00a0\u00bb row_type=\u00a0\u00bbrow\u00a0\u00bb use_row_as_full_screen_section=\u00a0\u00bbno\u00a0\u00bb type=\u00a0\u00bbgrid\u00a0\u00bb angled_section=\u00a0\u00bbno\u00a0\u00bb text_align=\u00a0\u00bbleft\u00a0\u00bb background_image_as_pattern=\u00a0\u00bbwithout_pattern\u00a0\u00bb z_index=\u00a0\u00bb\u00a0\u00bb][vc_column][vc_column_text css=\u00a0\u00bb.vc_custom_1666014067214{margin-bottom: 15px !important;}\u00a0\u00bb]<span class=\"merry fs32\">L&rsquo;<span class=\"step1col\">a<\/span>ccord (<span class=\"step1col\">A<\/span>greement)<\/span>[\/vc_column_text][vc_column_text css=\u00a0\u00bb.vc_custom_1664555934789{margin-bottom: 15px !important;}\u00a0\u00bb]Une condition pr\u00e9alable \u00e0 l\u2019utilisation de la pratique intrins\u00e8que est que vous soyez d\u2019accord avec ce qu\u2019elle affirme au sujet du bonheur et de la possibilit\u00e9 de le ressentir.<span class=\"EOP SCXW212681442 BCX0\" data-ccp-props=\"{&quot;134233279&quot;:true,&quot;201341983&quot;:0,&quot;335559685&quot;:1140,&quot;335559738&quot;:240,&quot;335559739&quot;:0,&quot;335559740&quot;:240,&quot;335559991&quot;:252}\">\u00a0<\/span>[\/vc_column_text][\/vc_column][\/vc_row][vc_row css_animation=\u00a0\u00bb\u00a0\u00bb row_type=\u00a0\u00bbrow\u00a0\u00bb use_row_as_full_screen_section=\u00a0\u00bbno\u00a0\u00bb type=\u00a0\u00bbgrid\u00a0\u00bb angled_section=\u00a0\u00bbno\u00a0\u00bb text_align=\u00a0\u00bbleft\u00a0\u00bb background_image_as_pattern=\u00a0\u00bbwithout_pattern\u00a0\u00bb z_index=\u00a0\u00bb\u00a0\u00bb][vc_column][vc_column_text el_class=\u00a0\u00bbhighlightbox-out\u00a0\u00bb]<\/p>\n<p class=\"highlightbox-in\">Selon la pratique intrins\u00e8que, le bonheur existe, il peut exister pour vous, vous le voulez et vous \u00eates dispos\u00e9 \u00e0 d\u00e9couvrir et \u00e0 utiliser les outils n\u00e9cessaires pour le ressentir.<\/p>\n<p>[\/vc_column_text][\/vc_column][\/vc_row][vc_row css_animation=\u00a0\u00bb\u00a0\u00bb row_type=\u00a0\u00bbrow\u00a0\u00bb use_row_as_full_screen_section=\u00a0\u00bbno\u00a0\u00bb type=\u00a0\u00bbgrid\u00a0\u00bb angled_section=\u00a0\u00bbno\u00a0\u00bb text_align=\u00a0\u00bbleft\u00a0\u00bb background_image_as_pattern=\u00a0\u00bbwithout_pattern\u00a0\u00bb z_index=\u00a0\u00bb\u00a0\u00bb][vc_column][vc_column_text css=\u00a0\u00bb.vc_custom_1656353847604{margin-top: 10px !important;margin-bottom: 15px !important;}\u00a0\u00bb]Avant de poursuivre, vous devriez d\u00e9terminer si vous \u00eates d\u2019accord avec les affirmations suivantes au sujet de votre bonheur :<span class=\"TextRun SCXW170037576 BCX0\" lang=\"EN-US\" xml:lang=\"EN-US\" data-contrast=\"auto\"><span class=\"NormalTextRun SCXW170037576 BCX0\">\u00a0<\/span><\/span>[\/vc_column_text][vc_column_text css=\u00a0\u00bb.vc_custom_1656353940695{margin-bottom: 25px !important;}\u00a0\u00bb]<\/p>\n<div class=\"check-parent\"><input id=\"check-all1\" class=\"big-checkbox\" name=\"check-all\" type=\"checkbox\" \/> Le bonheur existe<label for=\"check-all1\">.<\/label><\/div>\n<div class=\"check-parent\"><input id=\"check-all2\" class=\"big-checkbox\" name=\"check-all\" type=\"checkbox\" \/> Le bonheur existe pour moi<label for=\"check-all2\">. <\/label><\/div>\n<div class=\"check-parent\"><input id=\"check-all3\" class=\"big-checkbox\" name=\"check-all\" type=\"checkbox\" \/> Je veux ressentir le bonheur<label for=\"check-all3\">.<\/label><\/div>\n<div class=\"check-parent\"><input id=\"check-all4\" class=\"big-checkbox\" name=\"check-all\" type=\"checkbox\" \/> Je suis pr\u00eat \u00e0 apprendre les pratiques et les outils n\u00e9cessaires pour ressentir le bonheur<label for=\"check-all4\">. <\/label><\/div>\n<p>[\/vc_column_text][\/vc_column][\/vc_row][vc_row css_animation=\u00a0\u00bb\u00a0\u00bb row_type=\u00a0\u00bbrow\u00a0\u00bb use_row_as_full_screen_section=\u00a0\u00bbno\u00a0\u00bb type=\u00a0\u00bbgrid\u00a0\u00bb angled_section=\u00a0\u00bbno\u00a0\u00bb text_align=\u00a0\u00bbleft\u00a0\u00bb background_image_as_pattern=\u00a0\u00bbwithout_pattern\u00a0\u00bb z_index=\u00a0\u00bb\u00a0\u00bb el_class=\u00a0\u00bbip-acc\u00a0\u00bb][vc_column width=\u00a0\u00bb1\/2&Prime;]<div class=\"qode-accordion-holder clearfix qode-toggle qode-initial \">\n\t<h4 class=\"clearfix qode-title-holder\">\n<span class=\"qode-tab-title\">\n\t    <span class=\"qode-tab-title-inner\">\n        Je suis d&#039;accord    <\/span>\n<\/span>\n<span class=\"qode-accordion-mark\">\n    <span class=\"qode-accordion-mark-icon\">\n        <span class=\"icon_plus\"><\/span>\n        <span class=\"icon_minus-06\"><\/span>\n    <\/span>\n<\/span>\n<\/h4>\n<div  class=\"qode-accordion-content \" >\n    <div class=\"qode-accordion-content-inner\">\n        [vc_column_text]<span class=\"TextRun BCX0 SCXW182687156\" lang=\"EN-US\" xml:lang=\"EN-US\" data-contrast=\"auto\"><span class=\"NormalTextRun BCX0 SCXW182687156\">Si vous \u00eates d\u2019accord avec chacune des quatre affirmations ci-dessus, la pratique intrins\u00e8que peut vous \u00eatre tr\u00e8s utile. <\/span><\/span>[\/vc_column_text]    <\/div>\n<\/div><\/div>[\/vc_column][vc_column width=\u00a0\u00bb1\/2&Prime;]<div class=\"qode-accordion-holder clearfix qode-toggle qode-initial \">\n\t<h4 class=\"clearfix qode-title-holder\">\n<span class=\"qode-tab-title\">\n\t    <span class=\"qode-tab-title-inner\">\n        Je ne suis pas d&#039;accord    <\/span>\n<\/span>\n<span class=\"qode-accordion-mark\">\n    <span class=\"qode-accordion-mark-icon\">\n        <span class=\"icon_plus\"><\/span>\n        <span class=\"icon_minus-06\"><\/span>\n    <\/span>\n<\/span>\n<\/h4>\n<div  class=\"qode-accordion-content \" >\n    <div class=\"qode-accordion-content-inner\">\n        [vc_column_text]<span class=\"TextRun BCX0 SCXW233769730\" lang=\"EN-US\" xml:lang=\"EN-US\" data-contrast=\"auto\"><span class=\"NormalTextRun BCX0 SCXW233769730\">Si vous n\u2019\u00eates pas d\u2019accord avec chacune des quatre affirmations ci-dessus, la pratique intrins\u00e8que peut vous \u00eatre utile, mais dans une certaine mesure seulement.\u00a0<\/span><\/span>[\/vc_column_text]    <\/div>\n<\/div><\/div>[\/vc_column][\/vc_row][vc_row css_animation=\u00a0\u00bb\u00a0\u00bb row_type=\u00a0\u00bbrow\u00a0\u00bb use_row_as_full_screen_section=\u00a0\u00bbno\u00a0\u00bb type=\u00a0\u00bbgrid\u00a0\u00bb angled_section=\u00a0\u00bbno\u00a0\u00bb text_align=\u00a0\u00bbleft\u00a0\u00bb background_image_as_pattern=\u00a0\u00bbwithout_pattern\u00a0\u00bb z_index=\u00a0\u00bb\u00a0\u00bb][vc_column][vc_column_text css=\u00a0\u00bb.vc_custom_1656354049580{margin-top: 10px !important;margin-bottom: 15px !important;}\u00a0\u00bb]<\/p>\n<div>Selon vos r\u00e9ponses, vous voudrez peut-\u00eatre continuer et examiner ce que propose la pratique intrins\u00e8que.<\/div>\n<p>[\/vc_column_text][vc_column_text css=\u00a0\u00bb.vc_custom_1656354112673{margin-bottom: 15px !important;}\u00a0\u00bb el_class=\u00a0\u00bbquotebox-out\u00a0\u00bb]<\/p>\n<div class=\"quotebox-in\">\n<p style=\"margin-bottom: 15px;\">La pratique intrins\u00e8que a comme but d\u2019offrir:<\/p>\n<p>\u00ab\u202fune m\u00e9thode avec des outils qui peuvent \u00eatre utiles pour am\u00e9liorer la capacit\u00e9 d\u2019une personne \u00e0 vivre le bonheur.\u202f\u00bb<\/p>\n<\/div>\n<p>[\/vc_column_text][vc_column_text css=\u00a0\u00bb.vc_custom_1656354143771{margin-bottom: 35px !important;}\u00a0\u00bb]Pour que vous puissiez profiter de la pratique intrins\u00e8que, vous devez convenir qu\u2019en principe, une m\u00e9thode avec des outils pourrait \u00eatre utile pour am\u00e9liorer votre capacit\u00e9 \u00e0 conna\u00eetre du bonheur. Si vous n\u2019\u00eates pas d\u2019accord avec le concept de suivre une m\u00e9thode syst\u00e9matique pour conna\u00eetre le bonheur, l\u2019utilisation de la pratique intrins\u00e8que, ou de toute autre m\u00e9thode, sera probablement de faible valeur pour vous.[\/vc_column_text][\/vc_column][\/vc_row][vc_row css_animation=\u00a0\u00bb\u00a0\u00bb row_type=\u00a0\u00bbrow\u00a0\u00bb use_row_as_full_screen_section=\u00a0\u00bbno\u00a0\u00bb type=\u00a0\u00bbgrid\u00a0\u00bb angled_section=\u00a0\u00bbno\u00a0\u00bb text_align=\u00a0\u00bbleft\u00a0\u00bb background_image_as_pattern=\u00a0\u00bbwithout_pattern\u00a0\u00bb css=\u00a0\u00bb.vc_custom_1591099132255{margin-top: 0px !important;margin-bottom: 0px !important;padding-top: 10px !important;padding-bottom: 10px !important;background-color: #f6f6f6 !important;}\u00a0\u00bb z_index=\u00a0\u00bb\u00a0\u00bb][vc_column][vc_column_text]<\/p>\n<div><a id=\"prev-link\" href=\"https:\/\/intrinsicpractice.com\/fr\/methode-en-6-etapes\/etape-1-mise-en-place-pratique\/start-time\/\">page pr\u00e9c\u00e9dente<\/a> <a id=\"next-link\" href=\"https:\/\/intrinsicpractice.com\/fr\/methode-en-6-etapes\/etape-1-mise-en-place-pratique\/start-resolution\/\">prochaine page<\/a><\/div>\n<p>[\/vc_column_text][\/vc_column][\/vc_row]<\/p>\n","protected":false},"excerpt":{"rendered":"<p>[vc_row css_animation=\u00a0\u00bb\u00a0\u00bb row_type=\u00a0\u00bbrow\u00a0\u00bb use_row_as_full_screen_section=\u00a0\u00bbno\u00a0\u00bb type=\u00a0\u00bbgrid\u00a0\u00bb angled_section=\u00a0\u00bbno\u00a0\u00bb text_align=\u00a0\u00bbleft\u00a0\u00bb background_image_as_pattern=\u00a0\u00bbwithout_pattern\u00a0\u00bb css=\u00a0\u00bb.vc_custom_1591020244024{margin-top: 35px !important;margin-bottom: 15px !important;}\u00a0\u00bb z_index=\u00a0\u00bb\u00a0\u00bb][vc_column width=\u00a0\u00bb1\/2&Prime;][vc_column_text] [\/vc_column_text][\/vc_column][vc_column width=\u00a0\u00bb1\/2&Prime;][\/vc_column][\/vc_row][vc_row css_animation=\u00a0\u00bb\u00a0\u00bb row_type=\u00a0\u00bbrow\u00a0\u00bb use_row_as_full_screen_section=\u00a0\u00bbno\u00a0\u00bb type=\u00a0\u00bbgrid\u00a0\u00bb angled_section=\u00a0\u00bbno\u00a0\u00bb text_align=\u00a0\u00bbleft\u00a0\u00bb background_image_as_pattern=\u00a0\u00bbwithout_pattern\u00a0\u00bb z_index=\u00a0\u00bb\u00a0\u00bb][vc_column][vc_column_text css=\u00a0\u00bb.vc_custom_1666014067214{margin-bottom: 15px !important;}\u00a0\u00bb]L&rsquo;accord (Agreement)[\/vc_column_text][vc_column_text css=\u00a0\u00bb.vc_custom_1664555934789{margin-bottom: 15px !important;}\u00a0\u00bb]Une condition pr\u00e9alable \u00e0 l\u2019utilisation de la pratique intrins\u00e8que est que vous soyez d\u2019accord&#8230;<\/p>\n","protected":false},"author":4,"featured_media":0,"parent":3576,"menu_order":0,"comment_status":"closed","ping_status":"closed","template":"full_width.php","meta":{"inline_featured_image":false,"_mi_skip_tracking":false},"_links":{"self":[{"href":"https:\/\/intrinsicpractice.com\/fr\/wp-json\/wp\/v2\/pages\/3580"}],"collection":[{"href":"https:\/\/intrinsicpractice.com\/fr\/wp-json\/wp\/v2\/pages"}],"about":[{"href":"https:\/\/intrinsicpractice.com\/fr\/wp-json\/wp\/v2\/types\/page"}],"author":[{"embeddable":true,"href":"https:\/\/intrinsicpractice.com\/fr\/wp-json\/wp\/v2\/users\/4"}],"replies":[{"embeddable":true,"href":"https:\/\/intrinsicpractice.com\/fr\/wp-json\/wp\/v2\/comments?post=3580"}],"version-history":[{"count":17,"href":"https:\/\/intrinsicpractice.com\/fr\/wp-json\/wp\/v2\/pages\/3580\/revisions"}],"predecessor-version":[{"id":5019,"href":"https:\/\/intrinsicpractice.com\/fr\/wp-json\/wp\/v2\/pages\/3580\/revisions\/5019"}],"up":[{"embeddable":true,"href":"https:\/\/intrinsicpractice.com\/fr\/wp-json\/wp\/v2\/pages\/3576"}],"wp:attachment":[{"href":"https:\/\/intrinsicpractice.com\/fr\/wp-json\/wp\/v2\/media?parent=3580"}],"curies":[{"name":"wp","href":"https:\/\/api.w.org\/{rel}","templated":true}]}}